{"id":9718,"date":"2017-09-06T04:35:18","date_gmt":"2017-09-05T21:35:18","guid":{"rendered":"https:\/\/roidsmania.com\/?post_type=product&#038;p=9718\/"},"modified":"2020-11-04T22:12:55","modified_gmt":"2020-11-04T15:12:55","slug":"pack-perte-de-poids-oral-clenbuterol-t3-8-semaines","status":"publish","type":"product","link":"https:\/\/roidsmania.com\/fr\/produit\/pack-perte-de-poids-oral-clenbuterol-t3-8-semaines\/","title":{"rendered":"Pack Perte De Poids Oral &#8211; Clenbuterol\/T3 &#8211; 8 semaines"},"content":{"rendered":"<p>\n<table id=\"tablepress-146\" class=\"tablepress tablepress-id-146\">\n<thead>\n<tr class=\"row-1 odd\">\n\t<th class=\"column-1\"><strong><center>ILLUSTRATION DU PRODUIT<\/center><\/strong><\/th><th class=\"column-2\"><strong><center>QUANTIT\u00c9<\/center><\/strong><\/th><th class=\"column-3\"><strong><center>DESCRIPTION DU PRODUIT<\/center><\/strong><\/th>\n<\/tr>\n<\/thead>\n<tbody class=\"row-hover\">\n<tr class=\"row-2 even\">\n\t<td class=\"column-1\"><center><img src=https:\/\/roidsmania.com\/wp-content\/uploads\/2019\/12\/astralean-alpha-pharma.png\" alt=\"\" width=\"300\" height=\"300\" class=\"alignright size-medium wp-image-9720\" \/><\/center><\/td><td class=\"column-2\"><strong><center>100 COMPRIM\u00c9S<\/center><\/strong><\/td><td class=\"column-3\"><strong><center>Astralean [Clenbuterol HCL 40mcg] 100 comprim\u00e9s \u2013 Alpha Pharma<\/strong><br \/>\n<br \/>\nLe Clenbuterol HCL est un produit anabolisant oral avec des objectifs multiples: en plus de maintenir l\u2019augmentation de la masse musculaire, ce produit provoque \u00e9galement une thermogen\u00e8se et acc\u00e9l\u00e8re la combustion des graisses. Le Clenbuterol est la version orale de Ventipulmin et il se distingue ainsi de tous les autres produits oraux anabolisants.<\/td>\n<\/tr>\n<tr class=\"row-3 odd\">\n\t<td class=\"column-1\"><center><img src=\"https:\/\/roidsmania.com\/wp-content\/uploads\/2022\/03\/cytomel-thump-big-1.png\" alt=\"\" width=\"280\" height=\"256\" class=\"alignright size-full wp-image-9722\" \/><\/center><\/td><td class=\"column-2\"><strong><center>120 COMPRIM\u00c9S<\/center><\/strong><\/td><td class=\"column-3\"><strong><center>Cytomel [Liothyronine Sodium 25mcg] \u2013 120 Tabs \u2013 BodyTech<\/strong><br \/>\n<br \/>\nLe T3 est un produit particuli\u00e8rement efficace dans un objectif de diminution de la masse graisseuse. Il s\u2019agit d\u2019une hormone thyro\u00efdienne.<\/center><\/td>\n<\/tr>\n<\/tbody>\n<\/table>\n<!-- #tablepress-146 from cache --><br \/>\n&nbsp;<br \/>\n&nbsp;<br \/>\n\n<table id=\"tablepress-147\" class=\"tablepress tablepress-id-147\">\n<thead>\n<tr class=\"row-1 odd\">\n\t<th class=\"column-1\"><br \/>\n<font size=4><center><strong>PRODUITS<\/strong><\/center><\/font><br \/>\n<\/th><th class=\"column-2\"><br \/>\n<font size=4><center><strong>POSOLOGIE<\/strong><\/center><\/font><br \/>\n<\/th>\n<\/tr>\n<\/thead>\n<tbody class=\"row-hover\">\n<tr class=\"row-2 even\">\n\t<td class=\"column-1\"><br \/>\n<center><strong>CLENBUTEROL<\/strong><\/center><br \/>\n<\/td><td class=\"column-2\"><br \/>\n<strong>Semaine 1 \u00e0 8 :<\/strong><br \/>\n120mcg\/jour, 2 jours de prise, 2 jours sans prise, et ainsi de suite jusqu'\u00e0 la fin de la cure. <br \/>\n<br \/>\nCommencez par 40 ou 80 mcg la premi\u00e8re semaine afin d'\u00eatre certain que votre corps tol\u00e8re convenablement le Clenbut\u00e9rol.<br \/>\n<br \/>\n<\/td>\n<\/tr>\n<tr class=\"row-3 odd\">\n\t<td class=\"column-1\"><center><strong><br \/>\nT3 CYTOMEL<\/strong><\/center><br \/>\n<\/td><td class=\"column-2\"><br \/>\n<strong>Semaine 1 \u00e0 8 :<\/strong> Prendre 50mg de T3 Cytomel par jour.<\/td>\n<\/tr>\n<\/tbody>\n<\/table>\n<!-- #tablepress-147 from cache --><\/p>\n","protected":false},"excerpt":{"rendered":"<p>Ce pack Oral de<strong>\u00a08 semaines<\/strong> est parfait pour une perte de poids rapide et efficace. <\/p>\n<p>Ce pack ne n\u00e9cessite pas de protection ni de relance. <\/p>\n","protected":false},"featured_media":9725,"comment_status":"closed","ping_status":"closed","template":"","meta":[],"berocket_brand":[],"yoast_head":"<!-- This site is optimized with the Yoast SEO plugin v15.9.1 - https:\/\/yoast.com\/wordpress\/plugins\/seo\/ -->\n<title>Pack Perte De Poids Oral - Clenbuterol\/T3 - 8 semaines<\/title>\n<meta name=\"description\" content=\"RoidsMania a s\u00e9lectionn\u00e9 pour vous Le Pack Perte De Poids Oral - Clenbuterol\/T3 - 8 semaines. Paiement Facile, Livraison Rapide.\" \/>\n<meta name=\"robots\" content=\"index, follow, max-snippet:-1, max-image-preview:large, max-video-preview:-1\" \/>\n<link rel=\"canonical\" href=\"https:\/\/roidsmania.com\/fr\/produit\/pack-perte-de-poids-oral-clenbuterol-t3-8-semaines\/\" \/>\n<meta property=\"og:locale\" content=\"fr_FR\" \/>\n<meta property=\"og:type\" content=\"article\" \/>\n<meta property=\"og:title\" content=\"Pack Perte De Poids Oral - Clenbuterol\/T3 - 8 semaines\" \/>\n<meta property=\"og:description\" content=\"RoidsMania a s\u00e9lectionn\u00e9 pour vous Le Pack Perte De Poids Oral - Clenbuterol\/T3 - 8 semaines. Paiement Facile, Livraison Rapide.\" \/>\n<meta property=\"og:url\" content=\"https:\/\/roidsmania.com\/fr\/produit\/pack-perte-de-poids-oral-clenbuterol-t3-8-semaines\/\" \/>\n<meta property=\"og:site_name\" content=\"RoidsMania.com\" \/>\n<meta property=\"article:modified_time\" content=\"2020-11-04T15:12:55+00:00\" \/>\n<meta property=\"og:image\" content=\"https:\/\/roidsmania.com\/wp-content\/uploads\/2017\/09\/PACKS-S\u00c8CHE-PERTE-DE-POIDS.jpg\" \/>\n\t<meta property=\"og:image:width\" content=\"900\" \/>\n\t<meta property=\"og:image:height\" content=\"900\" \/>\n<meta name=\"twitter:card\" content=\"summary\" \/>\n<script type=\"application\/ld+json\" class=\"yoast-schema-graph\">{\"@context\":\"https:\/\/schema.org\",\"@graph\":[{\"@type\":\"WebSite\",\"@id\":\"https:\/\/roidsmania.com\/fr\/#website\",\"url\":\"https:\/\/roidsmania.com\/fr\/\",\"name\":\"RoidsMania.com\",\"description\":\"Online Anabolic Steroids shop\",\"potentialAction\":[{\"@type\":\"SearchAction\",\"target\":\"https:\/\/roidsmania.com\/fr\/?s={search_term_string}\",\"query-input\":\"required name=search_term_string\"}],\"inLanguage\":\"fr-FR\"},{\"@type\":\"ImageObject\",\"@id\":\"https:\/\/roidsmania.com\/fr\/produit\/pack-perte-de-poids-oral-clenbuterol-t3-8-semaines\/#primaryimage\",\"inLanguage\":\"fr-FR\",\"url\":\"https:\/\/roidsmania.com\/wp-content\/uploads\/2017\/09\/PACKS-S\\u00c8CHE-PERTE-DE-POIDS.jpg\",\"width\":900,\"height\":900},{\"@type\":\"WebPage\",\"@id\":\"https:\/\/roidsmania.com\/fr\/produit\/pack-perte-de-poids-oral-clenbuterol-t3-8-semaines\/#webpage\",\"url\":\"https:\/\/roidsmania.com\/fr\/produit\/pack-perte-de-poids-oral-clenbuterol-t3-8-semaines\/\",\"name\":\"Pack Perte De Poids Oral - Clenbuterol\/T3 - 8 semaines\",\"isPartOf\":{\"@id\":\"https:\/\/roidsmania.com\/fr\/#website\"},\"primaryImageOfPage\":{\"@id\":\"https:\/\/roidsmania.com\/fr\/produit\/pack-perte-de-poids-oral-clenbuterol-t3-8-semaines\/#primaryimage\"},\"datePublished\":\"2017-09-05T21:35:18+00:00\",\"dateModified\":\"2020-11-04T15:12:55+00:00\",\"description\":\"RoidsMania a s\\u00e9lectionn\\u00e9 pour vous Le Pack Perte De Poids Oral - Clenbuterol\/T3 - 8 semaines. Paiement Facile, Livraison Rapide.\",\"breadcrumb\":{\"@id\":\"https:\/\/roidsmania.com\/fr\/produit\/pack-perte-de-poids-oral-clenbuterol-t3-8-semaines\/#breadcrumb\"},\"inLanguage\":\"fr-FR\",\"potentialAction\":[{\"@type\":\"ReadAction\",\"target\":[\"https:\/\/roidsmania.com\/fr\/produit\/pack-perte-de-poids-oral-clenbuterol-t3-8-semaines\/\"]}]},{\"@type\":\"BreadcrumbList\",\"@id\":\"https:\/\/roidsmania.com\/fr\/produit\/pack-perte-de-poids-oral-clenbuterol-t3-8-semaines\/#breadcrumb\",\"itemListElement\":[{\"@type\":\"ListItem\",\"position\":1,\"item\":{\"@type\":\"WebPage\",\"@id\":\"https:\/\/roidsmania.com\/fr\/\",\"url\":\"https:\/\/roidsmania.com\/fr\/\",\"name\":\"Home\"}},{\"@type\":\"ListItem\",\"position\":2,\"item\":{\"@type\":\"WebPage\",\"@id\":\"https:\/\/roidsmania.com\/fr\/boutique\/\",\"url\":\"https:\/\/roidsmania.com\/fr\/boutique\/\",\"name\":\"BOUTIQUE\"}},{\"@type\":\"ListItem\",\"position\":3,\"item\":{\"@type\":\"WebPage\",\"@id\":\"https:\/\/roidsmania.com\/fr\/produit\/pack-perte-de-poids-oral-clenbuterol-t3-8-semaines\/\",\"url\":\"https:\/\/roidsmania.com\/fr\/produit\/pack-perte-de-poids-oral-clenbuterol-t3-8-semaines\/\",\"name\":\"Pack Perte De Poids Oral &#8211; Clenbuterol\/T3 &#8211; 8 semaines\"}}]}]}<\/script>\n<!-- \/ Yoast SEO plugin. -->","_links":{"self":[{"href":"https:\/\/roidsmania.com\/fr\/wp-json\/wp\/v2\/product\/9718\/"}],"collection":[{"href":"https:\/\/roidsmania.com\/fr\/wp-json\/wp\/v2\/product\/"}],"about":[{"href":"https:\/\/roidsmania.com\/fr\/wp-json\/wp\/v2\/types\/product\/"}],"replies":[{"embeddable":true,"href":"https:\/\/roidsmania.com\/fr\/wp-json\/wp\/v2\/comments\/?post=9718"}],"wp:featuredmedia":[{"embeddable":true,"href":"https:\/\/roidsmania.com\/fr\/wp-json\/wp\/v2\/media\/9725\/"}],"wp:attachment":[{"href":"https:\/\/roidsmania.com\/fr\/wp-json\/wp\/v2\/media\/?parent=9718"}],"wp:term":[{"taxonomy":"berocket_brand","embeddable":true,"href":"https:\/\/roidsmania.com\/fr\/wp-json\/wp\/v2\/berocket_brand\/?post=9718"}],"curies":[{"name":"wp","href":"https:\/\/api.w.org\/{rel}","templated":true}]}}