{"id":9550,"date":"2017-09-03T23:39:57","date_gmt":"2017-09-03T16:39:57","guid":{"rendered":"https:\/\/roidsmania.com\/?post_type=product&#038;p=9550\/"},"modified":"2020-10-12T00:41:02","modified_gmt":"2020-10-11T17:41:02","slug":"pack-prise-de-masse-seche-inject-testo-e-tren-e-10-semaines","status":"publish","type":"product","link":"https:\/\/roidsmania.com\/fr\/produit\/pack-prise-de-masse-seche-inject-testo-e-tren-e-10-semaines\/","title":{"rendered":"Pack Prise De Masse S\u00e8che Inject &#8211; Testo E\/Tren E &#8211; 10 Semaines"},"content":{"rendered":"<p>\n<table id=\"tablepress-34\" class=\"tablepress tablepress-id-34\">\n<thead>\n<tr class=\"row-1 odd\">\n\t<th class=\"column-1\"><strong><center>ILLUSTRATION DU PRODUIT<\/center><\/strong><\/th><th class=\"column-2\"><strong><center>QUANTIT\u00c9<\/center><\/strong><\/th><th class=\"column-3\"><strong><center>DESCRIPTION DU PRODUIT<\/center><\/strong><\/th>\n<\/tr>\n<\/thead>\n<tbody class=\"row-hover\">\n<tr class=\"row-2 even\">\n\t<td class=\"column-1\"><center><img src=\"https:\/\/roidsmania.com\/wp-content\/uploads\/2016\/12\/testo-depot-by-meditech-pharma-250mg-ml-in-10ml-vial.jpg\" alt=\"\" width=\"280\" height=\"256\" class=\"alignright size-full wp-image-9557\" \/><\/center><\/td><td class=\"column-2\"><strong><center>2 VIALS<\/center><\/strong><\/td><td class=\"column-3\"><center><strong>Testo Depot [Testosterone Enanthate 2500mg] \u2013 10ml \u2013 Meditech<\/strong><br \/>\n<br \/>\nLa Testosterone enanthate est un st\u00e9ro\u00efde anabolisant injectable d\u00e9velopp\u00e9 par Meditech dans une bouteille standard de 2500 mg visant \u00e0 am\u00e9liorer la performance des athl\u00e8tes et des bodybuilders en raison de son \u00e9l\u00e9ment actif : La Testosterone enanthate. En plus d\u2019augmenter la force et la masse musculaire, ce st\u00e9ro\u00efde anabolisant injectable augmentera consid\u00e9rablement votre libido. De cette fa\u00e7on, l\u2019utilisation de la Testosterone enanthate am\u00e9liore l\u2019endurance et r\u00e9duit la douleur lors d\u2019effort gr\u00e2ce \u00e0 la r\u00e9tention accrue des globules rouges dans le sang et de l\u2019eau dans le corps.<\/center><\/td>\n<\/tr>\n<tr class=\"row-3 odd\">\n\t<td class=\"column-1\"><center><img src=\"https:\/\/roidsmania.com\/wp-content\/uploads\/2018\/06\/Trenbolone-Enanthate-AP-vial-1.jpg\" alt=\"\" width=\"280\" height=\"256\" class=\"alignright size-full wp-image-9559\" \/><\/center><\/td><td class=\"column-2\"><strong><center>2 VIALS<\/center><\/strong><\/td><td class=\"column-3\"><center><strong>Trenbolin [Trenbolone Enanthate 2500mg] \u2013 10ml \u2013 Alpha Pharma<\/strong><br \/>\n<br \/>\nLa mol\u00e9cule de Trenbolone du Parabolan est un excellent produit bien connu de tous. Le Parabolan fournit une prise de masse musculaire \u00e0 la fois qualitatif et quantitatif et offre une vascularisation impressionnante.<\/center><\/td>\n<\/tr>\n<tr class=\"row-4 even\">\n\t<td class=\"column-1\"><center><img src=\"https:\/\/roidsmania.com\/wp-content\/uploads\/2018\/01\/anastrol-1.jpg\" alt=\"\" width=\"150\" height=\"300\" class=\"alignright size-medium wp-image-9096\" \/><\/center><\/td><td class=\"column-2\"><strong><center>50 COMPRIM\u00c9S<\/center><\/strong><\/td><td class=\"column-3\"><strong><center>Anastrol-1 [Anastrozole 1mg] \u2013 50 comprim\u00e9s \u2013 Global Anabolic<\/strong><br \/>\n<br \/>\nL'arimidex (ou Anastrozole) est un anti-oestrog\u00e8ne important dans le cadre d\u2019une cure de st\u00e9ro\u00efdes anabolisants, il r\u00e9duit les effets des \u0153strog\u00e8nes et am\u00e9liore \u00e9galement l\u2019\u00e9quilibre hormonal.<\/td>\n<\/tr>\n<tr class=\"row-5 odd\">\n\t<td class=\"column-1\"><center><img src=\"https:\/\/roidsmania.com\/wp-content\/uploads\/2016\/12\/Clomid.png\" alt=\"\" width=\"150\" height=\"150\" class=\"alignright size-medium wp-image-8717\" \/><\/center><\/td><td class=\"column-2\"><strong><center>20 COMPRIM\u00c9S<\/center><\/strong><\/td><td class=\"column-3\"><strong><center>Clomid [Clomiphene Citrate 50mg] \u2013 20 comprim\u00e9s \u2013 Meditech<\/strong><br \/>\n<br \/>\nLes culturistes utilisent le Clomid pour relancer la production de testost\u00e9rone dans les testicules et \u00e9vitent ainsi les d\u00e9s\u00e9quilibres hormonaux. Les athl\u00e8tes d\u00e9montrent qu\u2019une dose quotidienne de 50 \u00e0 100 mg de Clomid aide \u00e0 r\u00e9tablir les niveaux normaux de testost\u00e9rone en 2 \u00e0 3 semaines.<\/center><\/td>\n<\/tr>\n<tr class=\"row-6 even\">\n\t<td class=\"column-1\"><center><img src=\"https:\/\/roidsmania.com\/wp-content\/uploads\/2017\/08\/Nolvadex-D-Tamoxifen-Citrate-20mg-30-Tabs-Meditech.jpg\" alt=\"\" width=\"150\" height=\"150\" class=\"alignright size-medium wp-image-8715\" \/><\/center><\/td><td class=\"column-2\"><strong><center>20 COMPRIM\u00c9S<\/center><\/strong><\/td><td class=\"column-3\"><center><strong>Nolvadex-D [Tamoxifen Citrate 20mg] \u2013 20 comprim\u00e9s \u2013 Meditech<\/strong><br \/>\n<br \/>\nLe Nolvadex est un anti-oestrog\u00e8ne puissant et bien connu des bodybuilders. Ce produit \u00e9vite les ph\u00e9nom\u00e8nes de f\u00e9minisation qui se produisent souvent \u00e0 la fin d\u2019une cure de st\u00e9ro\u00efdes anabolisants.<\/center><\/td>\n<\/tr>\n<\/tbody>\n<\/table>\n<br \/>\n&nbsp;<br \/>\n&nbsp;<br \/>\n\n<table id=\"tablepress-84\" class=\"tablepress tablepress-id-84\">\n<thead>\n<tr class=\"row-1 odd\">\n\t<th class=\"column-1\"><br \/>\n<font size=4><center><strong>PRODUITS<\/strong><\/center><\/font><br \/>\n<\/th><th class=\"column-2\"><br \/>\n<font size=4><center><strong>POSOLOGIE<\/strong><\/center><\/font><br \/>\n<\/th>\n<\/tr>\n<\/thead>\n<tbody class=\"row-hover\">\n<tr class=\"row-2 even\">\n\t<td class=\"column-1\"><center><strong><br \/>\nTESTOSTERONE ENANTHATE<\/strong><\/center><\/td><td class=\"column-2\"><br \/>\n<strong>Semaine 1 \u00e0 10 :<\/strong> Prendre 2ml de Testo Enanthate par semaine. Exemple de prise : 1ml le lundi et 1ml le jeudi.<br \/>\n<br \/>\n<\/td>\n<\/tr>\n<tr class=\"row-3 odd\">\n\t<td class=\"column-1\"><center><strong><br \/>\nTRENBOLONE ENANTHATE<\/strong><\/center><\/td><td class=\"column-2\"><br \/>\n<strong>Semaine 1 \u00e0 10 :<\/strong> Prendre 2ml de Trenbolone Enanthate par semaine. Exemple de prise : 1ml le lundi et 1ml le jeudi.<br \/>\n<br \/>\n<\/td>\n<\/tr>\n<tr class=\"row-4 even\">\n\t<td class=\"column-1\"><\/td><td class=\"column-2\"><br \/>\n<font size=4><center><strong>PROTECTIONS<\/strong><\/center><\/font><br \/>\n<\/td>\n<\/tr>\n<tr class=\"row-5 odd\">\n\t<td class=\"column-1\"><center><strong><br \/>\nANASTROL<br \/>\n<\/strong><\/center><\/td><td class=\"column-2\"><br \/>\n<strong>Semaine 1 \u00e0 10 :<\/strong> Prendre 1 comprim\u00e9 un jour sur deux.<br \/>\n<br \/>\n<\/td>\n<\/tr>\n<tr class=\"row-6 even\">\n\t<td class=\"column-1\"><\/td><td class=\"column-2\"><br \/>\n<font size=4><center><strong>RELANCE (PCT)<\/strong><\/center><\/font><\/strong><\/center><br \/>\n<\/td>\n<\/tr>\n<tr class=\"row-7 odd\">\n\t<td class=\"column-1\"><center><strong><br \/>\nCLOMID + NOLVADEX<\/strong><\/center><\/td><td class=\"column-2\"><br \/>\nPour votre PCT veuillez patienter 11 jours apr\u00e8s la derni\u00e8re injection avant de commencer la prise de 1 Clomid et 1 Nolvadex par jour apr\u00e8s manger soit le matin, le midi ou le soir pendant 20 jours.<br \/>\n<br \/>\n<\/td>\n<\/tr>\n<\/tbody>\n<\/table>\n<\/p>\n","protected":false},"excerpt":{"rendered":"<p>Ce pack Injectable de<strong>\u00a010 semaines<\/strong> est parfait pour une prise de masse s\u00e8che. Le stack Testosterone Enanthate et Trenbolone Enanthate est particuli\u00e8rement efficace pour un d\u00e9veloppement musculaire de qualit\u00e9.<\/p>\n<p>L&#039;anti-\u0153strog\u00e8ne (Anazole) ainsi que les produits de relance (Clomid et Nolvadex) sont inclus dans le pack.<\/p>\n","protected":false},"featured_media":9155,"comment_status":"closed","ping_status":"closed","template":"","meta":[],"berocket_brand":[],"yoast_head":"<!-- This site is optimized with the Yoast SEO plugin v15.9.1 - https:\/\/yoast.com\/wordpress\/plugins\/seo\/ -->\n<title>Acheter Le Pack Prise De Masse S\u00e8che Inject - Testo E\/Tren E - 10 Semaines<\/title>\n<meta name=\"description\" content=\"RoidsMania a s\u00e9lectionn\u00e9 pour vous Le Pack Prise De Masse S\u00e8che Inject - Testo E\/Tren E - 10 Semaines. Paiement Facile, Livraison Rapide.\" \/>\n<meta name=\"robots\" content=\"index, follow, max-snippet:-1, max-image-preview:large, max-video-preview:-1\" \/>\n<link rel=\"canonical\" href=\"https:\/\/roidsmania.com\/fr\/produit\/pack-prise-de-masse-seche-inject-testo-e-tren-e-10-semaines\/\" \/>\n<meta property=\"og:locale\" content=\"fr_FR\" \/>\n<meta property=\"og:type\" content=\"article\" \/>\n<meta property=\"og:title\" content=\"Acheter Le Pack Prise De Masse S\u00e8che Inject - Testo E\/Tren E - 10 Semaines\" \/>\n<meta property=\"og:description\" content=\"RoidsMania a s\u00e9lectionn\u00e9 pour vous Le Pack Prise De Masse S\u00e8che Inject - Testo E\/Tren E - 10 Semaines. Paiement Facile, Livraison Rapide.\" \/>\n<meta property=\"og:url\" content=\"https:\/\/roidsmania.com\/fr\/produit\/pack-prise-de-masse-seche-inject-testo-e-tren-e-10-semaines\/\" \/>\n<meta property=\"og:site_name\" content=\"RoidsMania.com\" \/>\n<meta property=\"article:modified_time\" content=\"2020-10-11T17:41:02+00:00\" \/>\n<meta property=\"og:image\" content=\"https:\/\/roidsmania.com\/wp-content\/uploads\/2017\/08\/PACKS-PRISE-DE-MASSE-S\u00c8CHE.jpg\" \/>\n\t<meta property=\"og:image:width\" content=\"900\" \/>\n\t<meta property=\"og:image:height\" content=\"900\" \/>\n<meta name=\"twitter:card\" content=\"summary\" \/>\n<script type=\"application\/ld+json\" class=\"yoast-schema-graph\">{\"@context\":\"https:\/\/schema.org\",\"@graph\":[{\"@type\":\"WebSite\",\"@id\":\"https:\/\/roidsmania.com\/fr\/#website\",\"url\":\"https:\/\/roidsmania.com\/fr\/\",\"name\":\"RoidsMania.com\",\"description\":\"Online Anabolic Steroids shop\",\"potentialAction\":[{\"@type\":\"SearchAction\",\"target\":\"https:\/\/roidsmania.com\/fr\/?s={search_term_string}\",\"query-input\":\"required name=search_term_string\"}],\"inLanguage\":\"fr-FR\"},{\"@type\":\"ImageObject\",\"@id\":\"https:\/\/roidsmania.com\/fr\/produit\/pack-prise-de-masse-seche-inject-testo-e-tren-e-10-semaines\/#primaryimage\",\"inLanguage\":\"fr-FR\",\"url\":\"https:\/\/roidsmania.com\/wp-content\/uploads\/2017\/08\/PACKS-PRISE-DE-MASSE-S\\u00c8CHE.jpg\",\"width\":900,\"height\":900},{\"@type\":\"WebPage\",\"@id\":\"https:\/\/roidsmania.com\/fr\/produit\/pack-prise-de-masse-seche-inject-testo-e-tren-e-10-semaines\/#webpage\",\"url\":\"https:\/\/roidsmania.com\/fr\/produit\/pack-prise-de-masse-seche-inject-testo-e-tren-e-10-semaines\/\",\"name\":\"Acheter Le Pack Prise De Masse S\\u00e8che Inject - Testo E\/Tren E - 10 Semaines\",\"isPartOf\":{\"@id\":\"https:\/\/roidsmania.com\/fr\/#website\"},\"primaryImageOfPage\":{\"@id\":\"https:\/\/roidsmania.com\/fr\/produit\/pack-prise-de-masse-seche-inject-testo-e-tren-e-10-semaines\/#primaryimage\"},\"datePublished\":\"2017-09-03T16:39:57+00:00\",\"dateModified\":\"2020-10-11T17:41:02+00:00\",\"description\":\"RoidsMania a s\\u00e9lectionn\\u00e9 pour vous Le Pack Prise De Masse S\\u00e8che Inject - Testo E\/Tren E - 10 Semaines. Paiement Facile, Livraison Rapide.\",\"breadcrumb\":{\"@id\":\"https:\/\/roidsmania.com\/fr\/produit\/pack-prise-de-masse-seche-inject-testo-e-tren-e-10-semaines\/#breadcrumb\"},\"inLanguage\":\"fr-FR\",\"potentialAction\":[{\"@type\":\"ReadAction\",\"target\":[\"https:\/\/roidsmania.com\/fr\/produit\/pack-prise-de-masse-seche-inject-testo-e-tren-e-10-semaines\/\"]}]},{\"@type\":\"BreadcrumbList\",\"@id\":\"https:\/\/roidsmania.com\/fr\/produit\/pack-prise-de-masse-seche-inject-testo-e-tren-e-10-semaines\/#breadcrumb\",\"itemListElement\":[{\"@type\":\"ListItem\",\"position\":1,\"item\":{\"@type\":\"WebPage\",\"@id\":\"https:\/\/roidsmania.com\/fr\/\",\"url\":\"https:\/\/roidsmania.com\/fr\/\",\"name\":\"Home\"}},{\"@type\":\"ListItem\",\"position\":2,\"item\":{\"@type\":\"WebPage\",\"@id\":\"https:\/\/roidsmania.com\/fr\/boutique\/\",\"url\":\"https:\/\/roidsmania.com\/fr\/boutique\/\",\"name\":\"BOUTIQUE\"}},{\"@type\":\"ListItem\",\"position\":3,\"item\":{\"@type\":\"WebPage\",\"@id\":\"https:\/\/roidsmania.com\/fr\/produit\/pack-prise-de-masse-seche-inject-testo-e-tren-e-10-semaines\/\",\"url\":\"https:\/\/roidsmania.com\/fr\/produit\/pack-prise-de-masse-seche-inject-testo-e-tren-e-10-semaines\/\",\"name\":\"Pack Prise De Masse S\\u00e8che Inject &#8211; Testo E\/Tren E &#8211; 10 Semaines\"}}]}]}<\/script>\n<!-- \/ Yoast SEO plugin. -->","_links":{"self":[{"href":"https:\/\/roidsmania.com\/fr\/wp-json\/wp\/v2\/product\/9550\/"}],"collection":[{"href":"https:\/\/roidsmania.com\/fr\/wp-json\/wp\/v2\/product\/"}],"about":[{"href":"https:\/\/roidsmania.com\/fr\/wp-json\/wp\/v2\/types\/product\/"}],"replies":[{"embeddable":true,"href":"https:\/\/roidsmania.com\/fr\/wp-json\/wp\/v2\/comments\/?post=9550"}],"wp:featuredmedia":[{"embeddable":true,"href":"https:\/\/roidsmania.com\/fr\/wp-json\/wp\/v2\/media\/9155\/"}],"wp:attachment":[{"href":"https:\/\/roidsmania.com\/fr\/wp-json\/wp\/v2\/media\/?parent=9550"}],"wp:term":[{"taxonomy":"berocket_brand","embeddable":true,"href":"https:\/\/roidsmania.com\/fr\/wp-json\/wp\/v2\/berocket_brand\/?post=9550"}],"curies":[{"name":"wp","href":"https:\/\/api.w.org\/{rel}","templated":true}]}}