{"id":9520,"date":"2017-09-03T18:38:58","date_gmt":"2017-09-03T11:38:58","guid":{"rendered":"https:\/\/roidsmania.com\/?post_type=product&#038;p=9520\/"},"modified":"2020-10-11T01:51:08","modified_gmt":"2020-10-10T18:51:08","slug":"pack-prise-de-masse-seche-oral-turinabol-anavar-6-semaines","status":"publish","type":"product","link":"https:\/\/roidsmania.com\/fr\/produit\/pack-prise-de-masse-seche-oral-turinabol-anavar-6-semaines\/","title":{"rendered":"Pack Prise De Masse Seche Oral &#8211; Turinabol\/Anavar &#8211; 6 Semaines"},"content":{"rendered":"<p>\n<table id=\"tablepress-32\" class=\"tablepress tablepress-id-32\">\n<thead>\n<tr class=\"row-1 odd\">\n\t<th class=\"column-1\"><strong><center>ILLUSTRATION DU PRODUIT<\/center><\/strong><\/th><th class=\"column-2\"><strong><center>QUANTIT\u00c9<\/center><\/strong><\/th><th class=\"column-3\"><strong><center>DESCRIPTION DU PRODUIT<\/center><\/strong><\/th>\n<\/tr>\n<\/thead>\n<tbody class=\"row-hover\">\n<tr class=\"row-2 even\">\n\t<td class=\"column-1\"><center><img src=\"https:\/\/roidsmania.com\/wp-content\/uploads\/2017\/11\/t-bolic.jpg\" alt=\"\" width=\"300\" height=\"169\" class=\"alignright size-medium wp-image-9014\" \/><\/center><\/td><td class=\"column-2\"><strong><center>200 COMPRIM\u00c9S<\/center><\/strong><\/td><td class=\"column-3\"><center><strong>T-Bolic \u2013 200 Tabs \u2013 Global Anabolic<\/strong><br \/>\n<br \/>\nLe Turinabol a un \u00absquelette\u00bb pratiquement identique au Dianabol. Ce produit fournit le m\u00eame effet mais sans r\u00e9tention d\u2019eau ni aromatisation. c\u2019est Le produit ultime pour une prise de masse de qualit\u00e9.<\/center><\/td>\n<\/tr>\n<tr class=\"row-3 odd\">\n\t<td class=\"column-1\"><center><img src=\"https:\/\/roidsmania.com\/wp-content\/uploads\/2018\/01\/anavar-max.jpg\" alt=\"\" width=\"150\" height=\"300\" class=\"alignright size-medium wp-image-9096\" \/><\/center><\/td><td class=\"column-2\"><strong><center>84 COMPRIM\u00c9S<\/center><\/strong><\/td><td class=\"column-3\"><strong><center>Anavar BD Max [Oxandrolone 50mg] \u2013 84 comprim\u00e9s \u2013 Black Dragon<\/strong><br \/>\n<br \/>\nUtilis\u00e9 \u00e0 un dosage normal, la mol\u00e9cule Oxandrolone Anavar ne perturbe pas les cycles hormonaux ou le m\u00e9tabolisme, car il n\u2019aromatisent pas excessivement. L\u2019oxandrolone permet une meilleur combustion des graisses et donc des muscles plus solides avec un meilleur d\u00e9veloppement de la force.<\/td>\n<\/tr>\n<tr class=\"row-4 even\">\n\t<td class=\"column-1\"><center><img src=\"https:\/\/roidsmania.com\/wp-content\/uploads\/2019\/03\/liv.52-DS.jpg\" alt=\"\" width=\"140\" height=\"150\" class=\"alignright size-medium wp-image-8721\" \/><\/center><\/td><td class=\"column-2\"><strong><center>120 COMPRIM\u00c9S<\/center><\/strong><\/td><td class=\"column-3\"><strong><center>Liv.52 DS \u2013 120 comprim\u00e9s \u2013 Himalaya<\/strong><br \/>\n<br \/>\nLe LIV.52 DS (Double Size) d\u2019Himalaya est une formule naturel \u00e0 base d\u2019extrait de plantes dont la finalit\u00e9 est d\u2019offrir une protection h\u00e9patique, il est tr\u00e8s utilis\u00e9 par les culturistes et athl\u00e8tes afin de prot\u00e9ger le foie lors de la prise de st\u00e9ro\u00efdes anabolisants.<\/center><\/td>\n<\/tr>\n<tr class=\"row-5 odd\">\n\t<td class=\"column-1\"><center><img src=\"https:\/\/roidsmania.com\/wp-content\/uploads\/2016\/12\/Clomid.png\" alt=\"\" width=\"150\" height=\"150\" class=\"alignright size-medium wp-image-8717\" \/><\/center><\/td><td class=\"column-2\"><strong><center>20 COMPRIM\u00c9S<\/center><\/strong><\/td><td class=\"column-3\"><strong><center>Clomid [Clomiphene Citrate 50mg] \u2013 20 comprim\u00e9s \u2013 Meditech<\/strong><br \/>\n<br \/>\nLes culturistes utilisent le Clomid pour relancer la production de testost\u00e9rone dans les testicules et \u00e9vitent ainsi les d\u00e9s\u00e9quilibres hormonaux. Les athl\u00e8tes d\u00e9montrent qu\u2019une dose quotidienne de 50 \u00e0 100 mg de Clomid aide \u00e0 r\u00e9tablir les niveaux normaux de testost\u00e9rone en 2 \u00e0 3 semaines.<\/center><\/td>\n<\/tr>\n<tr class=\"row-6 even\">\n\t<td class=\"column-1\"><center><img src=\"https:\/\/roidsmania.com\/wp-content\/uploads\/2017\/08\/Nolvadex-D-Tamoxifen-Citrate-20mg-30-Tabs-Meditech.jpg\" alt=\"\" width=\"150\" height=\"150\" class=\"alignright size-medium wp-image-8715\" \/><\/center><\/td><td class=\"column-2\"><strong><center>20 COMPRIM\u00c9S<\/center><\/strong><\/td><td class=\"column-3\"><center><strong>Nolvadex-D [Tamoxifen Citrate 20mg] \u2013 20 comprim\u00e9s \u2013 Meditech<\/strong><br \/>\n<br \/>\nLe Nolvadex est un anti-oestrog\u00e8ne puissant et bien connu des bodybuilders. Ce produit \u00e9vite les ph\u00e9nom\u00e8nes de f\u00e9minisation qui se produisent souvent \u00e0 la fin d\u2019une cure de st\u00e9ro\u00efdes anabolisants.<\/center><\/td>\n<\/tr>\n<\/tbody>\n<\/table>\n<!-- #tablepress-32 from cache --><br \/>\n&nbsp;<br \/>\n&nbsp;<br \/>\n\n<table id=\"tablepress-77\" class=\"tablepress tablepress-id-77\">\n<thead>\n<tr class=\"row-1 odd\">\n\t<th class=\"column-1\"><br \/>\n<font size=4><center><strong>PRODUITS<\/strong><\/center><\/font><br \/>\n<\/th><th class=\"column-2\"><br \/>\n<font size=4><center><strong>POSOLOGIE<\/strong><\/center><\/font><br \/>\n<\/th>\n<\/tr>\n<\/thead>\n<tbody class=\"row-hover\">\n<tr class=\"row-2 even\">\n\t<td class=\"column-1\"><center><strong><br \/>\nTURINABOL<\/strong><\/center><br \/>\n<\/td><td class=\"column-2\"><br \/>\n<strong>Semaine 1 \u00e0 6 :<\/strong> Prendre 50mg de Turinabol par jour.<br \/>\n<br \/>\n<\/td>\n<\/tr>\n<tr class=\"row-3 odd\">\n\t<td class=\"column-1\"><center><strong><br \/>\nANAVAR<\/strong><\/center><br \/>\n<\/td><td class=\"column-2\"><br \/>\n<strong>Semaine 1 \u00e0 6 :<\/strong> Prendre 100mg d'Anavar par jour.<\/td>\n<\/tr>\n<tr class=\"row-4 even\">\n\t<td class=\"column-1\"><\/td><td class=\"column-2\"><br \/>\n<font size=4><center><strong>PROTECTIONS<\/strong><\/center><\/font><br \/>\n<\/td>\n<\/tr>\n<tr class=\"row-5 odd\">\n\t<td class=\"column-1\"><br \/>\n<center><strong>LIV.52 DS<\/strong><\/center><\/td><td class=\"column-2\"><br \/>\n<strong>Semaine 1 \u00e0 6 :<\/strong> Prendre deux comprim\u00e9s par jour.<br \/>\n<br \/>\n<\/td>\n<\/tr>\n<tr class=\"row-6 even\">\n\t<td class=\"column-1\"><\/td><td class=\"column-2\"><br \/>\n<font size=4><center><strong>RELANCE (PCT)<\/strong><\/center><\/font><\/strong><\/center><br \/>\n<\/td>\n<\/tr>\n<tr class=\"row-7 odd\">\n\t<td class=\"column-1\"><center><strong><br \/>\nCLOMID + NOLVADEX<\/strong><\/center><\/td><td class=\"column-2\"><br \/>\nLa PCT se d\u00e9marre le lendemain de la derni\u00e8re prise de Turinabol\/Anavar, commencer la prise de 1 Clomid et 1 Nolvadex par jour apr\u00e8s manger soit le matin, le midi ou le soir pendant 20 jours.<br \/>\n<br \/>\n<\/td>\n<\/tr>\n<\/tbody>\n<\/table>\n<!-- #tablepress-77 from cache --><\/p>\n","protected":false},"excerpt":{"rendered":"<p>Ce pack de<strong>\u00a06 semaines<\/strong> est parfait pour une prise de masse s\u00e8che et un d\u00e9veloppement de votre masse musculaire. Dans ce pack l&#039;Anavar vous aidera a prendre de la force et de la masse s\u00e8che et Turinabol servira \u00e0 la construction de votre masse musculaire. <\/p>\n<p>La protection foie (Liv.52) ainsi que les produits de relance (Clomid et Nolvadex) sont inclus dans le pack.<\/p>\n","protected":false},"featured_media":9155,"comment_status":"closed","ping_status":"closed","template":"","meta":[],"berocket_brand":[],"yoast_head":"<!-- This site is optimized with the Yoast SEO plugin v15.9.1 - https:\/\/yoast.com\/wordpress\/plugins\/seo\/ -->\n<title>Acheter Le Pack Prise De Masse Seche Oral - Turinabol\/Anavar - 6 Semaines<\/title>\n<meta name=\"description\" content=\"RoidsMania a s\u00e9lectionn\u00e9 pour vous LePack Prise De Masse Seche Oral - Turinabol\/Anavar - 6 Semaines. Paiement Facile, Livraison Rapide.\" \/>\n<meta name=\"robots\" content=\"index, follow, max-snippet:-1, max-image-preview:large, max-video-preview:-1\" \/>\n<link rel=\"canonical\" href=\"https:\/\/roidsmania.com\/fr\/produit\/pack-prise-de-masse-seche-oral-turinabol-anavar-6-semaines\/\" \/>\n<meta property=\"og:locale\" content=\"fr_FR\" \/>\n<meta property=\"og:type\" content=\"article\" \/>\n<meta property=\"og:title\" content=\"Acheter Le Pack Prise De Masse Seche Oral - Turinabol\/Anavar - 6 Semaines\" \/>\n<meta property=\"og:description\" content=\"RoidsMania a s\u00e9lectionn\u00e9 pour vous LePack Prise De Masse Seche Oral - Turinabol\/Anavar - 6 Semaines. Paiement Facile, Livraison Rapide.\" \/>\n<meta property=\"og:url\" content=\"https:\/\/roidsmania.com\/fr\/produit\/pack-prise-de-masse-seche-oral-turinabol-anavar-6-semaines\/\" \/>\n<meta property=\"og:site_name\" content=\"RoidsMania.com\" \/>\n<meta property=\"article:modified_time\" content=\"2020-10-10T18:51:08+00:00\" \/>\n<meta property=\"og:image\" content=\"https:\/\/roidsmania.com\/wp-content\/uploads\/2017\/08\/PACKS-PRISE-DE-MASSE-S\u00c8CHE.jpg\" \/>\n\t<meta property=\"og:image:width\" content=\"900\" \/>\n\t<meta property=\"og:image:height\" content=\"900\" \/>\n<meta name=\"twitter:card\" content=\"summary\" \/>\n<script type=\"application\/ld+json\" class=\"yoast-schema-graph\">{\"@context\":\"https:\/\/schema.org\",\"@graph\":[{\"@type\":\"WebSite\",\"@id\":\"https:\/\/roidsmania.com\/fr\/#website\",\"url\":\"https:\/\/roidsmania.com\/fr\/\",\"name\":\"RoidsMania.com\",\"description\":\"Online Anabolic Steroids shop\",\"potentialAction\":[{\"@type\":\"SearchAction\",\"target\":\"https:\/\/roidsmania.com\/fr\/?s={search_term_string}\",\"query-input\":\"required name=search_term_string\"}],\"inLanguage\":\"fr-FR\"},{\"@type\":\"ImageObject\",\"@id\":\"https:\/\/roidsmania.com\/fr\/produit\/pack-prise-de-masse-seche-oral-turinabol-anavar-6-semaines\/#primaryimage\",\"inLanguage\":\"fr-FR\",\"url\":\"https:\/\/roidsmania.com\/wp-content\/uploads\/2017\/08\/PACKS-PRISE-DE-MASSE-S\\u00c8CHE.jpg\",\"width\":900,\"height\":900},{\"@type\":\"WebPage\",\"@id\":\"https:\/\/roidsmania.com\/fr\/produit\/pack-prise-de-masse-seche-oral-turinabol-anavar-6-semaines\/#webpage\",\"url\":\"https:\/\/roidsmania.com\/fr\/produit\/pack-prise-de-masse-seche-oral-turinabol-anavar-6-semaines\/\",\"name\":\"Acheter Le Pack Prise De Masse Seche Oral - Turinabol\/Anavar - 6 Semaines\",\"isPartOf\":{\"@id\":\"https:\/\/roidsmania.com\/fr\/#website\"},\"primaryImageOfPage\":{\"@id\":\"https:\/\/roidsmania.com\/fr\/produit\/pack-prise-de-masse-seche-oral-turinabol-anavar-6-semaines\/#primaryimage\"},\"datePublished\":\"2017-09-03T11:38:58+00:00\",\"dateModified\":\"2020-10-10T18:51:08+00:00\",\"description\":\"RoidsMania a s\\u00e9lectionn\\u00e9 pour vous LePack Prise De Masse Seche Oral - Turinabol\/Anavar - 6 Semaines. Paiement Facile, Livraison Rapide.\",\"breadcrumb\":{\"@id\":\"https:\/\/roidsmania.com\/fr\/produit\/pack-prise-de-masse-seche-oral-turinabol-anavar-6-semaines\/#breadcrumb\"},\"inLanguage\":\"fr-FR\",\"potentialAction\":[{\"@type\":\"ReadAction\",\"target\":[\"https:\/\/roidsmania.com\/fr\/produit\/pack-prise-de-masse-seche-oral-turinabol-anavar-6-semaines\/\"]}]},{\"@type\":\"BreadcrumbList\",\"@id\":\"https:\/\/roidsmania.com\/fr\/produit\/pack-prise-de-masse-seche-oral-turinabol-anavar-6-semaines\/#breadcrumb\",\"itemListElement\":[{\"@type\":\"ListItem\",\"position\":1,\"item\":{\"@type\":\"WebPage\",\"@id\":\"https:\/\/roidsmania.com\/fr\/\",\"url\":\"https:\/\/roidsmania.com\/fr\/\",\"name\":\"Home\"}},{\"@type\":\"ListItem\",\"position\":2,\"item\":{\"@type\":\"WebPage\",\"@id\":\"https:\/\/roidsmania.com\/fr\/boutique\/\",\"url\":\"https:\/\/roidsmania.com\/fr\/boutique\/\",\"name\":\"BOUTIQUE\"}},{\"@type\":\"ListItem\",\"position\":3,\"item\":{\"@type\":\"WebPage\",\"@id\":\"https:\/\/roidsmania.com\/fr\/produit\/pack-prise-de-masse-seche-oral-turinabol-anavar-6-semaines\/\",\"url\":\"https:\/\/roidsmania.com\/fr\/produit\/pack-prise-de-masse-seche-oral-turinabol-anavar-6-semaines\/\",\"name\":\"Pack Prise De Masse Seche Oral &#8211; Turinabol\/Anavar &#8211; 6 Semaines\"}}]}]}<\/script>\n<!-- \/ Yoast SEO plugin. -->","_links":{"self":[{"href":"https:\/\/roidsmania.com\/fr\/wp-json\/wp\/v2\/product\/9520\/"}],"collection":[{"href":"https:\/\/roidsmania.com\/fr\/wp-json\/wp\/v2\/product\/"}],"about":[{"href":"https:\/\/roidsmania.com\/fr\/wp-json\/wp\/v2\/types\/product\/"}],"replies":[{"embeddable":true,"href":"https:\/\/roidsmania.com\/fr\/wp-json\/wp\/v2\/comments\/?post=9520"}],"wp:featuredmedia":[{"embeddable":true,"href":"https:\/\/roidsmania.com\/fr\/wp-json\/wp\/v2\/media\/9155\/"}],"wp:attachment":[{"href":"https:\/\/roidsmania.com\/fr\/wp-json\/wp\/v2\/media\/?parent=9520"}],"wp:term":[{"taxonomy":"berocket_brand","embeddable":true,"href":"https:\/\/roidsmania.com\/fr\/wp-json\/wp\/v2\/berocket_brand\/?post=9520"}],"curies":[{"name":"wp","href":"https:\/\/api.w.org\/{rel}","templated":true}]}}