{"id":9304,"date":"2017-08-30T22:46:57","date_gmt":"2017-08-30T15:46:57","guid":{"rendered":"https:\/\/roidsmania.com\/?post_type=product&#038;p=9304\/"},"modified":"2020-10-10T04:25:12","modified_gmt":"2020-10-09T21:25:12","slug":"pack-prise-de-masse-inject-esters-courts-testo-propionate-nandrorapid-6-semaines","status":"publish","type":"product","link":"https:\/\/roidsmania.com\/fr\/produit\/pack-prise-de-masse-inject-esters-courts-testo-propionate-nandrorapid-6-semaines\/","title":{"rendered":"Pack Prise de masse Inject ESTERS COURTS : Testo Propionate\/NandroRapid &#8211; 6 Semaines"},"content":{"rendered":"<p>\n<table id=\"tablepress-22\" class=\"tablepress tablepress-id-22\">\n<thead>\n<tr class=\"row-1 odd\">\n\t<th class=\"column-1\"><strong><center>ILLUSTRATION DU PRODUIT<\/center><\/strong><\/th><th class=\"column-2\"><strong><center>QUANTIT\u00c9<\/center><\/strong><\/th><th class=\"column-3\"><strong><center>DESCRIPTION DU PRODUIT<\/center><\/strong><\/th>\n<\/tr>\n<\/thead>\n<tbody class=\"row-hover\">\n<tr class=\"row-2 even\">\n\t<td class=\"column-1\"><center><img src=\"https:\/\/roidsmania.com\/wp-content\/uploads\/2016\/12\/T-Prop-305x457.png\" alt=\"\" width=\"300\" height=\"169\" class=\"alignright size-medium wp-image-9218\" \/><\/center><\/td><td class=\"column-2\"><strong><center>2 VIALS<\/center><\/strong><\/td><td class=\"column-3\"><strong><center>T-Prop [Testosterone Propionate 1000mg] \u2013 10ml \u2013 Meditech<\/strong><br \/>\n<br \/>\nEn plus d\u2019\u00eatre une aide pr\u00e9cieuse pour le d\u00e9veloppement de la masse musculaire, la Testosterone Propionate aide \u00e0 r\u00e9duire le temps de r\u00e9cup\u00e9ration entre les cures. C\u2019est l\u2019un des produits st\u00e9ro\u00efdiens les plus efficaces, alors que la plupart de ses effets secondaires possibles peuvent \u00eatre facilement r\u00e9duits par l\u2019utilisation de protections adapt\u00e9es.<\/center><\/td>\n<\/tr>\n<tr class=\"row-3 odd\">\n\t<td class=\"column-1\"><center><img src=\"https:\/\/roidsmania.com\/wp-content\/uploads\/2020\/10\/Nandrorapid10ml.jpg\" alt=\"\" width=\"300\" height=\"169\" class=\"alignright size-medium wp-image-9216\" \/><\/center><\/td><td class=\"column-2\"><strong><center>2 VIALS<\/center><\/strong><\/td><td class=\"column-3\"><strong><center>NandroRapid [Nandrolone Phenylpropionate 1000mg] \u2013 10ml \u2013 Alpha Pharma<\/strong><br \/>\n<br \/>\nLa NPP est un st\u00e9ro\u00efde anabolisant avec une activit\u00e9 androg\u00e9nique r\u00e9duite. Ce produit est utilis\u00e9 par les athl\u00e8tes afin de d\u00e9velopper la croissance musculaire, la force, la stimulation de l\u2019app\u00e9tit, l\u2019augmentation de la production de globules rouges et la densit\u00e9 osseuse. Il augmente la synth\u00e8se des prot\u00e9ines dans les cellules musculaires et aide \u00e0 atteindre un \u00e9quilibre azot\u00e9 positif.<\/center><\/td>\n<\/tr>\n<tr class=\"row-4 even\">\n\t<td class=\"column-1\"><center><img src=\"https:\/\/roidsmania.com\/wp-content\/uploads\/2016\/12\/Anazole.jpg\" alt=\"\" width=\"150\" height=\"300\" class=\"alignright size-medium wp-image-9096\" \/><\/center><\/td><td class=\"column-2\"><strong><center>30 COMPRIM\u00c9S<\/center><\/strong><\/td><td class=\"column-3\"><strong><center>Anazole [Anastrozole 1mg] \u2013 30 comprim\u00e9s \u2013 Alpha-Pharma<\/strong><br \/>\n<br \/>\nL\u2019anastrozole est un anti-oestrog\u00e8ne important dans le cadre d\u2019une cure de st\u00e9ro\u00efdes anabolisants, il r\u00e9duit les effets des \u0153strog\u00e8nes et am\u00e9liore \u00e9galement l\u2019\u00e9quilibre hormonal.<\/center><\/td>\n<\/tr>\n<tr class=\"row-5 odd\">\n\t<td class=\"column-1\"><center><img src=\"https:\/\/roidsmania.com\/wp-content\/uploads\/2016\/12\/Clomid.png\" alt=\"\" width=\"150\" height=\"150\" class=\"alignright size-medium wp-image-8717\" \/><\/center><\/td><td class=\"column-2\"><strong><center>20 COMPRIM\u00c9S<\/center><\/strong><\/td><td class=\"column-3\"><strong><center>Clomid [Clomiphene Citrate 50mg] \u2013 20 comprim\u00e9s \u2013 Meditech<\/strong><br \/>\n<br \/>\nLes culturistes utilisent le Clomid pour relancer la production de testost\u00e9rone dans les testicules et \u00e9vitent ainsi les d\u00e9s\u00e9quilibres hormonaux. Les athl\u00e8tes d\u00e9montrent qu\u2019une dose quotidienne de 50 \u00e0 100 mg de Clomid aide \u00e0 r\u00e9tablir les niveaux normaux de testost\u00e9rone en 2 \u00e0 3 semaines.<\/center><\/td>\n<\/tr>\n<tr class=\"row-6 even\">\n\t<td class=\"column-1\"><center><img src=\"https:\/\/roidsmania.com\/wp-content\/uploads\/2017\/08\/Nolvadex-D-Tamoxifen-Citrate-20mg-30-Tabs-Meditech.jpg\" alt=\"\" width=\"150\" height=\"150\" class=\"alignright size-medium wp-image-8715\" \/><\/center><\/td><td class=\"column-2\"><strong><center>20 COMPRIM\u00c9S<\/center><\/strong><\/td><td class=\"column-3\"><center><strong>Nolvadex-D [Tamoxifen Citrate 20mg] \u2013 20 comprim\u00e9s \u2013 Meditech<\/strong><br \/>\n<br \/>\nLe Nolvadex est un anti-oestrog\u00e8ne puissant et bien connu des bodybuilders. Ce produit \u00e9vite les ph\u00e9nom\u00e8nes de f\u00e9minisation qui se produisent souvent \u00e0 la fin d\u2019une cure de st\u00e9ro\u00efdes anabolisants.<\/center><\/td>\n<\/tr>\n<\/tbody>\n<\/table>\n<!-- #tablepress-22 from cache --><br \/>\n&nbsp;<br \/>\n&nbsp;<br \/>\n\n<table id=\"tablepress-70\" class=\"tablepress tablepress-id-70\">\n<thead>\n<tr class=\"row-1 odd\">\n\t<th class=\"column-1\"><font size=4><center<strong><br \/>\nPRODUITS<\/strong><\/center><\/font><br \/>\n<br \/>\n<\/th><th class=\"column-2\"><font size=4><center><strong>POSOLOGIE<\/strong><\/center><\/font><\/th>\n<\/tr>\n<\/thead>\n<tbody class=\"row-hover\">\n<tr class=\"row-2 even\">\n\t<td class=\"column-1\"><center><strong><br \/>\nTestosterone Propionate<\/strong><\/center><\/td><td class=\"column-2\"><br \/>\n<strong>Semaine 1 \u00e0 6 :<\/strong> Prendre 3 ml de Testosterone Propionate par semaine. <br \/>\nExemple de prise : 1ml le lundi et 1ml le jeudi, le samedi 1 ml.<br \/>\n<br \/>\n<\/td>\n<\/tr>\n<tr class=\"row-3 odd\">\n\t<td class=\"column-1\"><center><strong><br \/>\nNandroRapid<\/strong><\/center><\/td><td class=\"column-2\"><br \/>\n<strong>Semaine 1 \u00e0 6 :<\/strong> Prendre 3 ml de NandroRapid par semaine. <br \/>\nExemple de prise : 1ml le lundi et 1ml le jeudi, le samedi 1 ml.<br \/>\n<br \/>\n<\/td>\n<\/tr>\n<tr class=\"row-4 even\">\n\t<td class=\"column-1\"><\/td><td class=\"column-2\"><br \/>\n<font size=4><center><strong>PROTECTIONS<\/strong><\/center><\/font><br \/>\n<\/td>\n<\/tr>\n<tr class=\"row-5 odd\">\n\t<td class=\"column-1\"><center><strong><br \/>\nANAZOLE<br \/>\n<\/strong><\/center><\/td><td class=\"column-2\"><br \/>\n<strong>Semaine 1 \u00e0 6 :<\/strong> Prendre 1 comprim\u00e9 un jour sur deux.<br \/>\n<br \/>\n<\/td>\n<\/tr>\n<tr class=\"row-6 even\">\n\t<td class=\"column-1\"><\/td><td class=\"column-2\"><br \/>\n<font size=4><center><strong>RELANCE (PCT)<\/strong><\/center><\/font><\/strong><\/center><br \/>\n<\/td>\n<\/tr>\n<tr class=\"row-7 odd\">\n\t<td class=\"column-1\"><center><strong><br \/>\nCLOMID + NOLVADEX<\/strong><\/center><\/td><td class=\"column-2\"><br \/>\nPour votre PCT veuillez patienter 4 jours apr\u00e8s la derni\u00e8re injection avant de commencer la prise de 1 Clomid et 1 Nolvadex par jour apr\u00e8s manger soit le matin, le midi ou le soir pendant 20 jours.<br \/>\n<br \/>\n<\/td>\n<\/tr>\n<\/tbody>\n<\/table>\n<!-- #tablepress-70 from cache --><\/p>\n","protected":false},"excerpt":{"rendered":"<p>Ce pack de<strong>\u00a06 semaines<\/strong> est parfait pour une prise de masse volumineuse rapidement avec des produits qui disposent d&#039;esters courts. vous obtiendrez gr\u00e2ce a cette cure un d\u00e9veloppement musculaire important et une augmentation de la force.<\/p>\n<p>L&#8221;anti-\u0153strog\u00e8ne (Anazole) ainsi que les produits de relance (Clomid et Nolvadex) sont inclus dans le pack.<\/p>\n","protected":false},"featured_media":9152,"comment_status":"closed","ping_status":"closed","template":"","meta":[],"berocket_brand":[],"yoast_head":"<!-- This site is optimized with the Yoast SEO plugin v15.9.1 - https:\/\/yoast.com\/wordpress\/plugins\/seo\/ -->\n<title>Acheter Le Pack Prise de masse Inject ESTERS COURTS : Testo Propionate\/NandroRapid - 6 Semaines<\/title>\n<meta name=\"description\" content=\"RoidsMania a s\u00e9lectionn\u00e9 pour vous Le Pack Prise de masse Inject ESTERS COURTS : Testo Propionate\/NandroRapid - 6 Semaines. Paiement facile, Livraison Rapide.\" \/>\n<meta name=\"robots\" content=\"index, follow, max-snippet:-1, max-image-preview:large, max-video-preview:-1\" \/>\n<link rel=\"canonical\" href=\"https:\/\/roidsmania.com\/fr\/produit\/pack-prise-de-masse-inject-esters-courts-testo-propionate-nandrorapid-6-semaines\/\" \/>\n<meta property=\"og:locale\" content=\"fr_FR\" \/>\n<meta property=\"og:type\" content=\"article\" \/>\n<meta property=\"og:title\" content=\"Acheter Le Pack Prise de masse Inject ESTERS COURTS : Testo Propionate\/NandroRapid - 6 Semaines\" \/>\n<meta property=\"og:description\" content=\"RoidsMania a s\u00e9lectionn\u00e9 pour vous Le Pack Prise de masse Inject ESTERS COURTS : Testo Propionate\/NandroRapid - 6 Semaines. Paiement facile, Livraison Rapide.\" \/>\n<meta property=\"og:url\" content=\"https:\/\/roidsmania.com\/fr\/produit\/pack-prise-de-masse-inject-esters-courts-testo-propionate-nandrorapid-6-semaines\/\" \/>\n<meta property=\"og:site_name\" content=\"RoidsMania.com\" \/>\n<meta property=\"article:modified_time\" content=\"2020-10-09T21:25:12+00:00\" \/>\n<meta property=\"og:image\" content=\"https:\/\/roidsmania.com\/wp-content\/uploads\/2017\/08\/PACKS-PRISE-DE-MASSE.jpg\" \/>\n\t<meta property=\"og:image:width\" content=\"900\" \/>\n\t<meta property=\"og:image:height\" content=\"900\" \/>\n<meta name=\"twitter:card\" content=\"summary\" \/>\n<script type=\"application\/ld+json\" class=\"yoast-schema-graph\">{\"@context\":\"https:\/\/schema.org\",\"@graph\":[{\"@type\":\"WebSite\",\"@id\":\"https:\/\/roidsmania.com\/fr\/#website\",\"url\":\"https:\/\/roidsmania.com\/fr\/\",\"name\":\"RoidsMania.com\",\"description\":\"Online Anabolic Steroids shop\",\"potentialAction\":[{\"@type\":\"SearchAction\",\"target\":\"https:\/\/roidsmania.com\/fr\/?s={search_term_string}\",\"query-input\":\"required name=search_term_string\"}],\"inLanguage\":\"fr-FR\"},{\"@type\":\"ImageObject\",\"@id\":\"https:\/\/roidsmania.com\/fr\/produit\/pack-prise-de-masse-inject-esters-courts-testo-propionate-nandrorapid-6-semaines\/#primaryimage\",\"inLanguage\":\"fr-FR\",\"url\":\"https:\/\/roidsmania.com\/wp-content\/uploads\/2017\/08\/PACKS-PRISE-DE-MASSE.jpg\",\"width\":900,\"height\":900},{\"@type\":\"WebPage\",\"@id\":\"https:\/\/roidsmania.com\/fr\/produit\/pack-prise-de-masse-inject-esters-courts-testo-propionate-nandrorapid-6-semaines\/#webpage\",\"url\":\"https:\/\/roidsmania.com\/fr\/produit\/pack-prise-de-masse-inject-esters-courts-testo-propionate-nandrorapid-6-semaines\/\",\"name\":\"Acheter Le Pack Prise de masse Inject ESTERS COURTS : Testo Propionate\/NandroRapid - 6 Semaines\",\"isPartOf\":{\"@id\":\"https:\/\/roidsmania.com\/fr\/#website\"},\"primaryImageOfPage\":{\"@id\":\"https:\/\/roidsmania.com\/fr\/produit\/pack-prise-de-masse-inject-esters-courts-testo-propionate-nandrorapid-6-semaines\/#primaryimage\"},\"datePublished\":\"2017-08-30T15:46:57+00:00\",\"dateModified\":\"2020-10-09T21:25:12+00:00\",\"description\":\"RoidsMania a s\\u00e9lectionn\\u00e9 pour vous Le Pack Prise de masse Inject ESTERS COURTS : Testo Propionate\/NandroRapid - 6 Semaines. Paiement facile, Livraison Rapide.\",\"breadcrumb\":{\"@id\":\"https:\/\/roidsmania.com\/fr\/produit\/pack-prise-de-masse-inject-esters-courts-testo-propionate-nandrorapid-6-semaines\/#breadcrumb\"},\"inLanguage\":\"fr-FR\",\"potentialAction\":[{\"@type\":\"ReadAction\",\"target\":[\"https:\/\/roidsmania.com\/fr\/produit\/pack-prise-de-masse-inject-esters-courts-testo-propionate-nandrorapid-6-semaines\/\"]}]},{\"@type\":\"BreadcrumbList\",\"@id\":\"https:\/\/roidsmania.com\/fr\/produit\/pack-prise-de-masse-inject-esters-courts-testo-propionate-nandrorapid-6-semaines\/#breadcrumb\",\"itemListElement\":[{\"@type\":\"ListItem\",\"position\":1,\"item\":{\"@type\":\"WebPage\",\"@id\":\"https:\/\/roidsmania.com\/fr\/\",\"url\":\"https:\/\/roidsmania.com\/fr\/\",\"name\":\"Home\"}},{\"@type\":\"ListItem\",\"position\":2,\"item\":{\"@type\":\"WebPage\",\"@id\":\"https:\/\/roidsmania.com\/fr\/boutique\/\",\"url\":\"https:\/\/roidsmania.com\/fr\/boutique\/\",\"name\":\"BOUTIQUE\"}},{\"@type\":\"ListItem\",\"position\":3,\"item\":{\"@type\":\"WebPage\",\"@id\":\"https:\/\/roidsmania.com\/fr\/produit\/pack-prise-de-masse-inject-esters-courts-testo-propionate-nandrorapid-6-semaines\/\",\"url\":\"https:\/\/roidsmania.com\/fr\/produit\/pack-prise-de-masse-inject-esters-courts-testo-propionate-nandrorapid-6-semaines\/\",\"name\":\"Pack Prise de masse Inject ESTERS COURTS : Testo Propionate\/NandroRapid &#8211; 6 Semaines\"}}]}]}<\/script>\n<!-- \/ Yoast SEO plugin. -->","_links":{"self":[{"href":"https:\/\/roidsmania.com\/fr\/wp-json\/wp\/v2\/product\/9304\/"}],"collection":[{"href":"https:\/\/roidsmania.com\/fr\/wp-json\/wp\/v2\/product\/"}],"about":[{"href":"https:\/\/roidsmania.com\/fr\/wp-json\/wp\/v2\/types\/product\/"}],"replies":[{"embeddable":true,"href":"https:\/\/roidsmania.com\/fr\/wp-json\/wp\/v2\/comments\/?post=9304"}],"wp:featuredmedia":[{"embeddable":true,"href":"https:\/\/roidsmania.com\/fr\/wp-json\/wp\/v2\/media\/9152\/"}],"wp:attachment":[{"href":"https:\/\/roidsmania.com\/fr\/wp-json\/wp\/v2\/media\/?parent=9304"}],"wp:term":[{"taxonomy":"berocket_brand","embeddable":true,"href":"https:\/\/roidsmania.com\/fr\/wp-json\/wp\/v2\/berocket_brand\/?post=9304"}],"curies":[{"name":"wp","href":"https:\/\/api.w.org\/{rel}","templated":true}]}}