{"id":9214,"date":"2017-08-29T21:49:35","date_gmt":"2017-08-29T14:49:35","guid":{"rendered":"https:\/\/roidsmania.com\/?post_type=product&#038;p=9214\/"},"modified":"2020-10-15T01:43:45","modified_gmt":"2020-10-14T18:43:45","slug":"pack-prise-de-masse-oral-anadrol-4-semaines","status":"publish","type":"product","link":"https:\/\/roidsmania.com\/fr\/produit\/pack-prise-de-masse-oral-anadrol-4-semaines\/","title":{"rendered":"Pack Prise De Masse Oral\/Force &#8211; Anadrol &#8211; 4 Semaines"},"content":{"rendered":"<p>\n<table id=\"tablepress-18\" class=\"tablepress tablepress-id-18\">\n<thead>\n<tr class=\"row-1 odd\">\n\t<th class=\"column-1\"><strong><center>ILLUSTRATION DU PRODUIT<\/center><\/strong><\/th><th class=\"column-2\"><strong><center>QUANTIT\u00c9<\/center><\/strong><\/th><th class=\"column-3\"><strong><center>DESCRIPTION DU PRODUIT<\/center><\/strong><\/th>\n<\/tr>\n<\/thead>\n<tbody class=\"row-hover\">\n<tr class=\"row-2 even\">\n\t<td class=\"column-1\"><center><img src=\"https:\/\/roidsmania.com\/wp-content\/uploads\/2020\/09\/OxydroloneAPs.jpg\" alt=\"\" width=\"150\" height=\"150\" class=\"alignright size-medium wp-image-8996\" \/><\/center><\/td><td class=\"column-2\"><strong><center>100 COMPRIM\u00c9S<\/center><\/strong><\/td><td class=\"column-3\"><strong><center>Oxymetholone [Oxymetholone 50mg] \u2013 100 comprim\u00e9s \u2013 Alpha Pharma<\/strong><br \/>\n<br \/>\nConnu comme l\u2019un des st\u00e9ro\u00efdes anabolisants oraux les plus populaires sur le march\u00e9, L\u2019Oxymetholone peut am\u00e9liorer les niveaux d\u2019azote et aider le sportif \u00e0 gagner de la force et de la masse musculaire.<\/center><\/td>\n<\/tr>\n<tr class=\"row-3 odd\">\n\t<td class=\"column-1\"><center><img src=\"https:\/\/roidsmania.com\/wp-content\/uploads\/2019\/03\/liv.52-DS.jpg\" alt=\"\" width=\"140\" height=\"150\" class=\"alignright size-medium wp-image-8721\" \/><\/center><\/td><td class=\"column-2\"><strong><center>60 COMPRIM\u00c9S<\/center><\/strong><\/td><td class=\"column-3\"><strong><center>Liv.52 DS \u2013 60 comprim\u00e9s \u2013 Himalaya<\/strong><br \/>\n<br \/>\nLe LIV.52 DS (Double Size) d\u2019Himalaya est une formule naturel \u00e0 base d\u2019extrait de plantes dont la finalit\u00e9 est d\u2019offrir une protection h\u00e9patique, il est tr\u00e8s utilis\u00e9 par les culturistes et athl\u00e8tes afin de prot\u00e9ger le foie lors de la prise de st\u00e9ro\u00efdes anabolisants.<\/center><\/td>\n<\/tr>\n<tr class=\"row-4 even\">\n\t<td class=\"column-1\"><center><img src=\"https:\/\/roidsmania.com\/wp-content\/uploads\/2016\/12\/Anazole.jpg\" alt=\"\" width=\"150\" height=\"300\" class=\"alignright size-medium wp-image-9096\" \/><\/center><\/td><td class=\"column-2\"><strong><center>30 COMPRIM\u00c9S<\/center><\/strong><\/td><td class=\"column-3\"><strong><center>Anazole [Anastrozole 1mg] \u2013 30 comprim\u00e9s \u2013 Alpha-Pharma<\/strong><br \/>\n<br \/>\nL\u2019anastrozole est un anti-oestrog\u00e8ne important dans le cadre d\u2019une cure de st\u00e9ro\u00efdes anabolisants, il r\u00e9duit les effets des \u0153strog\u00e8nes et am\u00e9liore \u00e9galement l\u2019\u00e9quilibre hormonal.<\/center><\/td>\n<\/tr>\n<tr class=\"row-5 odd\">\n\t<td class=\"column-1\"><center><img src=\"https:\/\/roidsmania.com\/wp-content\/uploads\/2016\/12\/Clomid.png\" alt=\"\" width=\"150\" height=\"150\" class=\"alignright size-medium wp-image-8717\" \/><\/center><\/td><td class=\"column-2\"><strong><center>20 COMPRIM\u00c9S<\/center><\/strong><\/td><td class=\"column-3\"><strong><center>Clomid [Clomiphene Citrate 50mg] \u2013 20 comprim\u00e9s \u2013 Meditech<\/strong><br \/>\n<br \/>\nLes culturistes utilisent le Clomid pour relancer la production de testost\u00e9rone dans les testicules et \u00e9vitent ainsi les d\u00e9s\u00e9quilibres hormonaux. Les athl\u00e8tes d\u00e9montrent qu\u2019une dose quotidienne de 50 \u00e0 100 mg de Clomid aide \u00e0 r\u00e9tablir les niveaux normaux de testost\u00e9rone en 2 \u00e0 3 semaines.<\/center><\/td>\n<\/tr>\n<tr class=\"row-6 even\">\n\t<td class=\"column-1\"><center><img src=\"https:\/\/roidsmania.com\/wp-content\/uploads\/2017\/08\/Nolvadex-D-Tamoxifen-Citrate-20mg-30-Tabs-Meditech.jpg\" alt=\"\" width=\"150\" height=\"150\" class=\"alignright size-medium wp-image-8715\" \/><\/center><\/td><td class=\"column-2\"><strong><center>20 COMPRIM\u00c9S<\/center><\/strong><\/td><td class=\"column-3\"><center><strong>Nolvadex-D [Tamoxifen Citrate 20mg] \u2013 20 comprim\u00e9s \u2013 Meditech<\/strong><br \/>\n<br \/>\nLe Nolvadex est un anti-oestrog\u00e8ne puissant et bien connu des bodybuilders. Ce produit \u00e9vite les ph\u00e9nom\u00e8nes de f\u00e9minisation qui se produisent souvent \u00e0 la fin d\u2019une cure de st\u00e9ro\u00efdes anabolisants.<\/center><\/td>\n<\/tr>\n<\/tbody>\n<\/table>\n<!-- #tablepress-18 from cache --><br \/>\n&nbsp;<br \/>\n&nbsp;<br \/>\n\n<table id=\"tablepress-74\" class=\"tablepress tablepress-id-74\">\n<thead>\n<tr class=\"row-1 odd\">\n\t<th class=\"column-1\"><font size=4><center><strong>PRODUITS<\/strong<\/center><\/font><\/th><th class=\"column-2\"><br \/>\n<font size=4><center><strong>POSOLOGIE<\/strong><\/center><\/font><br \/>\n<\/th>\n<\/tr>\n<\/thead>\n<tbody class=\"row-hover\">\n<tr class=\"row-2 even\">\n\t<td class=\"column-1\"><center><strong><br \/>\nOXYMETHOLONE<\/strong><\/center><\/td><td class=\"column-2\"><br \/>\n<strong>Semaine 1 \u00e0 4 :<\/strong> Prendre 150mg de Oxymetholone par jour.<br \/>\n<br \/>\n<\/td>\n<\/tr>\n<tr class=\"row-3 odd\">\n\t<td class=\"column-1\"><\/td><td class=\"column-2\"><br \/>\n<font size=4><center><strong>PROTECTIONS<\/strong><\/center><\/font><br \/>\n<\/td>\n<\/tr>\n<tr class=\"row-4 even\">\n\t<td class=\"column-1\"><center><strong><br \/>\nANAZOLE<br \/>\n<\/strong><\/center><\/td><td class=\"column-2\"><br \/>\n<strong>Semaine 1 \u00e0 4 :<\/strong> Prendre 1 comprim\u00e9 un jour sur deux.<br \/>\n<br \/>\n<\/td>\n<\/tr>\n<tr class=\"row-5 odd\">\n\t<td class=\"column-1\"><center><strong><br \/>\nLIV.52 DS<\/strong><\/center><\/td><td class=\"column-2\"><br \/>\n<strong>Semaine 1 \u00e0 4 :<\/strong> Prendre 2 comprim\u00e9s par jour.<br \/>\n<br \/>\n<\/td>\n<\/tr>\n<tr class=\"row-6 even\">\n\t<td class=\"column-1\"><\/td><td class=\"column-2\"><br \/>\n<font size=4><center><strong>RELANCE (PCT)<\/strong><\/center><\/font><\/strong><\/center><br \/>\n<\/td>\n<\/tr>\n<tr class=\"row-7 odd\">\n\t<td class=\"column-1\"><center><strong><br \/>\nCLOMID + NOLVADEX<\/strong><\/center><\/td><td class=\"column-2\"><br \/>\nPour votre PCT veuillez la commencer le lendemain de votre derni\u00e8re prise d'Androlic : <br \/>\n1 Clomid et 1 Nolvadex par jour apr\u00e8s manger soit le matin, le midi ou le soir pendant 20 jours.<br \/>\n<br \/>\n<\/td>\n<\/tr>\n<\/tbody>\n<\/table>\n<!-- #tablepress-74 from cache --><\/p>\n","protected":false},"excerpt":{"rendered":"<p>Ce pack de<strong>\u00a04 semaines<\/strong> pour d\u00e9butant est parfait pour une prise de masse. vous obtiendrez gr\u00e2ce a cette cure un d\u00e9veloppement musculaire important et une augmentation de la force.<\/p>\n<p>L&#039;anti-\u0153strog\u00e8ne (Anazolol), la protection foie ainsi que les produits de relance (Clomid et Nolvadex) sont inclus dans le pack.<\/p>\n","protected":false},"featured_media":9168,"comment_status":"closed","ping_status":"closed","template":"","meta":[],"berocket_brand":[],"yoast_head":"<!-- This site is optimized with the Yoast SEO plugin v15.9.1 - https:\/\/yoast.com\/wordpress\/plugins\/seo\/ -->\n<title>Acheter Le Pack Prise De Masse oral - Anadrol - 4 Semaines<\/title>\n<meta name=\"description\" content=\"RoidsMania a s\u00e9lectionn\u00e9 pour vous Le Pack Prise De Masse oral - Anadrol - 4 Semaines. Paiement facile, Livraison Rapide.\" \/>\n<meta name=\"robots\" content=\"index, follow, max-snippet:-1, max-image-preview:large, max-video-preview:-1\" \/>\n<link rel=\"canonical\" href=\"https:\/\/roidsmania.com\/fr\/produit\/pack-prise-de-masse-oral-anadrol-4-semaines\/\" \/>\n<meta property=\"og:locale\" content=\"fr_FR\" \/>\n<meta property=\"og:type\" content=\"article\" \/>\n<meta property=\"og:title\" content=\"Acheter Le Pack Prise De Masse oral - Anadrol - 4 Semaines\" \/>\n<meta property=\"og:description\" content=\"RoidsMania a s\u00e9lectionn\u00e9 pour vous Le Pack Prise De Masse oral - Anadrol - 4 Semaines. Paiement facile, Livraison Rapide.\" \/>\n<meta property=\"og:url\" content=\"https:\/\/roidsmania.com\/fr\/produit\/pack-prise-de-masse-oral-anadrol-4-semaines\/\" \/>\n<meta property=\"og:site_name\" content=\"RoidsMania.com\" \/>\n<meta property=\"article:modified_time\" content=\"2020-10-14T18:43:45+00:00\" \/>\n<meta property=\"og:image\" content=\"https:\/\/roidsmania.com\/wp-content\/uploads\/2017\/08\/PACKS-PRISE-DE-MASSE-1.jpg\" \/>\n\t<meta property=\"og:image:width\" content=\"900\" \/>\n\t<meta property=\"og:image:height\" content=\"900\" \/>\n<meta name=\"twitter:card\" content=\"summary\" \/>\n<script type=\"application\/ld+json\" class=\"yoast-schema-graph\">{\"@context\":\"https:\/\/schema.org\",\"@graph\":[{\"@type\":\"WebSite\",\"@id\":\"https:\/\/roidsmania.com\/fr\/#website\",\"url\":\"https:\/\/roidsmania.com\/fr\/\",\"name\":\"RoidsMania.com\",\"description\":\"Online Anabolic Steroids shop\",\"potentialAction\":[{\"@type\":\"SearchAction\",\"target\":\"https:\/\/roidsmania.com\/fr\/?s={search_term_string}\",\"query-input\":\"required name=search_term_string\"}],\"inLanguage\":\"fr-FR\"},{\"@type\":\"ImageObject\",\"@id\":\"https:\/\/roidsmania.com\/fr\/produit\/pack-prise-de-masse-oral-anadrol-4-semaines\/#primaryimage\",\"inLanguage\":\"fr-FR\",\"url\":\"https:\/\/roidsmania.com\/wp-content\/uploads\/2017\/08\/PACKS-PRISE-DE-MASSE-1.jpg\",\"width\":900,\"height\":900},{\"@type\":\"WebPage\",\"@id\":\"https:\/\/roidsmania.com\/fr\/produit\/pack-prise-de-masse-oral-anadrol-4-semaines\/#webpage\",\"url\":\"https:\/\/roidsmania.com\/fr\/produit\/pack-prise-de-masse-oral-anadrol-4-semaines\/\",\"name\":\"Acheter Le Pack Prise De Masse oral - Anadrol - 4 Semaines\",\"isPartOf\":{\"@id\":\"https:\/\/roidsmania.com\/fr\/#website\"},\"primaryImageOfPage\":{\"@id\":\"https:\/\/roidsmania.com\/fr\/produit\/pack-prise-de-masse-oral-anadrol-4-semaines\/#primaryimage\"},\"datePublished\":\"2017-08-29T14:49:35+00:00\",\"dateModified\":\"2020-10-14T18:43:45+00:00\",\"description\":\"RoidsMania a s\\u00e9lectionn\\u00e9 pour vous Le Pack Prise De Masse oral - Anadrol - 4 Semaines. Paiement facile, Livraison Rapide.\",\"breadcrumb\":{\"@id\":\"https:\/\/roidsmania.com\/fr\/produit\/pack-prise-de-masse-oral-anadrol-4-semaines\/#breadcrumb\"},\"inLanguage\":\"fr-FR\",\"potentialAction\":[{\"@type\":\"ReadAction\",\"target\":[\"https:\/\/roidsmania.com\/fr\/produit\/pack-prise-de-masse-oral-anadrol-4-semaines\/\"]}]},{\"@type\":\"BreadcrumbList\",\"@id\":\"https:\/\/roidsmania.com\/fr\/produit\/pack-prise-de-masse-oral-anadrol-4-semaines\/#breadcrumb\",\"itemListElement\":[{\"@type\":\"ListItem\",\"position\":1,\"item\":{\"@type\":\"WebPage\",\"@id\":\"https:\/\/roidsmania.com\/fr\/\",\"url\":\"https:\/\/roidsmania.com\/fr\/\",\"name\":\"Home\"}},{\"@type\":\"ListItem\",\"position\":2,\"item\":{\"@type\":\"WebPage\",\"@id\":\"https:\/\/roidsmania.com\/fr\/boutique\/\",\"url\":\"https:\/\/roidsmania.com\/fr\/boutique\/\",\"name\":\"BOUTIQUE\"}},{\"@type\":\"ListItem\",\"position\":3,\"item\":{\"@type\":\"WebPage\",\"@id\":\"https:\/\/roidsmania.com\/fr\/produit\/pack-prise-de-masse-oral-anadrol-4-semaines\/\",\"url\":\"https:\/\/roidsmania.com\/fr\/produit\/pack-prise-de-masse-oral-anadrol-4-semaines\/\",\"name\":\"Pack Prise De Masse Oral\/Force &#8211; Anadrol &#8211; 4 Semaines\"}}]}]}<\/script>\n<!-- \/ Yoast SEO plugin. -->","_links":{"self":[{"href":"https:\/\/roidsmania.com\/fr\/wp-json\/wp\/v2\/product\/9214\/"}],"collection":[{"href":"https:\/\/roidsmania.com\/fr\/wp-json\/wp\/v2\/product\/"}],"about":[{"href":"https:\/\/roidsmania.com\/fr\/wp-json\/wp\/v2\/types\/product\/"}],"replies":[{"embeddable":true,"href":"https:\/\/roidsmania.com\/fr\/wp-json\/wp\/v2\/comments\/?post=9214"}],"wp:featuredmedia":[{"embeddable":true,"href":"https:\/\/roidsmania.com\/fr\/wp-json\/wp\/v2\/media\/9168\/"}],"wp:attachment":[{"href":"https:\/\/roidsmania.com\/fr\/wp-json\/wp\/v2\/media\/?parent=9214"}],"wp:term":[{"taxonomy":"berocket_brand","embeddable":true,"href":"https:\/\/roidsmania.com\/fr\/wp-json\/wp\/v2\/berocket_brand\/?post=9214"}],"curies":[{"name":"wp","href":"https:\/\/api.w.org\/{rel}","templated":true}]}}