{"id":8904,"date":"2017-08-24T01:22:03","date_gmt":"2017-08-23T18:22:03","guid":{"rendered":"https:\/\/roidsmania.com\/product\/aromasin-25-exemestane-25mg-50-tabs-global-anabolic\/"},"modified":"2020-10-28T05:15:21","modified_gmt":"2020-10-27T22:15:21","slug":"aromasin-25-exemestane-25mg-50-tabs-global-anabolic","status":"publish","type":"product","link":"https:\/\/roidsmania.com\/fr\/produit\/aromasin-25-exemestane-25mg-50-tabs-global-anabolic\/","title":{"rendered":"Aromasin 25 [Exemestane &#8211; 25mg] &#8211; 50 Tabs &#8211; Global Anabolic"},"content":{"rendered":"<div align=\"justify\">\n<p>Les inhibiteurs de l&#8217;aromatase (IA), \u00e9galement appel\u00e9s anti-aromatase, sont une classe de m\u00e9dicaments qui inhibent l&#8217;activit\u00e9 de l&#8217;aromatase, une enzyme qui aide \u00e0 la conversion d&#8217;hormones st\u00e9ro\u00efdiennes en \u0153strog\u00e8nes, et qui donc bloquent la production d&#8217;\u0153strog\u00e8nes.<\/p>\n<p>L&#8217;Aromasin (exemestane) a \u00e9t\u00e9 d\u00e9velopp\u00e9 \u00e0 la base pour les femmes m\u00e9nopaus\u00e9es qui luttent contre le cancer et qui on en particulier besoin d&#8217;une th\u00e9rapie agressive En moyenne, l&#8217;Aromasin (exemestane) a un taux de suppression de <strong>85%<\/strong> des <strong>\u0153strog\u00e8nes<\/strong>, ce qui le rend particuli\u00e8rement efficace afin de traiter le cancer car en effet, certains cancers se d\u00e9veloppe plus rapidement en raison de l&#8217;apport d&#8217;\u0153strog\u00e8ne \u00e9lev\u00e9 dans le corps. Stoppez ces \u0153strog\u00e8nes aide \u00e0 ralentir ce cancer.<\/p>\n<p>En ce qui concerne l&#8217;utilisation de ce produit dans le milieu des <strong>anabolisants<\/strong>, l&#8217;Aromasin est une bonne option car les <strong>bodybuilders<\/strong> masculins en cure cherche \u00e0 stopper l&#8217;aromatisation de leurs produits,<strong>Steroide musculation achat.<\/strong><\/p>\n<p>La conversion des \u0153strog\u00e8nes dans le corps est d\u2019ailleurs responsable d&#8217;une multitude d&#8217;effets secondaires comme l&#8217;acn\u00e9, la r\u00e9tention d&#8217;eau et la gyn\u00e9comastie.<\/p>\n<p>L&#8217;Aromasin augmente \u00e9galement les niveaux de testost\u00e9rone, Ce qui en fait un produit id\u00e9al pour une th\u00e9rapie post-cycle.<\/p>\n<\/div>\n","protected":false},"excerpt":{"rendered":"<div align=\"justify\"><strong>Laboratoire :<\/strong> Global Anabolic<br \/>\n<strong>Forme :<\/strong>\u00a0Orale<br \/>\n<strong>Mol\u00e9cule :<\/strong> Exemestane<br \/>\n<strong>Concentration :<\/strong>\u00a025mg\/tabs<br \/>\n<strong>Volume :<\/strong> 50 Tabs<br \/>\n<strong>Dosage Recommand\u00e9 :<\/strong> 25mg\/jour<\/p>\n<p>Les inhibiteurs de l&#8217;aromatase (IA), \u00e9galement appel\u00e9s anti-aromatase, sont une classe de m\u00e9dicaments qui inhibent l&#8217;activit\u00e9 de l&#8217;aromatase, une enzyme qui aide \u00e0 la conversion d&#8217;hormones st\u00e9ro\u00efdiennes en \u0153strog\u00e8nes, et qui donc bloquent la production d&#8217;\u0153strog\u00e8nes.<\/p>\n<\/div>\n","protected":false},"featured_media":8903,"comment_status":"closed","ping_status":"closed","template":"","meta":[],"berocket_brand":[176],"yoast_head":"<!-- This site is optimized with the Yoast SEO plugin v15.9.1 - https:\/\/yoast.com\/wordpress\/plugins\/seo\/ -->\n<title>Acheter de l&#039;Aromasin 25 [Exemestane - 25mg] - 50 Tabs - Global Anabolic<\/title>\n<meta name=\"description\" content=\"Roidsmania.com a s\u00e9lectionn\u00e9 pour vous l&#039;Aromasin 25 [Exemestane - 25mg] - 50 Tabs - Global Anabolic. Exp\u00e9dition Rapide, Paiement Facile.\" \/>\n<meta name=\"robots\" content=\"index, follow, max-snippet:-1, max-image-preview:large, max-video-preview:-1\" \/>\n<link rel=\"canonical\" href=\"https:\/\/roidsmania.com\/fr\/produit\/aromasin-25-exemestane-25mg-50-tabs-global-anabolic\/\" \/>\n<meta property=\"og:locale\" content=\"fr_FR\" \/>\n<meta property=\"og:type\" content=\"article\" \/>\n<meta property=\"og:title\" content=\"Acheter de l&#039;Aromasin 25 [Exemestane - 25mg] - 50 Tabs - Global Anabolic\" \/>\n<meta property=\"og:description\" content=\"Roidsmania.com a s\u00e9lectionn\u00e9 pour vous l&#039;Aromasin 25 [Exemestane - 25mg] - 50 Tabs - Global Anabolic. Exp\u00e9dition Rapide, Paiement Facile.\" \/>\n<meta property=\"og:url\" content=\"https:\/\/roidsmania.com\/produit\/aromasin-25-exemestane-25mg-50-tabs-global-anabolic\/\" \/>\n<meta property=\"og:site_name\" content=\"RoidsMania.com\" \/>\n<meta property=\"article:modified_time\" content=\"2020-10-27T22:15:21+00:00\" \/>\n<meta property=\"og:image\" content=\"https:\/\/roidsmania.com\/wp-content\/uploads\/2017\/08\/aromasin-25-2.jpg\" \/>\n\t<meta property=\"og:image:width\" content=\"681\" \/>\n\t<meta property=\"og:image:height\" content=\"680\" \/>\n<meta name=\"twitter:card\" content=\"summary\" \/>\n<meta name=\"twitter:label1\" content=\"Dur\u00e9e de lecture est.\">\n\t<meta name=\"twitter:data1\" content=\"1 minute\">\n<script type=\"application\/ld+json\" class=\"yoast-schema-graph\">{\"@context\":\"https:\/\/schema.org\",\"@graph\":[{\"@type\":\"WebSite\",\"@id\":\"https:\/\/roidsmania.com\/fr\/#website\",\"url\":\"https:\/\/roidsmania.com\/fr\/\",\"name\":\"RoidsMania.com\",\"description\":\"Online Anabolic Steroids shop\",\"potentialAction\":[{\"@type\":\"SearchAction\",\"target\":\"https:\/\/roidsmania.com\/fr\/?s={search_term_string}\",\"query-input\":\"required name=search_term_string\"}],\"inLanguage\":\"fr-FR\"},{\"@type\":\"ImageObject\",\"@id\":\"https:\/\/roidsmania.com\/produit\/aromasin-25-exemestane-25mg-50-tabs-global-anabolic\/#primaryimage\",\"inLanguage\":\"fr-FR\",\"url\":\"https:\/\/roidsmania.com\/wp-content\/uploads\/2017\/08\/aromasin-25-2.jpg\",\"width\":681,\"height\":680},{\"@type\":\"WebPage\",\"@id\":\"https:\/\/roidsmania.com\/produit\/aromasin-25-exemestane-25mg-50-tabs-global-anabolic\/#webpage\",\"url\":\"https:\/\/roidsmania.com\/produit\/aromasin-25-exemestane-25mg-50-tabs-global-anabolic\/\",\"name\":\"Acheter de l'Aromasin 25 [Exemestane - 25mg] - 50 Tabs - Global Anabolic\",\"isPartOf\":{\"@id\":\"https:\/\/roidsmania.com\/fr\/#website\"},\"primaryImageOfPage\":{\"@id\":\"https:\/\/roidsmania.com\/produit\/aromasin-25-exemestane-25mg-50-tabs-global-anabolic\/#primaryimage\"},\"datePublished\":\"2017-08-23T18:22:03+00:00\",\"dateModified\":\"2020-10-27T22:15:21+00:00\",\"description\":\"Roidsmania.com a s\\u00e9lectionn\\u00e9 pour vous l'Aromasin 25 [Exemestane - 25mg] - 50 Tabs - Global Anabolic. Exp\\u00e9dition Rapide, Paiement Facile.\",\"breadcrumb\":{\"@id\":\"https:\/\/roidsmania.com\/produit\/aromasin-25-exemestane-25mg-50-tabs-global-anabolic\/#breadcrumb\"},\"inLanguage\":\"fr-FR\",\"potentialAction\":[{\"@type\":\"ReadAction\",\"target\":[\"https:\/\/roidsmania.com\/produit\/aromasin-25-exemestane-25mg-50-tabs-global-anabolic\/\"]}]},{\"@type\":\"BreadcrumbList\",\"@id\":\"https:\/\/roidsmania.com\/produit\/aromasin-25-exemestane-25mg-50-tabs-global-anabolic\/#breadcrumb\",\"itemListElement\":[{\"@type\":\"ListItem\",\"position\":1,\"item\":{\"@type\":\"WebPage\",\"@id\":\"https:\/\/roidsmania.com\/fr\/\",\"url\":\"https:\/\/roidsmania.com\/fr\/\",\"name\":\"Home\"}},{\"@type\":\"ListItem\",\"position\":2,\"item\":{\"@type\":\"WebPage\",\"@id\":\"https:\/\/roidsmania.com\/fr\/boutique\/\",\"url\":\"https:\/\/roidsmania.com\/fr\/boutique\/\",\"name\":\"BOUTIQUE\"}},{\"@type\":\"ListItem\",\"position\":3,\"item\":{\"@type\":\"WebPage\",\"@id\":\"https:\/\/roidsmania.com\/produit\/aromasin-25-exemestane-25mg-50-tabs-global-anabolic\/\",\"url\":\"https:\/\/roidsmania.com\/produit\/aromasin-25-exemestane-25mg-50-tabs-global-anabolic\/\",\"name\":\"Aromasin 25 [Exemestane &#8211; 25mg] &#8211; 50 Tabs &#8211; Global Anabolic\"}}]}]}<\/script>\n<!-- \/ Yoast SEO plugin. -->","_links":{"self":[{"href":"https:\/\/roidsmania.com\/fr\/wp-json\/wp\/v2\/product\/8904\/"}],"collection":[{"href":"https:\/\/roidsmania.com\/fr\/wp-json\/wp\/v2\/product\/"}],"about":[{"href":"https:\/\/roidsmania.com\/fr\/wp-json\/wp\/v2\/types\/product\/"}],"replies":[{"embeddable":true,"href":"https:\/\/roidsmania.com\/fr\/wp-json\/wp\/v2\/comments\/?post=8904"}],"wp:featuredmedia":[{"embeddable":true,"href":"https:\/\/roidsmania.com\/fr\/wp-json\/wp\/v2\/media\/8903\/"}],"wp:attachment":[{"href":"https:\/\/roidsmania.com\/fr\/wp-json\/wp\/v2\/media\/?parent=8904"}],"wp:term":[{"taxonomy":"berocket_brand","embeddable":true,"href":"https:\/\/roidsmania.com\/fr\/wp-json\/wp\/v2\/berocket_brand\/?post=8904"}],"curies":[{"name":"wp","href":"https:\/\/api.w.org\/{rel}","templated":true}]}}