{"id":74023,"date":"2020-01-27T00:36:16","date_gmt":"2020-01-26T17:36:16","guid":{"rendered":"https:\/\/roidsmania.com\/product\/testosus-100-testosterone-suspension-1000mg-10-ml-la-pharma\/"},"modified":"2021-08-01T19:19:26","modified_gmt":"2021-08-01T12:19:26","slug":"testosus-100-testosterone-suspension-1000mg-10-ml-la-pharma","status":"publish","type":"product","link":"https:\/\/roidsmania.com\/fr\/produit\/testosus-100-testosterone-suspension-1000mg-10-ml-la-pharma\/","title":{"rendered":"TestoSus 100 [Testosterone Suspension 1000mg] &#8211; 10 ml &#8211; LA Pharma"},"content":{"rendered":"<div align=\"justify\">\n<p>La <strong>TestoSus 100 du laboratoire LA Pharma<\/strong> ou la Testosterone Suspensions est une testost\u00e9rone injectable en mode suspension \u00e0 base d&#8217;eau qui a \u00e9t\u00e9 d\u00e9velopp\u00e9e et utilis\u00e9e pendant des d\u00e9cennies, ce qui en fait le premier st\u00e9ro\u00efde anabolisant et androg\u00e8ne utilis\u00e9.<strong>Acheter Hormone de croissance.<\/strong><\/p>\n<p>La testost\u00e9rone &#8220;Base&#8221; ou &#8220;<strong>Suspension<\/strong>&#8221; est souvent class\u00e9e comme le <strong>st\u00e9ro\u00efde injectable<\/strong> le plus puissant disponible, par sa vitesse d&#8217;action.<\/p>\n<p>Il procure un gain incroyablement rapide de masse musculaire et de force. La testost\u00e9rone &#8220;Base&#8221; ou &#8220;Suspension&#8221; commence \u00e0 entrer dans la circulation sanguine imm\u00e9diatement apr\u00e8s l&#8217;injection, de sorte que ses effets sont ressenties imm\u00e9diatement.<\/p>\n<\/div>\n","protected":false},"excerpt":{"rendered":"<div align=\"justify\"><strong>Laboratoire :<\/strong> LA Pharma<br \/>\n<strong>Forme :<\/strong> Injection<br \/>\n<strong>Mol\u00e9cule :<\/strong> Testosterone Base<br \/>\n<strong>Concentration :<\/strong> 100mg\/ml<br \/>\n<strong>Volume :<\/strong> 10 ml<br \/>\n<strong>Dosage Recommand\u00e9 :<\/strong> 50-200mg\/jour<\/p>\n<p>Cet ester pr\u00e9sente les m\u00eames avantages et inconv\u00e9nients que la Testosterone Propionate, a la diff\u00e9rence que la base de la testost\u00e9rone est une solution aqueuse.<\/p>\n<\/div>\n","protected":false},"featured_media":233197,"comment_status":"closed","ping_status":"closed","template":"","meta":[],"berocket_brand":[144],"yoast_head":"<!-- This site is optimized with the Yoast SEO plugin v15.9.1 - https:\/\/yoast.com\/wordpress\/plugins\/seo\/ -->\n<title>Acheter du TestoSus 100 [Testosterone Suspension 1000mg] - 10 ml - LA Pharma<\/title>\n<meta name=\"description\" content=\"Roidsmania.com a s\u00e9lectionn\u00e9 pour vous la TestoSus 100 [Testosterone Suspension 1000mg] - 10 ml - LA Pharma. Exp\u00e9dition Rapide. Paiement Facile.\" \/>\n<meta name=\"robots\" content=\"index, follow, max-snippet:-1, max-image-preview:large, max-video-preview:-1\" \/>\n<link rel=\"canonical\" href=\"https:\/\/roidsmania.com\/fr\/produit\/testosus-100-testosterone-suspension-1000mg-10-ml-la-pharma\/\" \/>\n<meta property=\"og:locale\" content=\"fr_FR\" \/>\n<meta property=\"og:type\" content=\"article\" \/>\n<meta property=\"og:title\" content=\"Acheter du TestoSus 100 [Testosterone Suspension 1000mg] - 10 ml - LA Pharma\" \/>\n<meta property=\"og:description\" content=\"Roidsmania.com a s\u00e9lectionn\u00e9 pour vous la TestoSus 100 [Testosterone Suspension 1000mg] - 10 ml - LA Pharma. Exp\u00e9dition Rapide. Paiement Facile.\" \/>\n<meta property=\"og:url\" content=\"https:\/\/roidsmania.com\/produit\/testosus-100-testosterone-suspension-1000mg-10-ml-la-pharma\/\" \/>\n<meta property=\"og:site_name\" content=\"RoidsMania.com\" \/>\n<meta property=\"article:modified_time\" content=\"2021-08-01T12:19:26+00:00\" \/>\n<meta property=\"og:image\" content=\"https:\/\/roidsmania.com\/wp-content\/uploads\/2020\/01\/TestoSusLA.png\" \/>\n\t<meta property=\"og:image:width\" content=\"700\" \/>\n\t<meta property=\"og:image:height\" content=\"700\" \/>\n<meta name=\"twitter:card\" content=\"summary\" \/>\n<meta name=\"twitter:label1\" content=\"Dur\u00e9e de lecture est.\">\n\t<meta name=\"twitter:data1\" content=\"1 minute\">\n<script type=\"application\/ld+json\" class=\"yoast-schema-graph\">{\"@context\":\"https:\/\/schema.org\",\"@graph\":[{\"@type\":\"WebSite\",\"@id\":\"https:\/\/roidsmania.com\/fr\/#website\",\"url\":\"https:\/\/roidsmania.com\/fr\/\",\"name\":\"RoidsMania.com\",\"description\":\"Online Anabolic Steroids shop\",\"potentialAction\":[{\"@type\":\"SearchAction\",\"target\":\"https:\/\/roidsmania.com\/fr\/?s={search_term_string}\",\"query-input\":\"required name=search_term_string\"}],\"inLanguage\":\"fr-FR\"},{\"@type\":\"ImageObject\",\"@id\":\"https:\/\/roidsmania.com\/produit\/testosus-100-testosterone-suspension-1000mg-10-ml-la-pharma\/#primaryimage\",\"inLanguage\":\"fr-FR\",\"url\":\"https:\/\/roidsmania.com\/wp-content\/uploads\/2020\/01\/TestoSusLA.png\",\"width\":700,\"height\":700},{\"@type\":\"WebPage\",\"@id\":\"https:\/\/roidsmania.com\/produit\/testosus-100-testosterone-suspension-1000mg-10-ml-la-pharma\/#webpage\",\"url\":\"https:\/\/roidsmania.com\/produit\/testosus-100-testosterone-suspension-1000mg-10-ml-la-pharma\/\",\"name\":\"Acheter du TestoSus 100 [Testosterone Suspension 1000mg] - 10 ml - LA Pharma\",\"isPartOf\":{\"@id\":\"https:\/\/roidsmania.com\/fr\/#website\"},\"primaryImageOfPage\":{\"@id\":\"https:\/\/roidsmania.com\/produit\/testosus-100-testosterone-suspension-1000mg-10-ml-la-pharma\/#primaryimage\"},\"datePublished\":\"2020-01-26T17:36:16+00:00\",\"dateModified\":\"2021-08-01T12:19:26+00:00\",\"description\":\"Roidsmania.com a s\\u00e9lectionn\\u00e9 pour vous la TestoSus 100 [Testosterone Suspension 1000mg] - 10 ml - LA Pharma. Exp\\u00e9dition Rapide. Paiement Facile.\",\"breadcrumb\":{\"@id\":\"https:\/\/roidsmania.com\/produit\/testosus-100-testosterone-suspension-1000mg-10-ml-la-pharma\/#breadcrumb\"},\"inLanguage\":\"fr-FR\",\"potentialAction\":[{\"@type\":\"ReadAction\",\"target\":[\"https:\/\/roidsmania.com\/produit\/testosus-100-testosterone-suspension-1000mg-10-ml-la-pharma\/\"]}]},{\"@type\":\"BreadcrumbList\",\"@id\":\"https:\/\/roidsmania.com\/produit\/testosus-100-testosterone-suspension-1000mg-10-ml-la-pharma\/#breadcrumb\",\"itemListElement\":[{\"@type\":\"ListItem\",\"position\":1,\"item\":{\"@type\":\"WebPage\",\"@id\":\"https:\/\/roidsmania.com\/fr\/\",\"url\":\"https:\/\/roidsmania.com\/fr\/\",\"name\":\"Home\"}},{\"@type\":\"ListItem\",\"position\":2,\"item\":{\"@type\":\"WebPage\",\"@id\":\"https:\/\/roidsmania.com\/fr\/boutique\/\",\"url\":\"https:\/\/roidsmania.com\/fr\/boutique\/\",\"name\":\"BOUTIQUE\"}},{\"@type\":\"ListItem\",\"position\":3,\"item\":{\"@type\":\"WebPage\",\"@id\":\"https:\/\/roidsmania.com\/produit\/testosus-100-testosterone-suspension-1000mg-10-ml-la-pharma\/\",\"url\":\"https:\/\/roidsmania.com\/produit\/testosus-100-testosterone-suspension-1000mg-10-ml-la-pharma\/\",\"name\":\"TestoSus 100 [Testosterone Suspension 1000mg] &#8211; 10 ml &#8211; LA Pharma\"}}]}]}<\/script>\n<!-- \/ Yoast SEO plugin. -->","_links":{"self":[{"href":"https:\/\/roidsmania.com\/fr\/wp-json\/wp\/v2\/product\/74023\/"}],"collection":[{"href":"https:\/\/roidsmania.com\/fr\/wp-json\/wp\/v2\/product\/"}],"about":[{"href":"https:\/\/roidsmania.com\/fr\/wp-json\/wp\/v2\/types\/product\/"}],"replies":[{"embeddable":true,"href":"https:\/\/roidsmania.com\/fr\/wp-json\/wp\/v2\/comments\/?post=74023"}],"wp:featuredmedia":[{"embeddable":true,"href":"https:\/\/roidsmania.com\/fr\/wp-json\/wp\/v2\/media\/233197\/"}],"wp:attachment":[{"href":"https:\/\/roidsmania.com\/fr\/wp-json\/wp\/v2\/media\/?parent=74023"}],"wp:term":[{"taxonomy":"berocket_brand","embeddable":true,"href":"https:\/\/roidsmania.com\/fr\/wp-json\/wp\/v2\/berocket_brand\/?post=74023"}],"curies":[{"name":"wp","href":"https:\/\/api.w.org\/{rel}","templated":true}]}}