{"id":73047,"date":"2020-01-14T03:17:55","date_gmt":"2020-01-13T20:17:55","guid":{"rendered":"https:\/\/roidsmania.com\/product\/tren-h-trenbolone-hexahydrobenzylcarbonate-1000mg-10ml-global-anabolic\/"},"modified":"2020-10-28T04:47:30","modified_gmt":"2020-10-27T21:47:30","slug":"tren-h-trenbolone-hexahydrobenzylcarbonate-1000mg-10ml-global-anabolic","status":"publish","type":"product","link":"https:\/\/roidsmania.com\/fr\/produit\/tren-h-trenbolone-hexahydrobenzylcarbonate-1000mg-10ml-global-anabolic\/","title":{"rendered":"Tren-H [Trenbolone Hexahydrobenzylcarbonate 1000mg] &#8211; 10ml &#8211; Global Anabolic"},"content":{"rendered":"<div align=\"justify\">\n<p><strong>Le Parabolan est un st\u00e9ro\u00efde injectable,<\/strong> ce produit contient de la Trenbolone Hexahydrobenzylcarbonate et est fabriqu\u00e9 par le laboratoire <strong>Meditech<\/strong>.<\/p>\n<p>Le <strong>Parabolan<\/strong> est un androg\u00e8ne tr\u00e8s puissant avec une forte activit\u00e9 anabolique.<br \/>\nIl est adapt\u00e9 pour un d\u00e9veloppement rapide de force ainsi qu&#8217;une prise de masse musculaire, fournissant g\u00e9n\u00e9ralement aux personnes des r\u00e9sultats exceptionnels dans une p\u00e9riode de temps relativement courte. L&#8217;effet anabolisant de <strong>ce st\u00e9ro\u00efde<\/strong> est souvent compar\u00e9 a des st\u00e9ro\u00efdes populaires tels que la testost\u00e9rone ou le Dianabol, avec une diff\u00e9rence tr\u00e8s importante.<\/p>\n<p>En effet, Le Parabolan ne se convertit pas en \u0153strog\u00e8ne. C&#8217;est en effet un produit tr\u00e8s appr\u00e9ciable et unique puisque g\u00e9n\u00e9ralement les produits de prise de masse aromatisent (ou causent d&#8217;autres probl\u00e8mes li\u00e9s aux \u0153strog\u00e8nes).<br \/>\nQuand on pense \u00e0 prendre des st\u00e9ro\u00efdes plus soft (en ce qui concerne les \u0153strog\u00e8nes), on s&#8217;attend g\u00e9n\u00e9ralement \u00e0 une croissance musculaire beaucoup plus faible, mais pas avec la Trenbolone.<strong>Meilleur source achat steroides.<\/strong><\/p>\n<p>Ici, nous n&#8217;avons pas \u00e0 nous soucier des effets secondaires li\u00e9s aux \u0153strog\u00e8nes. Il n&#8217;y a pas de r\u00e9tention d&#8217;eau notable, de sorte que la masse acquise pendant un cycle de Trenbolone sera tr\u00e8s solide avec des muscles stri\u00e9s (si les niveaux de graisse sont assez faibles). La gyn\u00e9comastie n&#8217;est pas particuli\u00e8rement pr\u00e9sente, il n&#8217;est donc pas n\u00e9cessaire d&#8217;ajouter un anti-oestrog\u00e8ne si la trenbolone est le seul st\u00e9ro\u00efde administr\u00e9.<\/p>\n<p>Le niveau \u00e9lev\u00e9 d&#8217;androg\u00e8ne r\u00e9sultant de ce <strong>st\u00e9ro\u00efde<\/strong> li\u00e9 a l&#8217;absence d&#8217;\u0153strog\u00e8ne acc\u00e9l\u00e8re la combustion de la graisse. Le r\u00e9sultat devrait \u00eatre un physique beaucoup plus trac\u00e9 sans avoir besoin d&#8217;un r\u00e9gime alimentaire extr\u00eame.<\/p>\n<\/div>\n","protected":false},"excerpt":{"rendered":"<div align=\"justify\"><strong>Laboratoire :<\/strong> Global Anabolic<br \/>\n<strong>Forme :<\/strong> Injection<br \/>\n<strong>Mol\u00e9cule :<\/strong> Trenbolone Hexahydrobenzylcarbonate<br \/>\n<strong>Concentration :<\/strong> 100mg\/ml<br \/>\n<strong>Volume :<\/strong> 10 ml<br \/>\n<strong>Dosage Recommand\u00e9 :<\/strong> 150-600mg\/semaine<\/p>\n<p>La trenbolone est un st\u00e9ro\u00efde anabolisant injectable utilis\u00e9 par les bodybuilders et les athl\u00e8tes. Ce st\u00e9ro\u00efde est tr\u00e8s puissant est utilis\u00e9 pour cr\u00e9er une masse musculaire exceptionnelle dans un court laps de temps.<\/p>\n<\/div>\n","protected":false},"featured_media":73046,"comment_status":"closed","ping_status":"closed","template":"","meta":[],"berocket_brand":[176],"yoast_head":"<!-- This site is optimized with the Yoast SEO plugin v15.9.1 - https:\/\/yoast.com\/wordpress\/plugins\/seo\/ -->\n<title>Acheter de la Tren-H [Trenbolone Hexahydrobenzylcarbonate 1000mg] - 10ml - Global Anabolic<\/title>\n<meta name=\"description\" content=\"Roidsmania.com a s\u00e9lectionn\u00e9 pour vous la Tren-H [Trenbolone Hexahydrobenzylcarbonate 1000mg] - 10ml - Global Anabolic. Exp\u00e9dition Rapide. Paiement Facile.\" \/>\n<meta name=\"robots\" content=\"index, follow, max-snippet:-1, max-image-preview:large, max-video-preview:-1\" \/>\n<link rel=\"canonical\" href=\"https:\/\/roidsmania.com\/fr\/produit\/tren-h-trenbolone-hexahydrobenzylcarbonate-1000mg-10ml-global-anabolic\/\" \/>\n<meta property=\"og:locale\" content=\"fr_FR\" \/>\n<meta property=\"og:type\" content=\"article\" \/>\n<meta property=\"og:title\" content=\"Acheter de la Tren-H [Trenbolone Hexahydrobenzylcarbonate 1000mg] - 10ml - Global Anabolic\" \/>\n<meta property=\"og:description\" content=\"Roidsmania.com a s\u00e9lectionn\u00e9 pour vous la Tren-H [Trenbolone Hexahydrobenzylcarbonate 1000mg] - 10ml - Global Anabolic. Exp\u00e9dition Rapide. Paiement Facile.\" \/>\n<meta property=\"og:url\" content=\"https:\/\/roidsmania.com\/produit\/tren-h-trenbolone-hexahydrobenzylcarbonate-1000mg-10ml-global-anabolic\/\" \/>\n<meta property=\"og:site_name\" content=\"RoidsMania.com\" \/>\n<meta property=\"article:modified_time\" content=\"2020-10-27T21:47:30+00:00\" \/>\n<meta property=\"og:image\" content=\"https:\/\/roidsmania.com\/wp-content\/uploads\/2020\/01\/tren100.jpg\" \/>\n\t<meta property=\"og:image:width\" content=\"748\" \/>\n\t<meta property=\"og:image:height\" content=\"748\" \/>\n<meta name=\"twitter:card\" content=\"summary\" \/>\n<meta name=\"twitter:label1\" content=\"Dur\u00e9e de lecture est.\">\n\t<meta name=\"twitter:data1\" content=\"2 minutes\">\n<script type=\"application\/ld+json\" class=\"yoast-schema-graph\">{\"@context\":\"https:\/\/schema.org\",\"@graph\":[{\"@type\":\"WebSite\",\"@id\":\"https:\/\/roidsmania.com\/fr\/#website\",\"url\":\"https:\/\/roidsmania.com\/fr\/\",\"name\":\"RoidsMania.com\",\"description\":\"Online Anabolic Steroids shop\",\"potentialAction\":[{\"@type\":\"SearchAction\",\"target\":\"https:\/\/roidsmania.com\/fr\/?s={search_term_string}\",\"query-input\":\"required name=search_term_string\"}],\"inLanguage\":\"fr-FR\"},{\"@type\":\"ImageObject\",\"@id\":\"https:\/\/roidsmania.com\/produit\/tren-h-trenbolone-hexahydrobenzylcarbonate-1000mg-10ml-global-anabolic\/#primaryimage\",\"inLanguage\":\"fr-FR\",\"url\":\"https:\/\/roidsmania.com\/wp-content\/uploads\/2020\/01\/tren100.jpg\",\"width\":748,\"height\":748},{\"@type\":\"WebPage\",\"@id\":\"https:\/\/roidsmania.com\/produit\/tren-h-trenbolone-hexahydrobenzylcarbonate-1000mg-10ml-global-anabolic\/#webpage\",\"url\":\"https:\/\/roidsmania.com\/produit\/tren-h-trenbolone-hexahydrobenzylcarbonate-1000mg-10ml-global-anabolic\/\",\"name\":\"Acheter de la Tren-H [Trenbolone Hexahydrobenzylcarbonate 1000mg] - 10ml - Global Anabolic\",\"isPartOf\":{\"@id\":\"https:\/\/roidsmania.com\/fr\/#website\"},\"primaryImageOfPage\":{\"@id\":\"https:\/\/roidsmania.com\/produit\/tren-h-trenbolone-hexahydrobenzylcarbonate-1000mg-10ml-global-anabolic\/#primaryimage\"},\"datePublished\":\"2020-01-13T20:17:55+00:00\",\"dateModified\":\"2020-10-27T21:47:30+00:00\",\"description\":\"Roidsmania.com a s\\u00e9lectionn\\u00e9 pour vous la Tren-H [Trenbolone Hexahydrobenzylcarbonate 1000mg] - 10ml - Global Anabolic. Exp\\u00e9dition Rapide. Paiement Facile.\",\"breadcrumb\":{\"@id\":\"https:\/\/roidsmania.com\/produit\/tren-h-trenbolone-hexahydrobenzylcarbonate-1000mg-10ml-global-anabolic\/#breadcrumb\"},\"inLanguage\":\"fr-FR\",\"potentialAction\":[{\"@type\":\"ReadAction\",\"target\":[\"https:\/\/roidsmania.com\/produit\/tren-h-trenbolone-hexahydrobenzylcarbonate-1000mg-10ml-global-anabolic\/\"]}]},{\"@type\":\"BreadcrumbList\",\"@id\":\"https:\/\/roidsmania.com\/produit\/tren-h-trenbolone-hexahydrobenzylcarbonate-1000mg-10ml-global-anabolic\/#breadcrumb\",\"itemListElement\":[{\"@type\":\"ListItem\",\"position\":1,\"item\":{\"@type\":\"WebPage\",\"@id\":\"https:\/\/roidsmania.com\/fr\/\",\"url\":\"https:\/\/roidsmania.com\/fr\/\",\"name\":\"Home\"}},{\"@type\":\"ListItem\",\"position\":2,\"item\":{\"@type\":\"WebPage\",\"@id\":\"https:\/\/roidsmania.com\/fr\/boutique\/\",\"url\":\"https:\/\/roidsmania.com\/fr\/boutique\/\",\"name\":\"BOUTIQUE\"}},{\"@type\":\"ListItem\",\"position\":3,\"item\":{\"@type\":\"WebPage\",\"@id\":\"https:\/\/roidsmania.com\/produit\/tren-h-trenbolone-hexahydrobenzylcarbonate-1000mg-10ml-global-anabolic\/\",\"url\":\"https:\/\/roidsmania.com\/produit\/tren-h-trenbolone-hexahydrobenzylcarbonate-1000mg-10ml-global-anabolic\/\",\"name\":\"Tren-H [Trenbolone Hexahydrobenzylcarbonate 1000mg] &#8211; 10ml &#8211; Global Anabolic\"}}]}]}<\/script>\n<!-- \/ Yoast SEO plugin. -->","_links":{"self":[{"href":"https:\/\/roidsmania.com\/fr\/wp-json\/wp\/v2\/product\/73047\/"}],"collection":[{"href":"https:\/\/roidsmania.com\/fr\/wp-json\/wp\/v2\/product\/"}],"about":[{"href":"https:\/\/roidsmania.com\/fr\/wp-json\/wp\/v2\/types\/product\/"}],"replies":[{"embeddable":true,"href":"https:\/\/roidsmania.com\/fr\/wp-json\/wp\/v2\/comments\/?post=73047"}],"wp:featuredmedia":[{"embeddable":true,"href":"https:\/\/roidsmania.com\/fr\/wp-json\/wp\/v2\/media\/73046\/"}],"wp:attachment":[{"href":"https:\/\/roidsmania.com\/fr\/wp-json\/wp\/v2\/media\/?parent=73047"}],"wp:term":[{"taxonomy":"berocket_brand","embeddable":true,"href":"https:\/\/roidsmania.com\/fr\/wp-json\/wp\/v2\/berocket_brand\/?post=73047"}],"curies":[{"name":"wp","href":"https:\/\/api.w.org\/{rel}","templated":true}]}}