{"id":70881,"date":"2019-12-11T01:20:49","date_gmt":"2019-12-10T18:20:49","guid":{"rendered":"https:\/\/roidsmania.com\/product\/humulin-n-human-insulin-rdna-origin-isopropane-suspension-10ml-eli-lilly\/"},"modified":"2020-10-28T04:47:45","modified_gmt":"2020-10-27T21:47:45","slug":"humulin-n-human-insulin-rdna-origin-isopropane-suspension-10ml-eli-lilly","status":"publish","type":"product","link":"https:\/\/roidsmania.com\/fr\/produit\/humulin-n-human-insulin-rdna-origin-isopropane-suspension-10ml-eli-lilly\/","title":{"rendered":"Humulin N [insuline humaine, rDNA Origin, Isopropane Suspension] &#8211; 10ml &#8211; Eli Lilly"},"content":{"rendered":"<div align=\"justify\">\n<p><strong>HUMULIN N<\/strong> est synth\u00e9tis\u00e9 par recombinaison de l\u2019ADN. Cette insuline diff\u00e8re des insulines de source animale parce qu\u2019elle est identique par sa structure \u00e0 l\u2019insuline produite par le pancr\u00e9as et qu\u2019elle est synth\u00e9tis\u00e9e par un proc\u00e9d\u00e9 de fabrication unique. HUMULIN N \u2013 NPH (insuline humaine biosynth\u00e9tique [source ADNr] isophane) diff\u00e8re de l\u2019insuline r\u00e9guli\u00e8re par sa dur\u00e9e d\u2019action qui a \u00e9t\u00e9 modifi\u00e9e. Il s\u2019agit d\u2019une insuline \u00e0 action interm\u00e9diaire poss\u00e9dant un d\u00e9but d\u2019action plus lent que l\u2019insuline r\u00e9guli\u00e8re et une dur\u00e9e d\u2019action plus longue (allant jusqu\u2019\u00e0 24 heures). L\u2019HUMULIN N est destin\u00e9 \u00e0 une administration par injection sous-cutan\u00e9e (sous la peau) seulement.<\/p>\n<p>&nbsp;<\/p>\n<p><span style=\"font-size: 14pt;\"><strong>Raisons d\u2019utiliser ce m\u00e9dicament<\/strong><\/span><\/p>\n<p>HUMULIN N est une insuline \u00e0 action interm\u00e9diaire utilis\u00e9e pour le traitement des patients ayant re\u00e7u un diagnostic de diab\u00e8te.<\/p>\n<p>&nbsp;<\/p>\n<p><span style=\"font-size: 14pt;\"><strong>Effets de ce m\u00e9dicament<\/strong><\/span><\/p>\n<p>L\u2019insuline est une hormone qui r\u00e9duit la quantit\u00e9 de sucre pr\u00e9sent dans le sang et l\u2019urine en augmentant l\u2019absorption du sucre sanguin par divers tissus, comme le foie, les muscles et les tissus adipeux. Pour ma\u00eetriser votre diab\u00e8te, votre m\u00e9decin a prescrit des injections d\u2019insuline qui maintiendront le taux de sucre dans votre sang \u00e0 un niveau presque normal et emp\u00eacheront autant que possible le sucre de se retrouver dans l\u2019urine.<\/p>\n<p>&nbsp;<\/p>\n<p><span style=\"font-size: 14pt;\"><strong>Comment utiliser ce produit?<\/strong><\/span><\/p>\n<p><strong>L&#8217;Humulin-N<\/strong> est une solution qui doit \u00eatre administr\u00e9e uniquement par <strong>injection<\/strong> sous-cutan\u00e9e (sous la peau), de pr\u00e9f\u00e9rence par vous-m\u00eame. Les sites d&#8217;administration sous-cutan\u00e9e appropri\u00e9s sont : cuisses, bras, abdomen ou fesses. Les sites d&#8217;injection doivent \u00eatre chang\u00e9s r\u00e9guli\u00e8rement. n&#8217;injectez pas dans un vaisseau sanguin ou le tissu musculaire, il n&#8217;est pas n\u00e9cessaire de masser l&#8217;endroit d&#8217;injection une fois celle-ci effectu\u00e9e.<strong>Steroide anabolisant.<\/strong><\/p>\n<p>&nbsp;<\/p>\n<p><span style=\"font-size: 14pt;\"><strong>Dosage<\/strong><\/span><\/p>\n<p>Si vous \u00eates un nouveau patient recevant de l&#8217;insuline pour la premi\u00e8re fois, vous pouvez commencer \u00e0 utiliser Humulin N de la m\u00eame mani\u00e8re que vous le feriez avec de l&#8217;insuline d&#8217;origine animale. Nous vous conseillons de vous faire suivre par un m\u00e9decin durant cette p\u00e9riode.<\/p>\n<p>Si vous passez de l&#8217;insuline d&#8217;origine animale \u00e0 Humulin-N, il est possible que vous ayez besoin d&#8217;un changement de dose; l&#8217;ajustement peut \u00eatre effectu\u00e9 avec la premi\u00e8re dose ou sur une p\u00e9riode de plusieurs semaines. Tout changement d\u2019insuline doit \u00eatre effectu\u00e9 avec prudence et uniquement sous la surveillance de votre m\u00e9decin.<\/p>\n<\/div>\n","protected":false},"excerpt":{"rendered":"<div align=\"justify\"><strong>Laboratoire :<\/strong> Eli Lilly<br \/>\n<strong>Forme :<\/strong> Injection<br \/>\n<strong>Mol\u00e9cule :<\/strong> insuline humaine, rDNA Origin, Isopropane Suspension<br \/>\n<strong>Concentration :<\/strong> 100IU\/ml<br \/>\n<strong>Volume :<\/strong> 1000IU\/10ml<\/p>\n<p>Ce produit contient de l&#8217;insuline. Habituellement, on l&#8217;utilise pour contr\u00f4ler le taux de sucre dans le sang (glyc\u00e9mie) chez le diab\u00e9tique. Apr\u00e8s injection, son action d\u00e9bute en quelques heures.<\/p><\/div>\n","protected":false},"featured_media":70870,"comment_status":"closed","ping_status":"closed","template":"","meta":[],"berocket_brand":[251],"yoast_head":"<!-- This site is optimized with the Yoast SEO plugin v15.9.1 - https:\/\/yoast.com\/wordpress\/plugins\/seo\/ -->\n<title>Acheter de l&#039;Humulin N [human insulin, rDNA Origin, Isopropane Suspension] - 10ml - Eli Lilly<\/title>\n<meta name=\"description\" content=\"Roidsmania.com a s\u00e9lectionn\u00e9 pour vous de l&#039;Humulin N [human insulin, rDNA Origin, Isopropane Suspension] - 10ml - Eli Lilly. Exp\u00e9dition Rapide. Paiement Facile.\" \/>\n<meta name=\"robots\" content=\"index, follow, max-snippet:-1, max-image-preview:large, max-video-preview:-1\" \/>\n<link rel=\"canonical\" href=\"https:\/\/roidsmania.com\/fr\/produit\/humulin-n-human-insulin-rdna-origin-isopropane-suspension-10ml-eli-lilly\/\" \/>\n<meta property=\"og:locale\" content=\"fr_FR\" \/>\n<meta property=\"og:type\" content=\"article\" \/>\n<meta property=\"og:title\" content=\"Acheter de l&#039;Humulin N [human insulin, rDNA Origin, Isopropane Suspension] - 10ml - Eli Lilly\" \/>\n<meta property=\"og:description\" content=\"Roidsmania.com a s\u00e9lectionn\u00e9 pour vous de l&#039;Humulin N [human insulin, rDNA Origin, Isopropane Suspension] - 10ml - Eli Lilly. Exp\u00e9dition Rapide. Paiement Facile.\" \/>\n<meta property=\"og:url\" content=\"https:\/\/roidsmania.com\/fr\/produit\/humulin-n-human-insulin-rdna-origin-isopropane-suspension-10ml-eli-lilly\/\" \/>\n<meta property=\"og:site_name\" content=\"RoidsMania.com\" \/>\n<meta property=\"article:modified_time\" content=\"2020-10-27T21:47:45+00:00\" \/>\n<meta property=\"og:image\" content=\"https:\/\/roidsmania.com\/wp-content\/uploads\/2019\/12\/Humulin.jpg\" \/>\n\t<meta property=\"og:image:width\" content=\"720\" \/>\n\t<meta property=\"og:image:height\" content=\"720\" \/>\n<meta name=\"twitter:card\" content=\"summary\" \/>\n<meta name=\"twitter:label1\" content=\"Dur\u00e9e de lecture est.\">\n\t<meta name=\"twitter:data1\" content=\"2 minutes\">\n<script type=\"application\/ld+json\" class=\"yoast-schema-graph\">{\"@context\":\"https:\/\/schema.org\",\"@graph\":[{\"@type\":\"WebSite\",\"@id\":\"https:\/\/roidsmania.com\/fr\/#website\",\"url\":\"https:\/\/roidsmania.com\/fr\/\",\"name\":\"RoidsMania.com\",\"description\":\"Online Anabolic Steroids shop\",\"potentialAction\":[{\"@type\":\"SearchAction\",\"target\":\"https:\/\/roidsmania.com\/fr\/?s={search_term_string}\",\"query-input\":\"required name=search_term_string\"}],\"inLanguage\":\"fr-FR\"},{\"@type\":\"ImageObject\",\"@id\":\"https:\/\/roidsmania.com\/fr\/produit\/humulin-n-human-insulin-rdna-origin-isopropane-suspension-10ml-eli-lilly\/#primaryimage\",\"inLanguage\":\"fr-FR\",\"url\":\"https:\/\/roidsmania.com\/wp-content\/uploads\/2019\/12\/Humulin.jpg\",\"width\":720,\"height\":720},{\"@type\":\"WebPage\",\"@id\":\"https:\/\/roidsmania.com\/fr\/produit\/humulin-n-human-insulin-rdna-origin-isopropane-suspension-10ml-eli-lilly\/#webpage\",\"url\":\"https:\/\/roidsmania.com\/fr\/produit\/humulin-n-human-insulin-rdna-origin-isopropane-suspension-10ml-eli-lilly\/\",\"name\":\"Acheter de l'Humulin N [human insulin, rDNA Origin, Isopropane Suspension] - 10ml - Eli Lilly\",\"isPartOf\":{\"@id\":\"https:\/\/roidsmania.com\/fr\/#website\"},\"primaryImageOfPage\":{\"@id\":\"https:\/\/roidsmania.com\/fr\/produit\/humulin-n-human-insulin-rdna-origin-isopropane-suspension-10ml-eli-lilly\/#primaryimage\"},\"datePublished\":\"2019-12-10T18:20:49+00:00\",\"dateModified\":\"2020-10-27T21:47:45+00:00\",\"description\":\"Roidsmania.com a s\\u00e9lectionn\\u00e9 pour vous de l'Humulin N [human insulin, rDNA Origin, Isopropane Suspension] - 10ml - Eli Lilly. Exp\\u00e9dition Rapide. Paiement Facile.\",\"breadcrumb\":{\"@id\":\"https:\/\/roidsmania.com\/fr\/produit\/humulin-n-human-insulin-rdna-origin-isopropane-suspension-10ml-eli-lilly\/#breadcrumb\"},\"inLanguage\":\"fr-FR\",\"potentialAction\":[{\"@type\":\"ReadAction\",\"target\":[\"https:\/\/roidsmania.com\/fr\/produit\/humulin-n-human-insulin-rdna-origin-isopropane-suspension-10ml-eli-lilly\/\"]}]},{\"@type\":\"BreadcrumbList\",\"@id\":\"https:\/\/roidsmania.com\/fr\/produit\/humulin-n-human-insulin-rdna-origin-isopropane-suspension-10ml-eli-lilly\/#breadcrumb\",\"itemListElement\":[{\"@type\":\"ListItem\",\"position\":1,\"item\":{\"@type\":\"WebPage\",\"@id\":\"https:\/\/roidsmania.com\/fr\/\",\"url\":\"https:\/\/roidsmania.com\/fr\/\",\"name\":\"Home\"}},{\"@type\":\"ListItem\",\"position\":2,\"item\":{\"@type\":\"WebPage\",\"@id\":\"https:\/\/roidsmania.com\/fr\/boutique\/\",\"url\":\"https:\/\/roidsmania.com\/fr\/boutique\/\",\"name\":\"BOUTIQUE\"}},{\"@type\":\"ListItem\",\"position\":3,\"item\":{\"@type\":\"WebPage\",\"@id\":\"https:\/\/roidsmania.com\/fr\/produit\/humulin-n-human-insulin-rdna-origin-isopropane-suspension-10ml-eli-lilly\/\",\"url\":\"https:\/\/roidsmania.com\/fr\/produit\/humulin-n-human-insulin-rdna-origin-isopropane-suspension-10ml-eli-lilly\/\",\"name\":\"Humulin N [insuline humaine, rDNA Origin, Isopropane Suspension] &#8211; 10ml &#8211; Eli Lilly\"}}]}]}<\/script>\n<!-- \/ Yoast SEO plugin. -->","_links":{"self":[{"href":"https:\/\/roidsmania.com\/fr\/wp-json\/wp\/v2\/product\/70881\/"}],"collection":[{"href":"https:\/\/roidsmania.com\/fr\/wp-json\/wp\/v2\/product\/"}],"about":[{"href":"https:\/\/roidsmania.com\/fr\/wp-json\/wp\/v2\/types\/product\/"}],"replies":[{"embeddable":true,"href":"https:\/\/roidsmania.com\/fr\/wp-json\/wp\/v2\/comments\/?post=70881"}],"wp:featuredmedia":[{"embeddable":true,"href":"https:\/\/roidsmania.com\/fr\/wp-json\/wp\/v2\/media\/70870\/"}],"wp:attachment":[{"href":"https:\/\/roidsmania.com\/fr\/wp-json\/wp\/v2\/media\/?parent=70881"}],"wp:term":[{"taxonomy":"berocket_brand","embeddable":true,"href":"https:\/\/roidsmania.com\/fr\/wp-json\/wp\/v2\/berocket_brand\/?post=70881"}],"curies":[{"name":"wp","href":"https:\/\/api.w.org\/{rel}","templated":true}]}}