{"id":70859,"date":"2019-12-10T23:47:14","date_gmt":"2019-12-10T16:47:14","guid":{"rendered":"https:\/\/roidsmania.com\/product\/humulin-70-30-70-insuline-humaine-isophane-30-insuline-humaine-10ml-eli-lilly\/"},"modified":"2020-10-28T04:47:57","modified_gmt":"2020-10-27T21:47:57","slug":"humulin-70-30-70-insuline-humaine-isophane-30-insuline-humaine-10ml-eli-lilly","status":"publish","type":"product","link":"https:\/\/roidsmania.com\/fr\/produit\/humulin-70-30-70-insuline-humaine-isophane-30-insuline-humaine-10ml-eli-lilly\/","title":{"rendered":"Humulin 70\/30 [70% insuline humaine isophane, 30% insuline humaine] &#8211; 10ml &#8211; Eli Lilly"},"content":{"rendered":"<div align=\"justify\">\n<p><strong>L&#8217;HUMULIN<\/strong> est synth\u00e9tis\u00e9 par recombinaison de l\u2019ADN. Cette insuline diff\u00e8re des insulines de source animale parce qu\u2019elle est identique par sa structure \u00e0 l\u2019insuline produite par le pancr\u00e9as et qu\u2019elle est synth\u00e9tis\u00e9e par un proc\u00e9d\u00e9 de fabrication unique.<\/p>\n<p><strong>L&#8217;HUMULIN 30\/70<\/strong> est un m\u00e9lange \u00e0 teneur fixe de 30 % d\u2019HUMULIN R \u2013 R\u00e9guli\u00e8re (insuline humaine biosynth\u00e9tique injectable) et de <strong>70 % d\u2019HUMULIN N \u2013 NPH<\/strong> (insuline humaine biosynth\u00e9tique isophane). Il s\u2019agit d\u2019une insuline \u00e0 action interm\u00e9diaire poss\u00e9dant un d\u00e9but d\u2019action plus rapide que l\u2019insuline NPH seule. Sa dur\u00e9e d\u2019action peut aller jusqu\u2019\u00e0 <strong>24 heures<\/strong> apr\u00e8s son injection.<strong>Acheter Hormone de croissance.<\/strong><\/p>\n<p>Les fioles d\u2019HUMULIN 30\/70 sont destin\u00e9es \u00e0 une administration par injection sous-cutan\u00e9e (sous la peau) seulement.<\/p>\n<p>&nbsp;<\/p>\n<p><span style=\"font-size: 14pt;\"><strong>Raisons d\u2019utiliser ce m\u00e9dicament<\/strong><\/span><\/p>\n<p>HUMULIN 30\/70 est une association d\u2019une insuline \u00e0 action interm\u00e9diaire et d\u2019une insuline \u00e0 courte dur\u00e9e d\u2019action qui est utilis\u00e9e pour le traitement des patients ayant re\u00e7u un diagnostic de diab\u00e8te.<\/p>\n<p>&nbsp;<\/p>\n<p><strong><span style=\"font-size: 14pt;\">Effets de ce m\u00e9dicament<\/span><\/strong><\/p>\n<p>L\u2019insuline est une hormone qui r\u00e9duit la quantit\u00e9 de sucre pr\u00e9sent dans le sang et l\u2019urine en augmentant l\u2019absorption du sucre sanguin par divers tissus, comme le foie, les muscles et les tissus adipeux. Pour ma\u00eetriser votre diab\u00e8te, votre m\u00e9decin a prescrit des injections d\u2019insuline qui maintiendront le taux de sucre dans votre sang \u00e0 un niveau presque normal et emp\u00eacheront autant que possible le sucre de se retrouver dans l\u2019urine.<\/p>\n<p>&nbsp;<\/p>\n<p><strong><span style=\"font-size: 14pt;\">Dose habituelle<\/span><\/strong><\/p>\n<p>La posologie sera d\u00e9termin\u00e9e par votre m\u00e9decin selon vos besoins particuliers en insuline. HUMULIN 30\/70 est destin\u00e9 \u00e0 une administration par voie sous-cutan\u00e9e (sous la peau) seulement. Il ne faut pas injecter ce m\u00e9dicament dans une veine.<\/p>\n<\/div>\n","protected":false},"excerpt":{"rendered":"<div align=\"justify\"><strong>Laboratoire :<\/strong> Eli Lilly<br \/>\n<strong>Forme :<\/strong> Injection<br \/>\n<strong>Mol\u00e9cule :<\/strong> 70% human insulin isophane, 30% human insulin<br \/>\n<strong>Concentration :<\/strong> 100IU\/ml<br \/>\n<strong>Volume :<\/strong> 1000IU\/10ml<\/p>\n<p>L&#8217;Humulin 70\/30 contient une combinaison d&#8217;insuline isophane et d&#8217;insuline r\u00e9guli\u00e8re. L&#8217;insuline est une hormone qui agit en abaissant les niveaux de glucose (sucre) dans le sang. L&#8217;insuline isophane est une insuline \u00e0 action interm\u00e9diaire. L&#8217;insuline r\u00e9guli\u00e8re est une insuline \u00e0 action rapide. Cette combinaison d&#8217;insuline agit dans les 10 \u00e0 20 minutes apr\u00e8s l&#8217;injection, culmine apr\u00e8s 2 heures et continue d&#8217;agir jusqu&#8217;\u00e0 24 heures apr\u00e8s l&#8217;injection.<\/p>\n<\/div>\n","protected":false},"featured_media":70855,"comment_status":"closed","ping_status":"closed","template":"","meta":[],"berocket_brand":[251],"yoast_head":"<!-- This site is optimized with the Yoast SEO plugin v15.9.1 - https:\/\/yoast.com\/wordpress\/plugins\/seo\/ -->\n<title>Acheter de l&#039;Humulin 70\/30 [70% insuline humaine isophane, 30% insuline humaine] - 10ml - Eli Lilly<\/title>\n<meta name=\"description\" content=\"Roidsmania.com a s\u00e9lectionn\u00e9 pour vous de l&#039;Humulin 70\/30 [70% insuline humaine isophane, 30% insuline humaine] - 10ml - Eli Lilly. Exp\u00e9dition Rapide. Paiement Facile.\" \/>\n<meta name=\"robots\" content=\"index, follow, max-snippet:-1, max-image-preview:large, max-video-preview:-1\" \/>\n<link rel=\"canonical\" href=\"https:\/\/roidsmania.com\/fr\/produit\/humulin-70-30-70-insuline-humaine-isophane-30-insuline-humaine-10ml-eli-lilly\/\" \/>\n<meta property=\"og:locale\" content=\"fr_FR\" \/>\n<meta property=\"og:type\" content=\"article\" \/>\n<meta property=\"og:title\" content=\"Acheter de l&#039;Humulin 70\/30 [70% insuline humaine isophane, 30% insuline humaine] - 10ml - Eli Lilly\" \/>\n<meta property=\"og:description\" content=\"Roidsmania.com a s\u00e9lectionn\u00e9 pour vous de l&#039;Humulin 70\/30 [70% insuline humaine isophane, 30% insuline humaine] - 10ml - Eli Lilly. Exp\u00e9dition Rapide. Paiement Facile.\" \/>\n<meta property=\"og:url\" content=\"https:\/\/roidsmania.com\/fr\/produit\/humulin-70-30-70-insuline-humaine-isophane-30-insuline-humaine-10ml-eli-lilly\/\" \/>\n<meta property=\"og:site_name\" content=\"RoidsMania.com\" \/>\n<meta property=\"article:modified_time\" content=\"2020-10-27T21:47:57+00:00\" \/>\n<meta property=\"og:image\" content=\"https:\/\/roidsmania.com\/wp-content\/uploads\/2019\/12\/Humulin-7030.jpg\" \/>\n\t<meta property=\"og:image:width\" content=\"1200\" \/>\n\t<meta property=\"og:image:height\" content=\"1200\" \/>\n<meta name=\"twitter:card\" content=\"summary\" \/>\n<meta name=\"twitter:label1\" content=\"Dur\u00e9e de lecture est.\">\n\t<meta name=\"twitter:data1\" content=\"2 minutes\">\n<script type=\"application\/ld+json\" class=\"yoast-schema-graph\">{\"@context\":\"https:\/\/schema.org\",\"@graph\":[{\"@type\":\"WebSite\",\"@id\":\"https:\/\/roidsmania.com\/fr\/#website\",\"url\":\"https:\/\/roidsmania.com\/fr\/\",\"name\":\"RoidsMania.com\",\"description\":\"Online Anabolic Steroids shop\",\"potentialAction\":[{\"@type\":\"SearchAction\",\"target\":\"https:\/\/roidsmania.com\/fr\/?s={search_term_string}\",\"query-input\":\"required name=search_term_string\"}],\"inLanguage\":\"fr-FR\"},{\"@type\":\"ImageObject\",\"@id\":\"https:\/\/roidsmania.com\/fr\/produit\/humulin-70-30-70-insuline-humaine-isophane-30-insuline-humaine-10ml-eli-lilly\/#primaryimage\",\"inLanguage\":\"fr-FR\",\"url\":\"https:\/\/roidsmania.com\/wp-content\/uploads\/2019\/12\/Humulin-7030.jpg\",\"width\":1200,\"height\":1200},{\"@type\":\"WebPage\",\"@id\":\"https:\/\/roidsmania.com\/fr\/produit\/humulin-70-30-70-insuline-humaine-isophane-30-insuline-humaine-10ml-eli-lilly\/#webpage\",\"url\":\"https:\/\/roidsmania.com\/fr\/produit\/humulin-70-30-70-insuline-humaine-isophane-30-insuline-humaine-10ml-eli-lilly\/\",\"name\":\"Acheter de l'Humulin 70\/30 [70% insuline humaine isophane, 30% insuline humaine] - 10ml - Eli Lilly\",\"isPartOf\":{\"@id\":\"https:\/\/roidsmania.com\/fr\/#website\"},\"primaryImageOfPage\":{\"@id\":\"https:\/\/roidsmania.com\/fr\/produit\/humulin-70-30-70-insuline-humaine-isophane-30-insuline-humaine-10ml-eli-lilly\/#primaryimage\"},\"datePublished\":\"2019-12-10T16:47:14+00:00\",\"dateModified\":\"2020-10-27T21:47:57+00:00\",\"description\":\"Roidsmania.com a s\\u00e9lectionn\\u00e9 pour vous de l'Humulin 70\/30 [70% insuline humaine isophane, 30% insuline humaine] - 10ml - Eli Lilly. Exp\\u00e9dition Rapide. Paiement Facile.\",\"breadcrumb\":{\"@id\":\"https:\/\/roidsmania.com\/fr\/produit\/humulin-70-30-70-insuline-humaine-isophane-30-insuline-humaine-10ml-eli-lilly\/#breadcrumb\"},\"inLanguage\":\"fr-FR\",\"potentialAction\":[{\"@type\":\"ReadAction\",\"target\":[\"https:\/\/roidsmania.com\/fr\/produit\/humulin-70-30-70-insuline-humaine-isophane-30-insuline-humaine-10ml-eli-lilly\/\"]}]},{\"@type\":\"BreadcrumbList\",\"@id\":\"https:\/\/roidsmania.com\/fr\/produit\/humulin-70-30-70-insuline-humaine-isophane-30-insuline-humaine-10ml-eli-lilly\/#breadcrumb\",\"itemListElement\":[{\"@type\":\"ListItem\",\"position\":1,\"item\":{\"@type\":\"WebPage\",\"@id\":\"https:\/\/roidsmania.com\/fr\/\",\"url\":\"https:\/\/roidsmania.com\/fr\/\",\"name\":\"Home\"}},{\"@type\":\"ListItem\",\"position\":2,\"item\":{\"@type\":\"WebPage\",\"@id\":\"https:\/\/roidsmania.com\/fr\/boutique\/\",\"url\":\"https:\/\/roidsmania.com\/fr\/boutique\/\",\"name\":\"BOUTIQUE\"}},{\"@type\":\"ListItem\",\"position\":3,\"item\":{\"@type\":\"WebPage\",\"@id\":\"https:\/\/roidsmania.com\/fr\/produit\/humulin-70-30-70-insuline-humaine-isophane-30-insuline-humaine-10ml-eli-lilly\/\",\"url\":\"https:\/\/roidsmania.com\/fr\/produit\/humulin-70-30-70-insuline-humaine-isophane-30-insuline-humaine-10ml-eli-lilly\/\",\"name\":\"Humulin 70\/30 [70% insuline humaine isophane, 30% insuline humaine] &#8211; 10ml &#8211; Eli Lilly\"}}]}]}<\/script>\n<!-- \/ Yoast SEO plugin. -->","_links":{"self":[{"href":"https:\/\/roidsmania.com\/fr\/wp-json\/wp\/v2\/product\/70859\/"}],"collection":[{"href":"https:\/\/roidsmania.com\/fr\/wp-json\/wp\/v2\/product\/"}],"about":[{"href":"https:\/\/roidsmania.com\/fr\/wp-json\/wp\/v2\/types\/product\/"}],"replies":[{"embeddable":true,"href":"https:\/\/roidsmania.com\/fr\/wp-json\/wp\/v2\/comments\/?post=70859"}],"wp:featuredmedia":[{"embeddable":true,"href":"https:\/\/roidsmania.com\/fr\/wp-json\/wp\/v2\/media\/70855\/"}],"wp:attachment":[{"href":"https:\/\/roidsmania.com\/fr\/wp-json\/wp\/v2\/media\/?parent=70859"}],"wp:term":[{"taxonomy":"berocket_brand","embeddable":true,"href":"https:\/\/roidsmania.com\/fr\/wp-json\/wp\/v2\/berocket_brand\/?post=70859"}],"curies":[{"name":"wp","href":"https:\/\/api.w.org\/{rel}","templated":true}]}}