{"id":70771,"date":"2019-12-09T05:48:41","date_gmt":"2019-12-08T22:48:41","guid":{"rendered":"https:\/\/roidsmania.com\/product\/tmix-325-testosterone-mix-3250mg-10ml-global-anabolic\/"},"modified":"2020-10-28T04:48:03","modified_gmt":"2020-10-27T21:48:03","slug":"tmix-325-testosterone-mix-3250mg-10ml-global-anabolic","status":"publish","type":"product","link":"https:\/\/roidsmania.com\/fr\/produit\/tmix-325-testosterone-mix-3250mg-10ml-global-anabolic\/","title":{"rendered":"TMIX-325 [Testosterone Mix 3250mg] &#8211; 10ml &#8211; Global Anabolic"},"content":{"rendered":"<p><strong>Le flacon de 10 ml contient:<\/strong><\/p>\n<p><strong>&#8211; 100 mg<\/strong> de Testosterone Decanoate<br \/>\n<strong>&#8211; 85 mg<\/strong> de Testosterone Cypionate<br \/>\n<strong>&#8211; 55 mg<\/strong> de Testosterone Propionate<br \/>\n<strong>&#8211; 55 mg<\/strong> de Testosterone Phenylpropionate<br \/>\n<strong>&#8211; 30 mg<\/strong> de Testosterone Acetate<\/p>\n<p><strong>Le TMIX-325<\/strong> est une solution \u00e0 base d&#8217;huile de 5 esters de testost\u00e9rone incluant des esters \u00e0 demi-vie courte, interm\u00e9diaire et long. Le niveau de testost\u00e9rone augmente rapidement dans les <strong>24 heures<\/strong> suivant l&#8217;administration intramusculaire et reste \u00e9lev\u00e9 <strong>pendant 7 \u00e0 10 jours.<\/strong><\/p>\n<p>Ce produit a des effets anabolisants et androg\u00e9niques. Ce mix de testost\u00e9rone est id\u00e9al pour augmenter la force, d\u00e9velopper les tissus musculaires, et par la m\u00eame occasion augmente la libido.<strong>Steroide musculation achat.<\/strong><\/p>\n<p>Le <strong>TMIX-325<\/strong> contient une hormone qui est similaire \u00e0 la testost\u00e9rone produite par le corps. La testost\u00e9rone est une hormone <strong>sexuelle masculine<\/strong> qui est responsable du d\u00e9veloppement des caract\u00e9ristiques masculines. La testost\u00e9rone est \u00e9galement importante afin de maintenir la solidit\u00e9 des os, la libido et la fertilit\u00e9 chez les hommes. Les hommes qui ne produisent pas suffisamment de testost\u00e9rone peuvent \u00eatre sujets \u00e0 des probl\u00e8mes tels que la diminution de la libido, de l&#8217;infertilit\u00e9 ou de l&#8217;ost\u00e9oporose. Ce produit peut \u00eatre utilis\u00e9 pour r\u00e9duire les effets d&#8217;un faible taux de testost\u00e9rone.<\/p>\n<p><strong>Le TMIX-325<\/strong> est est id\u00e9al pour une prise de masse volumineuse ou une prise de masse s\u00e8che, mais rappeler vous qu&#8217;avec un tel m\u00e9lange vos gains seront durables et de qualit\u00e9.<\/p>\n","protected":false},"excerpt":{"rendered":"<div align=\"justify\"><strong>Laboratoire :<\/strong> Global Anabolic<br \/>\n<strong>Forme :<\/strong> Injection<br \/>\n<strong>Mol\u00e9cule :<\/strong> Mix de Testosterone<br \/>\n<strong>Concentration :<\/strong> 325mg\/ml<br \/>\n<strong>Volume :<\/strong> 10 ml<br \/>\n<strong>Dosage Recommand\u00e9 :<\/strong> 325-975mg\/semaine<\/p>\n<p>La TMIX-325 de Global Anabolic poss\u00e8de 5 esters de testost\u00e9rone. La diversit\u00e9 des esters qui le composent lui permet d\u2019agir de plusieurs fa\u00e7ons, tant \u00e0 court terme qu\u2019\u00e0 long terme pour vous donner des r\u00e9sultats incroyables. Ce produit est similaire au c\u00e9l\u00e8bre Sustanon par les esters qui le composent. La diff\u00e9rence r\u00e9side dans le dosage.<\/p>\n<\/div>\n","protected":false},"featured_media":70770,"comment_status":"closed","ping_status":"closed","template":"","meta":[],"berocket_brand":[176],"yoast_head":"<!-- This site is optimized with the Yoast SEO plugin v15.9.1 - https:\/\/yoast.com\/wordpress\/plugins\/seo\/ -->\n<title>Acheter du TMIX-325 [Testosterone Mix 3250mg] - 10ml - Global Anabolic<\/title>\n<meta name=\"description\" content=\"Roidsmania.com a s\u00e9lectionn\u00e9 pour vous le TMIX-325 [Testosterone Mix 3250mg] - 10ml - Global Anabolic. Exp\u00e9dition Rapide. Paiement Facile.\" \/>\n<meta name=\"robots\" content=\"index, follow, max-snippet:-1, max-image-preview:large, max-video-preview:-1\" \/>\n<link rel=\"canonical\" href=\"https:\/\/roidsmania.com\/fr\/produit\/tmix-325-testosterone-mix-3250mg-10ml-global-anabolic\/\" \/>\n<meta property=\"og:locale\" content=\"fr_FR\" \/>\n<meta property=\"og:type\" content=\"article\" \/>\n<meta property=\"og:title\" content=\"Acheter du TMIX-325 [Testosterone Mix 3250mg] - 10ml - Global Anabolic\" \/>\n<meta property=\"og:description\" content=\"Roidsmania.com a s\u00e9lectionn\u00e9 pour vous le TMIX-325 [Testosterone Mix 3250mg] - 10ml - Global Anabolic. Exp\u00e9dition Rapide. Paiement Facile.\" \/>\n<meta property=\"og:url\" content=\"https:\/\/roidsmania.com\/produit\/tmix-325-testosterone-mix-3250mg-10ml-global-anabolic\/\" \/>\n<meta property=\"og:site_name\" content=\"RoidsMania.com\" \/>\n<meta property=\"article:modified_time\" content=\"2020-10-27T21:48:03+00:00\" \/>\n<meta property=\"og:image\" content=\"https:\/\/roidsmania.com\/wp-content\/uploads\/2019\/12\/tmix-325.jpg\" \/>\n\t<meta property=\"og:image:width\" content=\"748\" \/>\n\t<meta property=\"og:image:height\" content=\"748\" \/>\n<meta name=\"twitter:card\" content=\"summary\" \/>\n<meta name=\"twitter:label1\" content=\"Dur\u00e9e de lecture est.\">\n\t<meta name=\"twitter:data1\" content=\"1 minute\">\n<script type=\"application\/ld+json\" class=\"yoast-schema-graph\">{\"@context\":\"https:\/\/schema.org\",\"@graph\":[{\"@type\":\"WebSite\",\"@id\":\"https:\/\/roidsmania.com\/fr\/#website\",\"url\":\"https:\/\/roidsmania.com\/fr\/\",\"name\":\"RoidsMania.com\",\"description\":\"Online Anabolic Steroids shop\",\"potentialAction\":[{\"@type\":\"SearchAction\",\"target\":\"https:\/\/roidsmania.com\/fr\/?s={search_term_string}\",\"query-input\":\"required name=search_term_string\"}],\"inLanguage\":\"fr-FR\"},{\"@type\":\"ImageObject\",\"@id\":\"https:\/\/roidsmania.com\/produit\/tmix-325-testosterone-mix-3250mg-10ml-global-anabolic\/#primaryimage\",\"inLanguage\":\"fr-FR\",\"url\":\"https:\/\/roidsmania.com\/wp-content\/uploads\/2019\/12\/tmix-325.jpg\",\"width\":748,\"height\":748},{\"@type\":\"WebPage\",\"@id\":\"https:\/\/roidsmania.com\/produit\/tmix-325-testosterone-mix-3250mg-10ml-global-anabolic\/#webpage\",\"url\":\"https:\/\/roidsmania.com\/produit\/tmix-325-testosterone-mix-3250mg-10ml-global-anabolic\/\",\"name\":\"Acheter du TMIX-325 [Testosterone Mix 3250mg] - 10ml - Global Anabolic\",\"isPartOf\":{\"@id\":\"https:\/\/roidsmania.com\/fr\/#website\"},\"primaryImageOfPage\":{\"@id\":\"https:\/\/roidsmania.com\/produit\/tmix-325-testosterone-mix-3250mg-10ml-global-anabolic\/#primaryimage\"},\"datePublished\":\"2019-12-08T22:48:41+00:00\",\"dateModified\":\"2020-10-27T21:48:03+00:00\",\"description\":\"Roidsmania.com a s\\u00e9lectionn\\u00e9 pour vous le TMIX-325 [Testosterone Mix 3250mg] - 10ml - Global Anabolic. Exp\\u00e9dition Rapide. Paiement Facile.\",\"breadcrumb\":{\"@id\":\"https:\/\/roidsmania.com\/produit\/tmix-325-testosterone-mix-3250mg-10ml-global-anabolic\/#breadcrumb\"},\"inLanguage\":\"fr-FR\",\"potentialAction\":[{\"@type\":\"ReadAction\",\"target\":[\"https:\/\/roidsmania.com\/produit\/tmix-325-testosterone-mix-3250mg-10ml-global-anabolic\/\"]}]},{\"@type\":\"BreadcrumbList\",\"@id\":\"https:\/\/roidsmania.com\/produit\/tmix-325-testosterone-mix-3250mg-10ml-global-anabolic\/#breadcrumb\",\"itemListElement\":[{\"@type\":\"ListItem\",\"position\":1,\"item\":{\"@type\":\"WebPage\",\"@id\":\"https:\/\/roidsmania.com\/fr\/\",\"url\":\"https:\/\/roidsmania.com\/fr\/\",\"name\":\"Home\"}},{\"@type\":\"ListItem\",\"position\":2,\"item\":{\"@type\":\"WebPage\",\"@id\":\"https:\/\/roidsmania.com\/fr\/boutique\/\",\"url\":\"https:\/\/roidsmania.com\/fr\/boutique\/\",\"name\":\"BOUTIQUE\"}},{\"@type\":\"ListItem\",\"position\":3,\"item\":{\"@type\":\"WebPage\",\"@id\":\"https:\/\/roidsmania.com\/produit\/tmix-325-testosterone-mix-3250mg-10ml-global-anabolic\/\",\"url\":\"https:\/\/roidsmania.com\/produit\/tmix-325-testosterone-mix-3250mg-10ml-global-anabolic\/\",\"name\":\"TMIX-325 [Testosterone Mix 3250mg] &#8211; 10ml &#8211; Global Anabolic\"}}]}]}<\/script>\n<!-- \/ Yoast SEO plugin. -->","_links":{"self":[{"href":"https:\/\/roidsmania.com\/fr\/wp-json\/wp\/v2\/product\/70771\/"}],"collection":[{"href":"https:\/\/roidsmania.com\/fr\/wp-json\/wp\/v2\/product\/"}],"about":[{"href":"https:\/\/roidsmania.com\/fr\/wp-json\/wp\/v2\/types\/product\/"}],"replies":[{"embeddable":true,"href":"https:\/\/roidsmania.com\/fr\/wp-json\/wp\/v2\/comments\/?post=70771"}],"wp:featuredmedia":[{"embeddable":true,"href":"https:\/\/roidsmania.com\/fr\/wp-json\/wp\/v2\/media\/70770\/"}],"wp:attachment":[{"href":"https:\/\/roidsmania.com\/fr\/wp-json\/wp\/v2\/media\/?parent=70771"}],"wp:term":[{"taxonomy":"berocket_brand","embeddable":true,"href":"https:\/\/roidsmania.com\/fr\/wp-json\/wp\/v2\/berocket_brand\/?post=70771"}],"curies":[{"name":"wp","href":"https:\/\/api.w.org\/{rel}","templated":true}]}}