{"id":70753,"date":"2019-12-09T04:23:40","date_gmt":"2019-12-08T21:23:40","guid":{"rendered":"https:\/\/roidsmania.com\/product\/tren-sus-trenbolone-base-500mg-10-ml-meditech\/"},"modified":"2020-10-15T00:42:57","modified_gmt":"2020-10-14T17:42:57","slug":"tren-sus-trenbolone-base-500mg-10-ml-meditech","status":"publish","type":"product","link":"https:\/\/roidsmania.com\/fr\/produit\/tren-sus-trenbolone-base-500mg-10-ml-meditech\/","title":{"rendered":"Tren-Sus [Trenbolone Base 500mg] \u2013 10 ml \u2013 Meditech"},"content":{"rendered":"<div align=\"justify\">\n<p>La suspension de <strong>Trenbolone<\/strong> est l\u2019une des vari\u00e9t\u00e9s de st\u00e9ro\u00efdes anabolisants les plus c\u00e9l\u00e8bres du monde en raison de son extr\u00eame puissance. Si vous en avez d\u00e9j\u00e0 utilis\u00e9 auparavant, vous savez que sa r\u00e9putation est largement m\u00e9rit\u00e9e du fait de sa capacit\u00e9 \u00e0 d\u00e9velopper progressivement la masse maigre tout en r\u00e9duisant la graisse corporelle et en augmentant grandement la<strong> visibilit\u00e9 musculaire.<\/strong><\/p>\n<p>Que vous en ayez pris ou non,, nous sommes ravis de vous informer que nous avons en stock la vari\u00e9t\u00e9 de suspension de trenbolone la plus optimale disponible en ligne.<br \/>\nCette variante de haute qualit\u00e9 a \u00e9t\u00e9 con\u00e7ue pour offrir des r\u00e9sultats maximaux dans un laps de temps assez court tout en garantissant de prot\u00e9ger votre vitalit\u00e9.<br \/>\nCe n\u2019est un secret pour personne que la suspension de trenbolone est l\u2019un des agents de d\u00e9veloppement de masse maigre les plus populaires sur le march\u00e9, mais les bienfaits du trenbolone peuvent ne pas se manifester comme vous pouvez l\u2019imaginer.<br \/>\nLorsqu\u2019ils entendent dire qu\u2019un st\u00e9ro\u00efde est \u00ab puissant \u00bb, la plupart des gens s\u2019imaginent imm\u00e9diatement des gains de masse musculaire dignes d\u2019un super h\u00e9ros obtenus en l\u2019espace de <strong>6 semaines.<\/strong><\/p>\n<p>Le compos\u00e9 le plus proche auquel nous avons acc\u00e8s pour obtenir une masse maximale dans un d\u00e9lai minimal est l<strong>\u2019Oxygen\/Anadrol,<\/strong> mais ce que beaucoup de gens oublient est le fait que ce compos\u00e9 (anadrol) en particulier procure un m\u00e9lange de graisse, d\u2019eau et de muscle maigre.<\/p>\n<p>Globalement, le trenbolone permet un gain de masse \u00e0 un rythme plus lent en comparaison, et ne permet en aucun cas de prendre de la masse rapidement comme le produit pr\u00e9c\u00e9demment cit\u00e9. La diff\u00e9rence est que ce que vous prenez est du muscle pur<strong>.Meilleur steroides<\/strong><\/p>\n<p>En plus de cela, la visibilit\u00e9 se maintiendra \u00e0 un niveau \u00e9lev\u00e9 tout au long de votre cure et sera m\u00eame am\u00e9lior\u00e9e \u00e0 condition que vos niveaux de graisse corporelle soient d\u00e9j\u00e0 raisonnablement bas.<\/p>\n<p><span style=\"font-size: 12pt;\"><strong>Les bienfaits du trenbolone peuvent \u00eatre r\u00e9sum\u00e9s en disant que :<\/strong><\/span><\/p>\n<ul>\n<li>Il augmente la capacit\u00e9 d\u2019absorption des nutriments<\/li>\n<li>Il am\u00e9liore l\u2019anabolisme g\u00e9n\u00e9ral dans le corps, stimulant ainsi les effets d\u2019autres types de st\u00e9ro\u00efdes pr\u00e9sents<\/li>\n<li>Il augmente la capacit\u00e9 de croissance musculaire<\/li>\n<li>Il augmente les niveaux de force<\/li>\n<li>Il am\u00e9liore la vitesse de r\u00e9cup\u00e9ration<\/li>\n<li>Il peut augmenter la libido de l\u2019utilisateur<\/li>\n<li>Il peut am\u00e9liorer le niveau d\u2019\u00e9nergie et le sentiment de bien-\u00eatre<\/li>\n<li>Il am\u00e9liore la capacit\u00e9 de combustion des graisses<br \/>\nIl peut am\u00e9liorer le niveau de s\u00e8che musculaire<\/li>\n<\/ul>\n<p>Lorsqu\u2019ils sont combin\u00e9s, ces bienfaits rendent le trenbolone adapt\u00e9 \u00e0 presque tous les objectifs physiques. C\u2019est l\u2019un des rares types de <strong>SAA<\/strong> pouvant \u00eatre int\u00e9gr\u00e9 soit dans une phase de prise de masse, soit dans une phase de coupe avec des effets importants.<br \/>\nLa plupart des cycles de suspension de trenbolone se d\u00e9roulent sur une dur\u00e9e de <strong>10 \u00e0 12 semaines<\/strong> en raison de l\u2019immense puissance de ce produit.<br \/>\nLa suspension de trenbolone est diff\u00e9rente de l\u2019autre vari\u00e9t\u00e9 de trenbolone populaire qu\u2019est l\u2019\u00e9nanthate de trenbolone dans la mesure o\u00f9 il est plus concentr\u00e9, et n\u00e9cessite donc une dose l\u00e9g\u00e8rement inf\u00e9rieure.<\/p>\n<p><span style=\"font-size: 12pt;\"><strong>Typiquement, la fourchette de dosage d\u2019un cycle de suspension de trenbolone est la suivante :<\/strong><\/span><\/p>\n<p><strong>50 mg<\/strong> par jour pour les d\u00e9butants<br \/>\n<strong>100 mg<\/strong> par jour pour les utilisateurs de niveau interm\u00e9diaire<br \/>\n<strong>100 \u2013 200 mg<\/strong> par jour pour les utilisateurs de niveau avanc\u00e9<\/p>\n<p>L\u2019utilisation de ce produit dans la fourchette de dosage en conjonction avec un produit inhibiteur d\u2019aromatase comme <strong>Arimidex \/ AnaGen<\/strong>, plus environ <strong>100 \u00e0 200 mg<\/strong> de propionate de testost\u00e9rone par semaine au cours de votre cure fournira une solide base pour \u00e9viter l\u2019apparition de la gyn\u00e9comastie et pour \u00e9viter que les taux de testost\u00e9rone ne tombent trop bas.<\/p>\n<p>Il convient \u00e9galement de noter qu\u2019un plan de th\u00e9rapie post cycle efficace sera n\u00e9cessaire. Vous pouvez compter sur des produits comme <strong>Nolvadex \/ Nolvagen<\/strong> pour mener \u00e0 bien cette phase critique et restaurer votre production de testost\u00e9rone organique.<br \/>\nCe produit est sans doute la version la plus optimale de suspension de trenbolone disponible en ligne, gr\u00e2ce \u00e0 l\u2019attention minutieuse pour les d\u00e9tails d\u2019Alpha-Pharma pour tous les produits qu\u2019ils fabriquent.<\/p>\n<p>Le Parabolin a \u00e9t\u00e9 cr\u00e9\u00e9 conform\u00e9ment aux directives de<strong> BPF<\/strong> <strong>(Bonnes Pratiques de Fabrication)<\/strong> mises en place pour garantir que les produits destin\u00e9s \u00e0 la consommation humaine r\u00e9pondent aux normes de puret\u00e9 et de concentration n\u00e9cessaires pour fournir des r\u00e9sultats s\u00fbrs et optimaux.<br \/>\nApr\u00e8s votre cure de suspension de<strong> trenbolone,<\/strong> nous savons que vous n\u2019aurez pas envie d\u2019aller voir ailleurs pour acheter votre trenbolone.<\/p>\n<\/div>\n","protected":false},"excerpt":{"rendered":"<div align=\"justify\"><strong>Laboratoire :<\/strong> Meditech<br \/><strong>Forme :<\/strong> Injection<br \/><strong>Mol\u00e9cule :<\/strong> Trenbolone Base<br \/><strong>Concentration :<\/strong> 50mg\/ml<br \/><strong>Volume :<\/strong> 10 ml<br \/><strong>Dosage Recommand\u00e9 :<\/strong> 150-200mg\/semaine<\/p>\n<p>La suspension de Trenbolone est l\u2019une des vari\u00e9t\u00e9s de st\u00e9ro\u00efdes anabolisants les plus c\u00e9l\u00e8bres du monde en raison de son extr\u00eame puissance. La Trenbolone suspension est un produit sans ester avec un effet extr\u00eamement rapide.<\/p>\n<\/div>\n","protected":false},"featured_media":247467,"comment_status":"closed","ping_status":"closed","template":"","meta":[],"berocket_brand":[145],"yoast_head":"<!-- This site is optimized with the Yoast SEO plugin v15.9.1 - https:\/\/yoast.com\/wordpress\/plugins\/seo\/ -->\n<title>Acheter de la Tren-Sus [Trenbolone Base 500mg] \u2013 10 ml \u2013 Meditech<\/title>\n<meta name=\"description\" content=\"Roidsmania.com a s\u00e9lectionn\u00e9 pour vous la Tren-Sus [Trenbolone Base 500mg] \u2013 10 ml \u2013 Meditech. Exp\u00e9dition Rapide, Paiement Facile.\" \/>\n<meta name=\"robots\" content=\"index, follow, max-snippet:-1, max-image-preview:large, max-video-preview:-1\" \/>\n<link rel=\"canonical\" href=\"https:\/\/roidsmania.com\/fr\/produit\/tren-sus-trenbolone-base-500mg-10-ml-meditech\/\" \/>\n<meta property=\"og:locale\" content=\"fr_FR\" \/>\n<meta property=\"og:type\" content=\"article\" \/>\n<meta property=\"og:title\" content=\"Acheter de la Tren-Sus [Trenbolone Base 500mg] \u2013 10 ml \u2013 Meditech\" \/>\n<meta property=\"og:description\" content=\"Roidsmania.com a s\u00e9lectionn\u00e9 pour vous la Tren-Sus [Trenbolone Base 500mg] \u2013 10 ml \u2013 Meditech. Exp\u00e9dition Rapide, Paiement Facile.\" \/>\n<meta property=\"og:url\" content=\"https:\/\/roidsmania.com\/fr\/produit\/tren-sus-trenbolone-base-500mg-10-ml-meditech\/\" \/>\n<meta property=\"og:site_name\" content=\"RoidsMania.com\" \/>\n<meta property=\"article:modified_time\" content=\"2020-10-14T17:42:57+00:00\" \/>\n<meta property=\"og:image\" content=\"https:\/\/roidsmania.com\/wp-content\/uploads\/2019\/12\/tren-sus.jpg\" \/>\n\t<meta property=\"og:image:width\" content=\"1200\" \/>\n\t<meta property=\"og:image:height\" content=\"1200\" \/>\n<meta name=\"twitter:card\" content=\"summary\" \/>\n<meta name=\"twitter:label1\" content=\"Dur\u00e9e de lecture est.\">\n\t<meta name=\"twitter:data1\" content=\"4 minutes\">\n<script type=\"application\/ld+json\" class=\"yoast-schema-graph\">{\"@context\":\"https:\/\/schema.org\",\"@graph\":[{\"@type\":\"WebSite\",\"@id\":\"https:\/\/roidsmania.com\/fr\/#website\",\"url\":\"https:\/\/roidsmania.com\/fr\/\",\"name\":\"RoidsMania.com\",\"description\":\"Online Anabolic Steroids shop\",\"potentialAction\":[{\"@type\":\"SearchAction\",\"target\":\"https:\/\/roidsmania.com\/fr\/?s={search_term_string}\",\"query-input\":\"required name=search_term_string\"}],\"inLanguage\":\"fr-FR\"},{\"@type\":\"ImageObject\",\"@id\":\"https:\/\/roidsmania.com\/fr\/produit\/tren-sus-trenbolone-base-500mg-10-ml-meditech\/#primaryimage\",\"inLanguage\":\"fr-FR\",\"url\":\"https:\/\/roidsmania.com\/wp-content\/uploads\/2019\/12\/tren-sus.jpg\",\"width\":1200,\"height\":1200},{\"@type\":\"WebPage\",\"@id\":\"https:\/\/roidsmania.com\/fr\/produit\/tren-sus-trenbolone-base-500mg-10-ml-meditech\/#webpage\",\"url\":\"https:\/\/roidsmania.com\/fr\/produit\/tren-sus-trenbolone-base-500mg-10-ml-meditech\/\",\"name\":\"Acheter de la Tren-Sus [Trenbolone Base 500mg] \\u2013 10 ml \\u2013 Meditech\",\"isPartOf\":{\"@id\":\"https:\/\/roidsmania.com\/fr\/#website\"},\"primaryImageOfPage\":{\"@id\":\"https:\/\/roidsmania.com\/fr\/produit\/tren-sus-trenbolone-base-500mg-10-ml-meditech\/#primaryimage\"},\"datePublished\":\"2019-12-08T21:23:40+00:00\",\"dateModified\":\"2020-10-14T17:42:57+00:00\",\"description\":\"Roidsmania.com a s\\u00e9lectionn\\u00e9 pour vous la Tren-Sus [Trenbolone Base 500mg] \\u2013 10 ml \\u2013 Meditech. Exp\\u00e9dition Rapide, Paiement Facile.\",\"breadcrumb\":{\"@id\":\"https:\/\/roidsmania.com\/fr\/produit\/tren-sus-trenbolone-base-500mg-10-ml-meditech\/#breadcrumb\"},\"inLanguage\":\"fr-FR\",\"potentialAction\":[{\"@type\":\"ReadAction\",\"target\":[\"https:\/\/roidsmania.com\/fr\/produit\/tren-sus-trenbolone-base-500mg-10-ml-meditech\/\"]}]},{\"@type\":\"BreadcrumbList\",\"@id\":\"https:\/\/roidsmania.com\/fr\/produit\/tren-sus-trenbolone-base-500mg-10-ml-meditech\/#breadcrumb\",\"itemListElement\":[{\"@type\":\"ListItem\",\"position\":1,\"item\":{\"@type\":\"WebPage\",\"@id\":\"https:\/\/roidsmania.com\/fr\/\",\"url\":\"https:\/\/roidsmania.com\/fr\/\",\"name\":\"Home\"}},{\"@type\":\"ListItem\",\"position\":2,\"item\":{\"@type\":\"WebPage\",\"@id\":\"https:\/\/roidsmania.com\/fr\/boutique\/\",\"url\":\"https:\/\/roidsmania.com\/fr\/boutique\/\",\"name\":\"BOUTIQUE\"}},{\"@type\":\"ListItem\",\"position\":3,\"item\":{\"@type\":\"WebPage\",\"@id\":\"https:\/\/roidsmania.com\/fr\/produit\/tren-sus-trenbolone-base-500mg-10-ml-meditech\/\",\"url\":\"https:\/\/roidsmania.com\/fr\/produit\/tren-sus-trenbolone-base-500mg-10-ml-meditech\/\",\"name\":\"Tren-Sus [Trenbolone Base 500mg] \\u2013 10 ml \\u2013 Meditech\"}}]}]}<\/script>\n<!-- \/ Yoast SEO plugin. -->","_links":{"self":[{"href":"https:\/\/roidsmania.com\/fr\/wp-json\/wp\/v2\/product\/70753\/"}],"collection":[{"href":"https:\/\/roidsmania.com\/fr\/wp-json\/wp\/v2\/product\/"}],"about":[{"href":"https:\/\/roidsmania.com\/fr\/wp-json\/wp\/v2\/types\/product\/"}],"replies":[{"embeddable":true,"href":"https:\/\/roidsmania.com\/fr\/wp-json\/wp\/v2\/comments\/?post=70753"}],"wp:featuredmedia":[{"embeddable":true,"href":"https:\/\/roidsmania.com\/fr\/wp-json\/wp\/v2\/media\/247467\/"}],"wp:attachment":[{"href":"https:\/\/roidsmania.com\/fr\/wp-json\/wp\/v2\/media\/?parent=70753"}],"wp:term":[{"taxonomy":"berocket_brand","embeddable":true,"href":"https:\/\/roidsmania.com\/fr\/wp-json\/wp\/v2\/berocket_brand\/?post=70753"}],"curies":[{"name":"wp","href":"https:\/\/api.w.org\/{rel}","templated":true}]}}