{"id":70743,"date":"2019-12-09T03:34:53","date_gmt":"2019-12-08T20:34:53","guid":{"rendered":"https:\/\/roidsmania.com\/product\/test-un-250-testosterone-undecanoate-2500mg-10ml-meditech\/"},"modified":"2020-10-28T04:48:30","modified_gmt":"2020-10-27T21:48:30","slug":"test-un-250-testosterone-undecanoate-2500mg-10ml-meditech","status":"publish","type":"product","link":"https:\/\/roidsmania.com\/fr\/produit\/test-un-250-testosterone-undecanoate-2500mg-10ml-meditech\/","title":{"rendered":"Test-Un 250 [Testosterone Undecanoate 2500mg] \u2013 10ml \u2013 Meditech"},"content":{"rendered":"<div align=\"justify\">\n<p>La <strong>Testost\u00e9rone und\u00e9canoate<\/strong> est une formule \u00e0 action prolong\u00e9e de la Testost\u00e9rone qui est indiqu\u00e9e dans le traitement des personnes qui ont des niveaux de Testost\u00e9rone tr\u00e8s faible voire nuls. <strong>L\u2019Undecanoate<\/strong> de Testosterone a une dur\u00e9e d\u2019action extr\u00eamement longue.<\/p>\n<p>Elle est id\u00e9ale pour une <strong>TRT \u00ab Testosterone Replacement<\/strong> <strong>Therapy<\/strong> <strong>\u00bb<\/strong> ou pour des personnes \u00e2g\u00e9es qui veulent conserver leur libido. La Testost\u00e9rone et ses analogues sont largement utilis\u00e9s par les athl\u00e8tes et les culturistes<strong>.Acheter<\/strong> <strong>Steroides France<\/strong><\/p>\n<p>Les st\u00e9ro\u00efdes sont utilis\u00e9s principalement pour am\u00e9liorer le corps et les performances ainsi qu\u2019\u00e0 stimuler le psychisme.<\/p>\n<p>La <strong>Testost\u00e9rone<\/strong> a des propri\u00e9t\u00e9s anabolisantes mod\u00e9r\u00e9es, mais aussi est un puissant agent <strong>androg\u00e9nique.<\/strong> La pr\u00e9paration huileuse est inject\u00e9e en intramusculaire.<\/p>\n<\/div>\n","protected":false},"excerpt":{"rendered":"<div align=\"justify\"><strong>Laboratoire :<\/strong> Meditech<br \/>\n<strong>Forme :<\/strong> Injection<br \/>\n<strong>Mol\u00e9cule :<\/strong> Testosterone Undecanoate<br \/>\n<strong>Concentration :<\/strong> 250mg\/ml<br \/>\n<strong>Volume :<\/strong> 10 ml<br \/>\n<strong>Dosage Recommand\u00e9 :<\/strong> 250-1000mg\/semaine ou en TRT 1000mg\/mois<\/p>\n<p>La Testosterone Undecanoate a une dur\u00e9e d\u2019action extr\u00eamement longue. Elle est id\u00e9ale pour une TRT \u00ab Testosterone Replacement Therapy \u00bb ou pour des personnes \u00e2g\u00e9es qui veulent conserver leur libido.<\/p>\n<\/div>\n","protected":false},"featured_media":247469,"comment_status":"closed","ping_status":"closed","template":"","meta":[],"berocket_brand":[145],"yoast_head":"<!-- This site is optimized with the Yoast SEO plugin v15.9.1 - https:\/\/yoast.com\/wordpress\/plugins\/seo\/ -->\n<title>Acheter de la Test-Un 250 [Testosterone Undecanoate 2500mg] \u2013 10ml \u2013 Meditech<\/title>\n<meta name=\"description\" content=\"Roidsmania.com a s\u00e9lectionn\u00e9 pour vous la Test-Un 250 [Testosterone Undecanoate 2500mg] \u2013 10ml \u2013 Meditech. Exp\u00e9dition Rapide, Paiement Facile.\" \/>\n<meta name=\"robots\" content=\"index, follow, max-snippet:-1, max-image-preview:large, max-video-preview:-1\" \/>\n<link rel=\"canonical\" href=\"https:\/\/roidsmania.com\/fr\/produit\/test-un-250-testosterone-undecanoate-2500mg-10ml-meditech\/\" \/>\n<meta property=\"og:locale\" content=\"fr_FR\" \/>\n<meta property=\"og:type\" content=\"article\" \/>\n<meta property=\"og:title\" content=\"Acheter de la Test-Un 250 [Testosterone Undecanoate 2500mg] \u2013 10ml \u2013 Meditech\" \/>\n<meta property=\"og:description\" content=\"Roidsmania.com a s\u00e9lectionn\u00e9 pour vous la Test-Un 250 [Testosterone Undecanoate 2500mg] \u2013 10ml \u2013 Meditech. Exp\u00e9dition Rapide, Paiement Facile.\" \/>\n<meta property=\"og:url\" content=\"https:\/\/roidsmania.com\/fr\/produit\/test-un-250-testosterone-undecanoate-2500mg-10ml-meditech\/\" \/>\n<meta property=\"og:site_name\" content=\"RoidsMania.com\" \/>\n<meta property=\"article:modified_time\" content=\"2020-10-27T21:48:30+00:00\" \/>\n<meta property=\"og:image\" content=\"https:\/\/roidsmania.com\/wp-content\/uploads\/2019\/12\/test-un250-2.jpg\" \/>\n\t<meta property=\"og:image:width\" content=\"1200\" \/>\n\t<meta property=\"og:image:height\" content=\"1200\" \/>\n<meta name=\"twitter:card\" content=\"summary\" \/>\n<meta name=\"twitter:label1\" content=\"Dur\u00e9e de lecture est.\">\n\t<meta name=\"twitter:data1\" content=\"1 minute\">\n<script type=\"application\/ld+json\" class=\"yoast-schema-graph\">{\"@context\":\"https:\/\/schema.org\",\"@graph\":[{\"@type\":\"WebSite\",\"@id\":\"https:\/\/roidsmania.com\/fr\/#website\",\"url\":\"https:\/\/roidsmania.com\/fr\/\",\"name\":\"RoidsMania.com\",\"description\":\"Online Anabolic Steroids shop\",\"potentialAction\":[{\"@type\":\"SearchAction\",\"target\":\"https:\/\/roidsmania.com\/fr\/?s={search_term_string}\",\"query-input\":\"required name=search_term_string\"}],\"inLanguage\":\"fr-FR\"},{\"@type\":\"ImageObject\",\"@id\":\"https:\/\/roidsmania.com\/fr\/produit\/test-un-250-testosterone-undecanoate-2500mg-10ml-meditech\/#primaryimage\",\"inLanguage\":\"fr-FR\",\"url\":\"https:\/\/roidsmania.com\/wp-content\/uploads\/2019\/12\/test-un250-2.jpg\",\"width\":1200,\"height\":1200},{\"@type\":\"WebPage\",\"@id\":\"https:\/\/roidsmania.com\/fr\/produit\/test-un-250-testosterone-undecanoate-2500mg-10ml-meditech\/#webpage\",\"url\":\"https:\/\/roidsmania.com\/fr\/produit\/test-un-250-testosterone-undecanoate-2500mg-10ml-meditech\/\",\"name\":\"Acheter de la Test-Un 250 [Testosterone Undecanoate 2500mg] \\u2013 10ml \\u2013 Meditech\",\"isPartOf\":{\"@id\":\"https:\/\/roidsmania.com\/fr\/#website\"},\"primaryImageOfPage\":{\"@id\":\"https:\/\/roidsmania.com\/fr\/produit\/test-un-250-testosterone-undecanoate-2500mg-10ml-meditech\/#primaryimage\"},\"datePublished\":\"2019-12-08T20:34:53+00:00\",\"dateModified\":\"2020-10-27T21:48:30+00:00\",\"description\":\"Roidsmania.com a s\\u00e9lectionn\\u00e9 pour vous la Test-Un 250 [Testosterone Undecanoate 2500mg] \\u2013 10ml \\u2013 Meditech. Exp\\u00e9dition Rapide, Paiement Facile.\",\"breadcrumb\":{\"@id\":\"https:\/\/roidsmania.com\/fr\/produit\/test-un-250-testosterone-undecanoate-2500mg-10ml-meditech\/#breadcrumb\"},\"inLanguage\":\"fr-FR\",\"potentialAction\":[{\"@type\":\"ReadAction\",\"target\":[\"https:\/\/roidsmania.com\/fr\/produit\/test-un-250-testosterone-undecanoate-2500mg-10ml-meditech\/\"]}]},{\"@type\":\"BreadcrumbList\",\"@id\":\"https:\/\/roidsmania.com\/fr\/produit\/test-un-250-testosterone-undecanoate-2500mg-10ml-meditech\/#breadcrumb\",\"itemListElement\":[{\"@type\":\"ListItem\",\"position\":1,\"item\":{\"@type\":\"WebPage\",\"@id\":\"https:\/\/roidsmania.com\/fr\/\",\"url\":\"https:\/\/roidsmania.com\/fr\/\",\"name\":\"Home\"}},{\"@type\":\"ListItem\",\"position\":2,\"item\":{\"@type\":\"WebPage\",\"@id\":\"https:\/\/roidsmania.com\/fr\/boutique\/\",\"url\":\"https:\/\/roidsmania.com\/fr\/boutique\/\",\"name\":\"BOUTIQUE\"}},{\"@type\":\"ListItem\",\"position\":3,\"item\":{\"@type\":\"WebPage\",\"@id\":\"https:\/\/roidsmania.com\/fr\/produit\/test-un-250-testosterone-undecanoate-2500mg-10ml-meditech\/\",\"url\":\"https:\/\/roidsmania.com\/fr\/produit\/test-un-250-testosterone-undecanoate-2500mg-10ml-meditech\/\",\"name\":\"Test-Un 250 [Testosterone Undecanoate 2500mg] \\u2013 10ml \\u2013 Meditech\"}}]}]}<\/script>\n<!-- \/ Yoast SEO plugin. -->","_links":{"self":[{"href":"https:\/\/roidsmania.com\/fr\/wp-json\/wp\/v2\/product\/70743\/"}],"collection":[{"href":"https:\/\/roidsmania.com\/fr\/wp-json\/wp\/v2\/product\/"}],"about":[{"href":"https:\/\/roidsmania.com\/fr\/wp-json\/wp\/v2\/types\/product\/"}],"replies":[{"embeddable":true,"href":"https:\/\/roidsmania.com\/fr\/wp-json\/wp\/v2\/comments\/?post=70743"}],"wp:featuredmedia":[{"embeddable":true,"href":"https:\/\/roidsmania.com\/fr\/wp-json\/wp\/v2\/media\/247469\/"}],"wp:attachment":[{"href":"https:\/\/roidsmania.com\/fr\/wp-json\/wp\/v2\/media\/?parent=70743"}],"wp:term":[{"taxonomy":"berocket_brand","embeddable":true,"href":"https:\/\/roidsmania.com\/fr\/wp-json\/wp\/v2\/berocket_brand\/?post=70743"}],"curies":[{"name":"wp","href":"https:\/\/api.w.org\/{rel}","templated":true}]}}