{"id":70295,"date":"2019-12-01T23:44:47","date_gmt":"2019-12-01T16:44:47","guid":{"rendered":"https:\/\/roidsmania.com\/product\/lovegra-female-viagra-sildenafil-citrate-100mg-4-tabs-pfizer\/"},"modified":"2020-10-28T04:51:11","modified_gmt":"2020-10-27T21:51:11","slug":"lovegra-female-viagra-sildenafil-citrate-100mg-4-tabs-pfizer","status":"publish","type":"product","link":"https:\/\/roidsmania.com\/fr\/produit\/lovegra-female-viagra-sildenafil-citrate-100mg-4-tabs-pfizer\/","title":{"rendered":"Lovegra &#8211; Viagra pour femme [Sildenafil Citrate 100mg] &#8211; 4 Comprim\u00e9s &#8211; Pfizer"},"content":{"rendered":"<div align=\"justify\">\n<p><strong>Lovegra<\/strong>, \u00e9galement connue sous le nom de <strong>Femalegra ou Lady Era,<\/strong> est un produit sous la forme de comprim\u00e9s de citrate de sild\u00e9nafil sp\u00e9cialement con\u00e7ue pour les femmes. Il est de couleur rose et est emball\u00e9 dans des plaquettes thermoform\u00e9es de <strong>4 comprim\u00e9s.<\/strong><\/p>\n<p>la condition sexuelle chez la femme s&#8217;est fortement banalis\u00e9e durant ces derni\u00e8res ann\u00e9es et est devenue un sujet de soci\u00e9t\u00e9 couramment abord\u00e9. Des probl\u00e8mes tels que la dysfonction sexuelle f\u00e9minine <strong>(FSD)<\/strong> et la <strong>FSAD<\/strong> (trouble d&#8217;excitation sexuelle f\u00e9minine) sont maintenant pris au s\u00e9rieux par les m\u00e9decins<strong>.HGH<\/strong><\/p>\n<p>Les femmes prenant Lovegra (citrate de sild\u00e9nafil) peuvent voir leur flux sanguin et leur sensibilit\u00e9 augmenter dans la r\u00e9gion vaginale, ce qui entra\u00eene une meilleure lubrification naturelle et une libido accrue. bien sur cette excitation est aussi bas\u00e9es sur des facteurs <strong>physiologiques<\/strong> et psychologiques, le produit ne fera pas tout le boulot pour vous !<\/p>\n<p><strong>Que fait le Viagra f\u00e9minin (Lovegra) en quelques mots:<\/strong><\/p>\n<ul>\n<li>Augmentation des sensation li\u00e9s aux parois vaginales.<\/li>\n<li>Il favorise la lubrification vaginale.<\/li>\n<li>R\u00e9duction de la douleur pendant les rapports sexuels.<\/li>\n<li>Il supprime la barri\u00e8re psychologique.<\/li>\n<li>Augmente l&#8217;excitation.<\/li>\n<li>Augmente la libido f\u00e9minine au maximum.<\/li>\n<\/ul>\n<p>Nous recommandons fortement de prendre<strong> 50 mg<\/strong> de Lovegra (citrate de sild\u00e9nafil) en premier, avant d\u2019augmenter la dose \u00e0 <strong>100mg,<\/strong> ce m\u00e9dicament ne doit pas \u00eatre pris pendant la grossesse.<\/p>\n<p>Les effets du Lovegra durent entre<strong> 4 \u00e0 6 heures.<\/strong><\/p>\n<p>L&#8217;ingr\u00e9dient actif de Lovegra est le citrate de sild\u00e9nafil. Il appartient \u00e0 la famille des vasodilatateurs <strong>PDE-5.<\/strong> Ces m\u00e9dicaments agissent en dilatant les <strong>vaisseaux sanguins<\/strong> du corps, en particulier autour des parties g\u00e9nitales.<\/p>\n<p>Lovegra n\u2019est pas un aphrodisiaque et une stimulation sera n\u00e9cessaire pour obtenir des r\u00e9sultats.<\/p>\n<\/div>\n","protected":false},"excerpt":{"rendered":"<div align=\"justify\"><strong>Laboratoire :<\/strong> Pfizer<br \/>\n<strong>Forme :<\/strong> Orale<br \/>\n<strong>Mol\u00e9cule :<\/strong> Sildenafil Citrate<br \/>\n<strong>Concentration :<\/strong> 100mg\/comprim\u00e9<br \/>\n<strong>Volume :<\/strong> 10 comprim\u00e9s<br \/>\n<strong>Dosage Recommand\u00e9 :<\/strong> 1 comprim\u00e9 20 minutes avant le rapport sexuel<\/p>\n<p>Le Lovegra aide les femmes \u00e0 avoir une harmonie dans leurs relations sexuelles. Le produit augmente l\u2019excitation et aide \u00e0 \u00e9viter tout inconfort durant le rapport.<\/p>\n<\/div>\n","protected":false},"featured_media":235933,"comment_status":"closed","ping_status":"closed","template":"","meta":[],"berocket_brand":[180],"yoast_head":"<!-- This site is optimized with the Yoast SEO plugin v15.9.1 - https:\/\/yoast.com\/wordpress\/plugins\/seo\/ -->\n<title>Acheter du Lovegra - Female Viagra [Sildenafil Citrate 100mg] - 4 Tabs - Pfizer<\/title>\n<meta name=\"description\" content=\"Roidsmania.com a s\u00e9lectionn\u00e9 pour vous du Lovegra - Female Viagra [Sildenafil Citrate 100mg] - 4 Tabs - Pfizer. Exp\u00e9dition Rapide. Paiement Facile.\" \/>\n<meta name=\"robots\" content=\"index, follow, max-snippet:-1, max-image-preview:large, max-video-preview:-1\" \/>\n<link rel=\"canonical\" href=\"https:\/\/roidsmania.com\/fr\/produit\/lovegra-female-viagra-sildenafil-citrate-100mg-4-tabs-pfizer\/\" \/>\n<meta property=\"og:locale\" content=\"fr_FR\" \/>\n<meta property=\"og:type\" content=\"article\" \/>\n<meta property=\"og:title\" content=\"Acheter du Lovegra - Female Viagra [Sildenafil Citrate 100mg] - 4 Tabs - Pfizer\" \/>\n<meta property=\"og:description\" content=\"Roidsmania.com a s\u00e9lectionn\u00e9 pour vous du Lovegra - Female Viagra [Sildenafil Citrate 100mg] - 4 Tabs - Pfizer. Exp\u00e9dition Rapide. Paiement Facile.\" \/>\n<meta property=\"og:url\" content=\"https:\/\/roidsmania.com\/fr\/produit\/lovegra-female-viagra-sildenafil-citrate-100mg-4-tabs-pfizer\/\" \/>\n<meta property=\"og:site_name\" content=\"RoidsMania.com\" \/>\n<meta property=\"article:modified_time\" content=\"2020-10-27T21:51:11+00:00\" \/>\n<meta property=\"og:image\" content=\"https:\/\/roidsmania.com\/wp-content\/uploads\/2019\/12\/lovegra.png\" \/>\n\t<meta property=\"og:image:width\" content=\"526\" \/>\n\t<meta property=\"og:image:height\" content=\"390\" \/>\n<meta name=\"twitter:card\" content=\"summary\" \/>\n<meta name=\"twitter:label1\" content=\"Dur\u00e9e de lecture est.\">\n\t<meta name=\"twitter:data1\" content=\"2 minutes\">\n<script type=\"application\/ld+json\" class=\"yoast-schema-graph\">{\"@context\":\"https:\/\/schema.org\",\"@graph\":[{\"@type\":\"WebSite\",\"@id\":\"https:\/\/roidsmania.com\/fr\/#website\",\"url\":\"https:\/\/roidsmania.com\/fr\/\",\"name\":\"RoidsMania.com\",\"description\":\"Online Anabolic Steroids shop\",\"potentialAction\":[{\"@type\":\"SearchAction\",\"target\":\"https:\/\/roidsmania.com\/fr\/?s={search_term_string}\",\"query-input\":\"required name=search_term_string\"}],\"inLanguage\":\"fr-FR\"},{\"@type\":\"ImageObject\",\"@id\":\"https:\/\/roidsmania.com\/fr\/produit\/lovegra-female-viagra-sildenafil-citrate-100mg-4-tabs-pfizer\/#primaryimage\",\"inLanguage\":\"fr-FR\",\"url\":\"https:\/\/roidsmania.com\/wp-content\/uploads\/2019\/12\/lovegra-1.png\",\"width\":599,\"height\":599},{\"@type\":\"WebPage\",\"@id\":\"https:\/\/roidsmania.com\/fr\/produit\/lovegra-female-viagra-sildenafil-citrate-100mg-4-tabs-pfizer\/#webpage\",\"url\":\"https:\/\/roidsmania.com\/fr\/produit\/lovegra-female-viagra-sildenafil-citrate-100mg-4-tabs-pfizer\/\",\"name\":\"Acheter du Lovegra - Female Viagra [Sildenafil Citrate 100mg] - 4 Tabs - Pfizer\",\"isPartOf\":{\"@id\":\"https:\/\/roidsmania.com\/fr\/#website\"},\"primaryImageOfPage\":{\"@id\":\"https:\/\/roidsmania.com\/fr\/produit\/lovegra-female-viagra-sildenafil-citrate-100mg-4-tabs-pfizer\/#primaryimage\"},\"datePublished\":\"2019-12-01T16:44:47+00:00\",\"dateModified\":\"2020-10-27T21:51:11+00:00\",\"description\":\"Roidsmania.com a s\\u00e9lectionn\\u00e9 pour vous du Lovegra - Female Viagra [Sildenafil Citrate 100mg] - 4 Tabs - Pfizer. Exp\\u00e9dition Rapide. Paiement Facile.\",\"breadcrumb\":{\"@id\":\"https:\/\/roidsmania.com\/fr\/produit\/lovegra-female-viagra-sildenafil-citrate-100mg-4-tabs-pfizer\/#breadcrumb\"},\"inLanguage\":\"fr-FR\",\"potentialAction\":[{\"@type\":\"ReadAction\",\"target\":[\"https:\/\/roidsmania.com\/fr\/produit\/lovegra-female-viagra-sildenafil-citrate-100mg-4-tabs-pfizer\/\"]}]},{\"@type\":\"BreadcrumbList\",\"@id\":\"https:\/\/roidsmania.com\/fr\/produit\/lovegra-female-viagra-sildenafil-citrate-100mg-4-tabs-pfizer\/#breadcrumb\",\"itemListElement\":[{\"@type\":\"ListItem\",\"position\":1,\"item\":{\"@type\":\"WebPage\",\"@id\":\"https:\/\/roidsmania.com\/fr\/\",\"url\":\"https:\/\/roidsmania.com\/fr\/\",\"name\":\"Home\"}},{\"@type\":\"ListItem\",\"position\":2,\"item\":{\"@type\":\"WebPage\",\"@id\":\"https:\/\/roidsmania.com\/fr\/boutique\/\",\"url\":\"https:\/\/roidsmania.com\/fr\/boutique\/\",\"name\":\"BOUTIQUE\"}},{\"@type\":\"ListItem\",\"position\":3,\"item\":{\"@type\":\"WebPage\",\"@id\":\"https:\/\/roidsmania.com\/fr\/produit\/lovegra-female-viagra-sildenafil-citrate-100mg-4-tabs-pfizer\/\",\"url\":\"https:\/\/roidsmania.com\/fr\/produit\/lovegra-female-viagra-sildenafil-citrate-100mg-4-tabs-pfizer\/\",\"name\":\"Lovegra &#8211; Viagra pour femme [Sildenafil Citrate 100mg] &#8211; 4 Comprim\\u00e9s &#8211; Pfizer\"}}]}]}<\/script>\n<!-- \/ Yoast SEO plugin. -->","_links":{"self":[{"href":"https:\/\/roidsmania.com\/fr\/wp-json\/wp\/v2\/product\/70295\/"}],"collection":[{"href":"https:\/\/roidsmania.com\/fr\/wp-json\/wp\/v2\/product\/"}],"about":[{"href":"https:\/\/roidsmania.com\/fr\/wp-json\/wp\/v2\/types\/product\/"}],"replies":[{"embeddable":true,"href":"https:\/\/roidsmania.com\/fr\/wp-json\/wp\/v2\/comments\/?post=70295"}],"wp:featuredmedia":[{"embeddable":true,"href":"https:\/\/roidsmania.com\/fr\/wp-json\/wp\/v2\/media\/235933\/"}],"wp:attachment":[{"href":"https:\/\/roidsmania.com\/fr\/wp-json\/wp\/v2\/media\/?parent=70295"}],"wp:term":[{"taxonomy":"berocket_brand","embeddable":true,"href":"https:\/\/roidsmania.com\/fr\/wp-json\/wp\/v2\/berocket_brand\/?post=70295"}],"curies":[{"name":"wp","href":"https:\/\/api.w.org\/{rel}","templated":true}]}}