{"id":53147,"date":"2019-04-27T05:23:05","date_gmt":"2019-04-26T22:23:05","guid":{"rendered":"https:\/\/roidsmania.com\/product\/lgd-4033-sarms-5mg-60-tabs-global-anabolic\/"},"modified":"2020-10-28T04:51:43","modified_gmt":"2020-10-27T21:51:43","slug":"lgd-4033-sarms-5mg-60-tabs-global-anabolic","status":"publish","type":"product","link":"https:\/\/roidsmania.com\/fr\/produit\/lgd-4033-sarms-5mg-60-tabs-global-anabolic\/","title":{"rendered":"LGD 4033 [SARMS 5mg] &#8211; 60 Tabs &#8211; Global Anabolic"},"content":{"rendered":"<div align=\"justify\">\n<p>Le <strong>LGD 4033 est<\/strong> actuellement l\u2019un des SARMS les plus populaires. il est tr\u00e8s appr\u00e9ci\u00e9 en raison de ses effets secondaires quasiment inexistant : il ne provoque pas de perte de cheveux, gyn\u00e9comastie, n&#8217;affecte pas le foie et n&#8217;augmente pas la pression art\u00e9rielle.<\/p>\n<p>&nbsp;<\/p>\n<p><span style=\"font-size: 12pt;\"><strong>AVANTAGES DU LGD 4033 :<\/strong><\/span><\/p>\n<ul>\n<li style=\"list-style-type: none;\">\n<ul>\n<li>Augmentation de la masse musculaire maigre : Des \u00e9tudes cliniques ont d\u00e9montr\u00e9es que les sujets test\u00e9s avaient des gains importants \u00e0 partir de<strong> 5,0 mg par jour.<\/strong><\/li>\n<li>Augmentation de la force : Lorsque vous gagnerez plus de muscle, votre force augmentera \u00e9galement. Les utilisateurs ont signal\u00e9 que ce produit \u00e9tait \u00e9galement adapt\u00e9 pour des<strong> cures<\/strong> <strong>visant l&#8217;augmentation<\/strong> de la force. Attendez-vous \u00e0 ajouter du poids \u00e0 la barre chaque semaine.<br \/>\nEffets secondaires limit\u00e9s : L\u2019\u00e9tude clinique a montr\u00e9 que ce <strong>SARMS<\/strong> pouvait \u00eatre utilis\u00e9 sans danger \u00e0 aux doses recommand\u00e9es. Ils ont m\u00eame \u00e9tabli l&#8217;innocuit\u00e9 jusqu&#8217;\u00e0 une dose de<strong> 22<\/strong> <strong>milligrammes<\/strong> par jour. La conclusion est que <strong>LGD 4033<\/strong> a \u00e9t\u00e9 bien tol\u00e9r\u00e9 par les sujets du test.<\/li>\n<li>Augmentation de la vascularisation : Avec ce produit vous aurez les veines apparentes, et apparence stri\u00e9e.<\/li>\n<\/ul>\n<\/li>\n<\/ul>\n<p>Ce sont les<strong> principaux effets<\/strong> auxquels vous pouvez vous attendre avec ce produit mais peu importe votre objectif, \u00e9vitez de d\u00e9passer<strong> 20mg\/jour.<\/strong><\/p>\n<p>&nbsp;<\/p>\n<p><span style=\"font-size: 12pt;\"><strong>COMMENT PRENDRE le LGD 4033 :<\/strong><\/span><\/p>\n<p>Vous pouvez exp\u00e9rimenter<strong> 5 mg<\/strong> par jour si c&#8217;est votre premi\u00e8re cure avec ce type de produit. la dose recommand\u00e9e est entre<strong> 5-10mg<\/strong> par jour pour la construction de muscles maigres et l&#8217;augmentation de la force.<\/p>\n<p><strong>Exemples de cycle:<\/strong><br \/>\n<strong>OPTION 1 : 5mg d&#8217;LGD 4033 par jour sur 6 semaines<\/strong><br \/>\n<strong>OPTION 2 :\u00a010mg d&#8217;LGD 4033 par jour sur 8 semaines<\/strong><\/p>\n<p>Bien s\u00fbr, vous pouvez toujours d\u00e9buter avec un dosage r\u00e9duit et augmenter progressivement. Certains culturistes ont test\u00e9 des doses jusqu\u2019\u00e0<strong> 30 mg<\/strong> par jour, mais honn\u00eatement, nous ne le recommandons pas, il n&#8217;est pas n\u00e9cessaire d&#8217;arriver \u00e0 des doses extr\u00eames pour avoir les effets du produit.<\/p>\n<p>La demi-vie de<strong> LGD 4033<\/strong> est d&#8217;environ<strong> 24 \u00e0 36 heures.<\/strong> Cela signifie qu&#8217;une prise une fois par jour est suffisant, le matin au petit-d\u00e9jeuner par exemple.<\/p>\n<p>&nbsp;<\/p>\n<p><span style=\"font-size: 12pt;\"><strong>LE LGD 4033 A-T-IL DES EFFETS SECONDAIRES?<\/strong><\/span><\/p>\n<p>Les effets ind\u00e9sirables les plus fr\u00e9quents sont les maux de t\u00eate, les naus\u00e9es, la r\u00e9tention d&#8217;eau et la fatigue. Gardez \u00e0 l&#8217;esprit que certains sujets de test ont tendance \u00e0 \u00eatre assez <strong>parano\u00efaques<\/strong> lors de la prise de ce type de produit. Il est difficile de savoir si les effets secondaires d\u00e9crits sont dus au <strong>LGD 4033<\/strong> ou pas, mais dans tous les cas aucun effets secondaires similaires aux st\u00e9ro\u00efdes n&#8217;a \u00e9t\u00e9 observ\u00e9.<strong>Acheter<\/strong> <strong>en ligne steroides<\/strong><\/p>\n<\/div>\n","protected":false},"excerpt":{"rendered":"<div align=\"justify\"><strong>Laboratoire :<\/strong> Platinum Biotech<br \/>\n<strong>Forme :<\/strong> Orale<br \/>\n<strong>Mol\u00e9cule :<\/strong> LGD 4033<br \/>\n<strong>Concentration :<\/strong> 5mg\/comprim\u00e9<br \/>\n<strong>Volume :<\/strong> 60 comprim\u00e9s<br \/>\n<strong>Dosage Recommand\u00e9 :<\/strong> 5-10mg\/jour<\/p>\n<p>Le LGD 4033 est un SARMS qui a \u00e9t\u00e9 mis au point pour son effet anabolique sur le tissu musculaire. C&#8217;est l&#8217;un des types les plus r\u00e9cents de SARMS; il produit des r\u00e9sultats similaires aux st\u00e9ro\u00efdes anabolisants, mais sans les effets secondaires n\u00e9gatifs.<\/p>\n<\/div>\n","protected":false},"featured_media":53146,"comment_status":"closed","ping_status":"closed","template":"","meta":[],"berocket_brand":[176],"yoast_head":"<!-- This site is optimized with the Yoast SEO plugin v15.9.1 - https:\/\/yoast.com\/wordpress\/plugins\/seo\/ -->\n<title>LGD 4033 [SARMS 5mg] - 60 Tabs - Global Anabolic<\/title>\n<meta name=\"description\" content=\"Roidsmania.com \u00e0 s\u00e9lectionn\u00e9 pour vous le LGD 4033 [SARMS 5mg] - 60 Tabs - Global Anabolic. Livraison Rapide. Paiement Facile.\" \/>\n<meta name=\"robots\" content=\"index, follow, max-snippet:-1, max-image-preview:large, max-video-preview:-1\" \/>\n<link rel=\"canonical\" href=\"https:\/\/roidsmania.com\/fr\/produit\/lgd-4033-sarms-5mg-60-tabs-global-anabolic\/\" \/>\n<meta property=\"og:locale\" content=\"fr_FR\" \/>\n<meta property=\"og:type\" content=\"article\" \/>\n<meta property=\"og:title\" content=\"LGD 4033 [SARMS 5mg] - 60 Tabs - Global Anabolic\" \/>\n<meta property=\"og:description\" content=\"Roidsmania.com \u00e0 s\u00e9lectionn\u00e9 pour vous le LGD 4033 [SARMS 5mg] - 60 Tabs - Global Anabolic. Livraison Rapide. Paiement Facile.\" \/>\n<meta property=\"og:url\" content=\"https:\/\/roidsmania.com\/fr\/produit\/lgd-4033-sarms-5mg-60-tabs-global-anabolic\/\" \/>\n<meta property=\"og:site_name\" content=\"RoidsMania.com\" \/>\n<meta property=\"article:modified_time\" content=\"2020-10-27T21:51:43+00:00\" \/>\n<meta property=\"og:image\" content=\"https:\/\/roidsmania.com\/wp-content\/uploads\/2019\/04\/SARM-LGD-4033-GLOBAL-ANABOLIC.jpg\" \/>\n\t<meta property=\"og:image:width\" content=\"738\" \/>\n\t<meta property=\"og:image:height\" content=\"741\" \/>\n<meta name=\"twitter:card\" content=\"summary\" \/>\n<meta name=\"twitter:label1\" content=\"Dur\u00e9e de lecture est.\">\n\t<meta name=\"twitter:data1\" content=\"2 minutes\">\n<script type=\"application\/ld+json\" class=\"yoast-schema-graph\">{\"@context\":\"https:\/\/schema.org\",\"@graph\":[{\"@type\":\"WebSite\",\"@id\":\"https:\/\/roidsmania.com\/fr\/#website\",\"url\":\"https:\/\/roidsmania.com\/fr\/\",\"name\":\"RoidsMania.com\",\"description\":\"Online Anabolic Steroids shop\",\"potentialAction\":[{\"@type\":\"SearchAction\",\"target\":\"https:\/\/roidsmania.com\/fr\/?s={search_term_string}\",\"query-input\":\"required name=search_term_string\"}],\"inLanguage\":\"fr-FR\"},{\"@type\":\"ImageObject\",\"@id\":\"https:\/\/roidsmania.com\/fr\/produit\/lgd-4033-sarms-5mg-60-tabs-global-anabolic\/#primaryimage\",\"inLanguage\":\"fr-FR\",\"url\":\"https:\/\/roidsmania.com\/wp-content\/uploads\/2019\/04\/SARM-LGD-4033-GLOBAL-ANABOLIC.jpg\",\"width\":738,\"height\":741},{\"@type\":\"WebPage\",\"@id\":\"https:\/\/roidsmania.com\/fr\/produit\/lgd-4033-sarms-5mg-60-tabs-global-anabolic\/#webpage\",\"url\":\"https:\/\/roidsmania.com\/fr\/produit\/lgd-4033-sarms-5mg-60-tabs-global-anabolic\/\",\"name\":\"LGD 4033 [SARMS 5mg] - 60 Tabs - Global Anabolic\",\"isPartOf\":{\"@id\":\"https:\/\/roidsmania.com\/fr\/#website\"},\"primaryImageOfPage\":{\"@id\":\"https:\/\/roidsmania.com\/fr\/produit\/lgd-4033-sarms-5mg-60-tabs-global-anabolic\/#primaryimage\"},\"datePublished\":\"2019-04-26T22:23:05+00:00\",\"dateModified\":\"2020-10-27T21:51:43+00:00\",\"description\":\"Roidsmania.com \\u00e0 s\\u00e9lectionn\\u00e9 pour vous le LGD 4033 [SARMS 5mg] - 60 Tabs - Global Anabolic. Livraison Rapide. Paiement Facile.\",\"breadcrumb\":{\"@id\":\"https:\/\/roidsmania.com\/fr\/produit\/lgd-4033-sarms-5mg-60-tabs-global-anabolic\/#breadcrumb\"},\"inLanguage\":\"fr-FR\",\"potentialAction\":[{\"@type\":\"ReadAction\",\"target\":[\"https:\/\/roidsmania.com\/fr\/produit\/lgd-4033-sarms-5mg-60-tabs-global-anabolic\/\"]}]},{\"@type\":\"BreadcrumbList\",\"@id\":\"https:\/\/roidsmania.com\/fr\/produit\/lgd-4033-sarms-5mg-60-tabs-global-anabolic\/#breadcrumb\",\"itemListElement\":[{\"@type\":\"ListItem\",\"position\":1,\"item\":{\"@type\":\"WebPage\",\"@id\":\"https:\/\/roidsmania.com\/fr\/\",\"url\":\"https:\/\/roidsmania.com\/fr\/\",\"name\":\"Home\"}},{\"@type\":\"ListItem\",\"position\":2,\"item\":{\"@type\":\"WebPage\",\"@id\":\"https:\/\/roidsmania.com\/fr\/boutique\/\",\"url\":\"https:\/\/roidsmania.com\/fr\/boutique\/\",\"name\":\"BOUTIQUE\"}},{\"@type\":\"ListItem\",\"position\":3,\"item\":{\"@type\":\"WebPage\",\"@id\":\"https:\/\/roidsmania.com\/fr\/produit\/lgd-4033-sarms-5mg-60-tabs-global-anabolic\/\",\"url\":\"https:\/\/roidsmania.com\/fr\/produit\/lgd-4033-sarms-5mg-60-tabs-global-anabolic\/\",\"name\":\"LGD 4033 [SARMS 5mg] &#8211; 60 Tabs &#8211; Global Anabolic\"}}]}]}<\/script>\n<!-- \/ Yoast SEO plugin. -->","_links":{"self":[{"href":"https:\/\/roidsmania.com\/fr\/wp-json\/wp\/v2\/product\/53147\/"}],"collection":[{"href":"https:\/\/roidsmania.com\/fr\/wp-json\/wp\/v2\/product\/"}],"about":[{"href":"https:\/\/roidsmania.com\/fr\/wp-json\/wp\/v2\/types\/product\/"}],"replies":[{"embeddable":true,"href":"https:\/\/roidsmania.com\/fr\/wp-json\/wp\/v2\/comments\/?post=53147"}],"wp:featuredmedia":[{"embeddable":true,"href":"https:\/\/roidsmania.com\/fr\/wp-json\/wp\/v2\/media\/53146\/"}],"wp:attachment":[{"href":"https:\/\/roidsmania.com\/fr\/wp-json\/wp\/v2\/media\/?parent=53147"}],"wp:term":[{"taxonomy":"berocket_brand","embeddable":true,"href":"https:\/\/roidsmania.com\/fr\/wp-json\/wp\/v2\/berocket_brand\/?post=53147"}],"curies":[{"name":"wp","href":"https:\/\/api.w.org\/{rel}","templated":true}]}}