{"id":50772,"date":"2019-03-27T00:38:36","date_gmt":"2019-03-26T17:38:36","guid":{"rendered":"https:\/\/roidsmania.com\/product\/acnotin-roaccutane-isotretinoin-20mg-30-tabs-mega-pharma\/"},"modified":"2026-03-21T03:30:28","modified_gmt":"2026-03-20T20:30:28","slug":"acnotin-roaccutane-isotretinoin-10-20mg-30-tabs-mega-pharma","status":"publish","type":"product","link":"https:\/\/roidsmania.com\/fr\/produit\/acnotin-roaccutane-isotretinoin-10-20mg-30-tabs-mega-pharma\/","title":{"rendered":"Acnotin Roaccutane [Isotretinoin &#8211; 10\/20mg] &#8211; 30 Tabs &#8211; Mega Pharma"},"content":{"rendered":"<div align=\"justify\">\n<p>Le <strong>Roaccutane<\/strong>, Acnotin ou isotr\u00e9tino\u00efne, est une forme de vitamine A qui appartient au groupe des r\u00e9tino\u00efdes. Il est souvent utilis\u00e9 pour traiter les formes complexes d&#8217;acn\u00e9 lorsque les autres m\u00e9dicaments <strong>anti-acn\u00e9iques<\/strong> n&#8217;ont pas eu les effets escompt\u00e9s.<strong>Steroide anabolisant<\/strong><\/p>\n<p><span style=\"font-size: 12pt;\"><strong>Comment fonctionne l&#8217;isotr\u00e9tino\u00efne?<\/strong><\/span><\/p>\n<p>Le <strong>Roaccutane<\/strong> supprime la s\u00e9cr\u00e9tion de<strong> s\u00e9bum<\/strong> en r\u00e9duisant les<strong> glandes s\u00e9bac\u00e9es<\/strong>, cela permet de r\u00e9duire la migration des <strong>bact\u00e9ries<\/strong> dans les <strong>canaux.<\/strong><br \/>\nil r\u00e9duit aussi la premi\u00e8re couche de l&#8217;\u00e9piderme, permettant ainsi au s\u00e9bum de sortir plus facilement de la peau, de ce fait il n\u2019obstrue pas les port et par cons\u00e9quent<strong> \u00e9vite des boutons<\/strong>.<\/p>\n<p><span style=\"font-size: 12pt;\"><strong>Comment doit-on utiliser l&#8217;isotr\u00e9tino\u00efne?<\/strong><\/span><\/p>\n<p>Il est recommand\u00e9 de prendre l&#8217;isotr\u00e9tino\u00efne avec de la nourriture, g\u00e9n\u00e9ralement deux fois par jour. <strong>Avalez les g\u00e9lules<\/strong> enti\u00e8res avec un<strong> grand verre d&#8217;eau.<\/strong><br \/>\nLa prise de ce produit est recommand\u00e9e durant toute la cure pour les personnes susceptibles d&#8217;avoir <strong>de l&#8217;acn\u00e9<\/strong>.<\/p>\n<\/div>\n","protected":false},"excerpt":{"rendered":"<div align=\"justify\"><strong>Laboratoire :<\/strong> Mega Pharma<br \/>\n<strong>Forme :<\/strong>\u00a0Orale<br \/>\n<strong>Mol\u00e9cule :<\/strong> Isotretinoine<br \/>\n<strong>Concentration :<\/strong>\u00a010\/20mg\/g\u00e9lule<br \/>\n<strong>Volume :<\/strong> 30 g\u00e9lules<br \/>\n<strong>Dosage Recommand\u00e9 :<\/strong> 20-40mg\/jour<\/p>\n<p>Le roaccutane est administr\u00e9 aux patients trait\u00e9s pour une acn\u00e9 s\u00e9v\u00e8re ne r\u00e9pondant pas aux autres m\u00e9dicaments. Le roaccutane est un r\u00e9tino\u00efde, il agit en r\u00e9duisant la production s\u00e9bum et en modifiant les caract\u00e9ristiques de celui-ci.<\/p>\n<\/div>\n","protected":false},"featured_media":249958,"comment_status":"closed","ping_status":"closed","template":"","meta":[],"berocket_brand":[],"yoast_head":"<!-- This site is optimized with the Yoast SEO plugin v15.9.1 - https:\/\/yoast.com\/wordpress\/plugins\/seo\/ -->\n<title>Acheter de l&#039;Acnotin Roaccutane [Isotretinoin - 10\/20mg] - 30 Tabs - Mega Pharma<\/title>\n<meta name=\"description\" content=\"Roidsmania.com a s\u00e9lectionn\u00e9 pour vous l&#039;Acnotin Roaccutane [Isotretinoin - 10\/20mg] - 30 Tabs - Mega Pharma. Exp\u00e9dition Rapide, Paiement Facile.\" \/>\n<meta name=\"robots\" content=\"index, follow, max-snippet:-1, max-image-preview:large, max-video-preview:-1\" \/>\n<link rel=\"canonical\" href=\"https:\/\/roidsmania.com\/fr\/produit\/acnotin-roaccutane-isotretinoin-10-20mg-30-tabs-mega-pharma\/\" \/>\n<meta property=\"og:locale\" content=\"fr_FR\" \/>\n<meta property=\"og:type\" content=\"article\" \/>\n<meta property=\"og:title\" content=\"Acheter de l&#039;Acnotin Roaccutane [Isotretinoin - 10\/20mg] - 30 Tabs - Mega Pharma\" \/>\n<meta property=\"og:description\" content=\"Roidsmania.com a s\u00e9lectionn\u00e9 pour vous l&#039;Acnotin Roaccutane [Isotretinoin - 10\/20mg] - 30 Tabs - Mega Pharma. Exp\u00e9dition Rapide, Paiement Facile.\" \/>\n<meta property=\"og:url\" content=\"https:\/\/roidsmania.com\/produit\/acnotin-roaccutane-isotretinoin-10-20mg-30-tabs-mega-pharma\/\" \/>\n<meta property=\"og:site_name\" content=\"RoidsMania.com\" \/>\n<meta property=\"article:modified_time\" content=\"2026-03-20T20:30:28+00:00\" \/>\n<meta property=\"og:image\" content=\"https:\/\/roidsmania.com\/wp-content\/uploads\/2019\/03\/acnotin1.jpg\" \/>\n\t<meta property=\"og:image:width\" content=\"1250\" \/>\n\t<meta property=\"og:image:height\" content=\"1250\" \/>\n<meta name=\"twitter:card\" content=\"summary\" \/>\n<meta name=\"twitter:label1\" content=\"Dur\u00e9e de lecture est.\">\n\t<meta name=\"twitter:data1\" content=\"1 minute\">\n<script type=\"application\/ld+json\" class=\"yoast-schema-graph\">{\"@context\":\"https:\/\/schema.org\",\"@graph\":[{\"@type\":\"WebSite\",\"@id\":\"https:\/\/roidsmania.com\/fr\/#website\",\"url\":\"https:\/\/roidsmania.com\/fr\/\",\"name\":\"RoidsMania.com\",\"description\":\"Online Anabolic Steroids shop\",\"potentialAction\":[{\"@type\":\"SearchAction\",\"target\":\"https:\/\/roidsmania.com\/fr\/?s={search_term_string}\",\"query-input\":\"required name=search_term_string\"}],\"inLanguage\":\"fr-FR\"},{\"@type\":\"ImageObject\",\"@id\":\"https:\/\/roidsmania.com\/produit\/acnotin-roaccutane-isotretinoin-10-20mg-30-tabs-mega-pharma\/#primaryimage\",\"inLanguage\":\"fr-FR\",\"url\":\"https:\/\/roidsmania.com\/wp-content\/uploads\/2019\/03\/acnotin-10-20.png\",\"width\":1385,\"height\":1080},{\"@type\":\"WebPage\",\"@id\":\"https:\/\/roidsmania.com\/produit\/acnotin-roaccutane-isotretinoin-10-20mg-30-tabs-mega-pharma\/#webpage\",\"url\":\"https:\/\/roidsmania.com\/produit\/acnotin-roaccutane-isotretinoin-10-20mg-30-tabs-mega-pharma\/\",\"name\":\"Acheter de l'Acnotin Roaccutane [Isotretinoin - 10\/20mg] - 30 Tabs - Mega Pharma\",\"isPartOf\":{\"@id\":\"https:\/\/roidsmania.com\/fr\/#website\"},\"primaryImageOfPage\":{\"@id\":\"https:\/\/roidsmania.com\/produit\/acnotin-roaccutane-isotretinoin-10-20mg-30-tabs-mega-pharma\/#primaryimage\"},\"datePublished\":\"2019-03-26T17:38:36+00:00\",\"dateModified\":\"2026-03-20T20:30:28+00:00\",\"description\":\"Roidsmania.com a s\\u00e9lectionn\\u00e9 pour vous l'Acnotin Roaccutane [Isotretinoin - 10\/20mg] - 30 Tabs - Mega Pharma. Exp\\u00e9dition Rapide, Paiement Facile.\",\"breadcrumb\":{\"@id\":\"https:\/\/roidsmania.com\/produit\/acnotin-roaccutane-isotretinoin-10-20mg-30-tabs-mega-pharma\/#breadcrumb\"},\"inLanguage\":\"fr-FR\",\"potentialAction\":[{\"@type\":\"ReadAction\",\"target\":[\"https:\/\/roidsmania.com\/produit\/acnotin-roaccutane-isotretinoin-10-20mg-30-tabs-mega-pharma\/\"]}]},{\"@type\":\"BreadcrumbList\",\"@id\":\"https:\/\/roidsmania.com\/produit\/acnotin-roaccutane-isotretinoin-10-20mg-30-tabs-mega-pharma\/#breadcrumb\",\"itemListElement\":[{\"@type\":\"ListItem\",\"position\":1,\"item\":{\"@type\":\"WebPage\",\"@id\":\"https:\/\/roidsmania.com\/fr\/\",\"url\":\"https:\/\/roidsmania.com\/fr\/\",\"name\":\"Home\"}},{\"@type\":\"ListItem\",\"position\":2,\"item\":{\"@type\":\"WebPage\",\"@id\":\"https:\/\/roidsmania.com\/fr\/boutique\/\",\"url\":\"https:\/\/roidsmania.com\/fr\/boutique\/\",\"name\":\"BOUTIQUE\"}},{\"@type\":\"ListItem\",\"position\":3,\"item\":{\"@type\":\"WebPage\",\"@id\":\"https:\/\/roidsmania.com\/produit\/acnotin-roaccutane-isotretinoin-10-20mg-30-tabs-mega-pharma\/\",\"url\":\"https:\/\/roidsmania.com\/produit\/acnotin-roaccutane-isotretinoin-10-20mg-30-tabs-mega-pharma\/\",\"name\":\"Acnotin Roaccutane [Isotretinoin &#8211; 10\/20mg] &#8211; 30 Tabs &#8211; Mega Pharma\"}}]}]}<\/script>\n<!-- \/ Yoast SEO plugin. -->","_links":{"self":[{"href":"https:\/\/roidsmania.com\/fr\/wp-json\/wp\/v2\/product\/50772\/"}],"collection":[{"href":"https:\/\/roidsmania.com\/fr\/wp-json\/wp\/v2\/product\/"}],"about":[{"href":"https:\/\/roidsmania.com\/fr\/wp-json\/wp\/v2\/types\/product\/"}],"replies":[{"embeddable":true,"href":"https:\/\/roidsmania.com\/fr\/wp-json\/wp\/v2\/comments\/?post=50772"}],"wp:featuredmedia":[{"embeddable":true,"href":"https:\/\/roidsmania.com\/fr\/wp-json\/wp\/v2\/media\/249958\/"}],"wp:attachment":[{"href":"https:\/\/roidsmania.com\/fr\/wp-json\/wp\/v2\/media\/?parent=50772"}],"wp:term":[{"taxonomy":"berocket_brand","embeddable":true,"href":"https:\/\/roidsmania.com\/fr\/wp-json\/wp\/v2\/berocket_brand\/?post=50772"}],"curies":[{"name":"wp","href":"https:\/\/api.w.org\/{rel}","templated":true}]}}