{"id":50519,"date":"2019-03-23T20:03:38","date_gmt":"2019-03-23T13:03:38","guid":{"rendered":"https:\/\/roidsmania.com\/product\/andrabolic-25-sarms-s4-25mg-30-tabs-platinum-biotech\/"},"modified":"2020-10-28T04:52:47","modified_gmt":"2020-10-27T21:52:47","slug":"andrabolic-25-sarms-s4-25mg-30-tabs-platinum-biotech","status":"publish","type":"product","link":"https:\/\/roidsmania.com\/fr\/produit\/andrabolic-25-sarms-s4-25mg-30-tabs-platinum-biotech\/","title":{"rendered":"Andrabolic 25 [SARMS S4 25mg] &#8211; 30 Tabs &#8211; Platinum Biotech"},"content":{"rendered":"<div align=\"justify\">\n<p><strong>L&#8217;Andrabolic 25 (S4) est un SARMS<\/strong>, il a \u00e9t\u00e9 sp\u00e9cialement con\u00e7u pour traiter diverses maladies, mais principalement afin d&#8217;\u00e9viter un maximum la fonte musculaire.<\/p>\n<p>Ce <strong>SARMS S4<\/strong> est consid\u00e9r\u00e9 comme l\u2019un des compos\u00e9s les plus puissants car il est connu pour son action tr\u00e8s rapide, il est largement utilis\u00e9 par de nombreux<strong> athl\u00e8tes,<\/strong> y compris les bodybuilders<strong>.Acheter anabolisant<\/strong><\/p>\n<p>Ce produit fonctionne en se liant aux r\u00e9cepteurs des androg\u00e8nes. tout comme les autres <strong>SARMS<\/strong>, les r\u00e9cepteurs des androg\u00e8nes jouent un r\u00f4le tr\u00e8s important dans la construction de tissus musculaires maigres.<\/p>\n<p>&nbsp;<\/p>\n<p><span style=\"font-size: 12pt;\"><strong>AVANTAGES DE L&#8217;ANDRABOLIC\u00a025 :<\/strong><\/span><\/p>\n<ul>\n<li id=\"tw-target-text\" class=\"tw-data-text tw-ta tw-text-small\" dir=\"ltr\" data-placeholder=\"Traduction\"><span lang=\"fr\" tabindex=\"0\">L\u2019atout majeur d\u2019Andrabolic <strong>25 est<\/strong> qu\u2019il est tr\u00e8s efficace \u00e0 faible dose. En raison de sa biodisponibilit\u00e9 \u00e9lev\u00e9e, vous obtiendrez de bons r\u00e9sultats en quelques semaines seulement. <\/span><\/li>\n<li class=\"tw-data-text tw-ta tw-text-small\" dir=\"ltr\" data-placeholder=\"Traduction\"><span lang=\"fr\" tabindex=\"0\">En raison des effets anabolisants \u00e9lev\u00e9s, vous pouvez ressentir des effets similaires \u00e0 ceux des st\u00e9ro\u00efdes.\u00a0<\/span><\/li>\n<li dir=\"ltr\" data-placeholder=\"Traduction\">L&#8217;<span lang=\"fr\" tabindex=\"0\"> Andrabolic<strong> 25 vou<\/strong>s aidera \u00e0 d\u00e9velopper de la masse musculaire maigre, sans r\u00e9tention d&#8217;eau<\/span><\/li>\n<li class=\"tw-data-text tw-ta tw-text-small\" dir=\"ltr\" data-placeholder=\"Traduction\"><span lang=\"fr\" tabindex=\"0\">Ce produit procure une bonne augmentation de la force, apr\u00e8s environ deux semaines de cures, vous sentirez une nette diff\u00e9rence quand vous soul\u00e8verez vos poids habituels.\u00a0<\/span><\/li>\n<\/ul>\n<p><strong>STACKS :\u00a0<\/strong><\/p>\n<p>Concernant les stacks avec ce produit, tout d\u00e9pendra de vos objectifs, les culturistes choisissent g\u00e9n\u00e9ralement de stacker l&#8217;Andrabolic 25 avec le <a href=\"https:\/\/roidsmania.to\/fr\/produit\/liganabolic-5-sarms-lgd-4033-5mg-30-tabs-platinum-biotech\/\">LGD-4033<\/a> pour gagner beaucoup de volume et de masse musculaire en un court laps de temps. la dose recommand\u00e9e est de <strong>25 \u00e0 50 mg<\/strong> d&#8217;Andrabolic<strong> 25 et 5 \u00e0<\/strong> <strong>10 mg<\/strong> de <a href=\"https:\/\/roidsmania.to\/fr\/produit\/liganabolic-5-sarms-lgd-4033-5mg-30-tabs-platinum-biotech\/\">LGD-4033<\/a><\/p>\n<p>Si vous \u00eates dans une cure de s\u00e8che et que vous souhaitez prot\u00e9ger votre masse musculaire, les meilleurs stacks sont les suivants: Andrabolic <strong>25<\/strong> et <a href=\"https:\/\/roidsmania.to\/fr\/produit\/ostabolic-sarms-mk-2866-10mg-30-tabs-platinum-biotech\/\">MK-2866<\/a>. Certains culturistes choisiront \u00e9galement d&#8217;ajouter <a href=\"https:\/\/roidsmania.to\/fr\/produit\/endurobolic-10-sarms-gw-501516-10mg-30-tabs-platinum-biotech\/\">GW-501516<\/a> pour am\u00e9liorer leur endurance.<\/p>\n<p>Vous pouvez aussi tr\u00e8s bien stacker ce SARMS avec de la <a href=\"https:\/\/roidsmania.to\/fr\/categorie-produit\/parabolan-methyl-trenbolone-fr\/\">Trenbolone<\/a> par exemple, m\u00eame \u00e0 faible dose, cela a un tr\u00e8s bon rendu dans un objectif de prise de masse de qualit\u00e9.<\/p>\n<p>&nbsp;<\/p>\n<p><span style=\"font-size: 12pt;\"><strong>COMMENT PRENDRE l&#8217;ANDRABOLIC\u00a025?<\/strong><\/span><\/p>\n<p>\u00c9tant donn\u00e9 que l&#8217;Andrabolic<strong> 25<\/strong> a une activit\u00e9 anabolique tr\u00e8s \u00e9lev\u00e9e, ce SARMS n&#8217;a pas besoin d&#8217;\u00eatre prit \u00e0 haut dosage, il est en effet plus adapt\u00e9 de le prendre \u00e0 des doses faibles \u00e0 mod\u00e9r\u00e9es.<br \/>\nles doses recommand\u00e9es sont de <strong>25 \u00e0 75 mg<\/strong> par jour durant <strong>6 \u00e0 8 semaines.<\/strong><br \/>\nPour tirer le meilleur parti de votre dose, il est recommand\u00e9 de la r\u00e9partir tout au long de la journ\u00e9e. La demi-vie est d&#8217;environ <strong>4 \u00e0 6 heures<\/strong>. Cela signifie que vous devriez le fractionner en 2 voire 3 doses par jour.<\/p>\n<p>&nbsp;<\/p>\n<p><span style=\"font-size: 12pt;\"><strong>L&#8217;ANDRABOLIC\u00a025 A-T-IL DES EFFETS IND\u00c9SIRABLES?<\/strong><\/span><\/p>\n<p>Vous n\u2019aurez pas \u00e0 vous inqui\u00e9ter des effets secondaires tels que la <strong>gyn\u00e9comastie<\/strong>, la r\u00e9tention d\u2019eau ou la chute des cheveux. Cependant, les effets secondaires ne sont pas totalement absents.<\/p>\n<p><strong>L&#8217;Andrabolic 25<\/strong> a une action diff\u00e9rente de celui de la plupart des SARMS, n\u00e9anmoins celui-ci semble se lier aux r\u00e9cepteurs des yeux.<\/p>\n<p><strong>Qu&#8217;est-ce que \u00e7a veut dire?<\/strong><br \/>\nCela aura un effet sur votre vision. Une partie des utilisateurs ont signal\u00e9 une<strong> hyper sensibilit\u00e9<\/strong> oculaire et\/ou une l\u00e9g\u00e8re teinte jaune venant s&#8217;ajouter a leurs visions.<\/p>\n<p>Ces effets secondaires d\u00e9pendent bien sur du dosage et ceux-ci disparaissent une fois la cure termin\u00e9e.<\/p>\n<\/div>\n","protected":false},"excerpt":{"rendered":"<div align=\"justify\"><strong>Laboratoire :<\/strong> Platinum Biotech<br \/>\n<strong>Forme :<\/strong> Orale<br \/>\n<strong>Mol\u00e9cule :<\/strong> S4<br \/>\n<strong>Concentration :<\/strong> 25mg\/comprim\u00e9<br \/>\n<strong>Volume :<\/strong> 30 comprim\u00e9s<br \/>\n<strong>Dosage Recommand\u00e9 :<\/strong> 25-75mg\/jour<\/p>\n<p>L&#8217;Andrabolic 25 (S4) se lie aux r\u00e9cepteurs des androg\u00e8nes et permet d&#8217;augmenter la force et la masse musculaire, sans ass\u00e9cher les articulations, sans provoquer de stress h\u00e9patique et ne touchant pas a la production naturelle de testost\u00e9rone..Ce produit renforce les os et les tissus et il est une aide efficacement dans le cadre d&#8217;une s\u00e8che ainsi que pour pr\u00e9venir la fonte musculaire.<\/p>\n<\/div>\n","protected":false},"featured_media":50518,"comment_status":"open","ping_status":"closed","template":"","meta":[],"berocket_brand":[204],"yoast_head":"<!-- This site is optimized with the Yoast SEO plugin v15.9.1 - https:\/\/yoast.com\/wordpress\/plugins\/seo\/ -->\n<title>Acheter de l&#039;Andrabolic 25 [SARMS S4 25mg] - 30 Tabs - Platinum Biotech<\/title>\n<meta name=\"description\" content=\"Roidsmania.com \u00e0 s\u00e9lectionn\u00e9 pour vous l&#039;Andrabolic 25 [SARMS S4 25mg] - 30 Tabs - Platinum Biotech. Livraison Rapide. Paiement Facile.\" \/>\n<meta name=\"robots\" content=\"index, follow, max-snippet:-1, max-image-preview:large, max-video-preview:-1\" \/>\n<link rel=\"canonical\" href=\"https:\/\/roidsmania.com\/fr\/produit\/andrabolic-25-sarms-s4-25mg-30-tabs-platinum-biotech\/\" \/>\n<meta property=\"og:locale\" content=\"fr_FR\" \/>\n<meta property=\"og:type\" content=\"article\" \/>\n<meta property=\"og:title\" content=\"Acheter de l&#039;Andrabolic 25 [SARMS S4 25mg] - 30 Tabs - Platinum Biotech\" \/>\n<meta property=\"og:description\" content=\"Roidsmania.com \u00e0 s\u00e9lectionn\u00e9 pour vous l&#039;Andrabolic 25 [SARMS S4 25mg] - 30 Tabs - Platinum Biotech. Livraison Rapide. Paiement Facile.\" \/>\n<meta property=\"og:url\" content=\"https:\/\/roidsmania.com\/fr\/produit\/andrabolic-25-sarms-s4-25mg-30-tabs-platinum-biotech\/\" \/>\n<meta property=\"og:site_name\" content=\"RoidsMania.com\" \/>\n<meta property=\"article:modified_time\" content=\"2020-10-27T21:52:47+00:00\" \/>\n<meta property=\"og:image\" content=\"https:\/\/roidsmania.com\/wp-content\/uploads\/2019\/03\/Andabolic25.png\" \/>\n\t<meta property=\"og:image:width\" content=\"1987\" \/>\n\t<meta property=\"og:image:height\" content=\"3023\" \/>\n<meta name=\"twitter:card\" content=\"summary\" \/>\n<meta name=\"twitter:label1\" content=\"Dur\u00e9e de lecture est.\">\n\t<meta name=\"twitter:data1\" content=\"3 minutes\">\n<script type=\"application\/ld+json\" class=\"yoast-schema-graph\">{\"@context\":\"https:\/\/schema.org\",\"@graph\":[{\"@type\":\"WebSite\",\"@id\":\"https:\/\/roidsmania.com\/fr\/#website\",\"url\":\"https:\/\/roidsmania.com\/fr\/\",\"name\":\"RoidsMania.com\",\"description\":\"Online Anabolic Steroids shop\",\"potentialAction\":[{\"@type\":\"SearchAction\",\"target\":\"https:\/\/roidsmania.com\/fr\/?s={search_term_string}\",\"query-input\":\"required name=search_term_string\"}],\"inLanguage\":\"fr-FR\"},{\"@type\":\"ImageObject\",\"@id\":\"https:\/\/roidsmania.com\/fr\/produit\/andrabolic-25-sarms-s4-25mg-30-tabs-platinum-biotech\/#primaryimage\",\"inLanguage\":\"fr-FR\",\"url\":\"https:\/\/roidsmania.com\/wp-content\/uploads\/2019\/03\/Andabolic25.png\",\"width\":1987,\"height\":3023},{\"@type\":\"WebPage\",\"@id\":\"https:\/\/roidsmania.com\/fr\/produit\/andrabolic-25-sarms-s4-25mg-30-tabs-platinum-biotech\/#webpage\",\"url\":\"https:\/\/roidsmania.com\/fr\/produit\/andrabolic-25-sarms-s4-25mg-30-tabs-platinum-biotech\/\",\"name\":\"Acheter de l'Andrabolic 25 [SARMS S4 25mg] - 30 Tabs - Platinum Biotech\",\"isPartOf\":{\"@id\":\"https:\/\/roidsmania.com\/fr\/#website\"},\"primaryImageOfPage\":{\"@id\":\"https:\/\/roidsmania.com\/fr\/produit\/andrabolic-25-sarms-s4-25mg-30-tabs-platinum-biotech\/#primaryimage\"},\"datePublished\":\"2019-03-23T13:03:38+00:00\",\"dateModified\":\"2020-10-27T21:52:47+00:00\",\"description\":\"Roidsmania.com \\u00e0 s\\u00e9lectionn\\u00e9 pour vous l'Andrabolic 25 [SARMS S4 25mg] - 30 Tabs - Platinum Biotech. Livraison Rapide. Paiement Facile.\",\"breadcrumb\":{\"@id\":\"https:\/\/roidsmania.com\/fr\/produit\/andrabolic-25-sarms-s4-25mg-30-tabs-platinum-biotech\/#breadcrumb\"},\"inLanguage\":\"fr-FR\",\"potentialAction\":[{\"@type\":\"ReadAction\",\"target\":[\"https:\/\/roidsmania.com\/fr\/produit\/andrabolic-25-sarms-s4-25mg-30-tabs-platinum-biotech\/\"]}]},{\"@type\":\"BreadcrumbList\",\"@id\":\"https:\/\/roidsmania.com\/fr\/produit\/andrabolic-25-sarms-s4-25mg-30-tabs-platinum-biotech\/#breadcrumb\",\"itemListElement\":[{\"@type\":\"ListItem\",\"position\":1,\"item\":{\"@type\":\"WebPage\",\"@id\":\"https:\/\/roidsmania.com\/fr\/\",\"url\":\"https:\/\/roidsmania.com\/fr\/\",\"name\":\"Home\"}},{\"@type\":\"ListItem\",\"position\":2,\"item\":{\"@type\":\"WebPage\",\"@id\":\"https:\/\/roidsmania.com\/fr\/boutique\/\",\"url\":\"https:\/\/roidsmania.com\/fr\/boutique\/\",\"name\":\"BOUTIQUE\"}},{\"@type\":\"ListItem\",\"position\":3,\"item\":{\"@type\":\"WebPage\",\"@id\":\"https:\/\/roidsmania.com\/fr\/produit\/andrabolic-25-sarms-s4-25mg-30-tabs-platinum-biotech\/\",\"url\":\"https:\/\/roidsmania.com\/fr\/produit\/andrabolic-25-sarms-s4-25mg-30-tabs-platinum-biotech\/\",\"name\":\"Andrabolic 25 [SARMS S4 25mg] &#8211; 30 Tabs &#8211; Platinum Biotech\"}}]}]}<\/script>\n<!-- \/ Yoast SEO plugin. -->","_links":{"self":[{"href":"https:\/\/roidsmania.com\/fr\/wp-json\/wp\/v2\/product\/50519\/"}],"collection":[{"href":"https:\/\/roidsmania.com\/fr\/wp-json\/wp\/v2\/product\/"}],"about":[{"href":"https:\/\/roidsmania.com\/fr\/wp-json\/wp\/v2\/types\/product\/"}],"replies":[{"embeddable":true,"href":"https:\/\/roidsmania.com\/fr\/wp-json\/wp\/v2\/comments\/?post=50519"}],"wp:featuredmedia":[{"embeddable":true,"href":"https:\/\/roidsmania.com\/fr\/wp-json\/wp\/v2\/media\/50518\/"}],"wp:attachment":[{"href":"https:\/\/roidsmania.com\/fr\/wp-json\/wp\/v2\/media\/?parent=50519"}],"wp:term":[{"taxonomy":"berocket_brand","embeddable":true,"href":"https:\/\/roidsmania.com\/fr\/wp-json\/wp\/v2\/berocket_brand\/?post=50519"}],"curies":[{"name":"wp","href":"https:\/\/api.w.org\/{rel}","templated":true}]}}