{"id":50489,"date":"2019-03-23T15:01:39","date_gmt":"2019-03-23T08:01:39","guid":{"rendered":"https:\/\/roidsmania.com\/product\/ibutabolic-10-sarms-mk-677-10mg-30-tabs-platinum-biotech\/"},"modified":"2020-10-28T04:53:04","modified_gmt":"2020-10-27T21:53:04","slug":"ibutabolic-10-sarms-mk-677-10mg-30-tabs-platinum-biotech","status":"publish","type":"product","link":"https:\/\/roidsmania.com\/fr\/produit\/ibutabolic-10-sarms-mk-677-10mg-30-tabs-platinum-biotech\/","title":{"rendered":"Ibutabolic 10 [SARMS MK 677 10mg] &#8211; 30 Tabs &#8211; Platinum Biotech"},"content":{"rendered":"<div align=\"justify\">\n<p>Le<strong> MK-677<\/strong> est \u00e9galement appel\u00e9 Ibutamoren, Ibutabolic <strong>10 ou<\/strong> <strong>Nutrobal,<\/strong> il s&#8217;agit du m\u00eame produit avec une appellation diff\u00e9rente.<\/p>\n<p>Le<strong> MK-677<\/strong> est classifi\u00e9 dans la cat\u00e9gorie des SARMS, mais son action d\u00e9passe largement l&#8217;utilisation d&#8217;un SARMS classique. C\u2019est en fait un s\u00e9cr\u00e9tagogue d\u2019hormone de croissance.<br \/>\nil a la capacit\u00e9 de stimuler les niveaux<strong> d\u2019hormone de croissance (GH)<\/strong> et le facteur de croissance analogue \u00e0 <strong>l\u2019insuline (IGF-1).<\/strong><br \/>\nL&#8217;hormone de croissance est n\u00e9cessaire pour que le corps fonctionne de mani\u00e8re optimale. elle joue un r\u00f4le crucial dans le d\u00e9veloppement des muscles et des tissus.<\/p>\n<p>C\u2019est un processus assez compliqu\u00e9, mais sachez que l&#8217;Ibutabolic<strong> 10 n\u2019interf\u00e8re<\/strong> pas avec d\u2019autres processus biologiques tels que la production d\u2019hormones naturelles. Cela signifie que vous augmenterez votre taux de GH sans les effets secondaires classiques tels que la suppression de la production de <strong>testost\u00e9rone naturelle par le corps.<\/strong><\/p>\n<p>&nbsp;<\/p>\n<p><span style=\"font-size: 12pt;\"><strong>AVANTAGES DU MK 677 :<\/strong><\/span><\/p>\n<ul>\n<li id=\"tw-target-text\" class=\"tw-data-text tw-ta tw-text-small\" dir=\"ltr\" data-placeholder=\"Traduction\"><span lang=\"fr\" tabindex=\"0\"><strong>CROISSANCE MUSCULAIRE <\/strong>\u00a0<\/span><\/li>\n<\/ul>\n<p><span lang=\"fr\" tabindex=\"0\">L<\/span><span lang=\"fr\" tabindex=\"0\">&#8216;un des principaux avantages du<strong> MK-677<\/strong> est le d\u00e9veloppement de la masse musculaire. En effet, l&#8217; MK-677 augmente les niveaux de<strong> GH et d&#8217;IGF-1,<\/strong> ne vous attendez pas a une prise de masse du m\u00eame niveau qu&#8217;une cure de susta\/deca par exemple, ce produit est plut\u00f4t a comparer avec une prise de masse avec une cure<strong> d&#8217;HGH.\u00a0<\/strong><\/span><\/p>\n<ul>\n<li><span lang=\"fr\" tabindex=\"0\"><strong>SOMMEIL AM\u00c9LIOR\u00c9<\/strong>\u00a0<\/span><\/li>\n<\/ul>\n<p><span lang=\"fr\" tabindex=\"0\">Un autre avantage du <strong>MK-677<\/strong> est une am\u00e9lioration de la qualit\u00e9 de votre sommeil, nous savons tous qu\u2019une bonne nuit de repos joue un r\u00f4le crucial dans la gu\u00e9rison et le d\u00e9veloppement du muscle. Avec<strong> l&#8217;Ibutabolic 10<\/strong>, vous dormirez plus profond\u00e9ment avec un sommeil r\u00e9parateur et de qualit\u00e9. Si vous \u00e9prouvez des difficult\u00e9s \u00e0 vous endormir, ce produit pourrait vous aider \u00e0 r\u00e9soudre ce probl\u00e8me<strong>.Acheter<\/strong> <strong>Steroides France<\/strong><br \/>\n<\/span><\/p>\n<ul>\n<li><strong>PEAU, CHEVEUX et ONGLES\u00a0<\/strong><\/li>\n<\/ul>\n<p><span lang=\"fr\" tabindex=\"0\">L&#8217;hormone de croissance et<strong> l&#8217;IGF-1<\/strong> ont un impact positif sur la peau, les cheveux et les ongles. Il a \u00e9t\u00e9 prouv\u00e9 que la GH interagit avec les cellules de la peau. <\/span><\/p>\n<ul>\n<li><strong><span lang=\"fr\" tabindex=\"0\">FAVORISE LA PERTE DE GRAISSE <\/span><\/strong><\/li>\n<\/ul>\n<p><span lang=\"fr\" tabindex=\"0\">Ce n&#8217;est pas l&#8217;objectif principal de ce produit, mais le MK 677 vous aidera dans des proportions mod\u00e9r\u00e9e a acc\u00e9l\u00e9rer l&#8217;\u00e9limination de votre graisse superflue.<\/span><\/p>\n<p>&nbsp;<\/p>\n<p><span style=\"font-size: 12pt;\"><strong>COMMENT PRENDRE le MK 677 :<\/strong><\/span><\/p>\n<p>La dose optimale est de <strong>20 \u00e0 30 mg,<\/strong> mais la dur\u00e9e du cycle est encore plus importante que la dose. Il est extr\u00eamement important que le<strong> MK-677<\/strong> soit utilis\u00e9 sur une longue p\u00e9riode, tout comme une cure d&#8217;HGH, les niveaux d&#8217;hormone de croissance doivent progressivement augmenter dans votre corps, ce qui peut prendre plusieurs semaines avant que vous ne ressentiez les effets.<\/p>\n<p><strong>Les dosages de Mk-677 que nous recommandons sont les suivants: <\/strong><\/p>\n<ul>\n<li>Renforcement musculaire:<strong> 30 mg<\/strong> par jour<\/li>\n<li>Perte de graisse:<strong> 20 mg<\/strong> par jour<\/li>\n<li>Soigner une blessure: <strong>10-20 mg<\/strong> par jour<\/li>\n<\/ul>\n<p>Vous n&#8217;aurez pas besoin d&#8217;une th\u00e9rapie<strong> post-cycle (PCT<\/strong>) pour Ibutabolic <strong>10,<\/strong> car ce produit n\u2019interf\u00e9rera pas avec la production naturelle de testost\u00e9rone de votre corps.<\/p>\n<p>&nbsp;<\/p>\n<p><span style=\"font-size: 12pt;\"><strong>L&#8217;MK-677 A-T-IL DES EFFETS SECONDAIRES?<\/strong><\/span><\/p>\n<p><span lang=\"fr\" tabindex=\"0\">\u00c9tant donn\u00e9 que l&#8217;MK-677 augmente les niveaux d&#8217;hormone de croissance, ces effets secondaires peuvent appara\u00eetre chez certaines personnes : <\/span><\/p>\n<ul>\n<li class=\"tw-data-text tw-ta tw-text-small\" dir=\"ltr\" data-placeholder=\"Traduction\"><span lang=\"fr\" tabindex=\"0\">Gonflement des articulations <\/span><\/li>\n<li class=\"tw-data-text tw-ta tw-text-small\" dir=\"ltr\" data-placeholder=\"Traduction\"><span lang=\"fr\" tabindex=\"0\">Peau engourdie<\/span><\/li>\n<li class=\"tw-data-text tw-ta tw-text-small\" dir=\"ltr\" data-placeholder=\"Traduction\"><span lang=\"fr\" tabindex=\"0\">Douleurs musculaires et articulaires <\/span><\/li>\n<li class=\"tw-data-text tw-ta tw-text-small\" dir=\"ltr\" data-placeholder=\"Traduction\"><span lang=\"fr\" tabindex=\"0\">R\u00e9tention d&#8217;eau\u00a0<\/span><\/li>\n<li class=\"tw-data-text tw-ta tw-text-small\" dir=\"ltr\" data-placeholder=\"Traduction\"><span lang=\"fr\" tabindex=\"0\">L\u00e9thargie <\/span><\/li>\n<\/ul>\n<p><span lang=\"fr\" tabindex=\"0\">Ces effets secondaires sont principalement caus\u00e9s par les <strong>niveaux \u00e9lev\u00e9s d&#8217;hormone de croissance dans le corps.<\/strong> Un autre effet secondaire r\u00e9guli\u00e8rement rencontr\u00e9 est l&#8217;augmentation<strong> de l&#8217;app\u00e9tit.<\/strong> N&#8217;oubliez pas que chaque personne est unique et tout le monde n&#8217;est pas confront\u00e9 aux m\u00eames effets secondaires.<\/span><\/p>\n<\/div>\n","protected":false},"excerpt":{"rendered":"<div align=\"justify\"><strong>Laboratoire :<\/strong> Platinum Biotech<br \/>\n<strong>Forme :<\/strong> Orale<br \/>\n<strong>Mol\u00e9cule :<\/strong> MK 677<br \/>\n<strong>Concentration :<\/strong> 10mg\/comprim\u00e9<br \/>\n<strong>Volume :<\/strong> 30 comprim\u00e9s<br \/>\n<strong>Dosage Recommand\u00e9 :<\/strong> 10-30mg\/jour<\/p>\n<p>Le Ibutabolic 10 ou MK 677 est un SARMS, s\u00e9cr\u00e9tagogue d&#8217;hormone de croissance, qui permet une un d\u00e9veloppement musculaire mod\u00e9r\u00e9, un r\u00e9cup\u00e9ration accrue apr\u00e8s une blessure, une am\u00e9lioration du sommeil, une r\u00e9duction des tissus adipeux et augmentation de l&#8217;app\u00e9tit.<\/p>\n<\/div>\n","protected":false},"featured_media":50487,"comment_status":"open","ping_status":"closed","template":"","meta":[],"berocket_brand":[204],"yoast_head":"<!-- This site is optimized with the Yoast SEO plugin v15.9.1 - https:\/\/yoast.com\/wordpress\/plugins\/seo\/ -->\n<title>Acheter du Ibutabolic 10 [SARMS MK 677 10mg] - 30 Tabs - Platinum Biotech<\/title>\n<meta name=\"description\" content=\"Roidsmania.com \u00e0 s\u00e9lectionn\u00e9 pour vous le Ibutabolic 10 [SARMS MK 677 10mg] - 30 Tabs - Platinum Biotech. Livraison Rapide. Paiement Facile.\" \/>\n<meta name=\"robots\" content=\"index, follow, max-snippet:-1, max-image-preview:large, max-video-preview:-1\" \/>\n<link rel=\"canonical\" href=\"https:\/\/roidsmania.com\/fr\/produit\/ibutabolic-10-sarms-mk-677-10mg-30-tabs-platinum-biotech\/\" \/>\n<meta property=\"og:locale\" content=\"fr_FR\" \/>\n<meta property=\"og:type\" content=\"article\" \/>\n<meta property=\"og:title\" content=\"Acheter du Ibutabolic 10 [SARMS MK 677 10mg] - 30 Tabs - Platinum Biotech\" \/>\n<meta property=\"og:description\" content=\"Roidsmania.com \u00e0 s\u00e9lectionn\u00e9 pour vous le Ibutabolic 10 [SARMS MK 677 10mg] - 30 Tabs - Platinum Biotech. Livraison Rapide. Paiement Facile.\" \/>\n<meta property=\"og:url\" content=\"https:\/\/roidsmania.com\/fr\/produit\/ibutabolic-10-sarms-mk-677-10mg-30-tabs-platinum-biotech\/\" \/>\n<meta property=\"og:site_name\" content=\"RoidsMania.com\" \/>\n<meta property=\"article:modified_time\" content=\"2020-10-27T21:53:04+00:00\" \/>\n<meta property=\"og:image\" content=\"https:\/\/roidsmania.com\/wp-content\/uploads\/2019\/03\/Ibutabolic10.png\" \/>\n\t<meta property=\"og:image:width\" content=\"1987\" \/>\n\t<meta property=\"og:image:height\" content=\"3023\" \/>\n<meta name=\"twitter:card\" content=\"summary\" \/>\n<meta name=\"twitter:label1\" content=\"Dur\u00e9e de lecture est.\">\n\t<meta name=\"twitter:data1\" content=\"3 minutes\">\n<script type=\"application\/ld+json\" class=\"yoast-schema-graph\">{\"@context\":\"https:\/\/schema.org\",\"@graph\":[{\"@type\":\"WebSite\",\"@id\":\"https:\/\/roidsmania.com\/fr\/#website\",\"url\":\"https:\/\/roidsmania.com\/fr\/\",\"name\":\"RoidsMania.com\",\"description\":\"Online Anabolic Steroids shop\",\"potentialAction\":[{\"@type\":\"SearchAction\",\"target\":\"https:\/\/roidsmania.com\/fr\/?s={search_term_string}\",\"query-input\":\"required name=search_term_string\"}],\"inLanguage\":\"fr-FR\"},{\"@type\":\"ImageObject\",\"@id\":\"https:\/\/roidsmania.com\/fr\/produit\/ibutabolic-10-sarms-mk-677-10mg-30-tabs-platinum-biotech\/#primaryimage\",\"inLanguage\":\"fr-FR\",\"url\":\"https:\/\/roidsmania.com\/wp-content\/uploads\/2019\/03\/Ibutabolic10.png\",\"width\":1987,\"height\":3023},{\"@type\":\"WebPage\",\"@id\":\"https:\/\/roidsmania.com\/fr\/produit\/ibutabolic-10-sarms-mk-677-10mg-30-tabs-platinum-biotech\/#webpage\",\"url\":\"https:\/\/roidsmania.com\/fr\/produit\/ibutabolic-10-sarms-mk-677-10mg-30-tabs-platinum-biotech\/\",\"name\":\"Acheter du Ibutabolic 10 [SARMS MK 677 10mg] - 30 Tabs - Platinum Biotech\",\"isPartOf\":{\"@id\":\"https:\/\/roidsmania.com\/fr\/#website\"},\"primaryImageOfPage\":{\"@id\":\"https:\/\/roidsmania.com\/fr\/produit\/ibutabolic-10-sarms-mk-677-10mg-30-tabs-platinum-biotech\/#primaryimage\"},\"datePublished\":\"2019-03-23T08:01:39+00:00\",\"dateModified\":\"2020-10-27T21:53:04+00:00\",\"description\":\"Roidsmania.com \\u00e0 s\\u00e9lectionn\\u00e9 pour vous le Ibutabolic 10 [SARMS MK 677 10mg] - 30 Tabs - Platinum Biotech. Livraison Rapide. Paiement Facile.\",\"breadcrumb\":{\"@id\":\"https:\/\/roidsmania.com\/fr\/produit\/ibutabolic-10-sarms-mk-677-10mg-30-tabs-platinum-biotech\/#breadcrumb\"},\"inLanguage\":\"fr-FR\",\"potentialAction\":[{\"@type\":\"ReadAction\",\"target\":[\"https:\/\/roidsmania.com\/fr\/produit\/ibutabolic-10-sarms-mk-677-10mg-30-tabs-platinum-biotech\/\"]}]},{\"@type\":\"BreadcrumbList\",\"@id\":\"https:\/\/roidsmania.com\/fr\/produit\/ibutabolic-10-sarms-mk-677-10mg-30-tabs-platinum-biotech\/#breadcrumb\",\"itemListElement\":[{\"@type\":\"ListItem\",\"position\":1,\"item\":{\"@type\":\"WebPage\",\"@id\":\"https:\/\/roidsmania.com\/fr\/\",\"url\":\"https:\/\/roidsmania.com\/fr\/\",\"name\":\"Home\"}},{\"@type\":\"ListItem\",\"position\":2,\"item\":{\"@type\":\"WebPage\",\"@id\":\"https:\/\/roidsmania.com\/fr\/boutique\/\",\"url\":\"https:\/\/roidsmania.com\/fr\/boutique\/\",\"name\":\"BOUTIQUE\"}},{\"@type\":\"ListItem\",\"position\":3,\"item\":{\"@type\":\"WebPage\",\"@id\":\"https:\/\/roidsmania.com\/fr\/produit\/ibutabolic-10-sarms-mk-677-10mg-30-tabs-platinum-biotech\/\",\"url\":\"https:\/\/roidsmania.com\/fr\/produit\/ibutabolic-10-sarms-mk-677-10mg-30-tabs-platinum-biotech\/\",\"name\":\"Ibutabolic 10 [SARMS MK 677 10mg] &#8211; 30 Tabs &#8211; Platinum Biotech\"}}]}]}<\/script>\n<!-- \/ Yoast SEO plugin. -->","_links":{"self":[{"href":"https:\/\/roidsmania.com\/fr\/wp-json\/wp\/v2\/product\/50489\/"}],"collection":[{"href":"https:\/\/roidsmania.com\/fr\/wp-json\/wp\/v2\/product\/"}],"about":[{"href":"https:\/\/roidsmania.com\/fr\/wp-json\/wp\/v2\/types\/product\/"}],"replies":[{"embeddable":true,"href":"https:\/\/roidsmania.com\/fr\/wp-json\/wp\/v2\/comments\/?post=50489"}],"wp:featuredmedia":[{"embeddable":true,"href":"https:\/\/roidsmania.com\/fr\/wp-json\/wp\/v2\/media\/50487\/"}],"wp:attachment":[{"href":"https:\/\/roidsmania.com\/fr\/wp-json\/wp\/v2\/media\/?parent=50489"}],"wp:term":[{"taxonomy":"berocket_brand","embeddable":true,"href":"https:\/\/roidsmania.com\/fr\/wp-json\/wp\/v2\/berocket_brand\/?post=50489"}],"curies":[{"name":"wp","href":"https:\/\/api.w.org\/{rel}","templated":true}]}}