{"id":50463,"date":"2019-03-23T03:35:56","date_gmt":"2019-03-22T20:35:56","guid":{"rendered":"https:\/\/roidsmania.com\/product\/liganabolic-5-sarms-lgd-4033-5mg-30-tabs-platinum-biotech\/"},"modified":"2020-10-28T04:58:27","modified_gmt":"2020-10-27T21:58:27","slug":"liganabolic-5-sarms-lgd-4033-5mg-30-tabs-platinum-biotech","status":"publish","type":"product","link":"https:\/\/roidsmania.com\/fr\/produit\/liganabolic-5-sarms-lgd-4033-5mg-30-tabs-platinum-biotech\/","title":{"rendered":"Liganabolic 5 [SARMS LGD 4033 5mg] &#8211; 30 Tabs &#8211; Platinum Biotech"},"content":{"rendered":"<div align=\"justify\">\n<p>Le<strong> Liganabolic 5 ou LGD 4033,<\/strong> est actuellement l\u2019un des SARMS les plus populaires. il est tr\u00e8s appr\u00e9ci\u00e9 en raison de ses effets secondaires quasiment inexistant : il ne provoque pas de perte de cheveux,<strong> gyn\u00e9comastie<\/strong>, n&#8217;affecte pas le foie et n&#8217;augmente pas la pression art\u00e9rielle.<strong>Meilleur HGH<\/strong><\/p>\n<p>&nbsp;<\/p>\n<p><span style=\"font-size: 12pt;\"><strong>AVANTAGES DU LGD 4033 :<\/strong><\/span><\/p>\n<ul>\n<li style=\"list-style-type: none;\">\n<ul>\n<li>Augmentation de la masse musculaire maigre : Des \u00e9tudes cliniques ont <strong>d\u00e9montr\u00e9es<\/strong> que les sujets test\u00e9s avaient des gains importants \u00e0 partir de 5,0 mg par jour.<\/li>\n<li>Augmentation de la force : Lorsque vous gagnerez plus de muscle, votre force augmentera \u00e9galement. Les utilisateurs ont signal\u00e9 que ce produit \u00e9tait \u00e9galement adapt\u00e9 pour des cures visant l&#8217;augmentation de la force. Attendez-vous \u00e0 ajouter du poids \u00e0 la barre chaque semaine.<br \/>\nEffets secondaires limit\u00e9s : L\u2019\u00e9tude clinique a montr\u00e9 que ce <strong>SARMS<\/strong> pouvait \u00eatre utilis\u00e9 sans danger \u00e0 aux doses recommand\u00e9es. Ils ont m\u00eame \u00e9tabli l&#8217;innocuit\u00e9 jusqu&#8217;\u00e0 une dose de <strong>22<\/strong> <strong>milligrammes<\/strong> par jour. La conclusion est que<strong> LGD<\/strong> <strong>4033<\/strong> a \u00e9t\u00e9 bien tol\u00e9r\u00e9 par les sujets du test.<\/li>\n<li>Augmentation de la vascularisation : Avec ce produit vous aurez les veines apparentes, et apparence stri\u00e9e.<\/li>\n<\/ul>\n<\/li>\n<\/ul>\n<p>Ce sont les principaux effets auxquels vous pouvez vous attendre avec ce produit mais peu importe votre objectif, \u00e9vitez de d\u00e9passer<strong> 20mg\/jour.<\/strong><\/p>\n<p>&nbsp;<\/p>\n<p><span style=\"font-size: 12pt;\"><strong>COMMENT PRENDRE le LGD 4033 :<\/strong><\/span><\/p>\n<p>Vous pouvez exp\u00e9rimenter<strong> 5 mg<\/strong> par jour si c&#8217;est votre premi\u00e8re cure avec ce type de produit. la dose recommand\u00e9e est entre<strong> 5-10mg<\/strong> par jour pour la construction de muscles maigres et l&#8217;augmentation de la force.<\/p>\n<p><strong>Exemples de cycle:<\/strong><br \/>\n<strong>OPTION 1 : 5mg d&#8217;LGD 4033 par jour sur 6 semaines<\/strong><br \/>\n<strong>OPTION 2 :\u00a010mg d&#8217;LGD 4033 par jour sur 8 semaines<\/strong><\/p>\n<p>Bien s\u00fbr, vous pouvez toujours d\u00e9buter avec un dosage r\u00e9duit et augmenter progressivement. Certains culturistes ont test\u00e9 des doses jusqu\u2019\u00e0 <strong>30 mg<\/strong> par jour, mais honn\u00eatement, nous ne le recommandons pas, il n&#8217;est pas n\u00e9cessaire d&#8217;arriver \u00e0 des doses extr\u00eames pour avoir les effets du produit.<\/p>\n<p><strong>La demi-vie de Ligandrol (LGD 4033)<\/strong> est d&#8217;environ<strong> 24 \u00e0 36<\/strong> heures. Cela signifie qu&#8217;une prise une fois par jour est suffisant, le matin au petit-d\u00e9jeuner par exemple.<\/p>\n<p>&nbsp;<\/p>\n<p><span style=\"font-size: 12pt;\"><strong>LE LGD 4033 A-T-IL DES EFFETS SECONDAIRES?<\/strong><\/span><\/p>\n<p>Les effets ind\u00e9sirables les plus fr\u00e9quents sont les maux de t\u00eate, les naus\u00e9es, la r\u00e9tention d&#8217;eau et la fatigue. Gardez \u00e0 l&#8217;esprit que certains sujets de test ont tendance \u00e0 \u00eatre assez parano\u00efaques lors de la prise de ce type de produit. Il est difficile de savoir si les effets secondaires d\u00e9crits sont dus au <strong>LGD 4033<\/strong> ou pas, mais dans tous les cas aucun effets secondaires similaires aux<strong> st\u00e9ro\u00efdes<\/strong> n&#8217;a \u00e9t\u00e9 observ\u00e9.<\/p>\n<\/div>\n","protected":false},"excerpt":{"rendered":"<div align=\"justify\"><strong>Laboratoire :<\/strong> Platinum Biotech<br \/>\n<strong>Forme :<\/strong> Orale<br \/>\n<strong>Mol\u00e9cule :<\/strong> LGD 4033<br \/>\n<strong>Concentration :<\/strong> 5mg\/comprim\u00e9<br \/>\n<strong>Volume :<\/strong> 30 comprim\u00e9s<br \/>\n<strong>Dosage Recommand\u00e9 :<\/strong> 5-10mg\/jour<\/p>\n<p>Liganabolic 5, \u00e9galement connu sous le nom de LGD 4033, est un SARMS qui a \u00e9t\u00e9 mis au point pour son effet anabolique sur le tissu musculaire. C&#8217;est l&#8217;un des types les plus r\u00e9cents de SARMS; il produit des r\u00e9sultats similaires aux st\u00e9ro\u00efdes anabolisants, mais sans les effets secondaires n\u00e9gatifs.<\/p>\n<\/div>\n","protected":false},"featured_media":50461,"comment_status":"open","ping_status":"closed","template":"","meta":[],"berocket_brand":[204],"yoast_head":"<!-- This site is optimized with the Yoast SEO plugin v15.9.1 - https:\/\/yoast.com\/wordpress\/plugins\/seo\/ -->\n<title>Acheter du Liganabolic 5 [SARMS LGD 4033 5mg] - 30 Tabs - Platinum Biotech<\/title>\n<meta name=\"description\" content=\"Roidsmania.com \u00e0 s\u00e9lectionn\u00e9 pour vous le Liganabolic 5 [SARMS LGD 4033 5mg] - 30 Tabs - Platinum Biotech. Livraison Rapide. Paiement Facile.\" \/>\n<meta name=\"robots\" content=\"index, follow, max-snippet:-1, max-image-preview:large, max-video-preview:-1\" \/>\n<link rel=\"canonical\" href=\"https:\/\/roidsmania.com\/fr\/produit\/liganabolic-5-sarms-lgd-4033-5mg-30-tabs-platinum-biotech\/\" \/>\n<meta property=\"og:locale\" content=\"fr_FR\" \/>\n<meta property=\"og:type\" content=\"article\" \/>\n<meta property=\"og:title\" content=\"Acheter du Liganabolic 5 [SARMS LGD 4033 5mg] - 30 Tabs - Platinum Biotech\" \/>\n<meta property=\"og:description\" content=\"Roidsmania.com \u00e0 s\u00e9lectionn\u00e9 pour vous le Liganabolic 5 [SARMS LGD 4033 5mg] - 30 Tabs - Platinum Biotech. Livraison Rapide. Paiement Facile.\" \/>\n<meta property=\"og:url\" content=\"https:\/\/roidsmania.com\/fr\/produit\/liganabolic-5-sarms-lgd-4033-5mg-30-tabs-platinum-biotech\/\" \/>\n<meta property=\"og:site_name\" content=\"RoidsMania.com\" \/>\n<meta property=\"article:modified_time\" content=\"2020-10-27T21:58:27+00:00\" \/>\n<meta property=\"og:image\" content=\"https:\/\/roidsmania.com\/wp-content\/uploads\/2019\/03\/Liganabolic5.png\" \/>\n\t<meta property=\"og:image:width\" content=\"1987\" \/>\n\t<meta property=\"og:image:height\" content=\"3023\" \/>\n<meta name=\"twitter:card\" content=\"summary\" \/>\n<meta name=\"twitter:label1\" content=\"Dur\u00e9e de lecture est.\">\n\t<meta name=\"twitter:data1\" content=\"2 minutes\">\n<script type=\"application\/ld+json\" class=\"yoast-schema-graph\">{\"@context\":\"https:\/\/schema.org\",\"@graph\":[{\"@type\":\"WebSite\",\"@id\":\"https:\/\/roidsmania.com\/fr\/#website\",\"url\":\"https:\/\/roidsmania.com\/fr\/\",\"name\":\"RoidsMania.com\",\"description\":\"Online Anabolic Steroids shop\",\"potentialAction\":[{\"@type\":\"SearchAction\",\"target\":\"https:\/\/roidsmania.com\/fr\/?s={search_term_string}\",\"query-input\":\"required name=search_term_string\"}],\"inLanguage\":\"fr-FR\"},{\"@type\":\"ImageObject\",\"@id\":\"https:\/\/roidsmania.com\/fr\/produit\/liganabolic-5-sarms-lgd-4033-5mg-30-tabs-platinum-biotech\/#primaryimage\",\"inLanguage\":\"fr-FR\",\"url\":\"https:\/\/roidsmania.com\/wp-content\/uploads\/2019\/03\/Liganabolic5.png\",\"width\":1987,\"height\":3023},{\"@type\":\"WebPage\",\"@id\":\"https:\/\/roidsmania.com\/fr\/produit\/liganabolic-5-sarms-lgd-4033-5mg-30-tabs-platinum-biotech\/#webpage\",\"url\":\"https:\/\/roidsmania.com\/fr\/produit\/liganabolic-5-sarms-lgd-4033-5mg-30-tabs-platinum-biotech\/\",\"name\":\"Acheter du Liganabolic 5 [SARMS LGD 4033 5mg] - 30 Tabs - Platinum Biotech\",\"isPartOf\":{\"@id\":\"https:\/\/roidsmania.com\/fr\/#website\"},\"primaryImageOfPage\":{\"@id\":\"https:\/\/roidsmania.com\/fr\/produit\/liganabolic-5-sarms-lgd-4033-5mg-30-tabs-platinum-biotech\/#primaryimage\"},\"datePublished\":\"2019-03-22T20:35:56+00:00\",\"dateModified\":\"2020-10-27T21:58:27+00:00\",\"description\":\"Roidsmania.com \\u00e0 s\\u00e9lectionn\\u00e9 pour vous le Liganabolic 5 [SARMS LGD 4033 5mg] - 30 Tabs - Platinum Biotech. Livraison Rapide. Paiement Facile.\",\"breadcrumb\":{\"@id\":\"https:\/\/roidsmania.com\/fr\/produit\/liganabolic-5-sarms-lgd-4033-5mg-30-tabs-platinum-biotech\/#breadcrumb\"},\"inLanguage\":\"fr-FR\",\"potentialAction\":[{\"@type\":\"ReadAction\",\"target\":[\"https:\/\/roidsmania.com\/fr\/produit\/liganabolic-5-sarms-lgd-4033-5mg-30-tabs-platinum-biotech\/\"]}]},{\"@type\":\"BreadcrumbList\",\"@id\":\"https:\/\/roidsmania.com\/fr\/produit\/liganabolic-5-sarms-lgd-4033-5mg-30-tabs-platinum-biotech\/#breadcrumb\",\"itemListElement\":[{\"@type\":\"ListItem\",\"position\":1,\"item\":{\"@type\":\"WebPage\",\"@id\":\"https:\/\/roidsmania.com\/fr\/\",\"url\":\"https:\/\/roidsmania.com\/fr\/\",\"name\":\"Home\"}},{\"@type\":\"ListItem\",\"position\":2,\"item\":{\"@type\":\"WebPage\",\"@id\":\"https:\/\/roidsmania.com\/fr\/boutique\/\",\"url\":\"https:\/\/roidsmania.com\/fr\/boutique\/\",\"name\":\"BOUTIQUE\"}},{\"@type\":\"ListItem\",\"position\":3,\"item\":{\"@type\":\"WebPage\",\"@id\":\"https:\/\/roidsmania.com\/fr\/produit\/liganabolic-5-sarms-lgd-4033-5mg-30-tabs-platinum-biotech\/\",\"url\":\"https:\/\/roidsmania.com\/fr\/produit\/liganabolic-5-sarms-lgd-4033-5mg-30-tabs-platinum-biotech\/\",\"name\":\"Liganabolic 5 [SARMS LGD 4033 5mg] &#8211; 30 Tabs &#8211; Platinum Biotech\"}}]}]}<\/script>\n<!-- \/ Yoast SEO plugin. -->","_links":{"self":[{"href":"https:\/\/roidsmania.com\/fr\/wp-json\/wp\/v2\/product\/50463\/"}],"collection":[{"href":"https:\/\/roidsmania.com\/fr\/wp-json\/wp\/v2\/product\/"}],"about":[{"href":"https:\/\/roidsmania.com\/fr\/wp-json\/wp\/v2\/types\/product\/"}],"replies":[{"embeddable":true,"href":"https:\/\/roidsmania.com\/fr\/wp-json\/wp\/v2\/comments\/?post=50463"}],"wp:featuredmedia":[{"embeddable":true,"href":"https:\/\/roidsmania.com\/fr\/wp-json\/wp\/v2\/media\/50461\/"}],"wp:attachment":[{"href":"https:\/\/roidsmania.com\/fr\/wp-json\/wp\/v2\/media\/?parent=50463"}],"wp:term":[{"taxonomy":"berocket_brand","embeddable":true,"href":"https:\/\/roidsmania.com\/fr\/wp-json\/wp\/v2\/berocket_brand\/?post=50463"}],"curies":[{"name":"wp","href":"https:\/\/api.w.org\/{rel}","templated":true}]}}