{"id":50443,"date":"2019-03-22T23:11:31","date_gmt":"2019-03-22T16:11:31","guid":{"rendered":"https:\/\/roidsmania.com\/product\/ostabolic-mk-2866-10mg-30-tabs-platinum-biotech\/"},"modified":"2020-10-28T04:58:42","modified_gmt":"2020-10-27T21:58:42","slug":"ostabolic-sarms-mk-2866-10mg-30-tabs-platinum-biotech","status":"publish","type":"product","link":"https:\/\/roidsmania.com\/fr\/produit\/ostabolic-sarms-mk-2866-10mg-30-tabs-platinum-biotech\/","title":{"rendered":"Ostabolic [SARMS MK 2866 10mg] &#8211; 30 Tabs &#8211; Platinum Biotech"},"content":{"rendered":"<div align=\"justify\">\n<p><strong>L&#8217;Ostabolic<\/strong> ou<strong> MK-2866<\/strong> est consid\u00e9r\u00e9 comme l\u2019un des SARMS les plus s\u00fbrs et les plus l\u00e9gers de sa cat\u00e9gorie.<\/p>\n<p>Ce <strong>SARMS<\/strong> a \u00e9t\u00e9 cr\u00e9\u00e9 par une soci\u00e9t\u00e9 pharmaceutique appel\u00e9e <strong>Platinum Biotech<\/strong>,<strong> L&#8217;Ostarine<\/strong> a \u00e9t\u00e9 sp\u00e9cialement con\u00e7u pour aider \u00e9viter au maximum la fonte musculaire. En raison de ses avantages exceptionnels pour la pr\u00e9servation des muscles, le <strong>MK-2866<\/strong> est devenu extr\u00eamement populaire aupr\u00e8s des bodybuilders.<\/p>\n<p>L&#8217;avantage de ce produit est qu&#8217;il n&#8217;a pas d&#8217;effets secondaires, d&#8217;une mani\u00e8re g\u00e9n\u00e9rale les<strong> SARMS<\/strong> sont fondamentalement des alternatives plus s\u00fbres aux st\u00e9ro\u00efdes et aux prohormones.<\/p>\n<p>&nbsp;<\/p>\n<p><span style=\"font-size: 12pt;\"><strong>AVANTAGES DE L&#8217;OSTARINE:<\/strong><\/span><\/p>\n<p>L&#8217;utilisation de <strong>l&#8217;Ostarine<\/strong> pr\u00e9sente de nombreux avantages, en effet ce produit est parfaitement adapt\u00e9 dans un cycle de prise de masse s\u00e8che, de prise de masse et m\u00eame pendant un cycle de s\u00e8che.<br \/>\nQu&#8217;il s&#8217;agisse de s\u00e9cher ou de <strong>gagner du muscle<\/strong>, L&#8217;ostarine se montrera redoutable dans chaque domaine.<\/p>\n<p>&nbsp;<\/p>\n<p><strong>1 \/ PRISE DE MASSE S\u00c8CHE<\/strong><\/p>\n<p>Parce que Ostarine a \u00e9t\u00e9 cr\u00e9\u00e9 pour aider \u00e0 lutter contre le fonte musculaire, il poss\u00e8de de grandes capacit\u00e9s de <strong>renforcement musculaire.<\/strong><br \/>\nLa plupart des gens pensent que ce produit ne peut \u00eatre utilis\u00e9 que pour la s\u00e8che, c&#8217;est une fausse id\u00e9e re\u00e7ue<strong>, l&#8217;Ostarine<\/strong> est tout aussi redoutable dans le cadre d&#8217;une prise de<strong> masse<\/strong> <strong>s\u00e8che<\/strong><\/p>\n<p>Beaucoup de <strong>BB<\/strong> utilisent ce<strong> SARMS<\/strong> pdans le cadre d&#8217;une prisse de masse, les effets du d\u00e9veloppement musculaire grace \u00e0<strong> l&#8217;Ostarine<\/strong> ont \u00e9galement \u00e9t\u00e9 confirm\u00e9s par de nombreuses \u00e9tudes cliniques<strong>.Acheter Steroides France<\/strong><\/p>\n<p>Bien s\u00fbr, ne vous attendez pas \u00e0 des r\u00e9sultats spectaculaires comme si vous utilisiez par exemple de la <strong>Trenbolone,<\/strong> Mais il convient de mentionner que vos progr\u00e8s ne seront pas limit\u00e9s par des effets secondaires. Ce qui vous permettra de construire des gains progressivement et durable sans aucun probl\u00e8me.<\/p>\n<p>&nbsp;<\/p>\n<p><strong>2 \/ S\u00c8CHE<\/strong><\/p>\n<p>En plus d\u2019\u00eatre un excellent d\u00e9veloppeur musculaire, le <strong>MK2866<\/strong> est \u00e9galement tr\u00e8s efficace pour aider \u00e0 br\u00fbler les graisses. Lorsque vous \u00eates en d\u00e9ficit calorique, vous perdrez <strong>g\u00e9n\u00e9ralement de la masse musculaire<\/strong> et de toute \u00e9vidence, c&#8217;est quelque chose que vous ne voulez pas voir arriver.<\/p>\n<p>C&#8217;est l\u00e0 qu&#8217;intervient <strong>l&#8217;Ostabolic.<\/strong> Gr\u00e2ce \u00e0 ses excellentes capacit\u00e9s de pr\u00e9servation musculaire, vous ne perdrez pas un seul gramme de muscle lors d&#8217;une s\u00e8che, et parce que vous aurez plus de muscle, votre diet sera plus efficace. De plus, vous conserverez votre force, contrairement \u00e0 un r\u00e9gime naturel.<\/p>\n<p>&nbsp;<\/p>\n<p><strong>COMMENT PRENDRE L&#8217;OSTARINE?<\/strong><\/p>\n<p>Un cycle d&#8217;ostarine dure de <strong>8 \u00e0 12 semaines.<\/strong> Vous ne devez pas utiliser ce produit pendant plus de <strong>12 semaines<\/strong> car vous augmenterez consid\u00e9rablement les chances de suppression de production de votre testost\u00e9rone naturelle.<\/p>\n<p><strong>Examples de cycle:<\/strong><br \/>\n<strong>OPTION 1 : 10mg d&#8217;Ostarine sur 8 semaines<\/strong><br \/>\n<strong>OPTION 2 : 20mg d&#8217;Ostarine sur 10 semaines<\/strong><br \/>\n<strong>OPTION 3 : 30mg d&#8217;Ostarine sur 12 semaines<\/strong><\/p>\n<p>Ces options sont les cycles les plus fr\u00e9quents que vous trouverez. Le premier cycle est destin\u00e9 aux d\u00e9butants car le dosage est assez faible et la dur\u00e9e du cycle n\u2019est que de<strong> 8<\/strong> <strong>semaines.<\/strong> Si vous \u00eates plus exp\u00e9riment\u00e9, vous pouvez utiliser le deuxi\u00e8me ou le troisi\u00e8me cycle.<\/p>\n<p>Le<strong> MK-2866<\/strong> kick g\u00e9n\u00e9ralement autour de la deuxi\u00e8me semaine, gardez bien cela \u00e0 l&#8217;esprit.<\/p>\n<p>&nbsp;<\/p>\n<p><strong>CONCLUSION SUR L&#8217;OSTARINE :<\/strong><\/p>\n<p>Avec ce SARMS, vous pouvez esp\u00e9rer gagner entre<strong> 3 \u00e0 5<\/strong> <strong>kilos<\/strong> de <strong>masse musculaire maigre<\/strong>. Il n\u2019est pas aussi puissant que les autres<strong> SARMS<\/strong> mais avec lui vos gains seront durables et solides.<br \/>\nIl peut \u00e9galement augmenter de mani\u00e8re significative la force pendant une prise de masse. Lorsque vous l&#8217;utilisez dans un cycle de s\u00e8che, ce produit vous assurera une <strong>conservation de votre masse musculaire.<\/strong><\/p>\n<\/div>\n","protected":false},"excerpt":{"rendered":"<div align=\"justify\"><strong>Laboratoire :<\/strong> Platinum Biotech<br \/>\n<strong>Forme :<\/strong> Orale<br \/>\n<strong>Mol\u00e9cule :<\/strong> MK 2866<br \/>\n<strong>Concentration :<\/strong> 10mg\/comprim\u00e9<br \/>\n<strong>Volume :<\/strong> 30 comprim\u00e9s<br \/>\n<strong>Dosage Recommand\u00e9 :<\/strong> 20-30mg\/jour<\/div>\n<div align=\"justify\"><\/div>\n<div align=\"justify\">\n<p>L&#8217;Ostabolic 10, \u00e9galement connu sous le nom d&#8217;ostarine, est un SARMS utilis\u00e9 par les culturistes principalement pour \u00e9viter la fonte musculaire et dans le cadre d&#8217;une prise de masse et masse s\u00e8che.<\/p>\n<\/div>\n","protected":false},"featured_media":50436,"comment_status":"open","ping_status":"closed","template":"","meta":[],"berocket_brand":[204],"yoast_head":"<!-- This site is optimized with the Yoast SEO plugin v15.9.1 - https:\/\/yoast.com\/wordpress\/plugins\/seo\/ -->\n<title>Acheter de l&#039;Ostabolic [SARMS MK 2866 10mg] - 30 Tabs - Platinum Biotech<\/title>\n<meta name=\"description\" content=\"Roidsmania.com a s\u00e9lectionn\u00e9 pour vous l&#039;Ostabolic [SARMS MK 2866 10mg] - 30 Tabs - Platinum Biotech. Exp\u00e9dition Rapide. Paiement Facile.\" \/>\n<meta name=\"robots\" content=\"index, follow, max-snippet:-1, max-image-preview:large, max-video-preview:-1\" \/>\n<link rel=\"canonical\" href=\"https:\/\/roidsmania.com\/fr\/produit\/ostabolic-sarms-mk-2866-10mg-30-tabs-platinum-biotech\/\" \/>\n<meta property=\"og:locale\" content=\"fr_FR\" \/>\n<meta property=\"og:type\" content=\"article\" \/>\n<meta property=\"og:title\" content=\"Acheter de l&#039;Ostabolic [SARMS MK 2866 10mg] - 30 Tabs - Platinum Biotech\" \/>\n<meta property=\"og:description\" content=\"Roidsmania.com a s\u00e9lectionn\u00e9 pour vous l&#039;Ostabolic [SARMS MK 2866 10mg] - 30 Tabs - Platinum Biotech. Exp\u00e9dition Rapide. Paiement Facile.\" \/>\n<meta property=\"og:url\" content=\"https:\/\/roidsmania.com\/fr\/produit\/ostabolic-sarms-mk-2866-10mg-30-tabs-platinum-biotech\/\" \/>\n<meta property=\"og:site_name\" content=\"RoidsMania.com\" \/>\n<meta property=\"article:modified_time\" content=\"2020-10-27T21:58:42+00:00\" \/>\n<meta property=\"og:image\" content=\"https:\/\/roidsmania.com\/wp-content\/uploads\/2019\/03\/Ostabolic10.png\" \/>\n\t<meta property=\"og:image:width\" content=\"1987\" \/>\n\t<meta property=\"og:image:height\" content=\"3023\" \/>\n<meta name=\"twitter:card\" content=\"summary\" \/>\n<meta name=\"twitter:label1\" content=\"Dur\u00e9e de lecture est.\">\n\t<meta name=\"twitter:data1\" content=\"3 minutes\">\n<script type=\"application\/ld+json\" class=\"yoast-schema-graph\">{\"@context\":\"https:\/\/schema.org\",\"@graph\":[{\"@type\":\"WebSite\",\"@id\":\"https:\/\/roidsmania.com\/fr\/#website\",\"url\":\"https:\/\/roidsmania.com\/fr\/\",\"name\":\"RoidsMania.com\",\"description\":\"Online Anabolic Steroids shop\",\"potentialAction\":[{\"@type\":\"SearchAction\",\"target\":\"https:\/\/roidsmania.com\/fr\/?s={search_term_string}\",\"query-input\":\"required name=search_term_string\"}],\"inLanguage\":\"fr-FR\"},{\"@type\":\"ImageObject\",\"@id\":\"https:\/\/roidsmania.com\/fr\/produit\/ostabolic-sarms-mk-2866-10mg-30-tabs-platinum-biotech\/#primaryimage\",\"inLanguage\":\"fr-FR\",\"url\":\"https:\/\/roidsmania.com\/wp-content\/uploads\/2019\/03\/Ostabolic10.png\",\"width\":1987,\"height\":3023},{\"@type\":\"WebPage\",\"@id\":\"https:\/\/roidsmania.com\/fr\/produit\/ostabolic-sarms-mk-2866-10mg-30-tabs-platinum-biotech\/#webpage\",\"url\":\"https:\/\/roidsmania.com\/fr\/produit\/ostabolic-sarms-mk-2866-10mg-30-tabs-platinum-biotech\/\",\"name\":\"Acheter de l'Ostabolic [SARMS MK 2866 10mg] - 30 Tabs - Platinum Biotech\",\"isPartOf\":{\"@id\":\"https:\/\/roidsmania.com\/fr\/#website\"},\"primaryImageOfPage\":{\"@id\":\"https:\/\/roidsmania.com\/fr\/produit\/ostabolic-sarms-mk-2866-10mg-30-tabs-platinum-biotech\/#primaryimage\"},\"datePublished\":\"2019-03-22T16:11:31+00:00\",\"dateModified\":\"2020-10-27T21:58:42+00:00\",\"description\":\"Roidsmania.com a s\\u00e9lectionn\\u00e9 pour vous l'Ostabolic [SARMS MK 2866 10mg] - 30 Tabs - Platinum Biotech. Exp\\u00e9dition Rapide. Paiement Facile.\",\"breadcrumb\":{\"@id\":\"https:\/\/roidsmania.com\/fr\/produit\/ostabolic-sarms-mk-2866-10mg-30-tabs-platinum-biotech\/#breadcrumb\"},\"inLanguage\":\"fr-FR\",\"potentialAction\":[{\"@type\":\"ReadAction\",\"target\":[\"https:\/\/roidsmania.com\/fr\/produit\/ostabolic-sarms-mk-2866-10mg-30-tabs-platinum-biotech\/\"]}]},{\"@type\":\"BreadcrumbList\",\"@id\":\"https:\/\/roidsmania.com\/fr\/produit\/ostabolic-sarms-mk-2866-10mg-30-tabs-platinum-biotech\/#breadcrumb\",\"itemListElement\":[{\"@type\":\"ListItem\",\"position\":1,\"item\":{\"@type\":\"WebPage\",\"@id\":\"https:\/\/roidsmania.com\/fr\/\",\"url\":\"https:\/\/roidsmania.com\/fr\/\",\"name\":\"Home\"}},{\"@type\":\"ListItem\",\"position\":2,\"item\":{\"@type\":\"WebPage\",\"@id\":\"https:\/\/roidsmania.com\/fr\/boutique\/\",\"url\":\"https:\/\/roidsmania.com\/fr\/boutique\/\",\"name\":\"BOUTIQUE\"}},{\"@type\":\"ListItem\",\"position\":3,\"item\":{\"@type\":\"WebPage\",\"@id\":\"https:\/\/roidsmania.com\/fr\/produit\/ostabolic-sarms-mk-2866-10mg-30-tabs-platinum-biotech\/\",\"url\":\"https:\/\/roidsmania.com\/fr\/produit\/ostabolic-sarms-mk-2866-10mg-30-tabs-platinum-biotech\/\",\"name\":\"Ostabolic [SARMS MK 2866 10mg] &#8211; 30 Tabs &#8211; Platinum Biotech\"}}]}]}<\/script>\n<!-- \/ Yoast SEO plugin. -->","_links":{"self":[{"href":"https:\/\/roidsmania.com\/fr\/wp-json\/wp\/v2\/product\/50443\/"}],"collection":[{"href":"https:\/\/roidsmania.com\/fr\/wp-json\/wp\/v2\/product\/"}],"about":[{"href":"https:\/\/roidsmania.com\/fr\/wp-json\/wp\/v2\/types\/product\/"}],"replies":[{"embeddable":true,"href":"https:\/\/roidsmania.com\/fr\/wp-json\/wp\/v2\/comments\/?post=50443"}],"wp:featuredmedia":[{"embeddable":true,"href":"https:\/\/roidsmania.com\/fr\/wp-json\/wp\/v2\/media\/50436\/"}],"wp:attachment":[{"href":"https:\/\/roidsmania.com\/fr\/wp-json\/wp\/v2\/media\/?parent=50443"}],"wp:term":[{"taxonomy":"berocket_brand","embeddable":true,"href":"https:\/\/roidsmania.com\/fr\/wp-json\/wp\/v2\/berocket_brand\/?post=50443"}],"curies":[{"name":"wp","href":"https:\/\/api.w.org\/{rel}","templated":true}]}}