{"id":40150,"date":"2018-10-22T04:34:40","date_gmt":"2018-10-21T22:00:51","guid":{"rendered":"https:\/\/roidsmania.com\/?post_type=product&#038;p=40150"},"modified":"2020-10-28T04:59:37","modified_gmt":"2020-10-27T21:59:37","slug":"sidegra-generic-viagra-sildenafil-citrate-100mg-4-tabs-gpo","status":"publish","type":"product","link":"https:\/\/roidsmania.com\/fr\/produit\/sidegra-generic-viagra-sildenafil-citrate-100mg-4-tabs-gpo\/","title":{"rendered":"Sidegra &#8211; Viagra G\u00e9n\u00e9rique [Sildenafil Citrate 100mg] &#8211; 4 Tabs &#8211; GPO"},"content":{"rendered":"<p><strong>Le Viagra<\/strong> est un traitement de la dysfonction \u00e9rectile. Le sild\u00e9nafil est l\u2019ingr\u00e9dient actif du Viagra, un inhibiteur de la <strong>PDE-5<\/strong>. Con\u00e7u \u00e0 l&#8217;origine comme traitement de l&#8217;hypertension art\u00e9rielle, le Viagra s&#8217;est r\u00e9v\u00e9l\u00e9 efficace pour le traitement des probl\u00e8mes d&#8217;\u00e9rection.<\/p>\n<p><strong>Hormone de croissance prix<\/strong><\/p>\n<p>Le<strong> Viagra<\/strong> am\u00e9liore les \u00e9rections en d\u00e9tendant vos vaisseaux sanguins et en am\u00e9liorant le flux sanguin vers votre<strong> p\u00e9nis.<\/strong> Cela ne fonctionne que si vous \u00eates sexuellement stimul\u00e9, vous n&#8217;aurez donc une \u00e9rection que si vous \u00eates excit\u00e9. <strong>Viagra est le nom de marque du m\u00e9dicament produit par Pfizer.<\/strong><\/p>\n<div align=\"justify\">\n<p><strong>Pour qui est le Viagra?<\/strong><\/p>\n<p>Le<strong> Viagra<\/strong> est utilis\u00e9 pour traiter la<strong> dysfonction \u00e9rectile<\/strong>, une affection courante chez les hommes. La plupart des hommes souffrent de probl\u00e8mes<strong> \u00e9rectiles<\/strong> \u00e0 un moment donn\u00e9 de leur vie, qui peuvent provenir de diverses causes physiques ou psychologiques. Si vous constatez que vous avez r\u00e9guli\u00e8rement de la difficult\u00e9 \u00e0 avoir <strong>une \u00e9rection,<\/strong> il est possible que vous soyez diagnostiqu\u00e9 impuissant.<\/p>\n<\/div>\n","protected":false},"excerpt":{"rendered":"<div align=\"justify\"><strong>Laboratoire :<\/strong> GPO<br \/>\n<strong>Forme :<\/strong> Orale<br \/>\n<strong>Mol\u00e9cule :<\/strong> Sildenafil Citrate<br \/>\n<strong>Concentration :<\/strong> 100mg\/Comprim\u00e9<br \/>\n<strong>Volume :<\/strong> 4 comprim\u00e9s<br \/>\n<strong>Dosage recommand\u00e9 :<\/strong> 1 comprim\u00e9 30 minutes avant le rapport sexuel<\/p>\n<p>Le Viagra est un m\u00e9dicament contre la dysfonction \u00e9rectile. Il agit en d\u00e9tendant vos vaisseaux sanguins et en augmentant le flux sanguin vers votre p\u00e9nis. Selon une \u00e9tude r\u00e9cente, deux hommes sur trois ayant eu des probl\u00e8mes \u00e9rectiles ont d\u00e9clar\u00e9 que la prise d&#8217;un inhibiteur de la PDE-5, tel que le Viagra, am\u00e9liorait leur \u00e9rection. Dans la plupart des cas, le Viagra prend effet dans les 30 minutes.<\/p>\n<\/div>\n","protected":false},"featured_media":40149,"comment_status":"open","ping_status":"closed","template":"","meta":[],"berocket_brand":[],"yoast_head":"<!-- This site is optimized with the Yoast SEO plugin v15.9.1 - https:\/\/yoast.com\/wordpress\/plugins\/seo\/ -->\n<title>Acheter du Sidegra - Viagra G\u00e9n\u00e9rique [Sildenafil Citrate 100mg] - 4 Tabs - GPO<\/title>\n<meta name=\"description\" content=\"Roidsmania.com a selectionn\u00e9 pour vous du Sidegra - Viagra G\u00e9n\u00e9rique [Sildenafil Citrate 100mg] - 4 Tabs - GPO. . Livraison Rapide. Paiement Facile.\" \/>\n<meta name=\"robots\" content=\"index, follow, max-snippet:-1, max-image-preview:large, max-video-preview:-1\" \/>\n<link rel=\"canonical\" href=\"https:\/\/roidsmania.com\/fr\/produit\/sidegra-generic-viagra-sildenafil-citrate-100mg-4-tabs-gpo\/\" \/>\n<meta property=\"og:locale\" content=\"fr_FR\" \/>\n<meta property=\"og:type\" content=\"article\" \/>\n<meta property=\"og:title\" content=\"Acheter du Sidegra - Viagra G\u00e9n\u00e9rique [Sildenafil Citrate 100mg] - 4 Tabs - GPO\" \/>\n<meta property=\"og:description\" content=\"Roidsmania.com a selectionn\u00e9 pour vous du Sidegra - Viagra G\u00e9n\u00e9rique [Sildenafil Citrate 100mg] - 4 Tabs - GPO. . Livraison Rapide. Paiement Facile.\" \/>\n<meta property=\"og:url\" content=\"https:\/\/roidsmania.com\/fr\/produit\/sidegra-generic-viagra-sildenafil-citrate-100mg-4-tabs-gpo\/\" \/>\n<meta property=\"og:site_name\" content=\"RoidsMania.com\" \/>\n<meta property=\"article:modified_time\" content=\"2020-10-27T21:59:37+00:00\" \/>\n<meta property=\"og:image\" content=\"https:\/\/roidsmania.com\/wp-content\/uploads\/2018\/10\/sidegra.png\" \/>\n\t<meta property=\"og:image:width\" content=\"1400\" \/>\n\t<meta property=\"og:image:height\" content=\"927\" \/>\n<meta name=\"twitter:card\" content=\"summary\" \/>\n<meta name=\"twitter:label1\" content=\"Dur\u00e9e de lecture est.\">\n\t<meta name=\"twitter:data1\" content=\"1 minute\">\n<script type=\"application\/ld+json\" class=\"yoast-schema-graph\">{\"@context\":\"https:\/\/schema.org\",\"@graph\":[{\"@type\":\"WebSite\",\"@id\":\"https:\/\/roidsmania.com\/fr\/#website\",\"url\":\"https:\/\/roidsmania.com\/fr\/\",\"name\":\"RoidsMania.com\",\"description\":\"Online Anabolic Steroids shop\",\"potentialAction\":[{\"@type\":\"SearchAction\",\"target\":\"https:\/\/roidsmania.com\/fr\/?s={search_term_string}\",\"query-input\":\"required name=search_term_string\"}],\"inLanguage\":\"fr-FR\"},{\"@type\":\"ImageObject\",\"@id\":\"https:\/\/roidsmania.com\/fr\/produit\/sidegra-generic-viagra-sildenafil-citrate-100mg-4-tabs-gpo\/#primaryimage\",\"inLanguage\":\"fr-FR\",\"url\":\"https:\/\/roidsmania.com\/wp-content\/uploads\/2018\/10\/sidegra.png\",\"width\":1400,\"height\":927},{\"@type\":\"WebPage\",\"@id\":\"https:\/\/roidsmania.com\/fr\/produit\/sidegra-generic-viagra-sildenafil-citrate-100mg-4-tabs-gpo\/#webpage\",\"url\":\"https:\/\/roidsmania.com\/fr\/produit\/sidegra-generic-viagra-sildenafil-citrate-100mg-4-tabs-gpo\/\",\"name\":\"Acheter du Sidegra - Viagra G\\u00e9n\\u00e9rique [Sildenafil Citrate 100mg] - 4 Tabs - GPO\",\"isPartOf\":{\"@id\":\"https:\/\/roidsmania.com\/fr\/#website\"},\"primaryImageOfPage\":{\"@id\":\"https:\/\/roidsmania.com\/fr\/produit\/sidegra-generic-viagra-sildenafil-citrate-100mg-4-tabs-gpo\/#primaryimage\"},\"datePublished\":\"2018-10-21T22:00:51+00:00\",\"dateModified\":\"2020-10-27T21:59:37+00:00\",\"description\":\"Roidsmania.com a selectionn\\u00e9 pour vous du Sidegra - Viagra G\\u00e9n\\u00e9rique [Sildenafil Citrate 100mg] - 4 Tabs - GPO. . Livraison Rapide. Paiement Facile.\",\"breadcrumb\":{\"@id\":\"https:\/\/roidsmania.com\/fr\/produit\/sidegra-generic-viagra-sildenafil-citrate-100mg-4-tabs-gpo\/#breadcrumb\"},\"inLanguage\":\"fr-FR\",\"potentialAction\":[{\"@type\":\"ReadAction\",\"target\":[\"https:\/\/roidsmania.com\/fr\/produit\/sidegra-generic-viagra-sildenafil-citrate-100mg-4-tabs-gpo\/\"]}]},{\"@type\":\"BreadcrumbList\",\"@id\":\"https:\/\/roidsmania.com\/fr\/produit\/sidegra-generic-viagra-sildenafil-citrate-100mg-4-tabs-gpo\/#breadcrumb\",\"itemListElement\":[{\"@type\":\"ListItem\",\"position\":1,\"item\":{\"@type\":\"WebPage\",\"@id\":\"https:\/\/roidsmania.com\/fr\/\",\"url\":\"https:\/\/roidsmania.com\/fr\/\",\"name\":\"Home\"}},{\"@type\":\"ListItem\",\"position\":2,\"item\":{\"@type\":\"WebPage\",\"@id\":\"https:\/\/roidsmania.com\/fr\/boutique\/\",\"url\":\"https:\/\/roidsmania.com\/fr\/boutique\/\",\"name\":\"BOUTIQUE\"}},{\"@type\":\"ListItem\",\"position\":3,\"item\":{\"@type\":\"WebPage\",\"@id\":\"https:\/\/roidsmania.com\/fr\/produit\/sidegra-generic-viagra-sildenafil-citrate-100mg-4-tabs-gpo\/\",\"url\":\"https:\/\/roidsmania.com\/fr\/produit\/sidegra-generic-viagra-sildenafil-citrate-100mg-4-tabs-gpo\/\",\"name\":\"Sidegra &#8211; Viagra G\\u00e9n\\u00e9rique [Sildenafil Citrate 100mg] &#8211; 4 Tabs &#8211; GPO\"}}]}]}<\/script>\n<!-- \/ Yoast SEO plugin. -->","_links":{"self":[{"href":"https:\/\/roidsmania.com\/fr\/wp-json\/wp\/v2\/product\/40150\/"}],"collection":[{"href":"https:\/\/roidsmania.com\/fr\/wp-json\/wp\/v2\/product\/"}],"about":[{"href":"https:\/\/roidsmania.com\/fr\/wp-json\/wp\/v2\/types\/product\/"}],"replies":[{"embeddable":true,"href":"https:\/\/roidsmania.com\/fr\/wp-json\/wp\/v2\/comments\/?post=40150"}],"wp:featuredmedia":[{"embeddable":true,"href":"https:\/\/roidsmania.com\/fr\/wp-json\/wp\/v2\/media\/40149\/"}],"wp:attachment":[{"href":"https:\/\/roidsmania.com\/fr\/wp-json\/wp\/v2\/media\/?parent=40150"}],"wp:term":[{"taxonomy":"berocket_brand","embeddable":true,"href":"https:\/\/roidsmania.com\/fr\/wp-json\/wp\/v2\/berocket_brand\/?post=40150"}],"curies":[{"name":"wp","href":"https:\/\/api.w.org\/{rel}","templated":true}]}}