{"id":40135,"date":"2018-10-22T03:15:48","date_gmt":"2018-10-21T20:15:48","guid":{"rendered":"https:\/\/roidsmania.com\/product\/kamagra-oral-jelly-sildenafil-citrate-100mg-10-doses-ajanta-pharma\/"},"modified":"2021-07-25T01:52:10","modified_gmt":"2021-07-24T18:52:10","slug":"kamagra-oral-jelly-sildenafil-citrate-100mg-10-doses-ajanta-pharma","status":"publish","type":"product","link":"https:\/\/roidsmania.com\/fr\/produit\/kamagra-oral-jelly-sildenafil-citrate-100mg-10-doses-ajanta-pharma\/","title":{"rendered":"Kamagra Oral Jelly [Sildenafil Citrate 100mg] &#8211; 10 Doses &#8211; Ajanta Pharma"},"content":{"rendered":"<div align=\"justify\">\n<p>Le <strong>Kamagra Oral<\/strong> en gel est un m\u00e9dicament puissant qui favorise l&#8217;\u00e9rection pour les hommes d&#8217;un age moyen \u00e0 un age avanc\u00e9. Ce produit est la version r\u00e9cente du <strong>Kamagra 100<\/strong> en comprim\u00e9 et est principalement utilis\u00e9 pour traiter l\u2019impuissance.<\/p>\n<p>Le<strong> Kamagra<\/strong> Oral en gel est fabriqu\u00e9 par Ajanta Pharma, sa forme en gel permet d&#8217;\u00eatre prit n&#8217;importe ou, n&#8217;importe quand, et il n&#8217;a pas besoin d&#8217;\u00eatre m\u00e9lang\u00e9 \u00e0 de l&#8217;eau<strong>.St\u00e9roides acheter<\/strong><\/p>\n<p>Le<strong> Kamagra<\/strong> Oral en gel est disponible dans diff\u00e9rentes saveurs et est un m\u00e9dicament \u00e9rectile \u00e0 base de nitrate organique, il d\u00e9tend la veine du p\u00e9nis et est capable de pr\u00e9venir les probl\u00e8mes sexuels.<\/p>\n<p>Enfin, ce produit augmente la circulation sanguine, ce qui maintiendra votre <strong>p\u00e9nis<\/strong> au garde \u00e0 vous tel un soldat pr\u00eat a partir au combat.<\/p>\n<p><strong>Les usages:<\/strong><\/p>\n<p>Ce produit est principalement utilis\u00e9 pour traiter le probl\u00e8me \u00e9rectile. C&#8217;est un m\u00e9dicament tr\u00e8s efficace pour traiter <strong>l&#8217;\u00e9rection difficile<\/strong>, c&#8217;est un m\u00e9dicament uniquement r\u00e9serv\u00e9 aux hommes.<\/p>\n<p><strong>Dose et cycle:<\/strong><\/p>\n<p>Le<strong> Kamagra Oral en gel<\/strong> doit \u00eatre prit <strong>30 minutes<\/strong> avant le rapport sexuel, il ne doit jamais \u00eatre prit quotidiennement mais uniquement avant un rapport sexuel.<\/p>\n<\/div>\n","protected":false},"excerpt":{"rendered":"<div align=\"justify\"><strong>Laboratoire :<\/strong> Ajanta Pharma<br \/>\n<strong>Forme :<\/strong> Orale (en gel)<br \/>\n<strong>Mol\u00e9cule :<\/strong> Sildenafil Citrate<br \/>\n<strong>Concentration :<\/strong> 100mg\/dose<br \/>\n<strong>Volume :<\/strong> Vendu par 10 doses<br \/>\n<strong>Dosage recommand\u00e9 :<\/strong> 1 dose 30 minutes avant le rapport sexuel<\/p>\n<p>Le Kamagra est un produit traitant la dysfonction \u00e9rectile.<br \/>\nIl contient du citrate de sild\u00e9nafil, utilis\u00e9 aussi dans le Viagra, et se pr\u00e9sente sous forme de gel.<\/p>\n<\/div>\n","protected":false},"featured_media":40132,"comment_status":"closed","ping_status":"closed","template":"","meta":[],"berocket_brand":[],"yoast_head":"<!-- This site is optimized with the Yoast SEO plugin v15.9.1 - https:\/\/yoast.com\/wordpress\/plugins\/seo\/ -->\n<title>Acheter du Kamagra Oral Jelly [Sildenafil Citrate 100mg] - 10 Doses - Ajanta Pharma<\/title>\n<meta name=\"description\" content=\"Roidsmania.com a selectionn\u00e9 pour vous du Kamagra Oral Jelly [Sildenafil Citrate 100mg] - 10 Doses - Ajanta Pharma. Livraison Rapide. Paiement Facile.\" \/>\n<meta name=\"robots\" content=\"index, follow, max-snippet:-1, max-image-preview:large, max-video-preview:-1\" \/>\n<link rel=\"canonical\" href=\"https:\/\/roidsmania.com\/fr\/produit\/kamagra-oral-jelly-sildenafil-citrate-100mg-10-doses-ajanta-pharma\/\" \/>\n<meta property=\"og:locale\" content=\"fr_FR\" \/>\n<meta property=\"og:type\" content=\"article\" \/>\n<meta property=\"og:title\" content=\"Acheter du Kamagra Oral Jelly [Sildenafil Citrate 100mg] - 10 Doses - Ajanta Pharma\" \/>\n<meta property=\"og:description\" content=\"Roidsmania.com a selectionn\u00e9 pour vous du Kamagra Oral Jelly [Sildenafil Citrate 100mg] - 10 Doses - Ajanta Pharma. Livraison Rapide. Paiement Facile.\" \/>\n<meta property=\"og:url\" content=\"https:\/\/roidsmania.com\/fr\/produit\/kamagra-oral-jelly-sildenafil-citrate-100mg-10-doses-ajanta-pharma\/\" \/>\n<meta property=\"og:site_name\" content=\"RoidsMania.com\" \/>\n<meta property=\"article:modified_time\" content=\"2021-07-24T18:52:10+00:00\" \/>\n<meta property=\"og:image\" content=\"https:\/\/roidsmania.com\/wp-content\/uploads\/2018\/10\/kamagra1.jpg\" \/>\n\t<meta property=\"og:image:width\" content=\"531\" \/>\n\t<meta property=\"og:image:height\" content=\"531\" \/>\n<meta name=\"twitter:card\" content=\"summary\" \/>\n<meta name=\"twitter:label1\" content=\"Dur\u00e9e de lecture est.\">\n\t<meta name=\"twitter:data1\" content=\"1 minute\">\n<script type=\"application\/ld+json\" class=\"yoast-schema-graph\">{\"@context\":\"https:\/\/schema.org\",\"@graph\":[{\"@type\":\"WebSite\",\"@id\":\"https:\/\/roidsmania.com\/fr\/#website\",\"url\":\"https:\/\/roidsmania.com\/fr\/\",\"name\":\"RoidsMania.com\",\"description\":\"Online Anabolic Steroids shop\",\"potentialAction\":[{\"@type\":\"SearchAction\",\"target\":\"https:\/\/roidsmania.com\/fr\/?s={search_term_string}\",\"query-input\":\"required name=search_term_string\"}],\"inLanguage\":\"fr-FR\"},{\"@type\":\"ImageObject\",\"@id\":\"https:\/\/roidsmania.com\/fr\/produit\/kamagra-oral-jelly-sildenafil-citrate-100mg-10-doses-ajanta-pharma\/#primaryimage\",\"inLanguage\":\"fr-FR\",\"url\":\"https:\/\/roidsmania.com\/wp-content\/uploads\/2018\/10\/kamagra1.jpg\",\"width\":531,\"height\":531},{\"@type\":\"WebPage\",\"@id\":\"https:\/\/roidsmania.com\/fr\/produit\/kamagra-oral-jelly-sildenafil-citrate-100mg-10-doses-ajanta-pharma\/#webpage\",\"url\":\"https:\/\/roidsmania.com\/fr\/produit\/kamagra-oral-jelly-sildenafil-citrate-100mg-10-doses-ajanta-pharma\/\",\"name\":\"Acheter du Kamagra Oral Jelly [Sildenafil Citrate 100mg] - 10 Doses - Ajanta Pharma\",\"isPartOf\":{\"@id\":\"https:\/\/roidsmania.com\/fr\/#website\"},\"primaryImageOfPage\":{\"@id\":\"https:\/\/roidsmania.com\/fr\/produit\/kamagra-oral-jelly-sildenafil-citrate-100mg-10-doses-ajanta-pharma\/#primaryimage\"},\"datePublished\":\"2018-10-21T20:15:48+00:00\",\"dateModified\":\"2021-07-24T18:52:10+00:00\",\"description\":\"Roidsmania.com a selectionn\\u00e9 pour vous du Kamagra Oral Jelly [Sildenafil Citrate 100mg] - 10 Doses - Ajanta Pharma. Livraison Rapide. Paiement Facile.\",\"breadcrumb\":{\"@id\":\"https:\/\/roidsmania.com\/fr\/produit\/kamagra-oral-jelly-sildenafil-citrate-100mg-10-doses-ajanta-pharma\/#breadcrumb\"},\"inLanguage\":\"fr-FR\",\"potentialAction\":[{\"@type\":\"ReadAction\",\"target\":[\"https:\/\/roidsmania.com\/fr\/produit\/kamagra-oral-jelly-sildenafil-citrate-100mg-10-doses-ajanta-pharma\/\"]}]},{\"@type\":\"BreadcrumbList\",\"@id\":\"https:\/\/roidsmania.com\/fr\/produit\/kamagra-oral-jelly-sildenafil-citrate-100mg-10-doses-ajanta-pharma\/#breadcrumb\",\"itemListElement\":[{\"@type\":\"ListItem\",\"position\":1,\"item\":{\"@type\":\"WebPage\",\"@id\":\"https:\/\/roidsmania.com\/fr\/\",\"url\":\"https:\/\/roidsmania.com\/fr\/\",\"name\":\"Home\"}},{\"@type\":\"ListItem\",\"position\":2,\"item\":{\"@type\":\"WebPage\",\"@id\":\"https:\/\/roidsmania.com\/fr\/boutique\/\",\"url\":\"https:\/\/roidsmania.com\/fr\/boutique\/\",\"name\":\"BOUTIQUE\"}},{\"@type\":\"ListItem\",\"position\":3,\"item\":{\"@type\":\"WebPage\",\"@id\":\"https:\/\/roidsmania.com\/fr\/produit\/kamagra-oral-jelly-sildenafil-citrate-100mg-10-doses-ajanta-pharma\/\",\"url\":\"https:\/\/roidsmania.com\/fr\/produit\/kamagra-oral-jelly-sildenafil-citrate-100mg-10-doses-ajanta-pharma\/\",\"name\":\"Kamagra Oral Jelly [Sildenafil Citrate 100mg] &#8211; 10 Doses &#8211; Ajanta Pharma\"}}]}]}<\/script>\n<!-- \/ Yoast SEO plugin. -->","_links":{"self":[{"href":"https:\/\/roidsmania.com\/fr\/wp-json\/wp\/v2\/product\/40135\/"}],"collection":[{"href":"https:\/\/roidsmania.com\/fr\/wp-json\/wp\/v2\/product\/"}],"about":[{"href":"https:\/\/roidsmania.com\/fr\/wp-json\/wp\/v2\/types\/product\/"}],"replies":[{"embeddable":true,"href":"https:\/\/roidsmania.com\/fr\/wp-json\/wp\/v2\/comments\/?post=40135"}],"wp:featuredmedia":[{"embeddable":true,"href":"https:\/\/roidsmania.com\/fr\/wp-json\/wp\/v2\/media\/40132\/"}],"wp:attachment":[{"href":"https:\/\/roidsmania.com\/fr\/wp-json\/wp\/v2\/media\/?parent=40135"}],"wp:term":[{"taxonomy":"berocket_brand","embeddable":true,"href":"https:\/\/roidsmania.com\/fr\/wp-json\/wp\/v2\/berocket_brand\/?post=40135"}],"curies":[{"name":"wp","href":"https:\/\/api.w.org\/{rel}","templated":true}]}}