{"id":3524,"date":"2016-12-14T09:19:57","date_gmt":"2016-12-14T02:19:57","guid":{"rendered":"https:\/\/roidsmania.com\/product\/andriol-testocaps-organon-netherlands-60-caps-40-mg\/"},"modified":"2020-10-16T01:00:05","modified_gmt":"2020-10-15T18:00:05","slug":"andriol-testocaps-organon-netherlands-60-caps-40-mg","status":"publish","type":"product","link":"https:\/\/roidsmania.com\/fr\/produit\/andriol-testocaps-organon-netherlands-60-caps-40-mg\/","title":{"rendered":"Andriol [Testosterone Undecanoate 40 Mg] &#8211;  60 Caps &#8211; Organon Netherlands"},"content":{"rendered":"<p><strong>l&#8217;Andriol Testocaps<\/strong> est utilis\u00e9 pour remplacer la<strong> testost\u00e9rone<\/strong> naturelle lorsque le corps n&#8217;en fabrique pas suffisamment.<\/p>\n<p>La <strong>testost\u00e9rone Undecanoate<\/strong> qui est le compos\u00e9 actif du<strong> Andriol<\/strong> <strong>Testocaps<\/strong> est une poudre cristalline blanche. Chez les hommes, la <strong>testost\u00e9rone<\/strong> est produite par les testicules et, par cons\u00e9quent, elle est n\u00e9cessaire pour la croissance, le d\u00e9veloppement et le fonctionnement normale des organes <strong>sexuels masculins.<\/strong><\/p>\n<p>la <strong>testost\u00e9rone<\/strong> est aussi importante pour la croissance des poils, le d\u00e9veloppement des os, des muscles et la stimulation de la production des globules rouges<strong>Meilleur HGH<\/strong><\/p>\n<p>Une personne qui a une<strong> testost\u00e9rone<\/strong> naturelle faible ou nulle en raison d&#8217;une cure de <strong>st\u00e9roides<\/strong> par exemple devrait entamer une prise de <strong>Andriol Testocaps<\/strong> qui l&#8217;aidera en rempla\u00e7ant la testost\u00e9rone naturelle.<\/p>\n","protected":false},"excerpt":{"rendered":"<p><strong>Laboratoire :<\/strong> Organon<br \/>\n<strong>Forme :<\/strong> Orale<br \/>\n<strong>Mol\u00e9cule :<\/strong> Testosterone Undecanoate<br \/>\n<strong>Concentration :<\/strong> 40 Mg\/comprim\u00e9<br \/>\n<strong>Presentation :<\/strong> 60 comprim\u00e9s<br \/>\n<strong>Dosage Recommand\u00e9 :<\/strong> 240-320 mg\/jour<\/p>\n","protected":false},"featured_media":3525,"comment_status":"closed","ping_status":"closed","template":"","meta":[],"berocket_brand":[140],"yoast_head":"<!-- This site is optimized with the Yoast SEO plugin v15.9.1 - https:\/\/yoast.com\/wordpress\/plugins\/seo\/ -->\n<title>Acheter de l&#039;Andriol [Testosterone Undecanoate 40 Mg] - 60 Caps - Organon Netherlands<\/title>\n<meta name=\"description\" content=\"Roidsmania.com a s\u00e9lectionn\u00e9 pour vous l&#039;Andriol [Testosterone Undecanoate 40 Mg] - 60 Caps - Organon Netherlands. Exp\u00e9dition Rapide. Paiement Facile.\" \/>\n<meta name=\"robots\" content=\"index, follow, max-snippet:-1, max-image-preview:large, max-video-preview:-1\" \/>\n<link rel=\"canonical\" href=\"https:\/\/roidsmania.com\/fr\/produit\/andriol-testocaps-organon-netherlands-60-caps-40-mg\/\" \/>\n<meta property=\"og:locale\" content=\"fr_FR\" \/>\n<meta property=\"og:type\" content=\"article\" \/>\n<meta property=\"og:title\" content=\"Acheter de l&#039;Andriol [Testosterone Undecanoate 40 Mg] - 60 Caps - Organon Netherlands\" \/>\n<meta property=\"og:description\" content=\"Roidsmania.com a s\u00e9lectionn\u00e9 pour vous l&#039;Andriol [Testosterone Undecanoate 40 Mg] - 60 Caps - Organon Netherlands. Exp\u00e9dition Rapide. Paiement Facile.\" \/>\n<meta property=\"og:url\" content=\"https:\/\/roidsmania.com\/produit\/andriol-testocaps-organon-netherlands-60-caps-40-mg\/\" \/>\n<meta property=\"og:site_name\" content=\"RoidsMania.com\" \/>\n<meta property=\"article:modified_time\" content=\"2020-10-15T18:00:05+00:00\" \/>\n<meta property=\"og:image\" content=\"https:\/\/roidsmania.com\/wp-content\/uploads\/2016\/12\/andriol-40mg-capsules-organon.jpg\" \/>\n\t<meta property=\"og:image:width\" content=\"600\" \/>\n\t<meta property=\"og:image:height\" content=\"600\" \/>\n<meta name=\"twitter:card\" content=\"summary\" \/>\n<meta name=\"twitter:label1\" content=\"Dur\u00e9e de lecture est.\">\n\t<meta name=\"twitter:data1\" content=\"1 minute\">\n<script type=\"application\/ld+json\" class=\"yoast-schema-graph\">{\"@context\":\"https:\/\/schema.org\",\"@graph\":[{\"@type\":\"WebSite\",\"@id\":\"https:\/\/roidsmania.com\/fr\/#website\",\"url\":\"https:\/\/roidsmania.com\/fr\/\",\"name\":\"RoidsMania.com\",\"description\":\"Online Anabolic Steroids shop\",\"potentialAction\":[{\"@type\":\"SearchAction\",\"target\":\"https:\/\/roidsmania.com\/fr\/?s={search_term_string}\",\"query-input\":\"required name=search_term_string\"}],\"inLanguage\":\"fr-FR\"},{\"@type\":\"ImageObject\",\"@id\":\"https:\/\/roidsmania.com\/produit\/andriol-testocaps-organon-netherlands-60-caps-40-mg\/#primaryimage\",\"inLanguage\":\"fr-FR\",\"url\":\"https:\/\/roidsmania.com\/wp-content\/uploads\/2016\/12\/andriol-40mg-capsules-organon.jpg\",\"width\":600,\"height\":600},{\"@type\":\"WebPage\",\"@id\":\"https:\/\/roidsmania.com\/produit\/andriol-testocaps-organon-netherlands-60-caps-40-mg\/#webpage\",\"url\":\"https:\/\/roidsmania.com\/produit\/andriol-testocaps-organon-netherlands-60-caps-40-mg\/\",\"name\":\"Acheter de l'Andriol [Testosterone Undecanoate 40 Mg] - 60 Caps - Organon Netherlands\",\"isPartOf\":{\"@id\":\"https:\/\/roidsmania.com\/fr\/#website\"},\"primaryImageOfPage\":{\"@id\":\"https:\/\/roidsmania.com\/produit\/andriol-testocaps-organon-netherlands-60-caps-40-mg\/#primaryimage\"},\"datePublished\":\"2016-12-14T02:19:57+00:00\",\"dateModified\":\"2020-10-15T18:00:05+00:00\",\"description\":\"Roidsmania.com a s\\u00e9lectionn\\u00e9 pour vous l'Andriol [Testosterone Undecanoate 40 Mg] - 60 Caps - Organon Netherlands. Exp\\u00e9dition Rapide. Paiement Facile.\",\"breadcrumb\":{\"@id\":\"https:\/\/roidsmania.com\/produit\/andriol-testocaps-organon-netherlands-60-caps-40-mg\/#breadcrumb\"},\"inLanguage\":\"fr-FR\",\"potentialAction\":[{\"@type\":\"ReadAction\",\"target\":[\"https:\/\/roidsmania.com\/produit\/andriol-testocaps-organon-netherlands-60-caps-40-mg\/\"]}]},{\"@type\":\"BreadcrumbList\",\"@id\":\"https:\/\/roidsmania.com\/produit\/andriol-testocaps-organon-netherlands-60-caps-40-mg\/#breadcrumb\",\"itemListElement\":[{\"@type\":\"ListItem\",\"position\":1,\"item\":{\"@type\":\"WebPage\",\"@id\":\"https:\/\/roidsmania.com\/fr\/\",\"url\":\"https:\/\/roidsmania.com\/fr\/\",\"name\":\"Home\"}},{\"@type\":\"ListItem\",\"position\":2,\"item\":{\"@type\":\"WebPage\",\"@id\":\"https:\/\/roidsmania.com\/fr\/boutique\/\",\"url\":\"https:\/\/roidsmania.com\/fr\/boutique\/\",\"name\":\"BOUTIQUE\"}},{\"@type\":\"ListItem\",\"position\":3,\"item\":{\"@type\":\"WebPage\",\"@id\":\"https:\/\/roidsmania.com\/produit\/andriol-testocaps-organon-netherlands-60-caps-40-mg\/\",\"url\":\"https:\/\/roidsmania.com\/produit\/andriol-testocaps-organon-netherlands-60-caps-40-mg\/\",\"name\":\"Andriol [Testosterone Undecanoate 40 Mg] &#8211; 60 Caps &#8211; Organon Netherlands\"}}]}]}<\/script>\n<!-- \/ Yoast SEO plugin. -->","_links":{"self":[{"href":"https:\/\/roidsmania.com\/fr\/wp-json\/wp\/v2\/product\/3524\/"}],"collection":[{"href":"https:\/\/roidsmania.com\/fr\/wp-json\/wp\/v2\/product\/"}],"about":[{"href":"https:\/\/roidsmania.com\/fr\/wp-json\/wp\/v2\/types\/product\/"}],"replies":[{"embeddable":true,"href":"https:\/\/roidsmania.com\/fr\/wp-json\/wp\/v2\/comments\/?post=3524"}],"wp:featuredmedia":[{"embeddable":true,"href":"https:\/\/roidsmania.com\/fr\/wp-json\/wp\/v2\/media\/3525\/"}],"wp:attachment":[{"href":"https:\/\/roidsmania.com\/fr\/wp-json\/wp\/v2\/media\/?parent=3524"}],"wp:term":[{"taxonomy":"berocket_brand","embeddable":true,"href":"https:\/\/roidsmania.com\/fr\/wp-json\/wp\/v2\/berocket_brand\/?post=3524"}],"curies":[{"name":"wp","href":"https:\/\/api.w.org\/{rel}","templated":true}]}}