{"id":3516,"date":"2016-12-14T11:26:55","date_gmt":"2016-12-14T04:26:55","guid":{"rendered":"https:\/\/roidsmania.com\/product\/ovinum-50mg-clomiphene-citrate-50mg-10-tabs\/"},"modified":"2020-10-28T05:31:43","modified_gmt":"2020-10-27T22:31:43","slug":"ovinum-50mg-clomiphene-citrate-50mg-10-tabs","status":"publish","type":"product","link":"https:\/\/roidsmania.com\/fr\/produit\/ovinum-50mg-clomiphene-citrate-50mg-10-tabs\/","title":{"rendered":"Ovinum 50mg [Clomiphene Citrate 50mg] &#8211; 10 Tabs &#8211; Biolab"},"content":{"rendered":"<div align=\"justify\"><strong>Le Clomid<\/strong> est l\u2019un des <strong>deux SERM principaux<\/strong> (modulateurs s\u00e9lectifs des r\u00e9cepteurs d\u2019\u0153strog\u00e8nes) utilis\u00e9s pour la r\u00e9cup\u00e9ration de la production de testost\u00e9rone apr\u00e8s les cycles de st\u00e9ro\u00efdes anabolisants.<br \/>\nDe <strong>nombreux androg\u00e8nes,<\/strong> et en particulier les plus forts tels que <strong>l\u2019oxym\u00e9tholone,<\/strong> provoquent une chute de la production naturelle de <strong>testost\u00e9rone<\/strong> dans le corps pendant la dur\u00e9e de la cure de st\u00e9ro\u00efdes.Ceci s\u2019explique facilement, l\u2019exc\u00e8s<strong> d\u2019androg\u00e8ne<\/strong> provenant des st\u00e9ro\u00efdes finissent par stopper la production de la<strong> testost\u00e9rone<\/strong> dans le corps, car ces androg\u00e8nes produisent les m\u00eames effets que la testost\u00e9rone<strong>.HGH<\/strong><\/p>\n<p>Le <strong>Clomid<\/strong> peut et devrait g\u00e9n\u00e9ralement \u00eatre utilis\u00e9 comme le seul <strong>SERM<\/strong> dans une<strong> PCT.<\/strong> Dans la plupart des cas. Lorsqu\u2019un deuxi\u00e8me <strong>SERM<\/strong> tel que <strong>Nolvadex<\/strong> est combin\u00e9 avec Clomid, chacun doit \u00eatre utilis\u00e9 \u00e0 la demi-dose plut\u00f4t que la dose compl\u00e8te. L\u2019utilisation de la dose compl\u00e8te ne fournit pas une efficacit\u00e9 accrue mais augmente seulement le risque d\u2019effets secondaires.<\/p>\n<\/div>\n","protected":false},"excerpt":{"rendered":"<div align=\"justify\"><strong>Laboratoire :<\/strong> Biolab<br \/>\n<strong>Forme :<\/strong> Orale<br \/>\n<strong>Mol\u00e9cule :<\/strong> Clomiphene Citrate<br \/>\n<strong>Concentration :<\/strong> 50mg\/comprim\u00e9<br \/>\n<strong>Volume :<\/strong> 10 comprim\u00e9s<br \/>\n<strong>Recommended dosage :<\/strong> 50-150 mg (1-3 comprim\u00e9s) par jour apr\u00e8s la cure durant 20 jours (PCT)<\/p>\n<p>Les culturistes utilisent le Clomid pour relancer la production de testost\u00e9rone dans les testicules et \u00e9vitent ainsi les d\u00e9s\u00e9quilibres hormonaux. Les athl\u00e8tes d\u00e9montrent qu\u2019une dose quotidienne de 50 \u00e0 100 mg de Clomid aide \u00e0 r\u00e9tablir les niveaux normaux de testost\u00e9rone en 2 semaines.<\/p>\n<\/div>\n","protected":false},"featured_media":248545,"comment_status":"closed","ping_status":"closed","template":"","meta":[],"berocket_brand":[152],"yoast_head":"<!-- This site is optimized with the Yoast SEO plugin v15.9.1 - https:\/\/yoast.com\/wordpress\/plugins\/seo\/ -->\n<title>Acheter de l&#039;Ovinum 50mg [Clomiphene Citrate 50mg] - 10 Tabs - Biolab<\/title>\n<meta name=\"description\" content=\"Roidsmania.com a s\u00e9lectionn\u00e9 pour vous l&#039;Ovinum 50mg [Clomiphene Citrate 50mg] - 10 Tabs - Biolab. Exp\u00e9dition Rapide. Paiement Facile.\" \/>\n<meta name=\"robots\" content=\"index, follow, max-snippet:-1, max-image-preview:large, max-video-preview:-1\" \/>\n<link rel=\"canonical\" href=\"https:\/\/roidsmania.com\/fr\/produit\/ovinum-50mg-clomiphene-citrate-50mg-10-tabs\/\" \/>\n<meta property=\"og:locale\" content=\"fr_FR\" \/>\n<meta property=\"og:type\" content=\"article\" \/>\n<meta property=\"og:title\" content=\"Acheter de l&#039;Ovinum 50mg [Clomiphene Citrate 50mg] - 10 Tabs - Biolab\" \/>\n<meta property=\"og:description\" content=\"Roidsmania.com a s\u00e9lectionn\u00e9 pour vous l&#039;Ovinum 50mg [Clomiphene Citrate 50mg] - 10 Tabs - Biolab. Exp\u00e9dition Rapide. Paiement Facile.\" \/>\n<meta property=\"og:url\" content=\"https:\/\/roidsmania.com\/fr\/produit\/ovinum-50mg-clomiphene-citrate-50mg-10-tabs\/\" \/>\n<meta property=\"og:site_name\" content=\"RoidsMania.com\" \/>\n<meta property=\"article:modified_time\" content=\"2020-10-27T22:31:43+00:00\" \/>\n<meta property=\"og:image\" content=\"https:\/\/roidsmania.com\/wp-content\/uploads\/2016\/12\/ovinum.jpg\" \/>\n\t<meta property=\"og:image:width\" content=\"1902\" \/>\n\t<meta property=\"og:image:height\" content=\"1902\" \/>\n<meta name=\"twitter:card\" content=\"summary\" \/>\n<meta name=\"twitter:label1\" content=\"Dur\u00e9e de lecture est.\">\n\t<meta name=\"twitter:data1\" content=\"1 minute\">\n<script type=\"application\/ld+json\" class=\"yoast-schema-graph\">{\"@context\":\"https:\/\/schema.org\",\"@graph\":[{\"@type\":\"WebSite\",\"@id\":\"https:\/\/roidsmania.com\/fr\/#website\",\"url\":\"https:\/\/roidsmania.com\/fr\/\",\"name\":\"RoidsMania.com\",\"description\":\"Online Anabolic Steroids shop\",\"potentialAction\":[{\"@type\":\"SearchAction\",\"target\":\"https:\/\/roidsmania.com\/fr\/?s={search_term_string}\",\"query-input\":\"required name=search_term_string\"}],\"inLanguage\":\"fr-FR\"},{\"@type\":\"ImageObject\",\"@id\":\"https:\/\/roidsmania.com\/fr\/produit\/ovinum-50mg-clomiphene-citrate-50mg-10-tabs\/#primaryimage\",\"inLanguage\":\"fr-FR\",\"url\":\"https:\/\/roidsmania.com\/wp-content\/uploads\/2016\/12\/ovinum1.jpg\",\"width\":1902,\"height\":1902},{\"@type\":\"WebPage\",\"@id\":\"https:\/\/roidsmania.com\/fr\/produit\/ovinum-50mg-clomiphene-citrate-50mg-10-tabs\/#webpage\",\"url\":\"https:\/\/roidsmania.com\/fr\/produit\/ovinum-50mg-clomiphene-citrate-50mg-10-tabs\/\",\"name\":\"Acheter de l'Ovinum 50mg [Clomiphene Citrate 50mg] - 10 Tabs - Biolab\",\"isPartOf\":{\"@id\":\"https:\/\/roidsmania.com\/fr\/#website\"},\"primaryImageOfPage\":{\"@id\":\"https:\/\/roidsmania.com\/fr\/produit\/ovinum-50mg-clomiphene-citrate-50mg-10-tabs\/#primaryimage\"},\"datePublished\":\"2016-12-14T04:26:55+00:00\",\"dateModified\":\"2020-10-27T22:31:43+00:00\",\"description\":\"Roidsmania.com a s\\u00e9lectionn\\u00e9 pour vous l'Ovinum 50mg [Clomiphene Citrate 50mg] - 10 Tabs - Biolab. Exp\\u00e9dition Rapide. Paiement Facile.\",\"breadcrumb\":{\"@id\":\"https:\/\/roidsmania.com\/fr\/produit\/ovinum-50mg-clomiphene-citrate-50mg-10-tabs\/#breadcrumb\"},\"inLanguage\":\"fr-FR\",\"potentialAction\":[{\"@type\":\"ReadAction\",\"target\":[\"https:\/\/roidsmania.com\/fr\/produit\/ovinum-50mg-clomiphene-citrate-50mg-10-tabs\/\"]}]},{\"@type\":\"BreadcrumbList\",\"@id\":\"https:\/\/roidsmania.com\/fr\/produit\/ovinum-50mg-clomiphene-citrate-50mg-10-tabs\/#breadcrumb\",\"itemListElement\":[{\"@type\":\"ListItem\",\"position\":1,\"item\":{\"@type\":\"WebPage\",\"@id\":\"https:\/\/roidsmania.com\/fr\/\",\"url\":\"https:\/\/roidsmania.com\/fr\/\",\"name\":\"Home\"}},{\"@type\":\"ListItem\",\"position\":2,\"item\":{\"@type\":\"WebPage\",\"@id\":\"https:\/\/roidsmania.com\/fr\/boutique\/\",\"url\":\"https:\/\/roidsmania.com\/fr\/boutique\/\",\"name\":\"BOUTIQUE\"}},{\"@type\":\"ListItem\",\"position\":3,\"item\":{\"@type\":\"WebPage\",\"@id\":\"https:\/\/roidsmania.com\/fr\/produit\/ovinum-50mg-clomiphene-citrate-50mg-10-tabs\/\",\"url\":\"https:\/\/roidsmania.com\/fr\/produit\/ovinum-50mg-clomiphene-citrate-50mg-10-tabs\/\",\"name\":\"Ovinum 50mg [Clomiphene Citrate 50mg] &#8211; 10 Tabs &#8211; Biolab\"}}]}]}<\/script>\n<!-- \/ Yoast SEO plugin. -->","_links":{"self":[{"href":"https:\/\/roidsmania.com\/fr\/wp-json\/wp\/v2\/product\/3516\/"}],"collection":[{"href":"https:\/\/roidsmania.com\/fr\/wp-json\/wp\/v2\/product\/"}],"about":[{"href":"https:\/\/roidsmania.com\/fr\/wp-json\/wp\/v2\/types\/product\/"}],"replies":[{"embeddable":true,"href":"https:\/\/roidsmania.com\/fr\/wp-json\/wp\/v2\/comments\/?post=3516"}],"wp:featuredmedia":[{"embeddable":true,"href":"https:\/\/roidsmania.com\/fr\/wp-json\/wp\/v2\/media\/248545\/"}],"wp:attachment":[{"href":"https:\/\/roidsmania.com\/fr\/wp-json\/wp\/v2\/media\/?parent=3516"}],"wp:term":[{"taxonomy":"berocket_brand","embeddable":true,"href":"https:\/\/roidsmania.com\/fr\/wp-json\/wp\/v2\/berocket_brand\/?post=3516"}],"curies":[{"name":"wp","href":"https:\/\/api.w.org\/{rel}","templated":true}]}}