{"id":3504,"date":"2016-12-14T14:51:28","date_gmt":"2016-12-14T07:51:28","guid":{"rendered":"https:\/\/roidsmania.com\/product\/provironum-25mg-mesterolone-25mg-50-tablets-bayer-shering\/"},"modified":"2022-08-25T20:05:13","modified_gmt":"2022-08-25T13:05:13","slug":"provironum-25mg-mesterolone-25mg-20-tabs-bayer-shering","status":"publish","type":"product","link":"https:\/\/roidsmania.com\/fr\/produit\/provironum-25mg-mesterolone-25mg-20-tabs-bayer-shering\/","title":{"rendered":"Provironum 25mg [Mesterolone 25mg] &#8211; 20 Tabs &#8211; Bayer-Shering"},"content":{"rendered":"<div align=\"justify\">\n<p>Le<strong> Proviron<\/strong> agit comme un anti-aromatisant.<\/p>\n<p><strong>Son r\u00f4le :<\/strong><\/p>\n<p>&#8211; il emp\u00eache l&#8217;aromatisation (conversion) des st\u00e9ro\u00efdes anabolisants en \u0153strog\u00e8ne.<br \/>\n&#8211; Il \u00e9vite la <strong>gyn\u00e9comastie<\/strong> et peut \u00eatre combin\u00e9 avec<strong> Nolvadex<\/strong> pour augmenter son efficacit\u00e9.<\/p>\n<p>Il est bien \u00e9vident que le<strong> Proviron et le Nolvadex<\/strong> sont tous les deux des anti-oestrog\u00e8nes mais ont des m\u00e9canismes d&#8217;action diff\u00e9rents et compl\u00e9mentaires, et c&#8217;est pourquoi la combinaison de ces deux produits est si efficace: tandis que le Proviron emp\u00eache l&#8217;aromatisation des anabolisants, Le <strong>Nolvadex<\/strong> bloque les cellules r\u00e9ceptrices des <strong>\u0153strog\u00e8nes<\/strong>, emp\u00eachant ainsi qu&#8217;ils agissent. C&#8217;est donc un formidable tandem.<\/p>\n<p>Le<strong> Proviron<\/strong> est non seulement un excellent<strong> anti-\u0153strog\u00e8ne<\/strong>, mais en maintenant un faible niveau d&#8217;oestrog\u00e8ne, Ce produit r\u00e9duit \u00e9galement la r\u00e9tention d&#8217;eau. Il donne \u00e0 l&#8217;utilisateur une apparence trac\u00e9e recherch\u00e9e par de nombreux bodybuilders, en particulier lors de la pr\u00e9paration des comp\u00e9titions.<strong>Steroide anabolisant<\/strong><\/p>\n<p>Il convient de noter que le<strong> Proviron<\/strong> tend \u00e0 limiter les gains musculaires d&#8217;un cycle de st\u00e9ro\u00efdes puisqu&#8217;il s&#8217;attaque aux cellules r\u00e9ceptrices des androg\u00e8nes, qui sont ensuite bloqu\u00e9es et donc inefficaces. C&#8217;est pourquoi de nombreux culturistes prennent une dose minimale de <strong>Proviron,<\/strong> juste pour \u00e9viter de la gyn\u00e9comastie.<\/p>\n<p>En ce qui concerne les effets secondaires de la <strong>Mesterolone<\/strong>, ils sont rares en dessous de <strong>100 mg par jour.<\/strong> En effet, les comprim\u00e9s de Proviron ne sont pas alpha-alkyl\u00e9s 17 et ne nuisent pas au foie. Mais si le dosage d\u00e9passe les <strong>75 \u00e0 100 mg par jour<\/strong>, des ph\u00e9nom\u00e8nes tels que le priapisme peuvent appara\u00eetre (situation d\u00e9sagr\u00e9able dans laquelle le p\u00e9nis apr\u00e8s l&#8217;\u00e9rection ne retrouve pas sa flaccidit\u00e9 normale).<\/p>\n<\/div>\n","protected":false},"excerpt":{"rendered":"<div align=\"justify\"><strong>Laboratoire :<\/strong> Bayer-Shering<br \/>\n<strong>Forme :<\/strong> Orale<br \/>\n<strong>Mol\u00e9cule :<\/strong> Mesterolone<br \/>\n<strong>Concentration :<\/strong> 25mg\/comprim\u00e9<br \/>\n<strong>Volume :<\/strong> 20 comprim\u00e9s<br \/>\n<strong>Recommended dosage :<\/strong> 25mg\/jour<\/p>\n<p>Le Proviron est un anti-oestrog\u00e8ne tr\u00e8s puissant. Il emp\u00eache la gyn\u00e9comastie tout en r\u00e9duisant la r\u00e9tention d&#8217;eau et la graisse, il permet la r\u00e9cup\u00e9ration de la production de testost\u00e9rone dans les testicules et emp\u00eache l&#8217;aromatisation des st\u00e9ro\u00efdes anabolisants.<\/p>\n<\/div>\n","protected":false},"featured_media":240057,"comment_status":"closed","ping_status":"closed","template":"","meta":[],"berocket_brand":[143],"yoast_head":"<!-- This site is optimized with the Yoast SEO plugin v15.9.1 - https:\/\/yoast.com\/wordpress\/plugins\/seo\/ -->\n<title>Acheter du Provironum 25mg [Mesterolone 25mg] - 20 Tabs - Bayer-Shering<\/title>\n<meta name=\"description\" content=\"Roidsmania.com a s\u00e9lectionn\u00e9 pour vous le Provironum 25mg [Mesterolone 25mg] - 20 Tabs - Bayer-Shering. Exp\u00e9dition Rapide. Paiement Facile.\" \/>\n<meta name=\"robots\" content=\"index, follow, max-snippet:-1, max-image-preview:large, max-video-preview:-1\" \/>\n<link rel=\"canonical\" href=\"https:\/\/roidsmania.com\/fr\/produit\/provironum-25mg-mesterolone-25mg-20-tablets-bayer-shering\/\" \/>\n<meta property=\"og:locale\" content=\"fr_FR\" \/>\n<meta property=\"og:type\" content=\"article\" \/>\n<meta property=\"og:title\" content=\"Acheter du Provironum 25mg [Mesterolone 25mg] - 20 Tabs - Bayer-Shering\" \/>\n<meta property=\"og:description\" content=\"Roidsmania.com a s\u00e9lectionn\u00e9 pour vous le Provironum 25mg [Mesterolone 25mg] - 20 Tabs - Bayer-Shering. Exp\u00e9dition Rapide. Paiement Facile.\" \/>\n<meta property=\"og:url\" content=\"https:\/\/roidsmania.com\/produit\/provironum-25mg-mesterolone-25mg-20-tablets-bayer-shering\/\" \/>\n<meta property=\"og:site_name\" content=\"RoidsMania.com\" \/>\n<meta property=\"article:modified_time\" content=\"2022-08-25T13:05:13+00:00\" \/>\n<meta property=\"og:image\" content=\"https:\/\/roidsmania.com\/wp-content\/uploads\/2016\/12\/proviron-40879-big.jpg\" \/>\n\t<meta property=\"og:image:width\" content=\"1024\" \/>\n\t<meta property=\"og:image:height\" content=\"1024\" \/>\n<meta name=\"twitter:card\" content=\"summary\" \/>\n<meta name=\"twitter:label1\" content=\"Dur\u00e9e de lecture est.\">\n\t<meta name=\"twitter:data1\" content=\"1 minute\">\n<script type=\"application\/ld+json\" class=\"yoast-schema-graph\">{\"@context\":\"https:\/\/schema.org\",\"@graph\":[{\"@type\":\"WebSite\",\"@id\":\"https:\/\/roidsmania.com\/fr\/#website\",\"url\":\"https:\/\/roidsmania.com\/fr\/\",\"name\":\"RoidsMania.com\",\"description\":\"Online Anabolic Steroids shop\",\"potentialAction\":[{\"@type\":\"SearchAction\",\"target\":\"https:\/\/roidsmania.com\/fr\/?s={search_term_string}\",\"query-input\":\"required name=search_term_string\"}],\"inLanguage\":\"fr-FR\"},{\"@type\":\"ImageObject\",\"@id\":\"https:\/\/roidsmania.com\/produit\/provironum-25mg-mesterolone-25mg-20-tablets-bayer-shering\/#primaryimage\",\"inLanguage\":\"fr-FR\",\"url\":\"https:\/\/roidsmania.com\/wp-content\/uploads\/2016\/12\/proviron-40879-big.jpg\",\"width\":1024,\"height\":1024},{\"@type\":\"WebPage\",\"@id\":\"https:\/\/roidsmania.com\/produit\/provironum-25mg-mesterolone-25mg-20-tablets-bayer-shering\/#webpage\",\"url\":\"https:\/\/roidsmania.com\/produit\/provironum-25mg-mesterolone-25mg-20-tablets-bayer-shering\/\",\"name\":\"Acheter du Provironum 25mg [Mesterolone 25mg] - 20 Tabs - Bayer-Shering\",\"isPartOf\":{\"@id\":\"https:\/\/roidsmania.com\/fr\/#website\"},\"primaryImageOfPage\":{\"@id\":\"https:\/\/roidsmania.com\/produit\/provironum-25mg-mesterolone-25mg-20-tablets-bayer-shering\/#primaryimage\"},\"datePublished\":\"2016-12-14T07:51:28+00:00\",\"dateModified\":\"2022-08-25T13:05:13+00:00\",\"description\":\"Roidsmania.com a s\\u00e9lectionn\\u00e9 pour vous le Provironum 25mg [Mesterolone 25mg] - 20 Tabs - Bayer-Shering. Exp\\u00e9dition Rapide. Paiement Facile.\",\"breadcrumb\":{\"@id\":\"https:\/\/roidsmania.com\/produit\/provironum-25mg-mesterolone-25mg-20-tablets-bayer-shering\/#breadcrumb\"},\"inLanguage\":\"fr-FR\",\"potentialAction\":[{\"@type\":\"ReadAction\",\"target\":[\"https:\/\/roidsmania.com\/produit\/provironum-25mg-mesterolone-25mg-20-tablets-bayer-shering\/\"]}]},{\"@type\":\"BreadcrumbList\",\"@id\":\"https:\/\/roidsmania.com\/produit\/provironum-25mg-mesterolone-25mg-20-tablets-bayer-shering\/#breadcrumb\",\"itemListElement\":[{\"@type\":\"ListItem\",\"position\":1,\"item\":{\"@type\":\"WebPage\",\"@id\":\"https:\/\/roidsmania.com\/fr\/\",\"url\":\"https:\/\/roidsmania.com\/fr\/\",\"name\":\"Home\"}},{\"@type\":\"ListItem\",\"position\":2,\"item\":{\"@type\":\"WebPage\",\"@id\":\"https:\/\/roidsmania.com\/fr\/boutique\/\",\"url\":\"https:\/\/roidsmania.com\/fr\/boutique\/\",\"name\":\"BOUTIQUE\"}},{\"@type\":\"ListItem\",\"position\":3,\"item\":{\"@type\":\"WebPage\",\"@id\":\"https:\/\/roidsmania.com\/produit\/provironum-25mg-mesterolone-25mg-20-tablets-bayer-shering\/\",\"url\":\"https:\/\/roidsmania.com\/produit\/provironum-25mg-mesterolone-25mg-20-tablets-bayer-shering\/\",\"name\":\"Provironum 25mg [Mesterolone 25mg] &#8211; 20 Tabs &#8211; Bayer-Shering\"}}]}]}<\/script>\n<!-- \/ Yoast SEO plugin. -->","_links":{"self":[{"href":"https:\/\/roidsmania.com\/fr\/wp-json\/wp\/v2\/product\/3504\/"}],"collection":[{"href":"https:\/\/roidsmania.com\/fr\/wp-json\/wp\/v2\/product\/"}],"about":[{"href":"https:\/\/roidsmania.com\/fr\/wp-json\/wp\/v2\/types\/product\/"}],"replies":[{"embeddable":true,"href":"https:\/\/roidsmania.com\/fr\/wp-json\/wp\/v2\/comments\/?post=3504"}],"wp:featuredmedia":[{"embeddable":true,"href":"https:\/\/roidsmania.com\/fr\/wp-json\/wp\/v2\/media\/240057\/"}],"wp:attachment":[{"href":"https:\/\/roidsmania.com\/fr\/wp-json\/wp\/v2\/media\/?parent=3504"}],"wp:term":[{"taxonomy":"berocket_brand","embeddable":true,"href":"https:\/\/roidsmania.com\/fr\/wp-json\/wp\/v2\/berocket_brand\/?post=3504"}],"curies":[{"name":"wp","href":"https:\/\/api.w.org\/{rel}","templated":true}]}}