{"id":3500,"date":"2016-12-15T19:29:27","date_gmt":"2016-12-15T12:29:27","guid":{"rendered":"https:\/\/roidsmania.com\/product\/testoviron-depot-testosterone-enanthate-250mg-20-amps-bayer-schering\/"},"modified":"2020-10-28T05:30:47","modified_gmt":"2020-10-27T22:30:47","slug":"testoviron-depot-testosterone-enanthate-250mg-20-amps-bayer-schering","status":"publish","type":"product","link":"https:\/\/roidsmania.com\/fr\/produit\/testoviron-depot-testosterone-enanthate-250mg-20-amps-bayer-schering\/","title":{"rendered":"Testoviron Depot [Testosterone Enanthate 250mg] &#8211; 20 Amps &#8211; Bayer Schering"},"content":{"rendered":"<div align=\"justify\"><strong>Bien qu\u2019il s\u2019agisse d\u2019un st\u00e9ro\u00efde<\/strong> androg\u00e8ne anabolisant, il joue un r\u00f4le crucial dans le d\u00e9veloppement du m\u00e9tabolisme d\u2019une mani\u00e8re g\u00e9n\u00e9rale. De plus, la testost\u00e9rone \u00e9nanthate fonctionne de la m\u00eame fa\u00e7on que l\u2019insuline en augmentant les facteurs de croissances de mani\u00e8re exponentiel, qui est une hormone peptidique produite naturellement par votre corps avec de fortes propri\u00e9t\u00e9s anabolisantes.<br \/>\n<strong>La demi-vie<\/strong> de la testost\u00e9rone \u00e9nanthate est d\u2019environ <strong>10 jours,<\/strong> c\u2019est l\u2019une des plus longues demi-vies pour ce type de produit. La<strong> testost\u00e9rone<\/strong> \u00e9nanthate est tr\u00e8s appr\u00e9ci\u00e9e par ses utilisateurs en raison de ses avantages uniques tels que l\u2019augmentation de la masse musculaire et de la force.En effet, elle augmente le<strong> m\u00e9tabolisme<\/strong> du corps.<br \/>\nCe produit offre aussi l\u2019avantage d\u2019acc\u00e9l\u00e9rer la r\u00e9cup\u00e9ration apr\u00e8s une s\u00e9ance d\u2019entra\u00eenement intense<strong>.Acheter HGH<\/strong>Les effets secondaires de la<strong> testost\u00e9rone \u00e9nanthate<\/strong> est l\u2019aromatisation.<br \/>\nEn effet, au cours d\u2019une cure avec ce produit, la testost\u00e9rone se transformera en \u0153strog\u00e8ne, ce qu\u2019on appelle le processus <strong>d\u2019aromatisation<\/strong>. Ce processus est aussi responsable des effets secondaires tels que la r\u00e9tention d\u2019eau ainsi que des troubles li\u00e9s au <strong>cholest\u00e9rol.<\/strong><\/p>\n<\/div>\n","protected":false},"excerpt":{"rendered":"<div align=\"justify\"><strong>Laboratoire :<\/strong> Bayer Schering<br \/>\n<strong>Forme :<\/strong> Injection<br \/>\n<strong>Mol\u00e9cule :<\/strong> Testosterone Enanthate<br \/>\n<strong>Concentration :<\/strong> 250 mg\/ml<br \/>\n<strong>Volume :<\/strong> 20 vials<br \/>\n<strong>Dosage Recommand\u00e9 :<\/strong> 250-750mg\/semaine<\/p>\n<p>La Testosterone enanthate est un st\u00e9ro\u00efde anabolisant injectable d\u00e9velopp\u00e9 par Bayer Schering dans une vial de 250 mg (20 vials) visant \u00e0 am\u00e9liorer la performance des athl\u00e8tes et des bodybuilders en raison de son \u00e9l\u00e9ment actif : La Testosterone enanthate. En plus d\u2019augmenter la force et la masse musculaire, ce st\u00e9ro\u00efde anabolisant injectable augmentera consid\u00e9rablement votre libido. De cette fa\u00e7on, l\u2019utilisation de la Testosterone enanthate am\u00e9liore l\u2019endurance et r\u00e9duit la douleur lors d\u2019effort gr\u00e2ce \u00e0 la r\u00e9tention accrue des globules rouges dans le sang et de l\u2019eau dans le corps.<\/p><\/div>\n","protected":false},"featured_media":3501,"comment_status":"closed","ping_status":"closed","template":"","meta":[],"berocket_brand":[143],"yoast_head":"<!-- This site is optimized with the Yoast SEO plugin v15.9.1 - https:\/\/yoast.com\/wordpress\/plugins\/seo\/ -->\n<title>Acheter du Testoviron Depot [Testosterone Enanthate 250mg] - 20 Amps<\/title>\n<meta name=\"description\" content=\"Roidsmania.com a s\u00e9lectionn\u00e9 pour vous le Testoviron Depot [Testosterone Enanthate 250mg] - 20 Amps. Exp\u00e9dition Rapide. Paiement Facile.\" \/>\n<meta name=\"robots\" content=\"index, follow, max-snippet:-1, max-image-preview:large, max-video-preview:-1\" \/>\n<link rel=\"canonical\" href=\"https:\/\/roidsmania.com\/fr\/produit\/testoviron-depot-testosterone-enanthate-250mg-20-amps-bayer-schering\/\" \/>\n<meta property=\"og:locale\" content=\"fr_FR\" \/>\n<meta property=\"og:type\" content=\"article\" \/>\n<meta property=\"og:title\" content=\"Acheter du Testoviron Depot [Testosterone Enanthate 250mg] - 20 Amps\" \/>\n<meta property=\"og:description\" content=\"Roidsmania.com a s\u00e9lectionn\u00e9 pour vous le Testoviron Depot [Testosterone Enanthate 250mg] - 20 Amps. Exp\u00e9dition Rapide. Paiement Facile.\" \/>\n<meta property=\"og:url\" content=\"https:\/\/roidsmania.com\/produit\/testoviron-depot-testosterone-enanthate-250mg-20-amps-bayer-schering\/\" \/>\n<meta property=\"og:site_name\" content=\"RoidsMania.com\" \/>\n<meta property=\"article:modified_time\" content=\"2020-10-27T22:30:47+00:00\" \/>\n<meta property=\"og:image\" content=\"https:\/\/roidsmania.com\/wp-content\/uploads\/2016\/12\/Testoviron_Depot_250mg_ml_Schering_Winstrol_Depot__83775.jpg\" \/>\n\t<meta property=\"og:image:width\" content=\"800\" \/>\n\t<meta property=\"og:image:height\" content=\"687\" \/>\n<meta name=\"twitter:card\" content=\"summary\" \/>\n<meta name=\"twitter:label1\" content=\"Dur\u00e9e de lecture est.\">\n\t<meta name=\"twitter:data1\" content=\"1 minute\">\n<script type=\"application\/ld+json\" class=\"yoast-schema-graph\">{\"@context\":\"https:\/\/schema.org\",\"@graph\":[{\"@type\":\"WebSite\",\"@id\":\"https:\/\/roidsmania.com\/fr\/#website\",\"url\":\"https:\/\/roidsmania.com\/fr\/\",\"name\":\"RoidsMania.com\",\"description\":\"Online Anabolic Steroids shop\",\"potentialAction\":[{\"@type\":\"SearchAction\",\"target\":\"https:\/\/roidsmania.com\/fr\/?s={search_term_string}\",\"query-input\":\"required name=search_term_string\"}],\"inLanguage\":\"fr-FR\"},{\"@type\":\"ImageObject\",\"@id\":\"https:\/\/roidsmania.com\/produit\/testoviron-depot-testosterone-enanthate-250mg-20-amps-bayer-schering\/#primaryimage\",\"inLanguage\":\"fr-FR\",\"url\":\"https:\/\/roidsmania.com\/wp-content\/uploads\/2016\/12\/Testoviron_Depot_250mg_ml_Schering_Winstrol_Depot__83775.jpg\",\"width\":800,\"height\":687},{\"@type\":\"WebPage\",\"@id\":\"https:\/\/roidsmania.com\/produit\/testoviron-depot-testosterone-enanthate-250mg-20-amps-bayer-schering\/#webpage\",\"url\":\"https:\/\/roidsmania.com\/produit\/testoviron-depot-testosterone-enanthate-250mg-20-amps-bayer-schering\/\",\"name\":\"Acheter du Testoviron Depot [Testosterone Enanthate 250mg] - 20 Amps\",\"isPartOf\":{\"@id\":\"https:\/\/roidsmania.com\/fr\/#website\"},\"primaryImageOfPage\":{\"@id\":\"https:\/\/roidsmania.com\/produit\/testoviron-depot-testosterone-enanthate-250mg-20-amps-bayer-schering\/#primaryimage\"},\"datePublished\":\"2016-12-15T12:29:27+00:00\",\"dateModified\":\"2020-10-27T22:30:47+00:00\",\"description\":\"Roidsmania.com a s\\u00e9lectionn\\u00e9 pour vous le Testoviron Depot [Testosterone Enanthate 250mg] - 20 Amps. Exp\\u00e9dition Rapide. Paiement Facile.\",\"breadcrumb\":{\"@id\":\"https:\/\/roidsmania.com\/produit\/testoviron-depot-testosterone-enanthate-250mg-20-amps-bayer-schering\/#breadcrumb\"},\"inLanguage\":\"fr-FR\",\"potentialAction\":[{\"@type\":\"ReadAction\",\"target\":[\"https:\/\/roidsmania.com\/produit\/testoviron-depot-testosterone-enanthate-250mg-20-amps-bayer-schering\/\"]}]},{\"@type\":\"BreadcrumbList\",\"@id\":\"https:\/\/roidsmania.com\/produit\/testoviron-depot-testosterone-enanthate-250mg-20-amps-bayer-schering\/#breadcrumb\",\"itemListElement\":[{\"@type\":\"ListItem\",\"position\":1,\"item\":{\"@type\":\"WebPage\",\"@id\":\"https:\/\/roidsmania.com\/fr\/\",\"url\":\"https:\/\/roidsmania.com\/fr\/\",\"name\":\"Home\"}},{\"@type\":\"ListItem\",\"position\":2,\"item\":{\"@type\":\"WebPage\",\"@id\":\"https:\/\/roidsmania.com\/fr\/boutique\/\",\"url\":\"https:\/\/roidsmania.com\/fr\/boutique\/\",\"name\":\"BOUTIQUE\"}},{\"@type\":\"ListItem\",\"position\":3,\"item\":{\"@type\":\"WebPage\",\"@id\":\"https:\/\/roidsmania.com\/produit\/testoviron-depot-testosterone-enanthate-250mg-20-amps-bayer-schering\/\",\"url\":\"https:\/\/roidsmania.com\/produit\/testoviron-depot-testosterone-enanthate-250mg-20-amps-bayer-schering\/\",\"name\":\"Testoviron Depot [Testosterone Enanthate 250mg] &#8211; 20 Amps &#8211; Bayer Schering\"}}]}]}<\/script>\n<!-- \/ Yoast SEO plugin. -->","_links":{"self":[{"href":"https:\/\/roidsmania.com\/fr\/wp-json\/wp\/v2\/product\/3500\/"}],"collection":[{"href":"https:\/\/roidsmania.com\/fr\/wp-json\/wp\/v2\/product\/"}],"about":[{"href":"https:\/\/roidsmania.com\/fr\/wp-json\/wp\/v2\/types\/product\/"}],"replies":[{"embeddable":true,"href":"https:\/\/roidsmania.com\/fr\/wp-json\/wp\/v2\/comments\/?post=3500"}],"wp:featuredmedia":[{"embeddable":true,"href":"https:\/\/roidsmania.com\/fr\/wp-json\/wp\/v2\/media\/3501\/"}],"wp:attachment":[{"href":"https:\/\/roidsmania.com\/fr\/wp-json\/wp\/v2\/media\/?parent=3500"}],"wp:term":[{"taxonomy":"berocket_brand","embeddable":true,"href":"https:\/\/roidsmania.com\/fr\/wp-json\/wp\/v2\/berocket_brand\/?post=3500"}],"curies":[{"name":"wp","href":"https:\/\/api.w.org\/{rel}","templated":true}]}}