{"id":3429,"date":"2016-12-19T13:41:14","date_gmt":"2016-12-19T06:41:14","guid":{"rendered":"https:\/\/roidsmania.com\/product\/masterone-drostanolone-propionate-1000mg-10ml-meditech\/"},"modified":"2020-10-28T05:29:18","modified_gmt":"2020-10-27T22:29:18","slug":"masterone-drostanolone-propionate-1000mg-10ml-meditech","status":"publish","type":"product","link":"https:\/\/roidsmania.com\/fr\/produit\/masterone-drostanolone-propionate-1000mg-10ml-meditech\/","title":{"rendered":"Masterone [Drostanolone Propionate 1000mg] &#8211; 10ml &#8211; Meditech"},"content":{"rendered":"<div align=\"justify\">\n<p>le <strong>Mastebolin (Drostanolone Propionate)<\/strong> du laboratoire Alpha Pharma est un st\u00e9ro\u00efde anabolique \/ androg\u00e9nique qui provient de l\u2019ester de propionate de Drostanolone.<\/p>\n<p>Il n\u2019aromatise pas et a des propri\u00e9t\u00e9s similaires \u00e0 la Dihydro-<strong>Testosterone<\/strong>.<br \/>\nLa<strong> Drostanolone Propionate<\/strong> est utilis\u00e9e principalement par les athl\u00e8tes qui veulent conserver leurs forces et leurs \u00e9nergies tout en essayant de perdre de la masse. Elle est b\u00e9n\u00e9fique pour les coureurs et les athl\u00e8tes qui doivent rester dans une certaine cat\u00e9gorie de poids.<\/p>\n<p>le<strong> Mastebolin<\/strong> a gagn\u00e9 en popularit\u00e9 aupr\u00e8s des adeptes du bodybuilding comme un produit diur\u00e9tique et d\u00e9finissant les muscles.<\/p>\n<p>La principale utilisation du<strong> Mastebolin<\/strong> se fait dans le cadre de cures visant a renforcer les muscles et a augmenter la force tout en gardant la masse graisseuse \u00e9gale, voir m\u00eame en la r\u00e9duisant l\u00e9g\u00e8rement, ce qui peut aider \u00e0 pr\u00e9venir la perte de muscle pendant une s\u00e8che.Ce produit reste largement utilis\u00e9 dans les pr\u00e9parations de concours pour plusieurs raisons.<strong> L\u2019une des principales<\/strong> raisons est due au fait qu\u2019il emp\u00eache la r\u00e9tention d\u2019eau et permet donc d\u2019avoir des muscles plus marqu\u00e9s<strong>.HGH<\/strong><\/p>\n<p>le <strong>Mastebolin<\/strong> est \u00e9galement tr\u00e8s androg\u00e8ne, ce qui offre une am\u00e9lioration consid\u00e9rable de la densit\u00e9 musculaire.<\/p>\n<\/div>\n","protected":false},"excerpt":{"rendered":"<div align=\"justify\"><strong>Laboratoire :<\/strong> Meditech<br \/>\n<strong>Forme :<\/strong> Injection<br \/>\n<strong>Mol\u00e9cule :<\/strong> Drostanolone Propionate<br \/>\n<strong>Concentration :<\/strong> 100mg\/ml<br \/>\n<strong>Volume :<\/strong> 10 ml<br \/>\n<strong>Dosage Recommand\u00e9 :<\/strong> 100-400mg\/jour<\/p>\n<p>Le Masteron fournit au sportif une musculature dense. Il ne diminue pas la r\u00e9tention de graisse ou tr\u00e8s peu. Il devrait \u00eatre utilis\u00e9 par ceux qui ont d\u00e9j\u00e0 une masse graisseuse faible et vise une musculature v\u00e9ritablement stri\u00e9e.<\/p><\/div>\n","protected":false},"featured_media":233550,"comment_status":"closed","ping_status":"closed","template":"","meta":[],"berocket_brand":[145],"yoast_head":"<!-- This site is optimized with the Yoast SEO plugin v15.9.1 - https:\/\/yoast.com\/wordpress\/plugins\/seo\/ -->\n<title>Acheter du Masterone [Drostanolone Propionate 1000mg] - 10ml - Meditech<\/title>\n<meta name=\"description\" content=\"Roidsmania.com a s\u00e9lectionn\u00e9 pour vous le Masterone [Drostanolone Propionate 1000mg] - 10ml - Meditech. Exp\u00e9dition Rapide. Paiement Facile.\" \/>\n<meta name=\"robots\" content=\"index, follow, max-snippet:-1, max-image-preview:large, max-video-preview:-1\" \/>\n<link rel=\"canonical\" href=\"https:\/\/roidsmania.com\/fr\/produit\/masterone-drostanolone-propionate-1000mg-10ml-meditech\/\" \/>\n<meta property=\"og:locale\" content=\"fr_FR\" \/>\n<meta property=\"og:type\" content=\"article\" \/>\n<meta property=\"og:title\" content=\"Acheter du Masterone [Drostanolone Propionate 1000mg] - 10ml - Meditech\" \/>\n<meta property=\"og:description\" content=\"Roidsmania.com a s\u00e9lectionn\u00e9 pour vous le Masterone [Drostanolone Propionate 1000mg] - 10ml - Meditech. Exp\u00e9dition Rapide. Paiement Facile.\" \/>\n<meta property=\"og:url\" content=\"https:\/\/roidsmania.com\/fr\/produit\/masterone-drostanolone-propionate-1000mg-10ml-meditech\/\" \/>\n<meta property=\"og:site_name\" content=\"RoidsMania.com\" \/>\n<meta property=\"article:modified_time\" content=\"2020-10-27T22:29:18+00:00\" \/>\n<meta property=\"og:image\" content=\"https:\/\/roidsmania.com\/wp-content\/uploads\/2016\/12\/Masterone.png\" \/>\n\t<meta property=\"og:image:width\" content=\"500\" \/>\n\t<meta property=\"og:image:height\" content=\"750\" \/>\n<meta name=\"twitter:card\" content=\"summary\" \/>\n<meta name=\"twitter:label1\" content=\"Dur\u00e9e de lecture est.\">\n\t<meta name=\"twitter:data1\" content=\"1 minute\">\n<script type=\"application\/ld+json\" class=\"yoast-schema-graph\">{\"@context\":\"https:\/\/schema.org\",\"@graph\":[{\"@type\":\"WebSite\",\"@id\":\"https:\/\/roidsmania.com\/fr\/#website\",\"url\":\"https:\/\/roidsmania.com\/fr\/\",\"name\":\"RoidsMania.com\",\"description\":\"Online Anabolic Steroids shop\",\"potentialAction\":[{\"@type\":\"SearchAction\",\"target\":\"https:\/\/roidsmania.com\/fr\/?s={search_term_string}\",\"query-input\":\"required name=search_term_string\"}],\"inLanguage\":\"fr-FR\"},{\"@type\":\"ImageObject\",\"@id\":\"https:\/\/roidsmania.com\/fr\/produit\/masterone-drostanolone-propionate-1000mg-10ml-meditech\/#primaryimage\",\"inLanguage\":\"fr-FR\",\"url\":\"https:\/\/roidsmania.com\/wp-content\/uploads\/2016\/12\/masterone-drostanolone-propionate-meditech.jpg\",\"width\":1024,\"height\":1022},{\"@type\":\"WebPage\",\"@id\":\"https:\/\/roidsmania.com\/fr\/produit\/masterone-drostanolone-propionate-1000mg-10ml-meditech\/#webpage\",\"url\":\"https:\/\/roidsmania.com\/fr\/produit\/masterone-drostanolone-propionate-1000mg-10ml-meditech\/\",\"name\":\"Acheter du Masterone [Drostanolone Propionate 1000mg] - 10ml - Meditech\",\"isPartOf\":{\"@id\":\"https:\/\/roidsmania.com\/fr\/#website\"},\"primaryImageOfPage\":{\"@id\":\"https:\/\/roidsmania.com\/fr\/produit\/masterone-drostanolone-propionate-1000mg-10ml-meditech\/#primaryimage\"},\"datePublished\":\"2016-12-19T06:41:14+00:00\",\"dateModified\":\"2020-10-27T22:29:18+00:00\",\"description\":\"Roidsmania.com a s\\u00e9lectionn\\u00e9 pour vous le Masterone [Drostanolone Propionate 1000mg] - 10ml - Meditech. Exp\\u00e9dition Rapide. Paiement Facile.\",\"breadcrumb\":{\"@id\":\"https:\/\/roidsmania.com\/fr\/produit\/masterone-drostanolone-propionate-1000mg-10ml-meditech\/#breadcrumb\"},\"inLanguage\":\"fr-FR\",\"potentialAction\":[{\"@type\":\"ReadAction\",\"target\":[\"https:\/\/roidsmania.com\/fr\/produit\/masterone-drostanolone-propionate-1000mg-10ml-meditech\/\"]}]},{\"@type\":\"BreadcrumbList\",\"@id\":\"https:\/\/roidsmania.com\/fr\/produit\/masterone-drostanolone-propionate-1000mg-10ml-meditech\/#breadcrumb\",\"itemListElement\":[{\"@type\":\"ListItem\",\"position\":1,\"item\":{\"@type\":\"WebPage\",\"@id\":\"https:\/\/roidsmania.com\/fr\/\",\"url\":\"https:\/\/roidsmania.com\/fr\/\",\"name\":\"Home\"}},{\"@type\":\"ListItem\",\"position\":2,\"item\":{\"@type\":\"WebPage\",\"@id\":\"https:\/\/roidsmania.com\/fr\/boutique\/\",\"url\":\"https:\/\/roidsmania.com\/fr\/boutique\/\",\"name\":\"BOUTIQUE\"}},{\"@type\":\"ListItem\",\"position\":3,\"item\":{\"@type\":\"WebPage\",\"@id\":\"https:\/\/roidsmania.com\/fr\/produit\/masterone-drostanolone-propionate-1000mg-10ml-meditech\/\",\"url\":\"https:\/\/roidsmania.com\/fr\/produit\/masterone-drostanolone-propionate-1000mg-10ml-meditech\/\",\"name\":\"Masterone [Drostanolone Propionate 1000mg] &#8211; 10ml &#8211; Meditech\"}}]}]}<\/script>\n<!-- \/ Yoast SEO plugin. -->","_links":{"self":[{"href":"https:\/\/roidsmania.com\/fr\/wp-json\/wp\/v2\/product\/3429\/"}],"collection":[{"href":"https:\/\/roidsmania.com\/fr\/wp-json\/wp\/v2\/product\/"}],"about":[{"href":"https:\/\/roidsmania.com\/fr\/wp-json\/wp\/v2\/types\/product\/"}],"replies":[{"embeddable":true,"href":"https:\/\/roidsmania.com\/fr\/wp-json\/wp\/v2\/comments\/?post=3429"}],"wp:featuredmedia":[{"embeddable":true,"href":"https:\/\/roidsmania.com\/fr\/wp-json\/wp\/v2\/media\/233550\/"}],"wp:attachment":[{"href":"https:\/\/roidsmania.com\/fr\/wp-json\/wp\/v2\/media\/?parent=3429"}],"wp:term":[{"taxonomy":"berocket_brand","embeddable":true,"href":"https:\/\/roidsmania.com\/fr\/wp-json\/wp\/v2\/berocket_brand\/?post=3429"}],"curies":[{"name":"wp","href":"https:\/\/api.w.org\/{rel}","templated":true}]}}