{"id":3425,"date":"2016-12-19T14:19:10","date_gmt":"2016-12-19T07:19:10","guid":{"rendered":"https:\/\/roidsmania.com\/product\/sustanon-250-testosterone-complex-2500mg-10ml-meditech\/"},"modified":"2020-10-28T05:26:08","modified_gmt":"2020-10-27T22:26:08","slug":"sustanon-250-testosterone-complex-2500mg-10ml-meditech","status":"publish","type":"product","link":"https:\/\/roidsmania.com\/fr\/produit\/sustanon-250-testosterone-complex-2500mg-10ml-meditech\/","title":{"rendered":"Sustanon 250 [Testosterone Complex 2500mg] &#8211; 10ml &#8211; Meditech"},"content":{"rendered":"<div align=\"justify\">\n<p>Le <strong>Sustanon 250<\/strong> est le nom commercial de la Testosterone Complex, C\u2019est un m\u00e9lange injectable huileux compos\u00e9 de 4 esters :<\/p>\n<p>Le flacon de <strong>10 ml<\/strong> contient:<\/p>\n<p><strong>\u2013 30 mg<\/strong> de testosterone propionate<br \/>\n<strong>\u2013 60 mg<\/strong> de testosterone phenylpropionate<br \/>\n<strong>\u2013 100 mg<\/strong> de Testosterone Decanoate<br \/>\n<strong>\u2013 60 mg<\/strong> de Testosterone Isocaproate<\/p>\n<p>Les diff\u00e9rents esters de testost\u00e9rone ont des demi-vies distingues. Ces<strong> 4<\/strong> <strong>esters<\/strong> de testost\u00e9rone permettent une lib\u00e9ration prolong\u00e9e du produit dans le sang. Le<strong> Sustanon<\/strong> est un produit st\u00e9ro\u00efdique anabolisant et est principalement utilis\u00e9 dans le but de construire une masse musculaire solide<strong>.Acheter Peptides<\/strong><\/p>\n<p>Les <strong>r\u00e9sultats<\/strong> de l\u2019utilisation de Sustanon sont excellents et tr\u00e8s androg\u00e8ne. Par cons\u00e9quent, il est principalement utilis\u00e9 pour une cure de prise de masse et contribue \u00e0 une forte augmentation de la force et de la masse musculaire.<\/p>\n<\/div>\n","protected":false},"excerpt":{"rendered":"<div align=\"justify\"><strong>Laboratoire :<\/strong> Meditech<br \/>\n<strong>Forme :<\/strong> Injection<br \/>\n<strong>Mol\u00e9cule :<\/strong> Sustanon-Mix of Testosterone<br \/>\n<strong>Concentration :<\/strong> 250mg\/ml<br \/>\n<strong>Volume :<\/strong> 10 ml<br \/>\n<strong>Dosage Recommand\u00e9 :<\/strong> 250-1000mg\/semaine<\/p>\n<p>Le Sustanon (Testosterone Complex) est un des st\u00e9ro\u00efdes les plus populaire de la gamme de st\u00e9ro\u00efdes injectables. Le Sustanon est un m\u00e9lange de quatre Esters de testost\u00e9rone diff\u00e9rents. Il comprend la propionate, la ph\u00e9nylpropionate, l\u2019isocaproate et la d\u00e9canoate. Bien qu\u2019ils soient dans des proportions diff\u00e9rentes, ils peuvent fournir de multiples avantages \u00e0 l\u2019utilisateur.<\/p>\n<\/div>\n","protected":false},"featured_media":233554,"comment_status":"closed","ping_status":"closed","template":"","meta":[],"berocket_brand":[145],"yoast_head":"<!-- This site is optimized with the Yoast SEO plugin v15.9.1 - https:\/\/yoast.com\/wordpress\/plugins\/seo\/ -->\n<title>Acheter du Sustanon 250 [Testosterone Complex 2500mg] - 10ml - Meditech<\/title>\n<meta name=\"description\" content=\"Roidsmania.com a s\u00e9lectionn\u00e9 pour vous le Sustanon 250 [Testosterone Complex 2500mg] - 10ml - Meditech. Exp\u00e9dition Rapide. Paiement Facile.\" \/>\n<meta name=\"robots\" content=\"index, follow, max-snippet:-1, max-image-preview:large, max-video-preview:-1\" \/>\n<link rel=\"canonical\" href=\"https:\/\/roidsmania.com\/fr\/produit\/sustanon-250-testosterone-complex-2500mg-10ml-meditech\/\" \/>\n<meta property=\"og:locale\" content=\"fr_FR\" \/>\n<meta property=\"og:type\" content=\"article\" \/>\n<meta property=\"og:title\" content=\"Acheter du Sustanon 250 [Testosterone Complex 2500mg] - 10ml - Meditech\" \/>\n<meta property=\"og:description\" content=\"Roidsmania.com a s\u00e9lectionn\u00e9 pour vous le Sustanon 250 [Testosterone Complex 2500mg] - 10ml - Meditech. Exp\u00e9dition Rapide. Paiement Facile.\" \/>\n<meta property=\"og:url\" content=\"https:\/\/roidsmania.com\/fr\/produit\/sustanon-250-testosterone-complex-2500mg-10ml-meditech\/\" \/>\n<meta property=\"og:site_name\" content=\"RoidsMania.com\" \/>\n<meta property=\"article:modified_time\" content=\"2020-10-27T22:26:08+00:00\" \/>\n<meta property=\"og:image\" content=\"https:\/\/roidsmania.com\/wp-content\/uploads\/2016\/12\/Sustanon250.png\" \/>\n\t<meta property=\"og:image:width\" content=\"500\" \/>\n\t<meta property=\"og:image:height\" content=\"750\" \/>\n<meta name=\"twitter:card\" content=\"summary\" \/>\n<meta name=\"twitter:label1\" content=\"Dur\u00e9e de lecture est.\">\n\t<meta name=\"twitter:data1\" content=\"1 minute\">\n<script type=\"application\/ld+json\" class=\"yoast-schema-graph\">{\"@context\":\"https:\/\/schema.org\",\"@graph\":[{\"@type\":\"WebSite\",\"@id\":\"https:\/\/roidsmania.com\/fr\/#website\",\"url\":\"https:\/\/roidsmania.com\/fr\/\",\"name\":\"RoidsMania.com\",\"description\":\"Online Anabolic Steroids shop\",\"potentialAction\":[{\"@type\":\"SearchAction\",\"target\":\"https:\/\/roidsmania.com\/fr\/?s={search_term_string}\",\"query-input\":\"required name=search_term_string\"}],\"inLanguage\":\"fr-FR\"},{\"@type\":\"ImageObject\",\"@id\":\"https:\/\/roidsmania.com\/fr\/produit\/sustanon-250-testosterone-complex-2500mg-10ml-meditech\/#primaryimage\",\"inLanguage\":\"fr-FR\",\"url\":\"https:\/\/roidsmania.com\/wp-content\/uploads\/2016\/12\/Sustanon-250-Meditech.jpg\",\"width\":1024,\"height\":1024},{\"@type\":\"WebPage\",\"@id\":\"https:\/\/roidsmania.com\/fr\/produit\/sustanon-250-testosterone-complex-2500mg-10ml-meditech\/#webpage\",\"url\":\"https:\/\/roidsmania.com\/fr\/produit\/sustanon-250-testosterone-complex-2500mg-10ml-meditech\/\",\"name\":\"Acheter du Sustanon 250 [Testosterone Complex 2500mg] - 10ml - Meditech\",\"isPartOf\":{\"@id\":\"https:\/\/roidsmania.com\/fr\/#website\"},\"primaryImageOfPage\":{\"@id\":\"https:\/\/roidsmania.com\/fr\/produit\/sustanon-250-testosterone-complex-2500mg-10ml-meditech\/#primaryimage\"},\"datePublished\":\"2016-12-19T07:19:10+00:00\",\"dateModified\":\"2020-10-27T22:26:08+00:00\",\"description\":\"Roidsmania.com a s\\u00e9lectionn\\u00e9 pour vous le Sustanon 250 [Testosterone Complex 2500mg] - 10ml - Meditech. Exp\\u00e9dition Rapide. Paiement Facile.\",\"breadcrumb\":{\"@id\":\"https:\/\/roidsmania.com\/fr\/produit\/sustanon-250-testosterone-complex-2500mg-10ml-meditech\/#breadcrumb\"},\"inLanguage\":\"fr-FR\",\"potentialAction\":[{\"@type\":\"ReadAction\",\"target\":[\"https:\/\/roidsmania.com\/fr\/produit\/sustanon-250-testosterone-complex-2500mg-10ml-meditech\/\"]}]},{\"@type\":\"BreadcrumbList\",\"@id\":\"https:\/\/roidsmania.com\/fr\/produit\/sustanon-250-testosterone-complex-2500mg-10ml-meditech\/#breadcrumb\",\"itemListElement\":[{\"@type\":\"ListItem\",\"position\":1,\"item\":{\"@type\":\"WebPage\",\"@id\":\"https:\/\/roidsmania.com\/fr\/\",\"url\":\"https:\/\/roidsmania.com\/fr\/\",\"name\":\"Home\"}},{\"@type\":\"ListItem\",\"position\":2,\"item\":{\"@type\":\"WebPage\",\"@id\":\"https:\/\/roidsmania.com\/fr\/boutique\/\",\"url\":\"https:\/\/roidsmania.com\/fr\/boutique\/\",\"name\":\"BOUTIQUE\"}},{\"@type\":\"ListItem\",\"position\":3,\"item\":{\"@type\":\"WebPage\",\"@id\":\"https:\/\/roidsmania.com\/fr\/produit\/sustanon-250-testosterone-complex-2500mg-10ml-meditech\/\",\"url\":\"https:\/\/roidsmania.com\/fr\/produit\/sustanon-250-testosterone-complex-2500mg-10ml-meditech\/\",\"name\":\"Sustanon 250 [Testosterone Complex 2500mg] &#8211; 10ml &#8211; Meditech\"}}]}]}<\/script>\n<!-- \/ Yoast SEO plugin. -->","_links":{"self":[{"href":"https:\/\/roidsmania.com\/fr\/wp-json\/wp\/v2\/product\/3425\/"}],"collection":[{"href":"https:\/\/roidsmania.com\/fr\/wp-json\/wp\/v2\/product\/"}],"about":[{"href":"https:\/\/roidsmania.com\/fr\/wp-json\/wp\/v2\/types\/product\/"}],"replies":[{"embeddable":true,"href":"https:\/\/roidsmania.com\/fr\/wp-json\/wp\/v2\/comments\/?post=3425"}],"wp:featuredmedia":[{"embeddable":true,"href":"https:\/\/roidsmania.com\/fr\/wp-json\/wp\/v2\/media\/233554\/"}],"wp:attachment":[{"href":"https:\/\/roidsmania.com\/fr\/wp-json\/wp\/v2\/media\/?parent=3425"}],"wp:term":[{"taxonomy":"berocket_brand","embeddable":true,"href":"https:\/\/roidsmania.com\/fr\/wp-json\/wp\/v2\/berocket_brand\/?post=3425"}],"curies":[{"name":"wp","href":"https:\/\/api.w.org\/{rel}","templated":true}]}}