{"id":3418,"date":"2016-12-19T13:56:25","date_gmt":"2016-12-19T06:56:25","guid":{"rendered":"https:\/\/roidsmania.com\/product\/t-prop-testosterone-propionate-1000mg-10ml-meditech\/"},"modified":"2020-10-28T05:27:30","modified_gmt":"2020-10-27T22:27:30","slug":"t-prop-testosterone-propionate-1000mg-10ml-meditech","status":"publish","type":"product","link":"https:\/\/roidsmania.com\/fr\/produit\/t-prop-testosterone-propionate-1000mg-10ml-meditech\/","title":{"rendered":"T-Prop [Testosterone Propionate 1000mg] &#8211; 10ml &#8211; Meditech"},"content":{"rendered":"<div align=\"justify\">\n<p>La <strong>Testosterone Propionate<\/strong> a une tr\u00e8s courte dur\u00e9e d\u2019action: 1 ou 2 jours. Elle fournit des gains significatifs en terme de prise de masse et de force, mais avec l\u2019avantage d\u2019une r\u00e9tention d\u2019eau minimale, ce qui assure des muscles plus denses et de meilleure qualit\u00e9.<\/p>\n<p><strong>La T-Prop<\/strong> du laboratoire Meditech est compos\u00e9e d\u2019une testost\u00e9rone injectable huileuse. La vitesse d\u2019assimilation de la <strong>Testosterone<\/strong> Propionate est beaucoup plus rapide que d\u2019autres esters de testost\u00e9rone tels que la cypionate ou l\u2019\u00e9nanthate et n\u00e9cessite des injections beaucoup plus fr\u00e9quentes afin de maintenir des taux sanguins stables. Alors que le cypionate et l\u2019\u00e9nanthate sont inject\u00e9s sur une base hebdomadaire ou bi-hebdomadaire, le propionate doit \u00eatre g\u00e9n\u00e9ralement inject\u00e9e chaque jour.<\/p>\n<p><strong>Ceux<\/strong> qui ne se soucient pas des injections fr\u00e9quentes trouveront en ce produit un st\u00e9roide tr\u00e8s efficace. Comme pour toutes les <strong>testost\u00e9rones,<\/strong> c\u2019est un puissant produit pour la prise de masse et est capable de produire des gains tr\u00e8s rapides<strong>.danabol<\/strong><br \/>\nEn contrepartie, l\u2019accumulation d\u2019\u0153strog\u00e8ne et de <strong>DHT<\/strong> <strong>(dihydrotestost\u00e9rone)<\/strong> sera \u00e9lev\u00e9e, de sorte que les effets secondaires bien connus de la testost\u00e9rone sont \u00e0 pr\u00e9voir.<br \/>\nBeaucoup consid\u00e8rent que le propionate est l\u2019ester de <strong>testost\u00e9rone<\/strong> le plus doux et la forme pr\u00e9f\u00e9r\u00e9e pour les phases de pr\u00e9paration.<\/p>\n<p>Nous pouvons dire que le propionate pourrait \u00eatre la testost\u00e9rone pr\u00e9f\u00e9r\u00e9e chez les bodybuilders<strong> f\u00e9minins<\/strong> (pour ceux qui souhaite absolument l\u2019utilisation de la testost\u00e9rone), car les niveaux sanguins sont plus faciles \u00e0 contr\u00f4ler par rapport \u00e0 d\u2019autres esters.<\/p>\n<\/div>\n","protected":false},"excerpt":{"rendered":"<div align=\"justify\"><strong>Laboratoire :<\/strong> Meditech<br \/>\n<strong>Forme :<\/strong> Injection<br \/>\n<strong>Mol\u00e9cule :<\/strong> Testosterone Propionate<br \/>\n<strong>Concentration :<\/strong> 100mg\/ml<br \/>\n<strong>Volume :<\/strong> 10 ml<br \/>\n<strong>Dosage Recommand\u00e9 :<\/strong> 100-400mg\/semaine<\/p>\n<p>En plus d\u2019\u00eatre une aide pr\u00e9cieuse pour le d\u00e9veloppement de la masse musculaire, la Testosterone Propionate aide \u00e0 r\u00e9duire le temps de r\u00e9cup\u00e9ration entre les cures. C\u2019est l\u2019un des produits st\u00e9ro\u00efdiens les plus efficaces, alors que la plupart de ses effets secondaires possibles peuvent \u00eatre facilement r\u00e9duits par l\u2019utilisation de protections adapt\u00e9es.<\/p>\n<\/div>\n","protected":false},"featured_media":233556,"comment_status":"closed","ping_status":"closed","template":"","meta":[],"berocket_brand":[145],"yoast_head":"<!-- This site is optimized with the Yoast SEO plugin v15.9.1 - https:\/\/yoast.com\/wordpress\/plugins\/seo\/ -->\n<title>Acheter du T-Prop [Testosterone Propionate 1000mg] - 10ml - Meditech<\/title>\n<meta name=\"description\" content=\"Roidsmania.com a s\u00e9lectionn\u00e9 pour vous le T-Prop [Testosterone Propionate 1000mg] - 10ml - Meditech. Exp\u00e9dition Rapide. Paiement Facile.\" \/>\n<meta name=\"robots\" content=\"index, follow, max-snippet:-1, max-image-preview:large, max-video-preview:-1\" \/>\n<link rel=\"canonical\" href=\"https:\/\/roidsmania.com\/fr\/produit\/t-prop-testosterone-propionate-1000mg-10ml-meditech\/\" \/>\n<meta property=\"og:locale\" content=\"fr_FR\" \/>\n<meta property=\"og:type\" content=\"article\" \/>\n<meta property=\"og:title\" content=\"Acheter du T-Prop [Testosterone Propionate 1000mg] - 10ml - Meditech\" \/>\n<meta property=\"og:description\" content=\"Roidsmania.com a s\u00e9lectionn\u00e9 pour vous le T-Prop [Testosterone Propionate 1000mg] - 10ml - Meditech. Exp\u00e9dition Rapide. Paiement Facile.\" \/>\n<meta property=\"og:url\" content=\"https:\/\/roidsmania.com\/fr\/produit\/t-prop-testosterone-propionate-1000mg-10ml-meditech\/\" \/>\n<meta property=\"og:site_name\" content=\"RoidsMania.com\" \/>\n<meta property=\"article:modified_time\" content=\"2020-10-27T22:27:30+00:00\" \/>\n<meta property=\"og:image\" content=\"https:\/\/roidsmania.com\/wp-content\/uploads\/2016\/12\/T-Prop.png\" \/>\n\t<meta property=\"og:image:width\" content=\"500\" \/>\n\t<meta property=\"og:image:height\" content=\"750\" \/>\n<meta name=\"twitter:card\" content=\"summary\" \/>\n<meta name=\"twitter:label1\" content=\"Dur\u00e9e de lecture est.\">\n\t<meta name=\"twitter:data1\" content=\"1 minute\">\n<script type=\"application\/ld+json\" class=\"yoast-schema-graph\">{\"@context\":\"https:\/\/schema.org\",\"@graph\":[{\"@type\":\"WebSite\",\"@id\":\"https:\/\/roidsmania.com\/fr\/#website\",\"url\":\"https:\/\/roidsmania.com\/fr\/\",\"name\":\"RoidsMania.com\",\"description\":\"Online Anabolic Steroids shop\",\"potentialAction\":[{\"@type\":\"SearchAction\",\"target\":\"https:\/\/roidsmania.com\/fr\/?s={search_term_string}\",\"query-input\":\"required name=search_term_string\"}],\"inLanguage\":\"fr-FR\"},{\"@type\":\"ImageObject\",\"@id\":\"https:\/\/roidsmania.com\/fr\/produit\/t-prop-testosterone-propionate-1000mg-10ml-meditech\/#primaryimage\",\"inLanguage\":\"fr-FR\",\"url\":\"https:\/\/roidsmania.com\/wp-content\/uploads\/2016\/12\/T-Prop-100-Meditech-10ml.jpg\",\"width\":1024,\"height\":1024},{\"@type\":\"WebPage\",\"@id\":\"https:\/\/roidsmania.com\/fr\/produit\/t-prop-testosterone-propionate-1000mg-10ml-meditech\/#webpage\",\"url\":\"https:\/\/roidsmania.com\/fr\/produit\/t-prop-testosterone-propionate-1000mg-10ml-meditech\/\",\"name\":\"Acheter du T-Prop [Testosterone Propionate 1000mg] - 10ml - Meditech\",\"isPartOf\":{\"@id\":\"https:\/\/roidsmania.com\/fr\/#website\"},\"primaryImageOfPage\":{\"@id\":\"https:\/\/roidsmania.com\/fr\/produit\/t-prop-testosterone-propionate-1000mg-10ml-meditech\/#primaryimage\"},\"datePublished\":\"2016-12-19T06:56:25+00:00\",\"dateModified\":\"2020-10-27T22:27:30+00:00\",\"description\":\"Roidsmania.com a s\\u00e9lectionn\\u00e9 pour vous le T-Prop [Testosterone Propionate 1000mg] - 10ml - Meditech. Exp\\u00e9dition Rapide. Paiement Facile.\",\"breadcrumb\":{\"@id\":\"https:\/\/roidsmania.com\/fr\/produit\/t-prop-testosterone-propionate-1000mg-10ml-meditech\/#breadcrumb\"},\"inLanguage\":\"fr-FR\",\"potentialAction\":[{\"@type\":\"ReadAction\",\"target\":[\"https:\/\/roidsmania.com\/fr\/produit\/t-prop-testosterone-propionate-1000mg-10ml-meditech\/\"]}]},{\"@type\":\"BreadcrumbList\",\"@id\":\"https:\/\/roidsmania.com\/fr\/produit\/t-prop-testosterone-propionate-1000mg-10ml-meditech\/#breadcrumb\",\"itemListElement\":[{\"@type\":\"ListItem\",\"position\":1,\"item\":{\"@type\":\"WebPage\",\"@id\":\"https:\/\/roidsmania.com\/fr\/\",\"url\":\"https:\/\/roidsmania.com\/fr\/\",\"name\":\"Home\"}},{\"@type\":\"ListItem\",\"position\":2,\"item\":{\"@type\":\"WebPage\",\"@id\":\"https:\/\/roidsmania.com\/fr\/boutique\/\",\"url\":\"https:\/\/roidsmania.com\/fr\/boutique\/\",\"name\":\"BOUTIQUE\"}},{\"@type\":\"ListItem\",\"position\":3,\"item\":{\"@type\":\"WebPage\",\"@id\":\"https:\/\/roidsmania.com\/fr\/produit\/t-prop-testosterone-propionate-1000mg-10ml-meditech\/\",\"url\":\"https:\/\/roidsmania.com\/fr\/produit\/t-prop-testosterone-propionate-1000mg-10ml-meditech\/\",\"name\":\"T-Prop [Testosterone Propionate 1000mg] &#8211; 10ml &#8211; Meditech\"}}]}]}<\/script>\n<!-- \/ Yoast SEO plugin. -->","_links":{"self":[{"href":"https:\/\/roidsmania.com\/fr\/wp-json\/wp\/v2\/product\/3418\/"}],"collection":[{"href":"https:\/\/roidsmania.com\/fr\/wp-json\/wp\/v2\/product\/"}],"about":[{"href":"https:\/\/roidsmania.com\/fr\/wp-json\/wp\/v2\/types\/product\/"}],"replies":[{"embeddable":true,"href":"https:\/\/roidsmania.com\/fr\/wp-json\/wp\/v2\/comments\/?post=3418"}],"wp:featuredmedia":[{"embeddable":true,"href":"https:\/\/roidsmania.com\/fr\/wp-json\/wp\/v2\/media\/233556\/"}],"wp:attachment":[{"href":"https:\/\/roidsmania.com\/fr\/wp-json\/wp\/v2\/media\/?parent=3418"}],"wp:term":[{"taxonomy":"berocket_brand","embeddable":true,"href":"https:\/\/roidsmania.com\/fr\/wp-json\/wp\/v2\/berocket_brand\/?post=3418"}],"curies":[{"name":"wp","href":"https:\/\/api.w.org\/{rel}","templated":true}]}}