{"id":3343,"date":"2016-12-26T13:28:42","date_gmt":"2016-12-26T06:28:42","guid":{"rendered":"https:\/\/roidsmania.com\/product\/mastebolin-drostanolone-propionate-1000mg-10ml-alpha-pharma\/"},"modified":"2022-12-02T02:23:48","modified_gmt":"2022-12-01T19:23:48","slug":"mastebolin-drostanolone-propionate-1000mg-10ml-alpha-pharma","status":"publish","type":"product","link":"https:\/\/roidsmania.com\/fr\/produit\/mastebolin-drostanolone-propionate-1000mg-10ml-alpha-pharma\/","title":{"rendered":"Mastebolin [Drostanolone Propionate 1000mg] &#8211; 10ml &#8211; Alpha-Pharma"},"content":{"rendered":"<div align=\"justify\">le <strong>Mastebolin (Drostanolone Propionate)<\/strong> du laboratoire Alpha Pharma est un st\u00e9ro\u00efde anabolique \/ androg\u00e9nique qui provient de l&#8217;ester de propionate de Drostanolone.<br \/>\nIl n&#8217;aromatise pas et a des propri\u00e9t\u00e9s similaires \u00e0 la Dihydro-Testosterone.La <strong>Drostanolone<\/strong> Propionate est utilis\u00e9e principalement par les athl\u00e8tes qui veulent conserver leurs forces et leurs \u00e9nergies tout en essayant de perdre de la masse. Elle est b\u00e9n\u00e9fique pour les coureurs et les athl\u00e8tes qui doivent rester dans une certaine cat\u00e9gorie de poids.<\/p>\n<p>le Mastebolin a gagn\u00e9 en popularit\u00e9 aupr\u00e8s des adeptes du bodybuilding comme un produit diur\u00e9tique et d\u00e9finissant les muscles.<br \/>\nLa principale utilisation du <strong>Mastebolin<\/strong> se fait dans le cadre de cures visant a renforcer les muscles et a augmenter la force tout en gardant la masse graisseuse \u00e9gale, voir m\u00eame en la r\u00e9duisant l\u00e9g\u00e8rement, ce qui peut aider \u00e0 pr\u00e9venir la perte de muscle pendant une s\u00e8che.<\/p>\n<p>Ce produit reste largement utilis\u00e9 dans les pr\u00e9parations de concours pour plusieurs raisons<strong>. L&#8217;une<\/strong> des principales raisons est due au fait qu&#8217;il emp\u00eache la r\u00e9tention d&#8217;eau et permet donc d&#8217;avoir des muscles plus marqu\u00e9s<strong>.Meilleur steroides<\/strong><\/p>\n<p>le <strong>Mastebolin<\/strong> est \u00e9galement tr\u00e8s androg\u00e8ne, ce qui offre une am\u00e9lioration consid\u00e9rable de la densit\u00e9 musculaire.<\/p>\n<\/div>\n","protected":false},"excerpt":{"rendered":"<div align=\"justify\"><strong>Laboratoire :<\/strong> Alpha-Pharma<br \/>\n<strong>Forme :<\/strong> Injection<br \/>\n<strong>Mol\u00e9cule :<\/strong> Drostanolone Propionate<br \/>\n<strong>Concentration :<\/strong> 100mg\/ml<br \/>\n<strong>Volume :<\/strong> 10 ml<br \/>\n<strong>Dosage Recommand\u00e9 :<\/strong> 200-600mg\/semaine<\/p>\n<p>Le Masteron fournit au sportif une musculature dense. Il ne diminue pas la r\u00e9tention de graisse ou tr\u00e8s peu. Il devrait \u00eatre utilis\u00e9 par ceux qui ont d\u00e9j\u00e0 une masse graisseuse faible et vise une musculature v\u00e9ritablement stri\u00e9e.<\/p>\n<\/div>\n","protected":false},"featured_media":3344,"comment_status":"closed","ping_status":"closed","template":"","meta":[],"berocket_brand":[148],"yoast_head":"<!-- This site is optimized with the Yoast SEO plugin v15.9.1 - https:\/\/yoast.com\/wordpress\/plugins\/seo\/ -->\n<title>Acheter du Mastebolin [Drostanolone Propionate 1000mg] - 10ml - Alpha-Pharma<\/title>\n<meta name=\"description\" content=\"Roidsmania.com a s\u00e9lectionn\u00e9 pour vous le Mastebolin [Drostanolone Propionate 1000mg] - 10ml - Alpha-Pharma.\" \/>\n<meta name=\"robots\" content=\"index, follow, max-snippet:-1, max-image-preview:large, max-video-preview:-1\" \/>\n<link rel=\"canonical\" href=\"https:\/\/roidsmania.com\/fr\/produit\/mastebolin-drostanolone-propionate-1000mg-10ml-alpha-pharma\/\" \/>\n<meta property=\"og:locale\" content=\"fr_FR\" \/>\n<meta property=\"og:type\" content=\"article\" \/>\n<meta property=\"og:title\" content=\"Acheter du Mastebolin [Drostanolone Propionate 1000mg] - 10ml - Alpha-Pharma\" \/>\n<meta property=\"og:description\" content=\"Roidsmania.com a s\u00e9lectionn\u00e9 pour vous le Mastebolin [Drostanolone Propionate 1000mg] - 10ml - Alpha-Pharma.\" \/>\n<meta property=\"og:url\" content=\"https:\/\/roidsmania.com\/fr\/produit\/mastebolin-drostanolone-propionate-1000mg-10ml-alpha-pharma\/\" \/>\n<meta property=\"og:site_name\" content=\"RoidsMania.com\" \/>\n<meta property=\"article:modified_time\" content=\"2022-12-01T19:23:48+00:00\" \/>\n<meta property=\"og:image\" content=\"https:\/\/roidsmania.com\/wp-content\/uploads\/2016\/12\/Mastebolin_vial.jpg\" \/>\n\t<meta property=\"og:image:width\" content=\"274\" \/>\n\t<meta property=\"og:image:height\" content=\"295\" \/>\n<meta name=\"twitter:card\" content=\"summary\" \/>\n<meta name=\"twitter:label1\" content=\"Dur\u00e9e de lecture est.\">\n\t<meta name=\"twitter:data1\" content=\"1 minute\">\n<script type=\"application\/ld+json\" class=\"yoast-schema-graph\">{\"@context\":\"https:\/\/schema.org\",\"@graph\":[{\"@type\":\"WebSite\",\"@id\":\"https:\/\/roidsmania.com\/fr\/#website\",\"url\":\"https:\/\/roidsmania.com\/fr\/\",\"name\":\"RoidsMania.com\",\"description\":\"Online Anabolic Steroids shop\",\"potentialAction\":[{\"@type\":\"SearchAction\",\"target\":\"https:\/\/roidsmania.com\/fr\/?s={search_term_string}\",\"query-input\":\"required name=search_term_string\"}],\"inLanguage\":\"fr-FR\"},{\"@type\":\"ImageObject\",\"@id\":\"https:\/\/roidsmania.com\/fr\/produit\/mastebolin-drostanolone-propionate-1000mg-10ml-alpha-pharma\/#primaryimage\",\"inLanguage\":\"fr-FR\",\"url\":\"https:\/\/roidsmania.com\/wp-content\/uploads\/2016\/12\/Mastebolin_vial.jpg\",\"width\":274,\"height\":295},{\"@type\":\"WebPage\",\"@id\":\"https:\/\/roidsmania.com\/fr\/produit\/mastebolin-drostanolone-propionate-1000mg-10ml-alpha-pharma\/#webpage\",\"url\":\"https:\/\/roidsmania.com\/fr\/produit\/mastebolin-drostanolone-propionate-1000mg-10ml-alpha-pharma\/\",\"name\":\"Acheter du Mastebolin [Drostanolone Propionate 1000mg] - 10ml - Alpha-Pharma\",\"isPartOf\":{\"@id\":\"https:\/\/roidsmania.com\/fr\/#website\"},\"primaryImageOfPage\":{\"@id\":\"https:\/\/roidsmania.com\/fr\/produit\/mastebolin-drostanolone-propionate-1000mg-10ml-alpha-pharma\/#primaryimage\"},\"datePublished\":\"2016-12-26T06:28:42+00:00\",\"dateModified\":\"2022-12-01T19:23:48+00:00\",\"description\":\"Roidsmania.com a s\\u00e9lectionn\\u00e9 pour vous le Mastebolin [Drostanolone Propionate 1000mg] - 10ml - Alpha-Pharma.\",\"breadcrumb\":{\"@id\":\"https:\/\/roidsmania.com\/fr\/produit\/mastebolin-drostanolone-propionate-1000mg-10ml-alpha-pharma\/#breadcrumb\"},\"inLanguage\":\"fr-FR\",\"potentialAction\":[{\"@type\":\"ReadAction\",\"target\":[\"https:\/\/roidsmania.com\/fr\/produit\/mastebolin-drostanolone-propionate-1000mg-10ml-alpha-pharma\/\"]}]},{\"@type\":\"BreadcrumbList\",\"@id\":\"https:\/\/roidsmania.com\/fr\/produit\/mastebolin-drostanolone-propionate-1000mg-10ml-alpha-pharma\/#breadcrumb\",\"itemListElement\":[{\"@type\":\"ListItem\",\"position\":1,\"item\":{\"@type\":\"WebPage\",\"@id\":\"https:\/\/roidsmania.com\/fr\/\",\"url\":\"https:\/\/roidsmania.com\/fr\/\",\"name\":\"Home\"}},{\"@type\":\"ListItem\",\"position\":2,\"item\":{\"@type\":\"WebPage\",\"@id\":\"https:\/\/roidsmania.com\/fr\/boutique\/\",\"url\":\"https:\/\/roidsmania.com\/fr\/boutique\/\",\"name\":\"BOUTIQUE\"}},{\"@type\":\"ListItem\",\"position\":3,\"item\":{\"@type\":\"WebPage\",\"@id\":\"https:\/\/roidsmania.com\/fr\/produit\/mastebolin-drostanolone-propionate-1000mg-10ml-alpha-pharma\/\",\"url\":\"https:\/\/roidsmania.com\/fr\/produit\/mastebolin-drostanolone-propionate-1000mg-10ml-alpha-pharma\/\",\"name\":\"Mastebolin [Drostanolone Propionate 1000mg] &#8211; 10ml &#8211; Alpha-Pharma\"}}]}]}<\/script>\n<!-- \/ Yoast SEO plugin. -->","_links":{"self":[{"href":"https:\/\/roidsmania.com\/fr\/wp-json\/wp\/v2\/product\/3343\/"}],"collection":[{"href":"https:\/\/roidsmania.com\/fr\/wp-json\/wp\/v2\/product\/"}],"about":[{"href":"https:\/\/roidsmania.com\/fr\/wp-json\/wp\/v2\/types\/product\/"}],"replies":[{"embeddable":true,"href":"https:\/\/roidsmania.com\/fr\/wp-json\/wp\/v2\/comments\/?post=3343"}],"wp:featuredmedia":[{"embeddable":true,"href":"https:\/\/roidsmania.com\/fr\/wp-json\/wp\/v2\/media\/3344\/"}],"wp:attachment":[{"href":"https:\/\/roidsmania.com\/fr\/wp-json\/wp\/v2\/media\/?parent=3343"}],"wp:term":[{"taxonomy":"berocket_brand","embeddable":true,"href":"https:\/\/roidsmania.com\/fr\/wp-json\/wp\/v2\/berocket_brand\/?post=3343"}],"curies":[{"name":"wp","href":"https:\/\/api.w.org\/{rel}","templated":true}]}}