{"id":3335,"date":"2016-12-26T14:55:19","date_gmt":"2016-12-26T07:55:19","guid":{"rendered":"https:\/\/roidsmania.com\/product\/promifen-clomephene-citrate-50mg-50-tabs-alpha-pharma\/"},"modified":"2020-10-28T05:22:34","modified_gmt":"2020-10-27T22:22:34","slug":"promifen-clomephene-citrate-50mg-50-tabs-alpha-pharma","status":"publish","type":"product","link":"https:\/\/roidsmania.com\/fr\/produit\/promifen-clomephene-citrate-50mg-50-tabs-alpha-pharma\/","title":{"rendered":"Promifen [Clomiphene Citrate 50mg] &#8211; 50 Tabs &#8211; Alpha-Pharma"},"content":{"rendered":"<div align=\"justify\">\n<p>Le <strong>Clomid<\/strong> est l&#8217;un des deux<strong> SERM<\/strong> principaux (modulateurs s\u00e9lectifs des r\u00e9cepteurs d&#8217;\u0153strog\u00e8nes) utilis\u00e9s pour la r\u00e9cup\u00e9ration de la production de testost\u00e9rone apr\u00e8s les cycles de st\u00e9ro\u00efdes anabolisants.<strong>Meilleur HGH<\/strong><\/p>\n<p>De nombreux androg\u00e8nes, et en particulier les plus forts tels que l<strong>&#8216;oxym\u00e9tholone,<\/strong> provoquent une chute de la production naturelle de testost\u00e9rone dans le corps pendant la dur\u00e9e de<strong> la cure de st\u00e9ro\u00efdes.<\/strong><\/p>\n<p>Ceci s&#8217;explique facilement, l&#8217;exc\u00e8s d&#8217;androg\u00e8ne provenant des st\u00e9ro\u00efdes finissent par stopper la production de la testost\u00e9rone dans le corps, car ces androg\u00e8nes produisent les m\u00eames effets que la testost\u00e9rone.<\/p>\n<p>Le <strong>Clomid peut<\/strong> et devrait g\u00e9n\u00e9ralement \u00eatre utilis\u00e9 comme le seul <strong>SERM<\/strong> dans une PCT. Dans la plupart des cas. Lorsqu&#8217;un deuxi\u00e8me SERM tel que<strong> Nolvadex<\/strong> est combin\u00e9 avec Clomid, chacun doit \u00eatre utilis\u00e9 \u00e0 la demi-dose plut\u00f4t que la dose compl\u00e8te. L&#8217;utilisation de la dose compl\u00e8te ne fournit pas une efficacit\u00e9 accrue mais augmente seulement le risque<strong> d&#8217;effets secondaires.<\/strong><\/p>\n<\/div>\n","protected":false},"excerpt":{"rendered":"<div align=\"justify\"><strong>Laboratoire :<\/strong> Alpha-Pharma<br \/>\n<strong>Forme :<\/strong> Oral<br \/>\n<strong>Mol\u00e9cule :<\/strong> Clomiphene Citrate<br \/>\n<strong>Concentration :<\/strong> 50mg\/comprim\u00e9<br \/>\n<strong>Volume :<\/strong> 50 comprim\u00e9s<br \/>\n<strong>Dosage Recommand\u00e9 :<\/strong> 50-100mg\/jour<\/p>\n<p>Les culturistes utilisent le Clomid pour relancer la production de testost\u00e9rone dans les testicules et \u00e9vitent ainsi les d\u00e9s\u00e9quilibres hormonaux. Les athl\u00e8tes d\u00e9montrent qu&#8217;une dose quotidienne de 50 \u00e0 100 mg de Clomid aide \u00e0 r\u00e9tablir les niveaux normaux de testost\u00e9rone en 2 semaines.<\/p>\n<\/div>\n","protected":false},"featured_media":235954,"comment_status":"closed","ping_status":"closed","template":"","meta":[],"berocket_brand":[148],"yoast_head":"<!-- This site is optimized with the Yoast SEO plugin v15.9.1 - https:\/\/yoast.com\/wordpress\/plugins\/seo\/ -->\n<title>Acheter du Promifen [Clomiphene Citrate 50mg] - 50 Tabs - Alpha-Pharma<\/title>\n<meta name=\"description\" content=\"Roidsmania.com a s\u00e9lectionn\u00e9 pour vous le Promifen [Clomephene Citrate 50mg] - 50 Tabs - Alpha-Pharma. Exp\u00e9dition Rapide. Paiement Facile.\" \/>\n<meta name=\"robots\" content=\"index, follow, max-snippet:-1, max-image-preview:large, max-video-preview:-1\" \/>\n<link rel=\"canonical\" href=\"https:\/\/roidsmania.com\/fr\/produit\/promifen-clomephene-citrate-50mg-50-tabs-alpha-pharma\/\" \/>\n<meta property=\"og:locale\" content=\"fr_FR\" \/>\n<meta property=\"og:type\" content=\"article\" \/>\n<meta property=\"og:title\" content=\"Acheter du Promifen [Clomiphene Citrate 50mg] - 50 Tabs - Alpha-Pharma\" \/>\n<meta property=\"og:description\" content=\"Roidsmania.com a s\u00e9lectionn\u00e9 pour vous le Promifen [Clomephene Citrate 50mg] - 50 Tabs - Alpha-Pharma. Exp\u00e9dition Rapide. Paiement Facile.\" \/>\n<meta property=\"og:url\" content=\"https:\/\/roidsmania.com\/produit\/promifen-clomephene-citrate-50mg-50-tabs-alpha-pharma\/\" \/>\n<meta property=\"og:site_name\" content=\"RoidsMania.com\" \/>\n<meta property=\"article:modified_time\" content=\"2020-10-27T22:22:34+00:00\" \/>\n<meta property=\"og:image\" content=\"https:\/\/roidsmania.com\/wp-content\/uploads\/2016\/12\/Clomiphene-Alpha-Pharma-Promifen.jpg\" \/>\n\t<meta property=\"og:image:width\" content=\"800\" \/>\n\t<meta property=\"og:image:height\" content=\"800\" \/>\n<meta name=\"twitter:card\" content=\"summary\" \/>\n<meta name=\"twitter:label1\" content=\"Dur\u00e9e de lecture est.\">\n\t<meta name=\"twitter:data1\" content=\"1 minute\">\n<script type=\"application\/ld+json\" class=\"yoast-schema-graph\">{\"@context\":\"https:\/\/schema.org\",\"@graph\":[{\"@type\":\"WebSite\",\"@id\":\"https:\/\/roidsmania.com\/fr\/#website\",\"url\":\"https:\/\/roidsmania.com\/fr\/\",\"name\":\"RoidsMania.com\",\"description\":\"Online Anabolic Steroids shop\",\"potentialAction\":[{\"@type\":\"SearchAction\",\"target\":\"https:\/\/roidsmania.com\/fr\/?s={search_term_string}\",\"query-input\":\"required name=search_term_string\"}],\"inLanguage\":\"fr-FR\"},{\"@type\":\"ImageObject\",\"@id\":\"https:\/\/roidsmania.com\/produit\/promifen-clomephene-citrate-50mg-50-tabs-alpha-pharma\/#primaryimage\",\"inLanguage\":\"fr-FR\",\"url\":\"https:\/\/roidsmania.com\/wp-content\/uploads\/2016\/12\/Clomiphene-Alpha-Pharma-Promifen.jpg\",\"width\":800,\"height\":800},{\"@type\":\"WebPage\",\"@id\":\"https:\/\/roidsmania.com\/produit\/promifen-clomephene-citrate-50mg-50-tabs-alpha-pharma\/#webpage\",\"url\":\"https:\/\/roidsmania.com\/produit\/promifen-clomephene-citrate-50mg-50-tabs-alpha-pharma\/\",\"name\":\"Acheter du Promifen [Clomiphene Citrate 50mg] - 50 Tabs - Alpha-Pharma\",\"isPartOf\":{\"@id\":\"https:\/\/roidsmania.com\/fr\/#website\"},\"primaryImageOfPage\":{\"@id\":\"https:\/\/roidsmania.com\/produit\/promifen-clomephene-citrate-50mg-50-tabs-alpha-pharma\/#primaryimage\"},\"datePublished\":\"2016-12-26T07:55:19+00:00\",\"dateModified\":\"2020-10-27T22:22:34+00:00\",\"description\":\"Roidsmania.com a s\\u00e9lectionn\\u00e9 pour vous le Promifen [Clomephene Citrate 50mg] - 50 Tabs - Alpha-Pharma. Exp\\u00e9dition Rapide. Paiement Facile.\",\"breadcrumb\":{\"@id\":\"https:\/\/roidsmania.com\/produit\/promifen-clomephene-citrate-50mg-50-tabs-alpha-pharma\/#breadcrumb\"},\"inLanguage\":\"fr-FR\",\"potentialAction\":[{\"@type\":\"ReadAction\",\"target\":[\"https:\/\/roidsmania.com\/produit\/promifen-clomephene-citrate-50mg-50-tabs-alpha-pharma\/\"]}]},{\"@type\":\"BreadcrumbList\",\"@id\":\"https:\/\/roidsmania.com\/produit\/promifen-clomephene-citrate-50mg-50-tabs-alpha-pharma\/#breadcrumb\",\"itemListElement\":[{\"@type\":\"ListItem\",\"position\":1,\"item\":{\"@type\":\"WebPage\",\"@id\":\"https:\/\/roidsmania.com\/fr\/\",\"url\":\"https:\/\/roidsmania.com\/fr\/\",\"name\":\"Home\"}},{\"@type\":\"ListItem\",\"position\":2,\"item\":{\"@type\":\"WebPage\",\"@id\":\"https:\/\/roidsmania.com\/fr\/boutique\/\",\"url\":\"https:\/\/roidsmania.com\/fr\/boutique\/\",\"name\":\"BOUTIQUE\"}},{\"@type\":\"ListItem\",\"position\":3,\"item\":{\"@type\":\"WebPage\",\"@id\":\"https:\/\/roidsmania.com\/produit\/promifen-clomephene-citrate-50mg-50-tabs-alpha-pharma\/\",\"url\":\"https:\/\/roidsmania.com\/produit\/promifen-clomephene-citrate-50mg-50-tabs-alpha-pharma\/\",\"name\":\"Promifen [Clomiphene Citrate 50mg] &#8211; 50 Tabs &#8211; Alpha-Pharma\"}}]}]}<\/script>\n<!-- \/ Yoast SEO plugin. -->","_links":{"self":[{"href":"https:\/\/roidsmania.com\/fr\/wp-json\/wp\/v2\/product\/3335\/"}],"collection":[{"href":"https:\/\/roidsmania.com\/fr\/wp-json\/wp\/v2\/product\/"}],"about":[{"href":"https:\/\/roidsmania.com\/fr\/wp-json\/wp\/v2\/types\/product\/"}],"replies":[{"embeddable":true,"href":"https:\/\/roidsmania.com\/fr\/wp-json\/wp\/v2\/comments\/?post=3335"}],"wp:featuredmedia":[{"embeddable":true,"href":"https:\/\/roidsmania.com\/fr\/wp-json\/wp\/v2\/media\/235954\/"}],"wp:attachment":[{"href":"https:\/\/roidsmania.com\/fr\/wp-json\/wp\/v2\/media\/?parent=3335"}],"wp:term":[{"taxonomy":"berocket_brand","embeddable":true,"href":"https:\/\/roidsmania.com\/fr\/wp-json\/wp\/v2\/berocket_brand\/?post=3335"}],"curies":[{"name":"wp","href":"https:\/\/api.w.org\/{rel}","templated":true}]}}