{"id":3333,"date":"2016-12-26T17:27:20","date_gmt":"2016-12-26T10:27:20","guid":{"rendered":"https:\/\/roidsmania.com\/product\/anazole-anastrozole-1mg-30-tabs-alpha-pharma\/"},"modified":"2020-10-28T05:22:27","modified_gmt":"2020-10-27T22:22:27","slug":"anazole-anastrozole-1mg-30-tabs-alpha-pharma","status":"publish","type":"product","link":"https:\/\/roidsmania.com\/fr\/produit\/anazole-anastrozole-1mg-30-tabs-alpha-pharma\/","title":{"rendered":"Anazole [Anastrozole 1mg] &#8211; 30 Tabs &#8211; Alpha-Pharma"},"content":{"rendered":"<div align=\"justify\">\n<p>La r\u00e9duction des<strong> \u0153strog\u00e8nes lors d&#8217;une<\/strong> cure est importante pour les athl\u00e8tes et les bodybuilders. En effet, des niveaux plus \u00e9lev\u00e9s d&#8217;oestrog\u00e8ne diminuent la capacit\u00e9 de br\u00fbler les graisses, de construire <strong>des muscles<\/strong> et de disposer de plus d&#8217;\u00e9nergie. Pour les sportifs et les bodybuilders, prendre <strong>Anastrozole<\/strong> est une partie importante d&#8217;un cycle de st\u00e9ro\u00efdes anabolisants.<\/p>\n<p><strong>En effet, l&#8217;anaztrozole:<\/strong><\/p>\n<p>\u2022 R\u00e9duit les effets des \u0153strog\u00e8nes.<br \/>\n\u2022 Am\u00e9liore l&#8217;\u00e9quilibre hormonal.<\/p>\n<p>L<strong>&#8216;Arimidex<\/strong> a \u00e9t\u00e9 le tout premier inhibiteur d&#8217;aromatase pour de nombreux bodybuilders, il est l&#8217;un des inhibiteur d&#8217;aromatase le plus populaire utilis\u00e9 chez les consommateurs de st\u00e9ro\u00efdes anabolisants afin de contr\u00f4ler le niveau d&#8217;oestrog\u00e8ne<strong>.Acheter Hormone<\/strong><\/p>\n<p>Ce contr\u00f4le du niveau d<strong>&#8216;oestrog\u00e8ne<\/strong> permet de limiter les effets secondaires tel que la gyn\u00e9comastie, la r\u00e9tention d&#8217;eau, les ballonnements et la hausse de la tension art\u00e9rielle (suite \u00e0 l&#8217;augmentation de la r\u00e9tention d&#8217;eau du aux <strong>\u0153strog\u00e8nes).<\/strong><\/p>\n<p>Cela contraste avec les<strong> SERM<\/strong> tels que Nolvadex, qui ne servent qu&#8217;\u00e0 bloquer la gyn\u00e9comastie. Les \u00e9tudes ont en effet d\u00e9montr\u00e9 que l&#8217;utilisation d&#8217;Arimidex chez les hommes \u00e9tait suffisamment efficace pour r\u00e9duire de<strong> 50%<\/strong> le taux plasmatique sanguin d&#8217;\u0153strog\u00e8nes \u00e0 une dose de <strong>0,5 \u00e0 1 mg par jour<\/strong>. Il s&#8217;agit d&#8217;une diminution tr\u00e8s importante chez les hommes.<\/p>\n<\/div>\n","protected":false},"excerpt":{"rendered":"<div align=\"justify\"><strong>Laboratoire :<\/strong> Alpha-Pharma<br \/>\n<strong>Forme :<\/strong> Orale<br \/>\n<strong>Mol\u00e9cule :<\/strong> Anastrozole<br \/>\n<strong>Concentration :<\/strong> 1mg\/comprim\u00e9<br \/>\n<strong>Volume :<\/strong> 30 comprim\u00e9s<br \/>\n<strong>Dosage Recommand\u00e9 :<\/strong> 1 comprim\u00e9 tous les deux jours<\/p>\n<p>L&#8217;anastrozole est un anti-oestrog\u00e8ne important dans le cadre d&#8217;une cure de st\u00e9ro\u00efdes anabolisants, il r\u00e9duit les effets des \u0153strog\u00e8nes et am\u00e9liore \u00e9galement l&#8217;\u00e9quilibre hormonal.<\/p>\n<\/div>\n","protected":false},"featured_media":246223,"comment_status":"closed","ping_status":"closed","template":"","meta":[],"berocket_brand":[148],"yoast_head":"<!-- This site is optimized with the Yoast SEO plugin v15.9.1 - https:\/\/yoast.com\/wordpress\/plugins\/seo\/ -->\n<title>Acheter de l&#039;Anazole [Anastrozole 1mg] - 30 Tabs - Alpha-Pharma<\/title>\n<meta name=\"description\" content=\"Roidsmania.com a s\u00e9lectionn\u00e9 pour vous l&#039;Anazole [Anastrozole 1mg] - 30 Tabs - Alpha-Pharma. Exp\u00e9dition Rapide. Paiement Facile.\" \/>\n<meta name=\"robots\" content=\"index, follow, max-snippet:-1, max-image-preview:large, max-video-preview:-1\" \/>\n<link rel=\"canonical\" href=\"https:\/\/roidsmania.com\/fr\/produit\/anazole-anastrozole-1mg-30-tabs-alpha-pharma\/\" \/>\n<meta property=\"og:locale\" content=\"fr_FR\" \/>\n<meta property=\"og:type\" content=\"article\" \/>\n<meta property=\"og:title\" content=\"Acheter de l&#039;Anazole [Anastrozole 1mg] - 30 Tabs - Alpha-Pharma\" \/>\n<meta property=\"og:description\" content=\"Roidsmania.com a s\u00e9lectionn\u00e9 pour vous l&#039;Anazole [Anastrozole 1mg] - 30 Tabs - Alpha-Pharma. Exp\u00e9dition Rapide. Paiement Facile.\" \/>\n<meta property=\"og:url\" content=\"https:\/\/roidsmania.com\/fr\/produit\/anazole-anastrozole-1mg-30-tabs-alpha-pharma\/\" \/>\n<meta property=\"og:site_name\" content=\"RoidsMania.com\" \/>\n<meta property=\"article:modified_time\" content=\"2020-10-27T22:22:27+00:00\" \/>\n<meta property=\"og:image\" content=\"https:\/\/roidsmania.com\/wp-content\/uploads\/2016\/12\/Anazole.jpg\" \/>\n\t<meta property=\"og:image:width\" content=\"317\" \/>\n\t<meta property=\"og:image:height\" content=\"212\" \/>\n<meta name=\"twitter:card\" content=\"summary\" \/>\n<meta name=\"twitter:label1\" content=\"Dur\u00e9e de lecture est.\">\n\t<meta name=\"twitter:data1\" content=\"1 minute\">\n<script type=\"application\/ld+json\" class=\"yoast-schema-graph\">{\"@context\":\"https:\/\/schema.org\",\"@graph\":[{\"@type\":\"WebSite\",\"@id\":\"https:\/\/roidsmania.com\/fr\/#website\",\"url\":\"https:\/\/roidsmania.com\/fr\/\",\"name\":\"RoidsMania.com\",\"description\":\"Online Anabolic Steroids shop\",\"potentialAction\":[{\"@type\":\"SearchAction\",\"target\":\"https:\/\/roidsmania.com\/fr\/?s={search_term_string}\",\"query-input\":\"required name=search_term_string\"}],\"inLanguage\":\"fr-FR\"},{\"@type\":\"ImageObject\",\"@id\":\"https:\/\/roidsmania.com\/fr\/produit\/anazole-anastrozole-1mg-30-tabs-alpha-pharma\/#primaryimage\",\"inLanguage\":\"fr-FR\",\"url\":\"https:\/\/roidsmania.com\/wp-content\/uploads\/2016\/12\/anazole-big.jpg\",\"width\":1560,\"height\":1560},{\"@type\":\"WebPage\",\"@id\":\"https:\/\/roidsmania.com\/fr\/produit\/anazole-anastrozole-1mg-30-tabs-alpha-pharma\/#webpage\",\"url\":\"https:\/\/roidsmania.com\/fr\/produit\/anazole-anastrozole-1mg-30-tabs-alpha-pharma\/\",\"name\":\"Acheter de l'Anazole [Anastrozole 1mg] - 30 Tabs - Alpha-Pharma\",\"isPartOf\":{\"@id\":\"https:\/\/roidsmania.com\/fr\/#website\"},\"primaryImageOfPage\":{\"@id\":\"https:\/\/roidsmania.com\/fr\/produit\/anazole-anastrozole-1mg-30-tabs-alpha-pharma\/#primaryimage\"},\"datePublished\":\"2016-12-26T10:27:20+00:00\",\"dateModified\":\"2020-10-27T22:22:27+00:00\",\"description\":\"Roidsmania.com a s\\u00e9lectionn\\u00e9 pour vous l'Anazole [Anastrozole 1mg] - 30 Tabs - Alpha-Pharma. Exp\\u00e9dition Rapide. Paiement Facile.\",\"breadcrumb\":{\"@id\":\"https:\/\/roidsmania.com\/fr\/produit\/anazole-anastrozole-1mg-30-tabs-alpha-pharma\/#breadcrumb\"},\"inLanguage\":\"fr-FR\",\"potentialAction\":[{\"@type\":\"ReadAction\",\"target\":[\"https:\/\/roidsmania.com\/fr\/produit\/anazole-anastrozole-1mg-30-tabs-alpha-pharma\/\"]}]},{\"@type\":\"BreadcrumbList\",\"@id\":\"https:\/\/roidsmania.com\/fr\/produit\/anazole-anastrozole-1mg-30-tabs-alpha-pharma\/#breadcrumb\",\"itemListElement\":[{\"@type\":\"ListItem\",\"position\":1,\"item\":{\"@type\":\"WebPage\",\"@id\":\"https:\/\/roidsmania.com\/fr\/\",\"url\":\"https:\/\/roidsmania.com\/fr\/\",\"name\":\"Home\"}},{\"@type\":\"ListItem\",\"position\":2,\"item\":{\"@type\":\"WebPage\",\"@id\":\"https:\/\/roidsmania.com\/fr\/boutique\/\",\"url\":\"https:\/\/roidsmania.com\/fr\/boutique\/\",\"name\":\"BOUTIQUE\"}},{\"@type\":\"ListItem\",\"position\":3,\"item\":{\"@type\":\"WebPage\",\"@id\":\"https:\/\/roidsmania.com\/fr\/produit\/anazole-anastrozole-1mg-30-tabs-alpha-pharma\/\",\"url\":\"https:\/\/roidsmania.com\/fr\/produit\/anazole-anastrozole-1mg-30-tabs-alpha-pharma\/\",\"name\":\"Anazole [Anastrozole 1mg] &#8211; 30 Tabs &#8211; Alpha-Pharma\"}}]}]}<\/script>\n<!-- \/ Yoast SEO plugin. -->","_links":{"self":[{"href":"https:\/\/roidsmania.com\/fr\/wp-json\/wp\/v2\/product\/3333\/"}],"collection":[{"href":"https:\/\/roidsmania.com\/fr\/wp-json\/wp\/v2\/product\/"}],"about":[{"href":"https:\/\/roidsmania.com\/fr\/wp-json\/wp\/v2\/types\/product\/"}],"replies":[{"embeddable":true,"href":"https:\/\/roidsmania.com\/fr\/wp-json\/wp\/v2\/comments\/?post=3333"}],"wp:featuredmedia":[{"embeddable":true,"href":"https:\/\/roidsmania.com\/fr\/wp-json\/wp\/v2\/media\/246223\/"}],"wp:attachment":[{"href":"https:\/\/roidsmania.com\/fr\/wp-json\/wp\/v2\/media\/?parent=3333"}],"wp:term":[{"taxonomy":"berocket_brand","embeddable":true,"href":"https:\/\/roidsmania.com\/fr\/wp-json\/wp\/v2\/berocket_brand\/?post=3333"}],"curies":[{"name":"wp","href":"https:\/\/api.w.org\/{rel}","templated":true}]}}