{"id":3327,"date":"2016-12-26T18:04:03","date_gmt":"2016-12-26T11:04:03","guid":{"rendered":"https:\/\/roidsmania.com\/product\/letromina-letrozole-2-5mg-30-tabs-alpha-pharma\/"},"modified":"2020-10-28T05:22:04","modified_gmt":"2020-10-27T22:22:04","slug":"letromina-letrozole-2-5mg-30-tabs-alpha-pharma","status":"publish","type":"product","link":"https:\/\/roidsmania.com\/fr\/produit\/letromina-letrozole-2-5mg-30-tabs-alpha-pharma\/","title":{"rendered":"Letromina [Letrozole 2.5mg] &#8211; 30 Tabs &#8211; Alpha-Pharma"},"content":{"rendered":"<div align=\"justify\"><strong>Le Letromina (Letrozole)<\/strong> a un int\u00e9r\u00eat tout particulier pour les bodybuilders et les athl\u00e8tes. Tout d&#8217;abord, c&#8217;est un anti-\u0153strog\u00e8ne, ce produit r\u00e9duit les niveaux d&#8217;\u0153strog\u00e8ne de <strong>98%<\/strong> au minimum. C&#8217;est \u00e9videmment d&#8217;un grand int\u00e9r\u00eat pour les bodybuilders durant une cure.<br \/>\nDe ce fait, moins d&#8217;\u0153strog\u00e8ne dans le corps a pour cons\u00e9quence de r\u00e9duire les effets secondaires des st\u00e9ro\u00efdes tels que la r\u00e9tention d&#8217;eau, la gyn\u00e9comastie et l&#8217;acn\u00e9.<strong>Acheter Steroides France<\/strong><br \/>\nLe l\u00e9trozole est donc un tr\u00e8s bon anti-oestrog\u00e8ne, m\u00eame dans des cycles tr\u00e8s difficiles. En outre, si vous faites les comp\u00e9titions de bodybuilding, Le<strong> Letromina (Letrozole<\/strong>) vous aidera \u00e0 avoir une musculature s\u00e8che et stri\u00e9e.<\/p>\n<p>Le <strong>Letromina (letrozole)<\/strong> est un anti-oestrog\u00e8ne complet qui prot\u00e8ge pendant et apr\u00e8s le cycle de r\u00e9cup\u00e9ration, Il \u00e9limine les effets n\u00e9gatifs des st\u00e9ro\u00efdes tout en offrant un avantage ind\u00e9niable sur la qualit\u00e9 du muscle.<\/p>\n<p>Notez que le Letrozole, peut \u00e9galement \u00eatre utilis\u00e9 dans la th\u00e9rapie post-cycle <strong>(PCT)<\/strong> pour effectuer une r\u00e9cup\u00e9ration. En effet, le l\u00e9trozole augmente la <strong>LH et la FSH<\/strong> (hormones qui stimulent la production de testost\u00e9rone dans les testicules).<\/p>\n<\/div>\n","protected":false},"excerpt":{"rendered":"<div align=\"justify\"><strong>Laboratoire :<\/strong> Alpha-Pharma<br \/>\n<strong>Forme :<\/strong> Orale<br \/>\n<strong>Mol\u00e9cule :<\/strong> Letrozole<br \/>\n<strong>Concentration :<\/strong> 2.5mg\/comprim\u00e9<br \/>\n<strong>Volume :<\/strong> 30 comprim\u00e9s<br \/>\n<strong>Recommended dosage :<\/strong> 2.5-5mg\/jour<\/p>\n<p>Le letrozole est un anti-\u0153strog\u00e8ne complet qui prot\u00e8ge des effets n\u00e9fastes des st\u00e9ro\u00efdes pendant un cycle et favorise la r\u00e9cup\u00e9ration apr\u00e8s celui-ci. Il \u00e9limine les effets n\u00e9gatifs des st\u00e9ro\u00efdes anabolisants tout en offrant un avantage sur la qualit\u00e9 de la prise de masse durant la cure.<\/p>\n<\/div>\n","protected":false},"featured_media":246237,"comment_status":"closed","ping_status":"closed","template":"","meta":[],"berocket_brand":[148],"yoast_head":"<!-- This site is optimized with the Yoast SEO plugin v15.9.1 - https:\/\/yoast.com\/wordpress\/plugins\/seo\/ -->\n<title>Acheter du Letromina [Letrozole 2.5mg] - 30 Tabs - Alpha-Pharma<\/title>\n<meta name=\"description\" content=\"Roidsmania.com a s\u00e9lectionn\u00e9 pour vous le Letromina [Letrozole 2.5mg] - 30 Tabs - Alpha-Pharma. Exp\u00e9dition Rapide. Paiement Facile.\" \/>\n<meta name=\"robots\" content=\"index, follow, max-snippet:-1, max-image-preview:large, max-video-preview:-1\" \/>\n<link rel=\"canonical\" href=\"https:\/\/roidsmania.com\/fr\/produit\/letromina-letrozole-2-5mg-30-tabs-alpha-pharma\/\" \/>\n<meta property=\"og:locale\" content=\"fr_FR\" \/>\n<meta property=\"og:type\" content=\"article\" \/>\n<meta property=\"og:title\" content=\"Acheter du Letromina [Letrozole 2.5mg] - 30 Tabs - Alpha-Pharma\" \/>\n<meta property=\"og:description\" content=\"Roidsmania.com a s\u00e9lectionn\u00e9 pour vous le Letromina [Letrozole 2.5mg] - 30 Tabs - Alpha-Pharma. Exp\u00e9dition Rapide. Paiement Facile.\" \/>\n<meta property=\"og:url\" content=\"https:\/\/roidsmania.com\/fr\/produit\/letromina-letrozole-2-5mg-30-tabs-alpha-pharma\/\" \/>\n<meta property=\"og:site_name\" content=\"RoidsMania.com\" \/>\n<meta property=\"article:modified_time\" content=\"2020-10-27T22:22:04+00:00\" \/>\n<meta property=\"og:image\" content=\"https:\/\/roidsmania.com\/wp-content\/uploads\/2016\/12\/Letromina-e1482771390855.jpg\" \/>\n\t<meta property=\"og:image:width\" content=\"599\" \/>\n\t<meta property=\"og:image:height\" content=\"599\" \/>\n<meta name=\"twitter:card\" content=\"summary\" \/>\n<meta name=\"twitter:label1\" content=\"Dur\u00e9e de lecture est.\">\n\t<meta name=\"twitter:data1\" content=\"1 minute\">\n<script type=\"application\/ld+json\" class=\"yoast-schema-graph\">{\"@context\":\"https:\/\/schema.org\",\"@graph\":[{\"@type\":\"WebSite\",\"@id\":\"https:\/\/roidsmania.com\/fr\/#website\",\"url\":\"https:\/\/roidsmania.com\/fr\/\",\"name\":\"RoidsMania.com\",\"description\":\"Online Anabolic Steroids shop\",\"potentialAction\":[{\"@type\":\"SearchAction\",\"target\":\"https:\/\/roidsmania.com\/fr\/?s={search_term_string}\",\"query-input\":\"required name=search_term_string\"}],\"inLanguage\":\"fr-FR\"},{\"@type\":\"ImageObject\",\"@id\":\"https:\/\/roidsmania.com\/fr\/produit\/letromina-letrozole-2-5mg-30-tabs-alpha-pharma\/#primaryimage\",\"inLanguage\":\"fr-FR\",\"url\":\"https:\/\/roidsmania.com\/wp-content\/uploads\/2016\/12\/Letromina-big.jpg\",\"width\":1388,\"height\":1388},{\"@type\":\"WebPage\",\"@id\":\"https:\/\/roidsmania.com\/fr\/produit\/letromina-letrozole-2-5mg-30-tabs-alpha-pharma\/#webpage\",\"url\":\"https:\/\/roidsmania.com\/fr\/produit\/letromina-letrozole-2-5mg-30-tabs-alpha-pharma\/\",\"name\":\"Acheter du Letromina [Letrozole 2.5mg] - 30 Tabs - Alpha-Pharma\",\"isPartOf\":{\"@id\":\"https:\/\/roidsmania.com\/fr\/#website\"},\"primaryImageOfPage\":{\"@id\":\"https:\/\/roidsmania.com\/fr\/produit\/letromina-letrozole-2-5mg-30-tabs-alpha-pharma\/#primaryimage\"},\"datePublished\":\"2016-12-26T11:04:03+00:00\",\"dateModified\":\"2020-10-27T22:22:04+00:00\",\"description\":\"Roidsmania.com a s\\u00e9lectionn\\u00e9 pour vous le Letromina [Letrozole 2.5mg] - 30 Tabs - Alpha-Pharma. Exp\\u00e9dition Rapide. Paiement Facile.\",\"breadcrumb\":{\"@id\":\"https:\/\/roidsmania.com\/fr\/produit\/letromina-letrozole-2-5mg-30-tabs-alpha-pharma\/#breadcrumb\"},\"inLanguage\":\"fr-FR\",\"potentialAction\":[{\"@type\":\"ReadAction\",\"target\":[\"https:\/\/roidsmania.com\/fr\/produit\/letromina-letrozole-2-5mg-30-tabs-alpha-pharma\/\"]}]},{\"@type\":\"BreadcrumbList\",\"@id\":\"https:\/\/roidsmania.com\/fr\/produit\/letromina-letrozole-2-5mg-30-tabs-alpha-pharma\/#breadcrumb\",\"itemListElement\":[{\"@type\":\"ListItem\",\"position\":1,\"item\":{\"@type\":\"WebPage\",\"@id\":\"https:\/\/roidsmania.com\/fr\/\",\"url\":\"https:\/\/roidsmania.com\/fr\/\",\"name\":\"Home\"}},{\"@type\":\"ListItem\",\"position\":2,\"item\":{\"@type\":\"WebPage\",\"@id\":\"https:\/\/roidsmania.com\/fr\/boutique\/\",\"url\":\"https:\/\/roidsmania.com\/fr\/boutique\/\",\"name\":\"BOUTIQUE\"}},{\"@type\":\"ListItem\",\"position\":3,\"item\":{\"@type\":\"WebPage\",\"@id\":\"https:\/\/roidsmania.com\/fr\/produit\/letromina-letrozole-2-5mg-30-tabs-alpha-pharma\/\",\"url\":\"https:\/\/roidsmania.com\/fr\/produit\/letromina-letrozole-2-5mg-30-tabs-alpha-pharma\/\",\"name\":\"Letromina [Letrozole 2.5mg] &#8211; 30 Tabs &#8211; Alpha-Pharma\"}}]}]}<\/script>\n<!-- \/ Yoast SEO plugin. -->","_links":{"self":[{"href":"https:\/\/roidsmania.com\/fr\/wp-json\/wp\/v2\/product\/3327\/"}],"collection":[{"href":"https:\/\/roidsmania.com\/fr\/wp-json\/wp\/v2\/product\/"}],"about":[{"href":"https:\/\/roidsmania.com\/fr\/wp-json\/wp\/v2\/types\/product\/"}],"replies":[{"embeddable":true,"href":"https:\/\/roidsmania.com\/fr\/wp-json\/wp\/v2\/comments\/?post=3327"}],"wp:featuredmedia":[{"embeddable":true,"href":"https:\/\/roidsmania.com\/fr\/wp-json\/wp\/v2\/media\/246237\/"}],"wp:attachment":[{"href":"https:\/\/roidsmania.com\/fr\/wp-json\/wp\/v2\/media\/?parent=3327"}],"wp:term":[{"taxonomy":"berocket_brand","embeddable":true,"href":"https:\/\/roidsmania.com\/fr\/wp-json\/wp\/v2\/berocket_brand\/?post=3327"}],"curies":[{"name":"wp","href":"https:\/\/api.w.org\/{rel}","templated":true}]}}