{"id":3313,"date":"2017-04-12T07:18:13","date_gmt":"2017-04-12T00:18:13","guid":{"rendered":"https:\/\/roidsmania.com\/product\/legalon-140-silymarine-140mg-100-tabs-madaus\/"},"modified":"2026-03-24T07:01:32","modified_gmt":"2026-03-24T00:01:32","slug":"legalon-140-silymarine-140mg-100-tabs-madaus","status":"publish","type":"product","link":"https:\/\/roidsmania.com\/fr\/produit\/legalon-140-silymarine-140mg-100-tabs-madaus\/","title":{"rendered":"Legalon 140 [Silymarine 140mg] &#8211; 50 Tabs &#8211; Madaus"},"content":{"rendered":"<div align=\"justify\">Le foie a de nombreuses fonctions vitales dans le corps humain. il joue un r\u00f4le pr\u00e9pond\u00e9rant par rapport au m\u00e9tabolisme (sucre, prot\u00e9ines et graisses) dans la digestion (<strong>s\u00e9cr\u00e9tion de la bile<\/strong>) et dans la <strong>d\u00e9sintoxication<\/strong> des d\u00e9chets.<br \/>\nToute forme de dommages au foie provoque des changements dans les membranes des cellules de celui-ci et affecte ainsi la capacit\u00e9 fonctionnelle du foie.<strong>Acheter St\u00e9roides fiables.<br \/>\n<\/strong>La silymarine, principe actif du Legalon, est d&#8217;origine v\u00e9g\u00e9tale. Elle agit comme un <strong>stabilisateur<\/strong> de membrane cellulaire et est capable de prot\u00e9ger le foie contre les produits nuisibles. Elle aide \u00e9galement \u00e0 restaurer les cellules du foie endommag\u00e9es afin qu&#8217;elles retrouvent leurs pleines capacit\u00e9s.<\/p>\n<p>Les <strong>b\u00e9n\u00e9fices<\/strong> de la prise de ce produit se refl\u00e8tent dans une am\u00e9lioration de l&#8217;\u00e9tat g\u00e9n\u00e9ral et du soulagement des troubles digestifs.<\/p>\n<\/div>\n","protected":false},"excerpt":{"rendered":"<div align=\"justify\"><strong>Laboratoire :<\/strong> Madaus<br \/>\n<strong>Forme :<\/strong>\u00a0Orale<br \/>\n<strong>Mol\u00e9cule :<\/strong>\u00a0Silymarine (Chardon-Marie)<br \/>\n<strong>Concentration :<\/strong> 140mg\/comprim\u00e9<br \/>\n<strong>Volume :<\/strong> 50 comprim\u00e9s<br \/>\n<strong>Recommended dosage :<\/strong> 140-420mg\/jour<\/p>\n<p>Agissant comme un organe vital du corps humain, le foie exerce de nombreuses fonctions importantes et joue un r\u00f4le au premier plan par rapport au m\u00e9tabolisme, la digestion, ainsi que l&#8217;assimilation et le traitement des glucides, des prot\u00e9ines et des lipides.<\/p>\n<\/div>\n","protected":false},"featured_media":3304,"comment_status":"closed","ping_status":"closed","template":"","meta":[],"berocket_brand":[128],"yoast_head":"<!-- This site is optimized with the Yoast SEO plugin v15.9.1 - https:\/\/yoast.com\/wordpress\/plugins\/seo\/ -->\n<title>Acheter du Legalon 140 [Silymarine 140mg] - 50 Tabs - Madaus<\/title>\n<meta name=\"description\" content=\"Roidsmania.com a s\u00e9lectionn\u00e9 pour vous le Legalon 140 [Silymarine 140mg] - 50 Tabs - Madaus. Exp\u00e9dition Rapide. Paiement Facile.\" \/>\n<meta name=\"robots\" content=\"index, follow, max-snippet:-1, max-image-preview:large, max-video-preview:-1\" \/>\n<link rel=\"canonical\" href=\"https:\/\/roidsmania.com\/fr\/produit\/legalon-140-silymarine-140mg-100-tabs-madaus\/\" \/>\n<meta property=\"og:locale\" content=\"fr_FR\" \/>\n<meta property=\"og:type\" content=\"article\" \/>\n<meta property=\"og:title\" content=\"Acheter du Legalon 140 [Silymarine 140mg] - 50 Tabs - Madaus\" \/>\n<meta property=\"og:description\" content=\"Roidsmania.com a s\u00e9lectionn\u00e9 pour vous le Legalon 140 [Silymarine 140mg] - 50 Tabs - Madaus. Exp\u00e9dition Rapide. Paiement Facile.\" \/>\n<meta property=\"og:url\" content=\"https:\/\/roidsmania.com\/fr\/produit\/legalon-140-silymarine-140mg-100-tabs-madaus\/\" \/>\n<meta property=\"og:site_name\" content=\"RoidsMania.com\" \/>\n<meta property=\"article:modified_time\" content=\"2026-03-24T00:01:32+00:00\" \/>\n<meta property=\"og:image\" content=\"https:\/\/roidsmania.com\/wp-content\/uploads\/2017\/04\/Legalon-140.jpg\" \/>\n\t<meta property=\"og:image:width\" content=\"800\" \/>\n\t<meta property=\"og:image:height\" content=\"854\" \/>\n<meta name=\"twitter:card\" content=\"summary\" \/>\n<meta name=\"twitter:label1\" content=\"Dur\u00e9e de lecture est.\">\n\t<meta name=\"twitter:data1\" content=\"1 minute\">\n<script type=\"application\/ld+json\" class=\"yoast-schema-graph\">{\"@context\":\"https:\/\/schema.org\",\"@graph\":[{\"@type\":\"WebSite\",\"@id\":\"https:\/\/roidsmania.com\/fr\/#website\",\"url\":\"https:\/\/roidsmania.com\/fr\/\",\"name\":\"RoidsMania.com\",\"description\":\"Online Anabolic Steroids shop\",\"potentialAction\":[{\"@type\":\"SearchAction\",\"target\":\"https:\/\/roidsmania.com\/fr\/?s={search_term_string}\",\"query-input\":\"required name=search_term_string\"}],\"inLanguage\":\"fr-FR\"},{\"@type\":\"ImageObject\",\"@id\":\"https:\/\/roidsmania.com\/fr\/produit\/legalon-140-silymarine-140mg-100-tabs-madaus\/#primaryimage\",\"inLanguage\":\"fr-FR\",\"url\":\"https:\/\/roidsmania.com\/wp-content\/uploads\/2017\/04\/Legalon-140.jpg\",\"width\":800,\"height\":854},{\"@type\":\"WebPage\",\"@id\":\"https:\/\/roidsmania.com\/fr\/produit\/legalon-140-silymarine-140mg-100-tabs-madaus\/#webpage\",\"url\":\"https:\/\/roidsmania.com\/fr\/produit\/legalon-140-silymarine-140mg-100-tabs-madaus\/\",\"name\":\"Acheter du Legalon 140 [Silymarine 140mg] - 50 Tabs - Madaus\",\"isPartOf\":{\"@id\":\"https:\/\/roidsmania.com\/fr\/#website\"},\"primaryImageOfPage\":{\"@id\":\"https:\/\/roidsmania.com\/fr\/produit\/legalon-140-silymarine-140mg-100-tabs-madaus\/#primaryimage\"},\"datePublished\":\"2017-04-12T00:18:13+00:00\",\"dateModified\":\"2026-03-24T00:01:32+00:00\",\"description\":\"Roidsmania.com a s\\u00e9lectionn\\u00e9 pour vous le Legalon 140 [Silymarine 140mg] - 50 Tabs - Madaus. Exp\\u00e9dition Rapide. Paiement Facile.\",\"breadcrumb\":{\"@id\":\"https:\/\/roidsmania.com\/fr\/produit\/legalon-140-silymarine-140mg-100-tabs-madaus\/#breadcrumb\"},\"inLanguage\":\"fr-FR\",\"potentialAction\":[{\"@type\":\"ReadAction\",\"target\":[\"https:\/\/roidsmania.com\/fr\/produit\/legalon-140-silymarine-140mg-100-tabs-madaus\/\"]}]},{\"@type\":\"BreadcrumbList\",\"@id\":\"https:\/\/roidsmania.com\/fr\/produit\/legalon-140-silymarine-140mg-100-tabs-madaus\/#breadcrumb\",\"itemListElement\":[{\"@type\":\"ListItem\",\"position\":1,\"item\":{\"@type\":\"WebPage\",\"@id\":\"https:\/\/roidsmania.com\/fr\/\",\"url\":\"https:\/\/roidsmania.com\/fr\/\",\"name\":\"Home\"}},{\"@type\":\"ListItem\",\"position\":2,\"item\":{\"@type\":\"WebPage\",\"@id\":\"https:\/\/roidsmania.com\/fr\/boutique\/\",\"url\":\"https:\/\/roidsmania.com\/fr\/boutique\/\",\"name\":\"BOUTIQUE\"}},{\"@type\":\"ListItem\",\"position\":3,\"item\":{\"@type\":\"WebPage\",\"@id\":\"https:\/\/roidsmania.com\/fr\/produit\/legalon-140-silymarine-140mg-100-tabs-madaus\/\",\"url\":\"https:\/\/roidsmania.com\/fr\/produit\/legalon-140-silymarine-140mg-100-tabs-madaus\/\",\"name\":\"Legalon 140 [Silymarine 140mg] &#8211; 50 Tabs &#8211; Madaus\"}}]}]}<\/script>\n<!-- \/ Yoast SEO plugin. -->","_links":{"self":[{"href":"https:\/\/roidsmania.com\/fr\/wp-json\/wp\/v2\/product\/3313\/"}],"collection":[{"href":"https:\/\/roidsmania.com\/fr\/wp-json\/wp\/v2\/product\/"}],"about":[{"href":"https:\/\/roidsmania.com\/fr\/wp-json\/wp\/v2\/types\/product\/"}],"replies":[{"embeddable":true,"href":"https:\/\/roidsmania.com\/fr\/wp-json\/wp\/v2\/comments\/?post=3313"}],"wp:featuredmedia":[{"embeddable":true,"href":"https:\/\/roidsmania.com\/fr\/wp-json\/wp\/v2\/media\/3304\/"}],"wp:attachment":[{"href":"https:\/\/roidsmania.com\/fr\/wp-json\/wp\/v2\/media\/?parent=3313"}],"wp:term":[{"taxonomy":"berocket_brand","embeddable":true,"href":"https:\/\/roidsmania.com\/fr\/wp-json\/wp\/v2\/berocket_brand\/?post=3313"}],"curies":[{"name":"wp","href":"https:\/\/api.w.org\/{rel}","templated":true}]}}