{"id":3292,"date":"2017-01-02T19:39:13","date_gmt":"2017-01-02T12:39:13","guid":{"rendered":"https:\/\/roidsmania.com\/product\/sustanon-400-testosterone-mix-4000mg-10ml-la-pharma\/"},"modified":"2020-10-28T05:20:14","modified_gmt":"2020-10-27T22:20:14","slug":"sustanon-400-testosterone-mix-4000mg-10ml-la-pharma","status":"publish","type":"product","link":"https:\/\/roidsmania.com\/fr\/produit\/sustanon-400-testosterone-mix-4000mg-10ml-la-pharma\/","title":{"rendered":"Sustanon 400 [Testosterone Mix 4000mg] &#8211; 10ml &#8211; LA Pharma"},"content":{"rendered":"<div align=\"justify\">\n<p>Le <strong>Sustanon 400<\/strong> est une solution \u00e0 base d&#8217;huile de quatre esters de testost\u00e9rone incluant des esters \u00e0 demi-vie courte, interm\u00e9diaire et long. Le niveau de testost\u00e9rone augmente rapidement dans <strong>les 24 heures<\/strong> suivant l&#8217;administration intramusculaire et reste \u00e9lev\u00e9 pendant <strong>7 \u00e0 10 jours.<\/strong><\/p>\n<p>Le flacon de <strong>10 ml<\/strong> contient:<\/p>\n<p>&#8211;<strong> 100 mg<\/strong> de Testost\u00e9rone Phenylpropionate<br \/>\n<strong>&#8211; 100 mg<\/strong> de Testost\u00e9rone Cypionate<br \/>\n<strong>&#8211; 100 mg<\/strong> de Testost\u00e9rone Decanoate<br \/>\n<strong>&#8211; 100 mg<\/strong> de Testost\u00e9rone Isohexanoate<\/p>\n<p>Le Sustanon<strong> 400 est<\/strong> est id\u00e9al pour une prise de masse volumineuse ou une prise de masse s\u00e8che, mais rappeler vous qu&#8217;avec un tel m\u00e9lange vos gains seront durables et de qualit\u00e9.<strong>Acheter Peptides<\/strong><\/p>\n<\/div>\n","protected":false},"excerpt":{"rendered":"<div align=\"justify\"><strong>Laboratoire :<\/strong> LA Pharma<br \/>\n<strong>Forme :<\/strong> Injection<br \/>\n<strong>Mol\u00e9cule :<\/strong> Mix de Testosterone<br \/>\n<strong>Concentration :<\/strong> 400mg\/ml<br \/>\n<strong>Volume :<\/strong> 10 ml<br \/>\n<strong>Dosage Recommand\u00e9 :<\/strong> 400-1000mg\/semaine<\/p>\n<p>Le Sustanon 400 de La-Pharma est un m\u00e9lange de Testosterone : 100 Mg\/Ml de Testost\u00e9rone Phenylpropionate, 100 Mg\/Ml de Testost\u00e9rone Cypionate, 100 Mg\/Ml de Testost\u00e9rone Decanoate, 100 Mg\/Ml de Testost\u00e9rone Isohexanoate.<\/p>\n<p>Ce produit est parfait pour une prise de masse.<\/p>\n<\/div>\n","protected":false},"featured_media":233199,"comment_status":"closed","ping_status":"closed","template":"","meta":[],"berocket_brand":[144],"yoast_head":"<!-- This site is optimized with the Yoast SEO plugin v15.9.1 - https:\/\/yoast.com\/wordpress\/plugins\/seo\/ -->\n<title>Acheter du Sustanon 400 [Testosterone Mix 4000mg] - 10ml - LA Pharma<\/title>\n<meta name=\"description\" content=\"Roidsmania.com a s\u00e9lectionn\u00e9 pour vous le Sustanon 400 [Testosterone Mix 4000mg] - 10ml - LA Pharma. Exp\u00e9dition Rapide. Paiement Facile.\" \/>\n<meta name=\"robots\" content=\"index, follow, max-snippet:-1, max-image-preview:large, max-video-preview:-1\" \/>\n<link rel=\"canonical\" href=\"https:\/\/roidsmania.com\/fr\/produit\/sustanon-400-testosterone-mix-4000mg-10ml-la-pharma\/\" \/>\n<meta property=\"og:locale\" content=\"fr_FR\" \/>\n<meta property=\"og:type\" content=\"article\" \/>\n<meta property=\"og:title\" content=\"Acheter du Sustanon 400 [Testosterone Mix 4000mg] - 10ml - LA Pharma\" \/>\n<meta property=\"og:description\" content=\"Roidsmania.com a s\u00e9lectionn\u00e9 pour vous le Sustanon 400 [Testosterone Mix 4000mg] - 10ml - LA Pharma. Exp\u00e9dition Rapide. Paiement Facile.\" \/>\n<meta property=\"og:url\" content=\"https:\/\/roidsmania.com\/produit\/sustanon-400-testosterone-mix-4000mg-10ml-la-pharma\/\" \/>\n<meta property=\"og:site_name\" content=\"RoidsMania.com\" \/>\n<meta property=\"article:modified_time\" content=\"2020-10-27T22:20:14+00:00\" \/>\n<meta property=\"og:image\" content=\"https:\/\/roidsmania.com\/wp-content\/uploads\/2017\/01\/Sustanon400LA.png\" \/>\n\t<meta property=\"og:image:width\" content=\"700\" \/>\n\t<meta property=\"og:image:height\" content=\"700\" \/>\n<meta name=\"twitter:card\" content=\"summary\" \/>\n<meta name=\"twitter:label1\" content=\"Dur\u00e9e de lecture est.\">\n\t<meta name=\"twitter:data1\" content=\"1 minute\">\n<script type=\"application\/ld+json\" class=\"yoast-schema-graph\">{\"@context\":\"https:\/\/schema.org\",\"@graph\":[{\"@type\":\"WebSite\",\"@id\":\"https:\/\/roidsmania.com\/fr\/#website\",\"url\":\"https:\/\/roidsmania.com\/fr\/\",\"name\":\"RoidsMania.com\",\"description\":\"Online Anabolic Steroids shop\",\"potentialAction\":[{\"@type\":\"SearchAction\",\"target\":\"https:\/\/roidsmania.com\/fr\/?s={search_term_string}\",\"query-input\":\"required name=search_term_string\"}],\"inLanguage\":\"fr-FR\"},{\"@type\":\"ImageObject\",\"@id\":\"https:\/\/roidsmania.com\/produit\/sustanon-400-testosterone-mix-4000mg-10ml-la-pharma\/#primaryimage\",\"inLanguage\":\"fr-FR\",\"url\":\"https:\/\/roidsmania.com\/wp-content\/uploads\/2017\/01\/Sustanon400LA.png\",\"width\":700,\"height\":700},{\"@type\":\"WebPage\",\"@id\":\"https:\/\/roidsmania.com\/produit\/sustanon-400-testosterone-mix-4000mg-10ml-la-pharma\/#webpage\",\"url\":\"https:\/\/roidsmania.com\/produit\/sustanon-400-testosterone-mix-4000mg-10ml-la-pharma\/\",\"name\":\"Acheter du Sustanon 400 [Testosterone Mix 4000mg] - 10ml - LA Pharma\",\"isPartOf\":{\"@id\":\"https:\/\/roidsmania.com\/fr\/#website\"},\"primaryImageOfPage\":{\"@id\":\"https:\/\/roidsmania.com\/produit\/sustanon-400-testosterone-mix-4000mg-10ml-la-pharma\/#primaryimage\"},\"datePublished\":\"2017-01-02T12:39:13+00:00\",\"dateModified\":\"2020-10-27T22:20:14+00:00\",\"description\":\"Roidsmania.com a s\\u00e9lectionn\\u00e9 pour vous le Sustanon 400 [Testosterone Mix 4000mg] - 10ml - LA Pharma. Exp\\u00e9dition Rapide. Paiement Facile.\",\"breadcrumb\":{\"@id\":\"https:\/\/roidsmania.com\/produit\/sustanon-400-testosterone-mix-4000mg-10ml-la-pharma\/#breadcrumb\"},\"inLanguage\":\"fr-FR\",\"potentialAction\":[{\"@type\":\"ReadAction\",\"target\":[\"https:\/\/roidsmania.com\/produit\/sustanon-400-testosterone-mix-4000mg-10ml-la-pharma\/\"]}]},{\"@type\":\"BreadcrumbList\",\"@id\":\"https:\/\/roidsmania.com\/produit\/sustanon-400-testosterone-mix-4000mg-10ml-la-pharma\/#breadcrumb\",\"itemListElement\":[{\"@type\":\"ListItem\",\"position\":1,\"item\":{\"@type\":\"WebPage\",\"@id\":\"https:\/\/roidsmania.com\/fr\/\",\"url\":\"https:\/\/roidsmania.com\/fr\/\",\"name\":\"Home\"}},{\"@type\":\"ListItem\",\"position\":2,\"item\":{\"@type\":\"WebPage\",\"@id\":\"https:\/\/roidsmania.com\/fr\/boutique\/\",\"url\":\"https:\/\/roidsmania.com\/fr\/boutique\/\",\"name\":\"BOUTIQUE\"}},{\"@type\":\"ListItem\",\"position\":3,\"item\":{\"@type\":\"WebPage\",\"@id\":\"https:\/\/roidsmania.com\/produit\/sustanon-400-testosterone-mix-4000mg-10ml-la-pharma\/\",\"url\":\"https:\/\/roidsmania.com\/produit\/sustanon-400-testosterone-mix-4000mg-10ml-la-pharma\/\",\"name\":\"Sustanon 400 [Testosterone Mix 4000mg] &#8211; 10ml &#8211; LA Pharma\"}}]}]}<\/script>\n<!-- \/ Yoast SEO plugin. -->","_links":{"self":[{"href":"https:\/\/roidsmania.com\/fr\/wp-json\/wp\/v2\/product\/3292\/"}],"collection":[{"href":"https:\/\/roidsmania.com\/fr\/wp-json\/wp\/v2\/product\/"}],"about":[{"href":"https:\/\/roidsmania.com\/fr\/wp-json\/wp\/v2\/types\/product\/"}],"replies":[{"embeddable":true,"href":"https:\/\/roidsmania.com\/fr\/wp-json\/wp\/v2\/comments\/?post=3292"}],"wp:featuredmedia":[{"embeddable":true,"href":"https:\/\/roidsmania.com\/fr\/wp-json\/wp\/v2\/media\/233199\/"}],"wp:attachment":[{"href":"https:\/\/roidsmania.com\/fr\/wp-json\/wp\/v2\/media\/?parent=3292"}],"wp:term":[{"taxonomy":"berocket_brand","embeddable":true,"href":"https:\/\/roidsmania.com\/fr\/wp-json\/wp\/v2\/berocket_brand\/?post=3292"}],"curies":[{"name":"wp","href":"https:\/\/api.w.org\/{rel}","templated":true}]}}