{"id":3263,"date":"2017-01-09T13:59:55","date_gmt":"2017-01-09T06:59:55","guid":{"rendered":"https:\/\/roidsmania.com\/product\/stanozolol-stanozolol-1000mg-10ml-la-pharma\/"},"modified":"2020-10-28T05:19:02","modified_gmt":"2020-10-27T22:19:02","slug":"stanozolol-stanozolol-1000mg-10ml-la-pharma","status":"publish","type":"product","link":"https:\/\/roidsmania.com\/fr\/produit\/stanozolol-stanozolol-1000mg-10ml-la-pharma\/","title":{"rendered":"Stanozolol [Stanozolol 1000mg] &#8211; 10ml &#8211; LA Pharma"},"content":{"rendered":"<div align=\"justify\">Le Stanozolol de La Pharma appartient aux st\u00e9ro\u00efdes anabolisants androg\u00e8nes injectables parmi les plus populaires. Les culturistes l\u2019appr\u00e9cient pour ses caract\u00e9ristiques tr\u00e8s particuli\u00e8res et sa substance active qui est le Stanozolol, ce produit est principalement utilis\u00e9 dans les cycles de coupe et la prise de masse.<\/p>\n<p>Le Stanozolol de La Pharma est tr\u00e8s efficace pour la prise de masse qualitative. Les effets de ce st\u00e9ro\u00efdes se veulent dans la dur\u00e9e et ne disparaissent pas apr\u00e8s la fin de la cure. Pour cette raison, ce produit est tr\u00e8s populaire lors des cycles de prise de volume. Dans la pr\u00e9paration du concours, ce produit est utilis\u00e9 pour sa tendance \u00e0 ne pas faire de la r\u00e9tention d\u2019eau. Gr\u00e2ce \u00e0 ce point bien sp\u00e9cifique, ce produit peut fournir des r\u00e9sultats tout bonnement incroyables quand il s\u2019agit de dessiner ses muscles.<\/p>\n<p>En terme de d\u00e9veloppement musculaire, il est recommand\u00e9 de combiner le Stanozolol avec de la trenbolone, un mix de testost\u00e9rone ou de la nandrolone d\u00e9canoate afin d\u2019obtenir les r\u00e9sultats escompt\u00e9s. En pr\u00e9paration des comp\u00e9titions, les bodybuilders combinent normalement le Stanazolol avec de la trenbolone ac\u00e9tate , de la methenolone enanthate, de l\u2019oxandrolone, du fluoxymost\u00e9rone ou de la testost\u00e9rone propionate. La dur\u00e9e maximale d\u2019utilisation du Stanozolo est de 8 semaines.<\/p>\n<p>L\u2019utilisation de Stanozolol peut entra\u00eener une augmentation du taux de cholest\u00e9rol, des maux de t\u00eate et des douleurs articulaires ou hypertension. Il peut \u00e9galement \u00eatre toxique pour le foie, lorsque le temps d\u2019utilisation recommand\u00e9 est d\u00e9pass\u00e9.<\/p><\/div>\n","protected":false},"excerpt":{"rendered":"<div align=\"justify\"><strong>Laboratoire :<\/strong> LA Pharma<br \/>\n<strong>Form :<\/strong> Injection<br \/>\n<strong>Molecule :<\/strong> Stanozolol<br \/>\n<strong>Concentration :<\/strong> 100mg\/ml<br \/>\n<strong>Volume :<\/strong> 10 ml<br \/>\n<strong>Recommended dosage :<\/strong> 150-450mg\/semaine<\/p>\n<p>Aussi connu sous le nom de Stanozolol, Winstrol ou dans le jargon de culturisme le Winny. Il peut \u00eatre pris pour une prise de masse s\u00e8che et pour une perte de poids. Tout d\u00e9pendra de la fa\u00e7on dont il sera utilis\u00e9 et des produits qui seront combin\u00e9s avec celui-ci. Seul, il ne n\u00e9cessite pas de PCT car il n\u2019aromatise pas et n\u2019a pas d\u2019effet suppresseur.<\/p><\/div>\n","protected":false},"featured_media":233203,"comment_status":"closed","ping_status":"closed","template":"","meta":[],"berocket_brand":[144],"yoast_head":"<!-- This site is optimized with the Yoast SEO plugin v15.9.1 - https:\/\/yoast.com\/wordpress\/plugins\/seo\/ -->\n<title>Acheter du Stanozolol [Stanozolol 1000mg] - 10ml - LA Pharma<\/title>\n<meta name=\"description\" content=\"Roidsmania.com has a s\u00e9lectionn\u00e9 pour vous le Stanozolol [Stanozolol 1000mg] - 10ml - LA Pharma. Exp\u00e9dition Rapide. Paiement Facile.\" \/>\n<meta name=\"robots\" content=\"index, follow, max-snippet:-1, max-image-preview:large, max-video-preview:-1\" \/>\n<link rel=\"canonical\" href=\"https:\/\/roidsmania.com\/fr\/produit\/stanozolol-stanozolol-1000mg-10ml-la-pharma\/\" \/>\n<meta property=\"og:locale\" content=\"fr_FR\" \/>\n<meta property=\"og:type\" content=\"article\" \/>\n<meta property=\"og:title\" content=\"Acheter du Stanozolol [Stanozolol 1000mg] - 10ml - LA Pharma\" \/>\n<meta property=\"og:description\" content=\"Roidsmania.com has a s\u00e9lectionn\u00e9 pour vous le Stanozolol [Stanozolol 1000mg] - 10ml - LA Pharma. Exp\u00e9dition Rapide. Paiement Facile.\" \/>\n<meta property=\"og:url\" content=\"https:\/\/roidsmania.com\/produit\/stanozolol-stanozolol-1000mg-10ml-la-pharma\/\" \/>\n<meta property=\"og:site_name\" content=\"RoidsMania.com\" \/>\n<meta property=\"article:modified_time\" content=\"2020-10-27T22:19:02+00:00\" \/>\n<meta property=\"og:image\" content=\"https:\/\/roidsmania.com\/wp-content\/uploads\/2017\/01\/Stano100LA.png\" \/>\n\t<meta property=\"og:image:width\" content=\"699\" \/>\n\t<meta property=\"og:image:height\" content=\"700\" \/>\n<meta name=\"twitter:card\" content=\"summary\" \/>\n<meta name=\"twitter:label1\" content=\"Dur\u00e9e de lecture est.\">\n\t<meta name=\"twitter:data1\" content=\"1 minute\">\n<script type=\"application\/ld+json\" class=\"yoast-schema-graph\">{\"@context\":\"https:\/\/schema.org\",\"@graph\":[{\"@type\":\"WebSite\",\"@id\":\"https:\/\/roidsmania.com\/fr\/#website\",\"url\":\"https:\/\/roidsmania.com\/fr\/\",\"name\":\"RoidsMania.com\",\"description\":\"Online Anabolic Steroids shop\",\"potentialAction\":[{\"@type\":\"SearchAction\",\"target\":\"https:\/\/roidsmania.com\/fr\/?s={search_term_string}\",\"query-input\":\"required name=search_term_string\"}],\"inLanguage\":\"fr-FR\"},{\"@type\":\"ImageObject\",\"@id\":\"https:\/\/roidsmania.com\/produit\/stanozolol-stanozolol-1000mg-10ml-la-pharma\/#primaryimage\",\"inLanguage\":\"fr-FR\",\"url\":\"https:\/\/roidsmania.com\/wp-content\/uploads\/2017\/01\/Stano100LA.png\",\"width\":699,\"height\":700},{\"@type\":\"WebPage\",\"@id\":\"https:\/\/roidsmania.com\/produit\/stanozolol-stanozolol-1000mg-10ml-la-pharma\/#webpage\",\"url\":\"https:\/\/roidsmania.com\/produit\/stanozolol-stanozolol-1000mg-10ml-la-pharma\/\",\"name\":\"Acheter du Stanozolol [Stanozolol 1000mg] - 10ml - LA Pharma\",\"isPartOf\":{\"@id\":\"https:\/\/roidsmania.com\/fr\/#website\"},\"primaryImageOfPage\":{\"@id\":\"https:\/\/roidsmania.com\/produit\/stanozolol-stanozolol-1000mg-10ml-la-pharma\/#primaryimage\"},\"datePublished\":\"2017-01-09T06:59:55+00:00\",\"dateModified\":\"2020-10-27T22:19:02+00:00\",\"description\":\"Roidsmania.com has a s\\u00e9lectionn\\u00e9 pour vous le Stanozolol [Stanozolol 1000mg] - 10ml - LA Pharma. Exp\\u00e9dition Rapide. Paiement Facile.\",\"breadcrumb\":{\"@id\":\"https:\/\/roidsmania.com\/produit\/stanozolol-stanozolol-1000mg-10ml-la-pharma\/#breadcrumb\"},\"inLanguage\":\"fr-FR\",\"potentialAction\":[{\"@type\":\"ReadAction\",\"target\":[\"https:\/\/roidsmania.com\/produit\/stanozolol-stanozolol-1000mg-10ml-la-pharma\/\"]}]},{\"@type\":\"BreadcrumbList\",\"@id\":\"https:\/\/roidsmania.com\/produit\/stanozolol-stanozolol-1000mg-10ml-la-pharma\/#breadcrumb\",\"itemListElement\":[{\"@type\":\"ListItem\",\"position\":1,\"item\":{\"@type\":\"WebPage\",\"@id\":\"https:\/\/roidsmania.com\/fr\/\",\"url\":\"https:\/\/roidsmania.com\/fr\/\",\"name\":\"Home\"}},{\"@type\":\"ListItem\",\"position\":2,\"item\":{\"@type\":\"WebPage\",\"@id\":\"https:\/\/roidsmania.com\/fr\/boutique\/\",\"url\":\"https:\/\/roidsmania.com\/fr\/boutique\/\",\"name\":\"BOUTIQUE\"}},{\"@type\":\"ListItem\",\"position\":3,\"item\":{\"@type\":\"WebPage\",\"@id\":\"https:\/\/roidsmania.com\/produit\/stanozolol-stanozolol-1000mg-10ml-la-pharma\/\",\"url\":\"https:\/\/roidsmania.com\/produit\/stanozolol-stanozolol-1000mg-10ml-la-pharma\/\",\"name\":\"Stanozolol [Stanozolol 1000mg] &#8211; 10ml &#8211; LA Pharma\"}}]}]}<\/script>\n<!-- \/ Yoast SEO plugin. -->","_links":{"self":[{"href":"https:\/\/roidsmania.com\/fr\/wp-json\/wp\/v2\/product\/3263\/"}],"collection":[{"href":"https:\/\/roidsmania.com\/fr\/wp-json\/wp\/v2\/product\/"}],"about":[{"href":"https:\/\/roidsmania.com\/fr\/wp-json\/wp\/v2\/types\/product\/"}],"replies":[{"embeddable":true,"href":"https:\/\/roidsmania.com\/fr\/wp-json\/wp\/v2\/comments\/?post=3263"}],"wp:featuredmedia":[{"embeddable":true,"href":"https:\/\/roidsmania.com\/fr\/wp-json\/wp\/v2\/media\/233203\/"}],"wp:attachment":[{"href":"https:\/\/roidsmania.com\/fr\/wp-json\/wp\/v2\/media\/?parent=3263"}],"wp:term":[{"taxonomy":"berocket_brand","embeddable":true,"href":"https:\/\/roidsmania.com\/fr\/wp-json\/wp\/v2\/berocket_brand\/?post=3263"}],"curies":[{"name":"wp","href":"https:\/\/api.w.org\/{rel}","templated":true}]}}