{"id":3261,"date":"2017-01-09T14:26:47","date_gmt":"2017-01-09T07:26:47","guid":{"rendered":"https:\/\/roidsmania.com\/product\/tren-e-trenbolone-enanthate-2000mg-10ml-la-pharma\/"},"modified":"2018-03-20T02:27:02","modified_gmt":"2018-03-19T19:27:02","slug":"tren-e-trenbolone-enanthate-2000mg-10ml-la-pharma","status":"publish","type":"product","link":"https:\/\/roidsmania.com\/fr\/produit\/tren-e-trenbolone-enanthate-2000mg-10ml-la-pharma\/","title":{"rendered":"Tren-E [Trenbolone Enanthate 2000mg] &#8211; 10ml &#8211; LA Pharma"},"content":{"rendered":"<div align=\"justify\">La Trenbolone Enanthate est une hormone st\u00e9ro\u00efdique class\u00e9e parmi les principaux st\u00e9ro\u00efdes anabolisants dans les milieux sportifs. Ce produit est consid\u00e9r\u00e9e par beaucoup de personnes comme \u00e9tant un st\u00e9ro\u00efdes particuli\u00e8rement polyvalents couvrant la plupart, sinon tous les besoins de l&#8217;athl\u00e8te ou du bodybuilder, tels que la prise de volume, l&#8217;am\u00e9lioration de l&#8217;\u00e9nergie et de la force, etc.<\/p>\n<p>La Tren-E est l\u2019un des st\u00e9ro\u00efdes les plus puissants en termes d\u2019effets anabolisants et androg\u00e9niques, ce qui signifie que vous pourrez obtenir un meilleur effet sur une p\u00e9riode plus courte par rapport \u00e0 d\u2019autres st\u00e9ro\u00efdes, tous les effets androg\u00e8nes tels que l\u2019augmentation de la force et de l\u2019endurance seront bien pr\u00e9sent. Le produit est m\u00eame consid\u00e9r\u00e9e comme \u00e9tant 5 fois plus puissant que la testost\u00e9rone elle-m\u00eame, alors imaginez ce qu\u2019elle ferait \u00e0 votre corps de l\u00e2che.<\/p>\n<p>Ce produit joue un r\u00f4le dans l\u2019am\u00e9lioration de la synth\u00e8se des nutriments et des prot\u00e9ines dans les tissus musculaires afin d\u2019avoir des muscles plus forts et plus puissant, il augmente \u00e9galement la r\u00e9tention d\u2019azote pour plus d\u2019endurance pendant l\u2019entrainement. Un autre avantage est que votre graisse accumul\u00e9e br\u00fblera rapidement, en effet ce produit permet de convertir cette masse en \u00e9nergie de mani\u00e8re efficace, toute cette \u00e9nergie se convertira donc en masse musculaire maigre et non en graisse.<\/p>\n<p>La Tren-E soutient \u00e9galement la production d\u2019hormones de croissance afin d\u2019augmenter l\u2019intensit\u00e9 de l\u2019effort et la r\u00e9paration musculaire, il couvre donc tout ce dont vous avez besoin avec un st\u00e9ro\u00efde.<\/p><\/div>\n","protected":false},"excerpt":{"rendered":"<div align=\"justify\"><strong>Laboratoire :<\/strong> LA Pharma<br \/>\n<strong>Forme :<\/strong> Injection<br \/>\n<strong>Mol\u00e9cule :<\/strong> Trenbolone Enanthate<br \/>\n<strong>Concentration :<\/strong> 200mg\/ml<br \/>\n<strong>Volume :<\/strong> 10 ml<br \/>\n<strong>Dosage Recommand\u00e9 :<\/strong> 200-600mg\/semaine<\/p>\n<p>La mol\u00e9cule de Trenbolone du Parabolan est un excellent produit bien connu de tous. Le Parabolan fournit une prise de masse musculaire \u00e0 la fois qualitatif et quantitatif et  offre une vascularisation impressionnante.<\/p><\/div>\n","protected":false},"featured_media":233191,"comment_status":"closed","ping_status":"closed","template":"","meta":[],"berocket_brand":[144],"yoast_head":"<!-- This site is optimized with the Yoast SEO plugin v15.9.1 - https:\/\/yoast.com\/wordpress\/plugins\/seo\/ -->\n<title>Acheter de la Tren-E [Trenbolone Enanthate 2000mg] - 10ml - LA Pharma<\/title>\n<meta name=\"description\" content=\"Roidsmania.com a s\u00e9lectionn\u00e9 pour vous la Tren-E [Trenbolone Enanthate 2000mg] - 10ml - LA Pharma. Exp\u00e9dition Rapide. Paiement Facile.\" \/>\n<meta name=\"robots\" content=\"index, follow, max-snippet:-1, max-image-preview:large, max-video-preview:-1\" \/>\n<link rel=\"canonical\" href=\"https:\/\/roidsmania.com\/fr\/produit\/tren-e-trenbolone-enanthate-2000mg-10ml-la-pharma\/\" \/>\n<meta property=\"og:locale\" content=\"fr_FR\" \/>\n<meta property=\"og:type\" content=\"article\" \/>\n<meta property=\"og:title\" content=\"Acheter de la Tren-E [Trenbolone Enanthate 2000mg] - 10ml - LA Pharma\" \/>\n<meta property=\"og:description\" content=\"Roidsmania.com a s\u00e9lectionn\u00e9 pour vous la Tren-E [Trenbolone Enanthate 2000mg] - 10ml - LA Pharma. Exp\u00e9dition Rapide. Paiement Facile.\" \/>\n<meta property=\"og:url\" content=\"https:\/\/roidsmania.com\/produit\/tren-e-trenbolone-enanthate-2000mg-10ml-la-pharma\/\" \/>\n<meta property=\"og:site_name\" content=\"RoidsMania.com\" \/>\n<meta property=\"article:modified_time\" content=\"2018-03-19T19:27:02+00:00\" \/>\n<meta property=\"og:image\" content=\"https:\/\/roidsmania.com\/wp-content\/uploads\/2017\/01\/TrenELA.png\" \/>\n\t<meta property=\"og:image:width\" content=\"700\" \/>\n\t<meta property=\"og:image:height\" content=\"700\" \/>\n<meta name=\"twitter:card\" content=\"summary\" \/>\n<meta name=\"twitter:label1\" content=\"Dur\u00e9e de lecture est.\">\n\t<meta name=\"twitter:data1\" content=\"1 minute\">\n<script type=\"application\/ld+json\" class=\"yoast-schema-graph\">{\"@context\":\"https:\/\/schema.org\",\"@graph\":[{\"@type\":\"WebSite\",\"@id\":\"https:\/\/roidsmania.com\/fr\/#website\",\"url\":\"https:\/\/roidsmania.com\/fr\/\",\"name\":\"RoidsMania.com\",\"description\":\"Online Anabolic Steroids shop\",\"potentialAction\":[{\"@type\":\"SearchAction\",\"target\":\"https:\/\/roidsmania.com\/fr\/?s={search_term_string}\",\"query-input\":\"required name=search_term_string\"}],\"inLanguage\":\"fr-FR\"},{\"@type\":\"ImageObject\",\"@id\":\"https:\/\/roidsmania.com\/produit\/tren-e-trenbolone-enanthate-2000mg-10ml-la-pharma\/#primaryimage\",\"inLanguage\":\"fr-FR\",\"url\":\"https:\/\/roidsmania.com\/wp-content\/uploads\/2017\/01\/TrenELA.png\",\"width\":700,\"height\":700},{\"@type\":\"WebPage\",\"@id\":\"https:\/\/roidsmania.com\/produit\/tren-e-trenbolone-enanthate-2000mg-10ml-la-pharma\/#webpage\",\"url\":\"https:\/\/roidsmania.com\/produit\/tren-e-trenbolone-enanthate-2000mg-10ml-la-pharma\/\",\"name\":\"Acheter de la Tren-E [Trenbolone Enanthate 2000mg] - 10ml - LA Pharma\",\"isPartOf\":{\"@id\":\"https:\/\/roidsmania.com\/fr\/#website\"},\"primaryImageOfPage\":{\"@id\":\"https:\/\/roidsmania.com\/produit\/tren-e-trenbolone-enanthate-2000mg-10ml-la-pharma\/#primaryimage\"},\"datePublished\":\"2017-01-09T07:26:47+00:00\",\"dateModified\":\"2018-03-19T19:27:02+00:00\",\"description\":\"Roidsmania.com a s\\u00e9lectionn\\u00e9 pour vous la Tren-E [Trenbolone Enanthate 2000mg] - 10ml - LA Pharma. Exp\\u00e9dition Rapide. Paiement Facile.\",\"breadcrumb\":{\"@id\":\"https:\/\/roidsmania.com\/produit\/tren-e-trenbolone-enanthate-2000mg-10ml-la-pharma\/#breadcrumb\"},\"inLanguage\":\"fr-FR\",\"potentialAction\":[{\"@type\":\"ReadAction\",\"target\":[\"https:\/\/roidsmania.com\/produit\/tren-e-trenbolone-enanthate-2000mg-10ml-la-pharma\/\"]}]},{\"@type\":\"BreadcrumbList\",\"@id\":\"https:\/\/roidsmania.com\/produit\/tren-e-trenbolone-enanthate-2000mg-10ml-la-pharma\/#breadcrumb\",\"itemListElement\":[{\"@type\":\"ListItem\",\"position\":1,\"item\":{\"@type\":\"WebPage\",\"@id\":\"https:\/\/roidsmania.com\/fr\/\",\"url\":\"https:\/\/roidsmania.com\/fr\/\",\"name\":\"Home\"}},{\"@type\":\"ListItem\",\"position\":2,\"item\":{\"@type\":\"WebPage\",\"@id\":\"https:\/\/roidsmania.com\/fr\/boutique\/\",\"url\":\"https:\/\/roidsmania.com\/fr\/boutique\/\",\"name\":\"BOUTIQUE\"}},{\"@type\":\"ListItem\",\"position\":3,\"item\":{\"@type\":\"WebPage\",\"@id\":\"https:\/\/roidsmania.com\/produit\/tren-e-trenbolone-enanthate-2000mg-10ml-la-pharma\/\",\"url\":\"https:\/\/roidsmania.com\/produit\/tren-e-trenbolone-enanthate-2000mg-10ml-la-pharma\/\",\"name\":\"Tren-E [Trenbolone Enanthate 2000mg] &#8211; 10ml &#8211; LA Pharma\"}}]}]}<\/script>\n<!-- \/ Yoast SEO plugin. -->","_links":{"self":[{"href":"https:\/\/roidsmania.com\/fr\/wp-json\/wp\/v2\/product\/3261\/"}],"collection":[{"href":"https:\/\/roidsmania.com\/fr\/wp-json\/wp\/v2\/product\/"}],"about":[{"href":"https:\/\/roidsmania.com\/fr\/wp-json\/wp\/v2\/types\/product\/"}],"replies":[{"embeddable":true,"href":"https:\/\/roidsmania.com\/fr\/wp-json\/wp\/v2\/comments\/?post=3261"}],"wp:featuredmedia":[{"embeddable":true,"href":"https:\/\/roidsmania.com\/fr\/wp-json\/wp\/v2\/media\/233191\/"}],"wp:attachment":[{"href":"https:\/\/roidsmania.com\/fr\/wp-json\/wp\/v2\/media\/?parent=3261"}],"wp:term":[{"taxonomy":"berocket_brand","embeddable":true,"href":"https:\/\/roidsmania.com\/fr\/wp-json\/wp\/v2\/berocket_brand\/?post=3261"}],"curies":[{"name":"wp","href":"https:\/\/api.w.org\/{rel}","templated":true}]}}