{"id":3216,"date":"2016-12-26T12:26:37","date_gmt":"2016-12-26T05:26:37","guid":{"rendered":"https:\/\/roidsmania.com\/product\/induject-250-testosterone-combination-2500mg-10ml-alpha-pharma\/"},"modified":"2020-10-28T05:23:20","modified_gmt":"2020-10-27T22:23:20","slug":"induject-250-testosterone-combination-2500mg-10ml-alpha-pharma","status":"publish","type":"product","link":"https:\/\/roidsmania.com\/fr\/produit\/induject-250-testosterone-combination-2500mg-10ml-alpha-pharma\/","title":{"rendered":"Induject-250 [Testosterone Combination 2500mg] &#8211; 10ml &#8211; Alpha-Pharma"},"content":{"rendered":"<div align=\"justify\">\n<p>L&#8217;<strong>Induject 250<\/strong> est un m\u00e9lange de testost\u00e9rone injectable huileux, d\u00e9velopp\u00e9 par le laboratoire Alpha Pharma. Il contient quatre esters de testost\u00e9rone diff\u00e9rents:<\/p>\n<p>&#8211; Testosterone Propionate<strong> (30 mg)<\/strong><br \/>\n&#8211; Testosterone Phenylpropionate<strong> (60 mg)<\/strong><br \/>\n&#8211; Testosterone Isocaproate<strong> (60mg)<\/strong><br \/>\n&#8211; Testosterone Decanoate <strong>(100 mg)<\/strong><\/p>\n<p>La pr\u00e9sence de testost\u00e9rone propionate fournit des r\u00e9sultats d\u00e8s le premier jour de l&#8217;injection. Avec les autres esters pr\u00e9sents dans ce m\u00e9lange, le Sustanon permet de maintenir le taux \u00e9lev\u00e9 de testost\u00e9rone sur une p\u00e9riode de<strong> 4 semaines.<\/strong><\/p>\n<p>Avec des injections hebdomadaires, lee <strong>Sustanon<\/strong> vous aidera \u00e0 \u00e9viter les fluctuations sanguines et \u00e0 maintenir des niveaux constants de testost\u00e9rone tout au long de votre traitement<strong>.danabol<\/strong><\/p>\n<\/div>\n","protected":false},"excerpt":{"rendered":"<div align=\"justify\"><strong>Laboratoire :<\/strong> Alpha-Pharma<br \/>\n<strong>Forme :<\/strong> Injection<br \/>\n<strong>Mol\u00e9cule :<\/strong> Sustanon-Mix de Testosterones<br \/>\n<strong>Concentration :<\/strong> 250mg\/ml<br \/>\n<strong>Volume :<\/strong> 10 ml<br \/>\n<strong>Dosage Recommand\u00e9 :<\/strong> 250-1000mg\/semaine<\/p>\n<p>Le Sustanon est un m\u00e9lange de testost\u00e9rones. La pluralit\u00e9 des esters permet au Sustanon d&#8217;agir de diff\u00e9rentes fa\u00e7ons, \u00e0 court et \u00e0 long terme. Cette composition unique permet un bon d\u00e9veloppement de la masse musculaire de mani\u00e8re qualitative et quantitative.<\/p><\/div>\n","protected":false},"featured_media":246235,"comment_status":"closed","ping_status":"closed","template":"","meta":[],"berocket_brand":[148],"yoast_head":"<!-- This site is optimized with the Yoast SEO plugin v15.9.1 - https:\/\/yoast.com\/wordpress\/plugins\/seo\/ -->\n<title>Acheter de l&#039;Induject-250 [Testosterone Combination 2500mg] - 10ml - Alpha-Pharma<\/title>\n<meta name=\"description\" content=\"Roidsmania.com a s\u00e9lectionn\u00e9 pour vous de l&#039;Induject-250 [Testosterone Combination 2500mg] - 10ml - Alpha-Pharma. Exp\u00e9dition Rapide. Paiement Facile.\" \/>\n<meta name=\"robots\" content=\"index, follow, max-snippet:-1, max-image-preview:large, max-video-preview:-1\" \/>\n<link rel=\"canonical\" href=\"https:\/\/roidsmania.com\/fr\/produit\/induject-250-testosterone-combination-2500mg-10ml-alpha-pharma\/\" \/>\n<meta property=\"og:locale\" content=\"fr_FR\" \/>\n<meta property=\"og:type\" content=\"article\" \/>\n<meta property=\"og:title\" content=\"Acheter de l&#039;Induject-250 [Testosterone Combination 2500mg] - 10ml - Alpha-Pharma\" \/>\n<meta property=\"og:description\" content=\"Roidsmania.com a s\u00e9lectionn\u00e9 pour vous de l&#039;Induject-250 [Testosterone Combination 2500mg] - 10ml - Alpha-Pharma. Exp\u00e9dition Rapide. Paiement Facile.\" \/>\n<meta property=\"og:url\" content=\"https:\/\/roidsmania.com\/fr\/produit\/induject-250-testosterone-combination-2500mg-10ml-alpha-pharma\/\" \/>\n<meta property=\"og:site_name\" content=\"RoidsMania.com\" \/>\n<meta property=\"article:modified_time\" content=\"2020-10-27T22:23:20+00:00\" \/>\n<meta property=\"og:image\" content=\"https:\/\/roidsmania.com\/wp-content\/uploads\/2016\/12\/induject-big.jpg\" \/>\n\t<meta property=\"og:image:width\" content=\"1560\" \/>\n\t<meta property=\"og:image:height\" content=\"1560\" \/>\n<meta name=\"twitter:card\" content=\"summary\" \/>\n<meta name=\"twitter:label1\" content=\"Dur\u00e9e de lecture est.\">\n\t<meta name=\"twitter:data1\" content=\"1 minute\">\n<script type=\"application\/ld+json\" class=\"yoast-schema-graph\">{\"@context\":\"https:\/\/schema.org\",\"@graph\":[{\"@type\":\"WebSite\",\"@id\":\"https:\/\/roidsmania.com\/fr\/#website\",\"url\":\"https:\/\/roidsmania.com\/fr\/\",\"name\":\"RoidsMania.com\",\"description\":\"Online Anabolic Steroids shop\",\"potentialAction\":[{\"@type\":\"SearchAction\",\"target\":\"https:\/\/roidsmania.com\/fr\/?s={search_term_string}\",\"query-input\":\"required name=search_term_string\"}],\"inLanguage\":\"fr-FR\"},{\"@type\":\"ImageObject\",\"@id\":\"https:\/\/roidsmania.com\/fr\/produit\/induject-250-testosterone-combination-2500mg-10ml-alpha-pharma\/#primaryimage\",\"inLanguage\":\"fr-FR\",\"url\":\"https:\/\/roidsmania.com\/wp-content\/uploads\/2016\/12\/induject-big.jpg\",\"width\":1560,\"height\":1560},{\"@type\":\"WebPage\",\"@id\":\"https:\/\/roidsmania.com\/fr\/produit\/induject-250-testosterone-combination-2500mg-10ml-alpha-pharma\/#webpage\",\"url\":\"https:\/\/roidsmania.com\/fr\/produit\/induject-250-testosterone-combination-2500mg-10ml-alpha-pharma\/\",\"name\":\"Acheter de l'Induject-250 [Testosterone Combination 2500mg] - 10ml - Alpha-Pharma\",\"isPartOf\":{\"@id\":\"https:\/\/roidsmania.com\/fr\/#website\"},\"primaryImageOfPage\":{\"@id\":\"https:\/\/roidsmania.com\/fr\/produit\/induject-250-testosterone-combination-2500mg-10ml-alpha-pharma\/#primaryimage\"},\"datePublished\":\"2016-12-26T05:26:37+00:00\",\"dateModified\":\"2020-10-27T22:23:20+00:00\",\"description\":\"Roidsmania.com a s\\u00e9lectionn\\u00e9 pour vous de l'Induject-250 [Testosterone Combination 2500mg] - 10ml - Alpha-Pharma. Exp\\u00e9dition Rapide. Paiement Facile.\",\"breadcrumb\":{\"@id\":\"https:\/\/roidsmania.com\/fr\/produit\/induject-250-testosterone-combination-2500mg-10ml-alpha-pharma\/#breadcrumb\"},\"inLanguage\":\"fr-FR\",\"potentialAction\":[{\"@type\":\"ReadAction\",\"target\":[\"https:\/\/roidsmania.com\/fr\/produit\/induject-250-testosterone-combination-2500mg-10ml-alpha-pharma\/\"]}]},{\"@type\":\"BreadcrumbList\",\"@id\":\"https:\/\/roidsmania.com\/fr\/produit\/induject-250-testosterone-combination-2500mg-10ml-alpha-pharma\/#breadcrumb\",\"itemListElement\":[{\"@type\":\"ListItem\",\"position\":1,\"item\":{\"@type\":\"WebPage\",\"@id\":\"https:\/\/roidsmania.com\/fr\/\",\"url\":\"https:\/\/roidsmania.com\/fr\/\",\"name\":\"Home\"}},{\"@type\":\"ListItem\",\"position\":2,\"item\":{\"@type\":\"WebPage\",\"@id\":\"https:\/\/roidsmania.com\/fr\/boutique\/\",\"url\":\"https:\/\/roidsmania.com\/fr\/boutique\/\",\"name\":\"BOUTIQUE\"}},{\"@type\":\"ListItem\",\"position\":3,\"item\":{\"@type\":\"WebPage\",\"@id\":\"https:\/\/roidsmania.com\/fr\/produit\/induject-250-testosterone-combination-2500mg-10ml-alpha-pharma\/\",\"url\":\"https:\/\/roidsmania.com\/fr\/produit\/induject-250-testosterone-combination-2500mg-10ml-alpha-pharma\/\",\"name\":\"Induject-250 [Testosterone Combination 2500mg] &#8211; 10ml &#8211; Alpha-Pharma\"}}]}]}<\/script>\n<!-- \/ Yoast SEO plugin. -->","_links":{"self":[{"href":"https:\/\/roidsmania.com\/fr\/wp-json\/wp\/v2\/product\/3216\/"}],"collection":[{"href":"https:\/\/roidsmania.com\/fr\/wp-json\/wp\/v2\/product\/"}],"about":[{"href":"https:\/\/roidsmania.com\/fr\/wp-json\/wp\/v2\/types\/product\/"}],"replies":[{"embeddable":true,"href":"https:\/\/roidsmania.com\/fr\/wp-json\/wp\/v2\/comments\/?post=3216"}],"wp:featuredmedia":[{"embeddable":true,"href":"https:\/\/roidsmania.com\/fr\/wp-json\/wp\/v2\/media\/246235\/"}],"wp:attachment":[{"href":"https:\/\/roidsmania.com\/fr\/wp-json\/wp\/v2\/media\/?parent=3216"}],"wp:term":[{"taxonomy":"berocket_brand","embeddable":true,"href":"https:\/\/roidsmania.com\/fr\/wp-json\/wp\/v2\/berocket_brand\/?post=3216"}],"curies":[{"name":"wp","href":"https:\/\/api.w.org\/{rel}","templated":true}]}}