{"id":3165,"date":"2017-01-09T16:58:19","date_gmt":"2017-01-09T09:58:19","guid":{"rendered":"https:\/\/roidsmania.com\/product\/tren-a-trenbolone-acetate-1000mg-10ml-la-pharma\/"},"modified":"2020-05-01T02:02:53","modified_gmt":"2020-04-30T19:02:53","slug":"tren-a-trenbolone-acetate-1000mg-10ml-la-pharma","status":"publish","type":"product","link":"https:\/\/roidsmania.com\/fr\/produit\/tren-a-trenbolone-acetate-1000mg-10ml-la-pharma\/","title":{"rendered":"Tren A [Trenbolone Acetate 1000mg] &#8211; 10ml &#8211; LA Pharma"},"content":{"rendered":"<div align=\"justify\">La trenbolone ac\u00e9tate est un d\u00e9riv\u00e9 de la trenbolone non raffin\u00e9e. Ces d\u00e9riv\u00e9s de st\u00e9ro\u00efdes sont largement pr\u00e9f\u00e9r\u00e9s car ils ont une demi-vie beaucoup plus longue.<br \/>\nLes culturistes et les athl\u00e8tes sont convaincu, avec raison, que la trenbolone ac\u00e9tate aide particuli\u00e8rement \u00e0 augmenter la masse musculaire, et de cette mani\u00e8re, est beaucoup plus efficace qu&#8217;en s\u2019entra\u00eenant uniquement a l&#8217;aide de poids sans prise d&#8217;anabolisant. L&#8217;agence anti-drogue a class\u00e9 le Trenbolone comme m\u00e9dicament de classe III au USA, alors qu&#8217;au Canada, il est class\u00e9 comme un produit de classe 4 et d&#8217;un produit de classe C sans p\u00e9nalit\u00e9 pour un usage personnel au Royaume-Uni.<\/p>\n<p>La trenbolone ac\u00e9tate a le surnom populaire de \u00abFina\u00bb parmi ses utilisateurs, puisqu&#8217;il est injectable, il est principalement pr\u00e9par\u00e9 \u00e0 partir de Finaplix H.<br \/>\nLe Finaplix H est un implant auriculaire utilis\u00e9 par les \u00e9leveurs pour maintenir le poids du b\u00e9tail avant l&#8217;exp\u00e9dition \u00e0 l&#8217;abattage.<br \/>\nDes \u00e9tudes ont confirm\u00e9 que le Trenbolone am\u00e9liore consid\u00e9rablement la prise de masse musculaire. <\/p>\n<p>La liaison avec les r\u00e9cepteurs androg\u00e8nes de la Trenbolone Ac\u00e9tate est cinq fois plus \u00e9lev\u00e9e que celle de la testost\u00e9rone. Une fois qu&#8217;il est m\u00e9tabolis\u00e9, le produit est particuli\u00e8rement efficace afin d&#8217;augmenter l&#8217;absorption d&#8217;azote par les muscles, ce qui augmente le taux de synth\u00e8se des prot\u00e9ines. il stimule aussi l&#8217;app\u00e9tit et diminue le catabolisme. <\/p>\n<p>La trenbolone ac\u00e9tate est l&#8217;un des st\u00e9ro\u00efdes le plus \u00e9tonnant de tous les st\u00e9ro\u00efdes anabolisants. C&#8217;est la Trenbolone la plus forte de toutes les trenbolones disponibles sur le march\u00e9. <\/p>\n<p>Initialement, les sp\u00e9cialistes pensaient que sa principale utilit\u00e9 \u00e9tait pour la prise de masse et de force. Mais sa polyvalence s&#8217;est progressivement r\u00e9v\u00e9l\u00e9e pour d&#8217;autres usages. Ce qui a rendu pas mal de cure a l&#8217;\u00e9poque obsol\u00e8te.<br \/>\nActuellement c&#8217;est l&#8217;un des st\u00e9ro\u00efdes anabolisants les plus efficaces pour promouvoir la croissance musculaire au sens large du terme et augmenter la force.<\/p>\n<p>Lorsqu&#8217;elle est coupl\u00e9e \u00e0 la testost\u00e9rone, son efficacit\u00e9 se d\u00e9cuple. Non seulement elle fournit de la croissance musculaire et de la force, mais ce st\u00e9ro\u00efde n&#8217;aromatise pas, ce qui signifie que tout gain de poids d\u00fb \u00e0 la Trenbolone Ac\u00e9tate est une masse musculaire pure.<br \/>\nLes gains r\u00e9alis\u00e9s avec ce produit sont fait pour dur\u00e9 en comparaison aux st\u00e9ro\u00efdes ayant des propri\u00e9t\u00e9s de r\u00e9tention d&#8217;eau. Cela fait de la Trenbolone Acetate le meilleur choix pour les bodybuilders et les athl\u00e8tes.<\/p><\/div>\n","protected":false},"excerpt":{"rendered":"<div align=\"justify\"><strong>Laboratoire :<\/strong> LA Pharma<br \/>\n<strong>Forme :<\/strong> Injection<br \/>\n<strong>Mol\u00e9cule :<\/strong> Trenbolone Acetate<br \/>\n<strong>Concentration :<\/strong> 100mg\/ml<br \/>\n<strong>Volume :<\/strong> 10 ml<br \/>\n<strong>Dosage Recommand\u00e9 :<\/strong> 200-400mg\/semaine<\/p>\n<p>La mol\u00e9cule Trenbolone Acetate est un excellent produit qui n&#8217;a plus besoin d&#8217;\u00eatre prouv\u00e9. Le Parabolan fournit un gain de masse musculaire \u00e0 la fois qualitatif et quantitatif. Il offre une vascularisation impressionnante.<\/p><\/div>\n","protected":false},"featured_media":233189,"comment_status":"closed","ping_status":"closed","template":"","meta":[],"berocket_brand":[144],"yoast_head":"<!-- This site is optimized with the Yoast SEO plugin v15.9.1 - https:\/\/yoast.com\/wordpress\/plugins\/seo\/ -->\n<title>Acheter de la Tren A [Trenbolone Acetate 1000mg] - 10ml - LA Pharma<\/title>\n<meta name=\"description\" content=\"Roidsmania.com a s\u00e9lectionn\u00e9 pour vous de la Tren A [Trenbolone Acetate 1000mg] - 10ml - LA Pharma. Exp\u00e9dition Rapide. Paiement Facile.\" \/>\n<meta name=\"robots\" content=\"index, follow, max-snippet:-1, max-image-preview:large, max-video-preview:-1\" \/>\n<link rel=\"canonical\" href=\"https:\/\/roidsmania.com\/fr\/produit\/tren-a-trenbolone-acetate-1000mg-10ml-la-pharma\/\" \/>\n<meta property=\"og:locale\" content=\"fr_FR\" \/>\n<meta property=\"og:type\" content=\"article\" \/>\n<meta property=\"og:title\" content=\"Acheter de la Tren A [Trenbolone Acetate 1000mg] - 10ml - LA Pharma\" \/>\n<meta property=\"og:description\" content=\"Roidsmania.com a s\u00e9lectionn\u00e9 pour vous de la Tren A [Trenbolone Acetate 1000mg] - 10ml - LA Pharma. Exp\u00e9dition Rapide. Paiement Facile.\" \/>\n<meta property=\"og:url\" content=\"https:\/\/roidsmania.com\/produit\/tren-a-trenbolone-acetate-1000mg-10ml-la-pharma\/\" \/>\n<meta property=\"og:site_name\" content=\"RoidsMania.com\" \/>\n<meta property=\"article:modified_time\" content=\"2020-04-30T19:02:53+00:00\" \/>\n<meta property=\"og:image\" content=\"https:\/\/roidsmania.com\/wp-content\/uploads\/2017\/01\/TrenALA.png\" \/>\n\t<meta property=\"og:image:width\" content=\"700\" \/>\n\t<meta property=\"og:image:height\" content=\"700\" \/>\n<meta name=\"twitter:card\" content=\"summary\" \/>\n<meta name=\"twitter:label1\" content=\"Dur\u00e9e de lecture est.\">\n\t<meta name=\"twitter:data1\" content=\"2 minutes\">\n<script type=\"application\/ld+json\" class=\"yoast-schema-graph\">{\"@context\":\"https:\/\/schema.org\",\"@graph\":[{\"@type\":\"WebSite\",\"@id\":\"https:\/\/roidsmania.com\/fr\/#website\",\"url\":\"https:\/\/roidsmania.com\/fr\/\",\"name\":\"RoidsMania.com\",\"description\":\"Online Anabolic Steroids shop\",\"potentialAction\":[{\"@type\":\"SearchAction\",\"target\":\"https:\/\/roidsmania.com\/fr\/?s={search_term_string}\",\"query-input\":\"required name=search_term_string\"}],\"inLanguage\":\"fr-FR\"},{\"@type\":\"ImageObject\",\"@id\":\"https:\/\/roidsmania.com\/produit\/tren-a-trenbolone-acetate-1000mg-10ml-la-pharma\/#primaryimage\",\"inLanguage\":\"fr-FR\",\"url\":\"https:\/\/roidsmania.com\/wp-content\/uploads\/2017\/01\/TrenALA.png\",\"width\":700,\"height\":700},{\"@type\":\"WebPage\",\"@id\":\"https:\/\/roidsmania.com\/produit\/tren-a-trenbolone-acetate-1000mg-10ml-la-pharma\/#webpage\",\"url\":\"https:\/\/roidsmania.com\/produit\/tren-a-trenbolone-acetate-1000mg-10ml-la-pharma\/\",\"name\":\"Acheter de la Tren A [Trenbolone Acetate 1000mg] - 10ml - LA Pharma\",\"isPartOf\":{\"@id\":\"https:\/\/roidsmania.com\/fr\/#website\"},\"primaryImageOfPage\":{\"@id\":\"https:\/\/roidsmania.com\/produit\/tren-a-trenbolone-acetate-1000mg-10ml-la-pharma\/#primaryimage\"},\"datePublished\":\"2017-01-09T09:58:19+00:00\",\"dateModified\":\"2020-04-30T19:02:53+00:00\",\"description\":\"Roidsmania.com a s\\u00e9lectionn\\u00e9 pour vous de la Tren A [Trenbolone Acetate 1000mg] - 10ml - LA Pharma. Exp\\u00e9dition Rapide. Paiement Facile.\",\"breadcrumb\":{\"@id\":\"https:\/\/roidsmania.com\/produit\/tren-a-trenbolone-acetate-1000mg-10ml-la-pharma\/#breadcrumb\"},\"inLanguage\":\"fr-FR\",\"potentialAction\":[{\"@type\":\"ReadAction\",\"target\":[\"https:\/\/roidsmania.com\/produit\/tren-a-trenbolone-acetate-1000mg-10ml-la-pharma\/\"]}]},{\"@type\":\"BreadcrumbList\",\"@id\":\"https:\/\/roidsmania.com\/produit\/tren-a-trenbolone-acetate-1000mg-10ml-la-pharma\/#breadcrumb\",\"itemListElement\":[{\"@type\":\"ListItem\",\"position\":1,\"item\":{\"@type\":\"WebPage\",\"@id\":\"https:\/\/roidsmania.com\/fr\/\",\"url\":\"https:\/\/roidsmania.com\/fr\/\",\"name\":\"Home\"}},{\"@type\":\"ListItem\",\"position\":2,\"item\":{\"@type\":\"WebPage\",\"@id\":\"https:\/\/roidsmania.com\/fr\/boutique\/\",\"url\":\"https:\/\/roidsmania.com\/fr\/boutique\/\",\"name\":\"BOUTIQUE\"}},{\"@type\":\"ListItem\",\"position\":3,\"item\":{\"@type\":\"WebPage\",\"@id\":\"https:\/\/roidsmania.com\/produit\/tren-a-trenbolone-acetate-1000mg-10ml-la-pharma\/\",\"url\":\"https:\/\/roidsmania.com\/produit\/tren-a-trenbolone-acetate-1000mg-10ml-la-pharma\/\",\"name\":\"Tren A [Trenbolone Acetate 1000mg] &#8211; 10ml &#8211; LA Pharma\"}}]}]}<\/script>\n<!-- \/ Yoast SEO plugin. -->","_links":{"self":[{"href":"https:\/\/roidsmania.com\/fr\/wp-json\/wp\/v2\/product\/3165\/"}],"collection":[{"href":"https:\/\/roidsmania.com\/fr\/wp-json\/wp\/v2\/product\/"}],"about":[{"href":"https:\/\/roidsmania.com\/fr\/wp-json\/wp\/v2\/types\/product\/"}],"replies":[{"embeddable":true,"href":"https:\/\/roidsmania.com\/fr\/wp-json\/wp\/v2\/comments\/?post=3165"}],"wp:featuredmedia":[{"embeddable":true,"href":"https:\/\/roidsmania.com\/fr\/wp-json\/wp\/v2\/media\/233189\/"}],"wp:attachment":[{"href":"https:\/\/roidsmania.com\/fr\/wp-json\/wp\/v2\/media\/?parent=3165"}],"wp:term":[{"taxonomy":"berocket_brand","embeddable":true,"href":"https:\/\/roidsmania.com\/fr\/wp-json\/wp\/v2\/berocket_brand\/?post=3165"}],"curies":[{"name":"wp","href":"https:\/\/api.w.org\/{rel}","templated":true}]}}