{"id":30006,"date":"2018-06-11T01:08:05","date_gmt":"2018-06-10T18:40:41","guid":{"rendered":"https:\/\/roidsmania.com\/?post_type=product&#038;p=30006"},"modified":"2023-04-06T03:45:39","modified_gmt":"2023-04-05T20:45:39","slug":"rexogin-stanozolol-500mg-10-ml-alpha-pharma","status":"publish","type":"product","link":"https:\/\/roidsmania.com\/fr\/produit\/rexogin-stanozolol-500mg-10-ml-alpha-pharma\/","title":{"rendered":"Rexogin [Stanozolol 500mg] &#8211; 10 ml &#8211; Alpha Pharma"},"content":{"rendered":"<div align=\"justify\">\n<p>Le <strong>Winstrol<\/strong> d&#8217;Alpha Pharma appartient aux st\u00e9ro\u00efdes anabolisants androg\u00e8nes injectables parmi les plus populaires. Les culturistes l&#8217;appr\u00e9cient pour ses caract\u00e9ristiques tr\u00e8s particuli\u00e8res et sa substance active qui est le Stanozolol, ce produit est principalement utilis\u00e9 dans<strong> les cycles de coupe et la prise de masse.<\/strong><\/p>\n<p>Le <strong>Winstrol<\/strong> d&#8217;Alpha Pharma est tr\u00e8s efficace pour la prise de masse qualitative. Les effets de ce st\u00e9ro\u00efdes se veulent dans la dur\u00e9e et ne disparaissent pas apr\u00e8s la fin de la cure. Pour cette raison, ce produit est tr\u00e8s populaire lors des <strong>cycles de<\/strong> <strong>prise de volume.<\/strong> Dans la pr\u00e9paration du concours, ce produit est utilis\u00e9 pour sa tendance \u00e0 ne pas faire de la r\u00e9tention d&#8217;eau. Gr\u00e2ce \u00e0 ce point bien sp\u00e9cifique, ce produit peut fournir des r\u00e9sultats tout bonnement incroyables quand il s&#8217;agit de dessiner ses muscles<strong>.Acheter Peptides<\/strong><\/p>\n<p>En terme de d\u00e9veloppement musculaire, il est recommand\u00e9 de combiner le <strong>Stanozolol<\/strong> avec de la trenbolone, un mix de testost\u00e9rone ou de la nandrolone d\u00e9canoate afin d&#8217;obtenir les r\u00e9sultats escompt\u00e9s. En pr\u00e9paration des comp\u00e9titions, les bodybuilders combinent normalement le Stanazolol avec de la trenbolone ac\u00e9tate , de la methenolone enanthate, de l&#8217;oxandrolone, du fluoxymost\u00e9rone ou de la testost\u00e9rone propionate.La<strong> dur\u00e9e maximale d&#8217;utilisation<\/strong> du <strong>Stanozolo <\/strong>est de<strong> 8 semaines.<\/strong><\/p>\n<p>L&#8217;utilisation de Stanozolol peut entra\u00eener une augmentation du taux de <strong>cholest\u00e9rol, des maux de t\u00eate et des douleurs articulaires ou hypertension<\/strong>. Il peut \u00e9galement \u00eatre toxique pour le foie, lorsque le temps d&#8217;utilisation recommand\u00e9 est d\u00e9pass\u00e9.<\/p>\n<\/div>\n","protected":false},"excerpt":{"rendered":"<div align=\"justify\"><strong>Laboratoire :<\/strong> Alpha Pharma<br \/>\n<strong>Forme :<\/strong> Injection<br \/>\n<strong>Mol\u00e9cule :<\/strong> Stanozlol<br \/>\n<strong>Concentration :<\/strong> 50mg\/ml<br \/>\n<strong>Volume :<\/strong> 10X1ML OU 1X10ML<br \/>\n<strong>Dosage Recommand\u00e9 :<\/strong> 100-400mg\/semaine<\/p>\n<p>Aussi connu sous le nom de Stanozolol, Winstrol ou dans le jargon de culturisme le Winny. Il peut \u00eatre pris pour une prise de masse s\u00e8che et pour une perte de poids. Tout d\u00e9pendra de la fa\u00e7on dont il sera utilis\u00e9 et des produits qui seront combin\u00e9s avec celui-ci. Seul, il ne n\u00e9cessite pas de PCT car il n&#8217;aromatise pas et n&#8217;a pas d&#8217;effet suppresseur.<\/p>\n<\/div>\n","protected":false},"featured_media":246272,"comment_status":"closed","ping_status":"closed","template":"","meta":[],"berocket_brand":[148],"yoast_head":"<!-- This site is optimized with the Yoast SEO plugin v15.9.1 - https:\/\/yoast.com\/wordpress\/plugins\/seo\/ -->\n<title>Acheter du Rexogin [Stanozolol 500mg] - 10 ml - Alpha Pharma<\/title>\n<meta name=\"description\" content=\"Roidsmania.com a s\u00e9lectionn\u00e9 pour vous le Rexogin [Stanozolol 500mg] - 10 ml - Alpha Pharma. Exp\u00e9dition Rapide, Paiement Facile.\" \/>\n<meta name=\"robots\" content=\"index, follow, max-snippet:-1, max-image-preview:large, max-video-preview:-1\" \/>\n<link rel=\"canonical\" href=\"https:\/\/roidsmania.com\/fr\/produit\/rexogin-stanozolol-500mg-10-ml-alpha-pharma\/\" \/>\n<meta property=\"og:locale\" content=\"fr_FR\" \/>\n<meta property=\"og:type\" content=\"article\" \/>\n<meta property=\"og:title\" content=\"Acheter du Rexogin [Stanozolol 500mg] - 10 ml - Alpha Pharma\" \/>\n<meta property=\"og:description\" content=\"Roidsmania.com a s\u00e9lectionn\u00e9 pour vous le Rexogin [Stanozolol 500mg] - 10 ml - Alpha Pharma. Exp\u00e9dition Rapide, Paiement Facile.\" \/>\n<meta property=\"og:url\" content=\"https:\/\/roidsmania.com\/fr\/produit\/rexogin-stanozolol-500mg-10-ml-alpha-pharma\/\" \/>\n<meta property=\"og:site_name\" content=\"RoidsMania.com\" \/>\n<meta property=\"article:modified_time\" content=\"2023-04-05T20:45:39+00:00\" \/>\n<meta property=\"og:image\" content=\"https:\/\/roidsmania.com\/wp-content\/uploads\/2018\/06\/Rexogin_Vials_big.jpg\" \/>\n\t<meta property=\"og:image:width\" content=\"1560\" \/>\n\t<meta property=\"og:image:height\" content=\"1560\" \/>\n<meta name=\"twitter:card\" content=\"summary\" \/>\n<meta name=\"twitter:label1\" content=\"Dur\u00e9e de lecture est.\">\n\t<meta name=\"twitter:data1\" content=\"1 minute\">\n<script type=\"application\/ld+json\" class=\"yoast-schema-graph\">{\"@context\":\"https:\/\/schema.org\",\"@graph\":[{\"@type\":\"WebSite\",\"@id\":\"https:\/\/roidsmania.com\/fr\/#website\",\"url\":\"https:\/\/roidsmania.com\/fr\/\",\"name\":\"RoidsMania.com\",\"description\":\"Online Anabolic Steroids shop\",\"potentialAction\":[{\"@type\":\"SearchAction\",\"target\":\"https:\/\/roidsmania.com\/fr\/?s={search_term_string}\",\"query-input\":\"required name=search_term_string\"}],\"inLanguage\":\"fr-FR\"},{\"@type\":\"ImageObject\",\"@id\":\"https:\/\/roidsmania.com\/fr\/produit\/rexogin-stanozolol-500mg-10-ml-alpha-pharma\/#primaryimage\",\"inLanguage\":\"fr-FR\",\"url\":\"https:\/\/roidsmania.com\/wp-content\/uploads\/2018\/06\/Rexogin_Vials_big.jpg\",\"width\":1560,\"height\":1560},{\"@type\":\"WebPage\",\"@id\":\"https:\/\/roidsmania.com\/fr\/produit\/rexogin-stanozolol-500mg-10-ml-alpha-pharma\/#webpage\",\"url\":\"https:\/\/roidsmania.com\/fr\/produit\/rexogin-stanozolol-500mg-10-ml-alpha-pharma\/\",\"name\":\"Acheter du Rexogin [Stanozolol 500mg] - 10 ml - Alpha Pharma\",\"isPartOf\":{\"@id\":\"https:\/\/roidsmania.com\/fr\/#website\"},\"primaryImageOfPage\":{\"@id\":\"https:\/\/roidsmania.com\/fr\/produit\/rexogin-stanozolol-500mg-10-ml-alpha-pharma\/#primaryimage\"},\"datePublished\":\"2018-06-10T18:40:41+00:00\",\"dateModified\":\"2023-04-05T20:45:39+00:00\",\"description\":\"Roidsmania.com a s\\u00e9lectionn\\u00e9 pour vous le Rexogin [Stanozolol 500mg] - 10 ml - Alpha Pharma. Exp\\u00e9dition Rapide, Paiement Facile.\",\"breadcrumb\":{\"@id\":\"https:\/\/roidsmania.com\/fr\/produit\/rexogin-stanozolol-500mg-10-ml-alpha-pharma\/#breadcrumb\"},\"inLanguage\":\"fr-FR\",\"potentialAction\":[{\"@type\":\"ReadAction\",\"target\":[\"https:\/\/roidsmania.com\/fr\/produit\/rexogin-stanozolol-500mg-10-ml-alpha-pharma\/\"]}]},{\"@type\":\"BreadcrumbList\",\"@id\":\"https:\/\/roidsmania.com\/fr\/produit\/rexogin-stanozolol-500mg-10-ml-alpha-pharma\/#breadcrumb\",\"itemListElement\":[{\"@type\":\"ListItem\",\"position\":1,\"item\":{\"@type\":\"WebPage\",\"@id\":\"https:\/\/roidsmania.com\/fr\/\",\"url\":\"https:\/\/roidsmania.com\/fr\/\",\"name\":\"Home\"}},{\"@type\":\"ListItem\",\"position\":2,\"item\":{\"@type\":\"WebPage\",\"@id\":\"https:\/\/roidsmania.com\/fr\/boutique\/\",\"url\":\"https:\/\/roidsmania.com\/fr\/boutique\/\",\"name\":\"BOUTIQUE\"}},{\"@type\":\"ListItem\",\"position\":3,\"item\":{\"@type\":\"WebPage\",\"@id\":\"https:\/\/roidsmania.com\/fr\/produit\/rexogin-stanozolol-500mg-10-ml-alpha-pharma\/\",\"url\":\"https:\/\/roidsmania.com\/fr\/produit\/rexogin-stanozolol-500mg-10-ml-alpha-pharma\/\",\"name\":\"Rexogin [Stanozolol 500mg] &#8211; 10 ml &#8211; Alpha Pharma\"}}]}]}<\/script>\n<!-- \/ Yoast SEO plugin. -->","_links":{"self":[{"href":"https:\/\/roidsmania.com\/fr\/wp-json\/wp\/v2\/product\/30006\/"}],"collection":[{"href":"https:\/\/roidsmania.com\/fr\/wp-json\/wp\/v2\/product\/"}],"about":[{"href":"https:\/\/roidsmania.com\/fr\/wp-json\/wp\/v2\/types\/product\/"}],"replies":[{"embeddable":true,"href":"https:\/\/roidsmania.com\/fr\/wp-json\/wp\/v2\/comments\/?post=30006"}],"wp:featuredmedia":[{"embeddable":true,"href":"https:\/\/roidsmania.com\/fr\/wp-json\/wp\/v2\/media\/246272\/"}],"wp:attachment":[{"href":"https:\/\/roidsmania.com\/fr\/wp-json\/wp\/v2\/media\/?parent=30006"}],"wp:term":[{"taxonomy":"berocket_brand","embeddable":true,"href":"https:\/\/roidsmania.com\/fr\/wp-json\/wp\/v2\/berocket_brand\/?post=30006"}],"curies":[{"name":"wp","href":"https:\/\/api.w.org\/{rel}","templated":true}]}}