{"id":30001,"date":"2018-06-11T00:36:38","date_gmt":"2018-06-10T17:36:38","guid":{"rendered":"https:\/\/roidsmania.com\/product\/aromex-exemestane-25mg-30-tabs-alpha-pharma\/"},"modified":"2020-10-28T05:00:21","modified_gmt":"2020-10-27T22:00:21","slug":"aromex-exemestane-25mg-30-tabs-alpha-pharma","status":"publish","type":"product","link":"https:\/\/roidsmania.com\/fr\/produit\/aromex-exemestane-25mg-30-tabs-alpha-pharma\/","title":{"rendered":"Aromex [Exemestane &#8211; 25mg] &#8211; 30 Tabs &#8211; Alpha Pharma"},"content":{"rendered":"<div align=\"justify\">\n<p><strong>Les inhibiteurs de l&#8217;aromatase (IA)<\/strong>, \u00e9galement appel\u00e9s anti-aromatase, sont une classe de m\u00e9dicaments qui inhibent l&#8217;activit\u00e9 de l&#8217;aromatase, une enzyme qui aide \u00e0 la conversion d&#8217;hormones st\u00e9ro\u00efdiennes en \u0153strog\u00e8nes, et qui donc bloquent la production d&#8217;\u0153strog\u00e8nes<strong>.danabol<\/strong><\/p>\n<p><strong>L&#8217;Aromasin (exemestane)<\/strong> a \u00e9t\u00e9 d\u00e9velopp\u00e9 \u00e0 la base pour les femmes m\u00e9nopaus\u00e9es qui luttent contre le cancer et qui on en particulier besoin d&#8217;une th\u00e9rapie agressive En moyenne, <strong>l&#8217;Aromasin (exemestane<\/strong>) a un taux de suppression de<strong> 85%<\/strong> des \u0153strog\u00e8nes, ce qui le rend particuli\u00e8rement efficace afin de traiter le cancer car en effet, certains cancers se d\u00e9veloppe plus rapidement en raison de l&#8217;apport d&#8217;\u0153strog\u00e8ne \u00e9lev\u00e9 dans le corps. Stoppez ces \u0153strog\u00e8nes aide \u00e0 ralentir ce cancer.<\/p>\n<p>En ce qui concerne l&#8217;utilisation de ce produit dans le milieu des anabolisants,<strong> l&#8217;Aromasin<\/strong> est une bonne option car les bodybuilders masculins en cure cherche \u00e0 stopper <strong>l&#8217;aromatisation<\/strong> de leurs produits,<\/p>\n<p>La conversion des \u0153strog\u00e8nes dans le corps est d\u2019ailleurs responsable d&#8217;une multitude d&#8217;effets secondaires comme <strong>l&#8217;acn\u00e9, la r\u00e9tention d&#8217;eau et la gyn\u00e9comastie.<\/strong><\/p>\n<p>L&#8217;Aromasin augmente \u00e9galement les niveaux de<strong> testost\u00e9rone,<\/strong> Ce qui en fait un produit id\u00e9al pour une<strong> th\u00e9rapie post-cycle.<\/strong><\/p>\n<\/div>\n","protected":false},"excerpt":{"rendered":"<div align=\"justify\"><strong>Laboratoire :<\/strong> Alpha Pharma<br \/>\n<strong>Forme :<\/strong>\u00a0Orale<br \/>\n<strong>Mol\u00e9cule :<\/strong> Exemestane<br \/>\n<strong>Concentration :<\/strong>\u00a025mg\/tabs<br \/>\n<strong>Volume :<\/strong> 30 Tabs<br \/>\n<strong>Dosage Recommand\u00e9 :<\/strong> 25mg\/jour<\/p>\n<p>Les inhibiteurs de l&#8217;aromatase (IA), \u00e9galement appel\u00e9s anti-aromatase, sont une classe de m\u00e9dicaments qui inhibent l&#8217;activit\u00e9 de l&#8217;aromatase, une enzyme qui aide \u00e0 la conversion d&#8217;hormones st\u00e9ro\u00efdiennes en \u0153strog\u00e8nes, et qui donc bloquent la production d&#8217;\u0153strog\u00e8nes.<\/p>\n<\/div>\n","protected":false},"featured_media":246227,"comment_status":"closed","ping_status":"closed","template":"","meta":[],"berocket_brand":[148],"yoast_head":"<!-- This site is optimized with the Yoast SEO plugin v15.9.1 - https:\/\/yoast.com\/wordpress\/plugins\/seo\/ -->\n<title>Acheter de l&#039;Aromex [Exemestane - 25mg] - 30 Tabs - Alpha Pharma<\/title>\n<meta name=\"description\" content=\"Roidsmania.com a s\u00e9lectionn\u00e9 pour vous l&#039;Aromex [Exemestane - 25mg] - 30 Tabs - Alpha Pharma. Exp\u00e9dition Rapide, Paiement Facile.\" \/>\n<meta name=\"robots\" content=\"index, follow, max-snippet:-1, max-image-preview:large, max-video-preview:-1\" \/>\n<link rel=\"canonical\" href=\"https:\/\/roidsmania.com\/fr\/produit\/aromex-exemestane-25mg-30-tabs-alpha-pharma\/\" \/>\n<meta property=\"og:locale\" content=\"fr_FR\" \/>\n<meta property=\"og:type\" content=\"article\" \/>\n<meta property=\"og:title\" content=\"Acheter de l&#039;Aromex [Exemestane - 25mg] - 30 Tabs - Alpha Pharma\" \/>\n<meta property=\"og:description\" content=\"Roidsmania.com a s\u00e9lectionn\u00e9 pour vous l&#039;Aromex [Exemestane - 25mg] - 30 Tabs - Alpha Pharma. Exp\u00e9dition Rapide, Paiement Facile.\" \/>\n<meta property=\"og:url\" content=\"https:\/\/roidsmania.com\/produit\/aromex-exemestane-25mg-30-tabs-alpha-pharma\/\" \/>\n<meta property=\"og:site_name\" content=\"RoidsMania.com\" \/>\n<meta property=\"article:modified_time\" content=\"2020-10-27T22:00:21+00:00\" \/>\n<meta property=\"og:image\" content=\"https:\/\/roidsmania.com\/wp-content\/uploads\/2018\/06\/aromex_big.jpg\" \/>\n\t<meta property=\"og:image:width\" content=\"1560\" \/>\n\t<meta property=\"og:image:height\" content=\"1560\" \/>\n<meta name=\"twitter:card\" content=\"summary\" \/>\n<meta name=\"twitter:label1\" content=\"Dur\u00e9e de lecture est.\">\n\t<meta name=\"twitter:data1\" content=\"1 minute\">\n<script type=\"application\/ld+json\" class=\"yoast-schema-graph\">{\"@context\":\"https:\/\/schema.org\",\"@graph\":[{\"@type\":\"WebSite\",\"@id\":\"https:\/\/roidsmania.com\/fr\/#website\",\"url\":\"https:\/\/roidsmania.com\/fr\/\",\"name\":\"RoidsMania.com\",\"description\":\"Online Anabolic Steroids shop\",\"potentialAction\":[{\"@type\":\"SearchAction\",\"target\":\"https:\/\/roidsmania.com\/fr\/?s={search_term_string}\",\"query-input\":\"required name=search_term_string\"}],\"inLanguage\":\"fr-FR\"},{\"@type\":\"ImageObject\",\"@id\":\"https:\/\/roidsmania.com\/produit\/aromex-exemestane-25mg-30-tabs-alpha-pharma\/#primaryimage\",\"inLanguage\":\"fr-FR\",\"url\":\"https:\/\/roidsmania.com\/wp-content\/uploads\/2018\/06\/aromex_big.jpg\",\"width\":1560,\"height\":1560},{\"@type\":\"WebPage\",\"@id\":\"https:\/\/roidsmania.com\/produit\/aromex-exemestane-25mg-30-tabs-alpha-pharma\/#webpage\",\"url\":\"https:\/\/roidsmania.com\/produit\/aromex-exemestane-25mg-30-tabs-alpha-pharma\/\",\"name\":\"Acheter de l'Aromex [Exemestane - 25mg] - 30 Tabs - Alpha Pharma\",\"isPartOf\":{\"@id\":\"https:\/\/roidsmania.com\/fr\/#website\"},\"primaryImageOfPage\":{\"@id\":\"https:\/\/roidsmania.com\/produit\/aromex-exemestane-25mg-30-tabs-alpha-pharma\/#primaryimage\"},\"datePublished\":\"2018-06-10T17:36:38+00:00\",\"dateModified\":\"2020-10-27T22:00:21+00:00\",\"description\":\"Roidsmania.com a s\\u00e9lectionn\\u00e9 pour vous l'Aromex [Exemestane - 25mg] - 30 Tabs - Alpha Pharma. Exp\\u00e9dition Rapide, Paiement Facile.\",\"breadcrumb\":{\"@id\":\"https:\/\/roidsmania.com\/produit\/aromex-exemestane-25mg-30-tabs-alpha-pharma\/#breadcrumb\"},\"inLanguage\":\"fr-FR\",\"potentialAction\":[{\"@type\":\"ReadAction\",\"target\":[\"https:\/\/roidsmania.com\/produit\/aromex-exemestane-25mg-30-tabs-alpha-pharma\/\"]}]},{\"@type\":\"BreadcrumbList\",\"@id\":\"https:\/\/roidsmania.com\/produit\/aromex-exemestane-25mg-30-tabs-alpha-pharma\/#breadcrumb\",\"itemListElement\":[{\"@type\":\"ListItem\",\"position\":1,\"item\":{\"@type\":\"WebPage\",\"@id\":\"https:\/\/roidsmania.com\/fr\/\",\"url\":\"https:\/\/roidsmania.com\/fr\/\",\"name\":\"Home\"}},{\"@type\":\"ListItem\",\"position\":2,\"item\":{\"@type\":\"WebPage\",\"@id\":\"https:\/\/roidsmania.com\/fr\/boutique\/\",\"url\":\"https:\/\/roidsmania.com\/fr\/boutique\/\",\"name\":\"BOUTIQUE\"}},{\"@type\":\"ListItem\",\"position\":3,\"item\":{\"@type\":\"WebPage\",\"@id\":\"https:\/\/roidsmania.com\/produit\/aromex-exemestane-25mg-30-tabs-alpha-pharma\/\",\"url\":\"https:\/\/roidsmania.com\/produit\/aromex-exemestane-25mg-30-tabs-alpha-pharma\/\",\"name\":\"Aromex [Exemestane &#8211; 25mg] &#8211; 30 Tabs &#8211; Alpha Pharma\"}}]}]}<\/script>\n<!-- \/ Yoast SEO plugin. -->","_links":{"self":[{"href":"https:\/\/roidsmania.com\/fr\/wp-json\/wp\/v2\/product\/30001\/"}],"collection":[{"href":"https:\/\/roidsmania.com\/fr\/wp-json\/wp\/v2\/product\/"}],"about":[{"href":"https:\/\/roidsmania.com\/fr\/wp-json\/wp\/v2\/types\/product\/"}],"replies":[{"embeddable":true,"href":"https:\/\/roidsmania.com\/fr\/wp-json\/wp\/v2\/comments\/?post=30001"}],"wp:featuredmedia":[{"embeddable":true,"href":"https:\/\/roidsmania.com\/fr\/wp-json\/wp\/v2\/media\/246227\/"}],"wp:attachment":[{"href":"https:\/\/roidsmania.com\/fr\/wp-json\/wp\/v2\/media\/?parent=30001"}],"wp:term":[{"taxonomy":"berocket_brand","embeddable":true,"href":"https:\/\/roidsmania.com\/fr\/wp-json\/wp\/v2\/berocket_brand\/?post=30001"}],"curies":[{"name":"wp","href":"https:\/\/api.w.org\/{rel}","templated":true}]}}