{"id":29990,"date":"2018-06-11T00:07:32","date_gmt":"2018-06-10T17:09:52","guid":{"rendered":"https:\/\/roidsmania.com\/?post_type=product&#038;p=29990"},"modified":"2020-10-28T05:00:36","modified_gmt":"2020-10-27T22:00:36","slug":"altamofen-tamoxifen-citrate-20mg-50-tabs-alpha-pharma","status":"publish","type":"product","link":"https:\/\/roidsmania.com\/fr\/produit\/altamofen-tamoxifen-citrate-20mg-50-tabs-alpha-pharma\/","title":{"rendered":"Altamofen [Tamoxifen Citrate 20mg] 50 Tabs &#8211; Alpha Pharma"},"content":{"rendered":"<div align=\"justify\">\n<p><strong>L&#8217;Altamofen<\/strong> est compos\u00e9 de citrate de tamoxif\u00e8ne. Ce n&#8217;est pas un st\u00e9ro\u00efde anabolisant mais un anti-oestrog\u00e8ne oral.<\/p>\n<p><strong>L&#8217;Altamofen emp\u00eache:<\/strong><\/p>\n<p>&#8211; La<strong> Gyn\u00e9comastie<\/strong> tout en r\u00e9duisant la r\u00e9tention d&#8217;eau et la graisse.<br \/>\n&#8211; Il permet la r\u00e9cup\u00e9ration de la production de testost\u00e9rone dans les testicules.<\/p>\n<p>Les utilisateurs de st\u00e9ro\u00efdes prennent du <strong>Nolvadex<\/strong> afin d&#8217;\u00e9viter les effets des \u0153strog\u00e8nes sur le corps. Cet \u0153strog\u00e8ne est le plus souvent le r\u00e9sultat de st\u00e9ro\u00efdes aromatisants.<\/p>\n<p>L&#8217;Altamofen peut aider \u00e0 pr\u00e9venir l&#8217;\u0153d\u00e8me, la gyn\u00e9comastie et une mauvaise r\u00e9partition des graisses , ce qui pourrait se produire lorsque les niveaux d&#8217;\u0153strog\u00e8ne d&#8217;un homme sont trop \u00e9lev\u00e9s.<br \/>\nLorsque les niveaux <strong>d&#8217;androg\u00e8nes<\/strong> sont trop faibles, l&#8217;oestrog\u00e8ne est pr\u00e9dominant.<br \/>\nCe qui peut se produire lorsque les androg\u00e8nes ont \u00e9t\u00e9 supprim\u00e9s par l&#8217;utilisation prolong\u00e9e de st\u00e9ro\u00efdes.<\/p>\n<p>Ce produit n&#8217;est pas toxique et aucun effet secondaire n&#8217;a \u00e9t\u00e9 observ\u00e9 chez les athl\u00e8tes qui ont utilis\u00e9 le <strong>Nolvadex<\/strong> comme anti-oestrog\u00e8ne. Ce produit est l&#8217;anti-\u0153strog\u00e8ne le plus populaire parmi les utilisateurs de st\u00e9ro\u00efdes<strong>.Acheter Steroides pas cher<\/strong><\/p>\n<p>C&#8217;est un choix judicieux de prendre ce produit au cours d&#8217;une cure de st\u00e9ro\u00efdes donn\u00e9. La quantit\u00e9 de dosage la plus souvent utilis\u00e9e pour une efficacit\u00e9 maximale est entre <strong>10 et 20 mg par jour.<\/strong><\/p>\n<\/div>\n","protected":false},"excerpt":{"rendered":"<div align=\"justify\"><strong>Laboratoire :<\/strong> Alpha Pharma<br \/>\n<strong>Forme :<\/strong> Orale<br \/>\n<strong>Mol\u00e9cule :<\/strong> Citrate de Tamoxif\u00e8ne<br \/>\n<strong>Concentration :<\/strong> 20mg\/comprim\u00e9<br \/>\n<strong>Volume :<\/strong> 50 comprim\u00e9s<br \/>\n<strong>Dosage Recommand\u00e9 :<\/strong> 10-20mg\/jour<\/p>\n<p>L&#8217;Altamofen est un anti-oestrog\u00e8ne puissant et bien connu des bodybuilders. Ce produit \u00e9vite les ph\u00e9nom\u00e8nes de f\u00e9minisation qui se produisent souvent \u00e0 la fin d&#8217;une cure de st\u00e9ro\u00efdes anabolisants.<\/p>\n<\/div>\n","protected":false},"featured_media":246221,"comment_status":"closed","ping_status":"closed","template":"","meta":[],"berocket_brand":[148],"yoast_head":"<!-- This site is optimized with the Yoast SEO plugin v15.9.1 - https:\/\/yoast.com\/wordpress\/plugins\/seo\/ -->\n<title>Acheter de l&#039;Altamofen [Tamoxifen Citrate 20mg] 50 Tabs - Alpha Pharma<\/title>\n<meta name=\"description\" content=\"Roidsmania.com a s\u00e9lectionn\u00e9 pour vous l&#039;Altamofen [Tamoxifen Citrate 20mg] 50 Tabs - Alpha Pharma. Fast expedition. Easy payment.\" \/>\n<meta name=\"robots\" content=\"index, follow, max-snippet:-1, max-image-preview:large, max-video-preview:-1\" \/>\n<link rel=\"canonical\" href=\"https:\/\/roidsmania.com\/fr\/produit\/altamofen-tamoxifen-citrate-20mg-50-tabs-alpha-pharma\/\" \/>\n<meta property=\"og:locale\" content=\"fr_FR\" \/>\n<meta property=\"og:type\" content=\"article\" \/>\n<meta property=\"og:title\" content=\"Acheter de l&#039;Altamofen [Tamoxifen Citrate 20mg] 50 Tabs - Alpha Pharma\" \/>\n<meta property=\"og:description\" content=\"Roidsmania.com a s\u00e9lectionn\u00e9 pour vous l&#039;Altamofen [Tamoxifen Citrate 20mg] 50 Tabs - Alpha Pharma. Fast expedition. Easy payment.\" \/>\n<meta property=\"og:url\" content=\"https:\/\/roidsmania.com\/produit\/altamofen-tamoxifen-citrate-20mg-50-tabs-alpha-pharma\/\" \/>\n<meta property=\"og:site_name\" content=\"RoidsMania.com\" \/>\n<meta property=\"article:modified_time\" content=\"2020-10-27T22:00:36+00:00\" \/>\n<meta property=\"og:image\" content=\"https:\/\/roidsmania.com\/wp-content\/uploads\/2018\/06\/Altamofen-big.jpg\" \/>\n\t<meta property=\"og:image:width\" content=\"1560\" \/>\n\t<meta property=\"og:image:height\" content=\"1560\" \/>\n<meta name=\"twitter:card\" content=\"summary\" \/>\n<meta name=\"twitter:label1\" content=\"Dur\u00e9e de lecture est.\">\n\t<meta name=\"twitter:data1\" content=\"1 minute\">\n<script type=\"application\/ld+json\" class=\"yoast-schema-graph\">{\"@context\":\"https:\/\/schema.org\",\"@graph\":[{\"@type\":\"WebSite\",\"@id\":\"https:\/\/roidsmania.com\/fr\/#website\",\"url\":\"https:\/\/roidsmania.com\/fr\/\",\"name\":\"RoidsMania.com\",\"description\":\"Online Anabolic Steroids shop\",\"potentialAction\":[{\"@type\":\"SearchAction\",\"target\":\"https:\/\/roidsmania.com\/fr\/?s={search_term_string}\",\"query-input\":\"required name=search_term_string\"}],\"inLanguage\":\"fr-FR\"},{\"@type\":\"ImageObject\",\"@id\":\"https:\/\/roidsmania.com\/produit\/altamofen-tamoxifen-citrate-20mg-50-tabs-alpha-pharma\/#primaryimage\",\"inLanguage\":\"fr-FR\",\"url\":\"https:\/\/roidsmania.com\/wp-content\/uploads\/2018\/06\/Altamofen-big.jpg\",\"width\":1560,\"height\":1560},{\"@type\":\"WebPage\",\"@id\":\"https:\/\/roidsmania.com\/produit\/altamofen-tamoxifen-citrate-20mg-50-tabs-alpha-pharma\/#webpage\",\"url\":\"https:\/\/roidsmania.com\/produit\/altamofen-tamoxifen-citrate-20mg-50-tabs-alpha-pharma\/\",\"name\":\"Acheter de l'Altamofen [Tamoxifen Citrate 20mg] 50 Tabs - Alpha Pharma\",\"isPartOf\":{\"@id\":\"https:\/\/roidsmania.com\/fr\/#website\"},\"primaryImageOfPage\":{\"@id\":\"https:\/\/roidsmania.com\/produit\/altamofen-tamoxifen-citrate-20mg-50-tabs-alpha-pharma\/#primaryimage\"},\"datePublished\":\"2018-06-10T17:09:52+00:00\",\"dateModified\":\"2020-10-27T22:00:36+00:00\",\"description\":\"Roidsmania.com a s\\u00e9lectionn\\u00e9 pour vous l'Altamofen [Tamoxifen Citrate 20mg] 50 Tabs - Alpha Pharma. Fast expedition. Easy payment.\",\"breadcrumb\":{\"@id\":\"https:\/\/roidsmania.com\/produit\/altamofen-tamoxifen-citrate-20mg-50-tabs-alpha-pharma\/#breadcrumb\"},\"inLanguage\":\"fr-FR\",\"potentialAction\":[{\"@type\":\"ReadAction\",\"target\":[\"https:\/\/roidsmania.com\/produit\/altamofen-tamoxifen-citrate-20mg-50-tabs-alpha-pharma\/\"]}]},{\"@type\":\"BreadcrumbList\",\"@id\":\"https:\/\/roidsmania.com\/produit\/altamofen-tamoxifen-citrate-20mg-50-tabs-alpha-pharma\/#breadcrumb\",\"itemListElement\":[{\"@type\":\"ListItem\",\"position\":1,\"item\":{\"@type\":\"WebPage\",\"@id\":\"https:\/\/roidsmania.com\/fr\/\",\"url\":\"https:\/\/roidsmania.com\/fr\/\",\"name\":\"Home\"}},{\"@type\":\"ListItem\",\"position\":2,\"item\":{\"@type\":\"WebPage\",\"@id\":\"https:\/\/roidsmania.com\/fr\/boutique\/\",\"url\":\"https:\/\/roidsmania.com\/fr\/boutique\/\",\"name\":\"BOUTIQUE\"}},{\"@type\":\"ListItem\",\"position\":3,\"item\":{\"@type\":\"WebPage\",\"@id\":\"https:\/\/roidsmania.com\/produit\/altamofen-tamoxifen-citrate-20mg-50-tabs-alpha-pharma\/\",\"url\":\"https:\/\/roidsmania.com\/produit\/altamofen-tamoxifen-citrate-20mg-50-tabs-alpha-pharma\/\",\"name\":\"Altamofen [Tamoxifen Citrate 20mg] 50 Tabs &#8211; Alpha Pharma\"}}]}]}<\/script>\n<!-- \/ Yoast SEO plugin. -->","_links":{"self":[{"href":"https:\/\/roidsmania.com\/fr\/wp-json\/wp\/v2\/product\/29990\/"}],"collection":[{"href":"https:\/\/roidsmania.com\/fr\/wp-json\/wp\/v2\/product\/"}],"about":[{"href":"https:\/\/roidsmania.com\/fr\/wp-json\/wp\/v2\/types\/product\/"}],"replies":[{"embeddable":true,"href":"https:\/\/roidsmania.com\/fr\/wp-json\/wp\/v2\/comments\/?post=29990"}],"wp:featuredmedia":[{"embeddable":true,"href":"https:\/\/roidsmania.com\/fr\/wp-json\/wp\/v2\/media\/246221\/"}],"wp:attachment":[{"href":"https:\/\/roidsmania.com\/fr\/wp-json\/wp\/v2\/media\/?parent=29990"}],"wp:term":[{"taxonomy":"berocket_brand","embeddable":true,"href":"https:\/\/roidsmania.com\/fr\/wp-json\/wp\/v2\/berocket_brand\/?post=29990"}],"curies":[{"name":"wp","href":"https:\/\/api.w.org\/{rel}","templated":true}]}}