{"id":238681,"date":"2022-04-06T14:22:21","date_gmt":"2022-04-06T07:22:21","guid":{"rendered":"https:\/\/roidsmania.com\/product\/somatech-hgh-somatropin-100iu10-amps-bodytech\/"},"modified":"2022-04-06T14:27:05","modified_gmt":"2022-04-06T07:27:05","slug":"somatech-hgh-somatropin-100iu10-amps-bodytech","status":"publish","type":"product","link":"https:\/\/roidsmania.com\/fr\/produit\/somatech-hgh-somatropin-100iu10-amps-bodytech\/","title":{"rendered":"Somatech [HGH Somatropin 100iu]10 Amps &#8211; BodyTech"},"content":{"rendered":"<div align=\"justify\">\n<p>L<strong>&#8216;HGH<\/strong> est une hormone qui est normalement produite par le corps. Elle est synth\u00e9tis\u00e9s et s\u00e9cr\u00e9t\u00e9s par des cellules dans l&#8217;hypophyse qui se situe dans l&#8217;os sph\u00e9no\u00efde.. L<strong>&#8216;HGH<\/strong> stimule de nombreux processus m\u00e9taboliques dans les cellules. L<strong>&#8216;HGH<\/strong> affecte le synth\u00e9tisation des prot\u00e9ines, des graisses, des min\u00e9raux et des glucides. Le r\u00f4le majeur de <strong>l&#8217;HGH<\/strong> est de stimuler le foie qui secr\u00e8te<strong> l&#8217;IGF-I.<\/strong> L<strong>&#8216;IGF-I<\/strong> stimule la production de cellules cartilagineuses, entra\u00eenant une croissance osseuse et joue \u00e9galement un r\u00f4le cl\u00e9 dans la synth\u00e8se des prot\u00e9ines musculaires et du d\u00e9veloppement des organes.<\/p>\n<p>De nombreux athl\u00e8tes professionnels, et ce dans tous les sports, utilisent de <strong>l&#8217;HGH.<\/strong> Pas \u00e9tonnant que les sportifs d&#8217;aujourd&#8217;hui soient beaucoup plus grands, plus rapides et plus forts qu&#8217;il y a<strong> 20 ans.<\/strong> Regardez simplement comment ils peuvent r\u00e9cup\u00e9rer des blessures plus rapidement<strong>.Steroide anabolisant<\/strong><\/p>\n<p><strong> Voici quelques avantages de l&#8217;utilisation de l&#8217;HGH aupr\u00e8s des bodybuilders: <\/strong><\/p>\n<p>&#8211; D\u00e9veloppement des tissus musculaires<br \/>\n&#8211; Physique plus d\u00e9fini<br \/>\n&#8211; Os, et tendons plus solide<br \/>\n&#8211; R\u00e9cup\u00e9ration plus rapide<br \/>\n&#8211; Am\u00e9lioration du taux de cholest\u00e9rol<br \/>\n&#8211; Augmentation de l&#8217;endurance et de la performance<br \/>\n&#8211; Niveaux d&#8217;\u00e9nergie plus \u00e9lev\u00e9s<br \/>\n&#8211; Libido accrue<br \/>\n&#8211; Am\u00e9liorations du syst\u00e8me immunitaire<br \/>\n&#8211; Am\u00e9liorations de la peau &#8211; Peau de meilleur qualit\u00e9<br \/>\n&#8211; Augmentation du M\u00e9tabolisme<br \/>\n&#8211; Augmentation de la perte de graisse<br \/>\n&#8211; Sommeil plus profond<\/p>\n<\/div>\n","protected":false},"excerpt":{"rendered":"<div align=\"justify\"><strong>Laboratoire :<\/strong> BodyTech<br \/>\n<strong>Forme :<\/strong> Injection<br \/>\n<strong>Mol\u00e9cule :<\/strong> Hormone de croissance<br \/>\n<strong>Concentration :<\/strong> 10iu\/ampoule<br \/>\n<strong>Volume :<\/strong> 100iu<br \/>\n<strong>Dosage Recommand\u00e9 :<\/strong> 3.33 IU\/jour<\/p>\n<p>L&#8217;hormone de croissance Somatrope par le laboratoire Meditech a \u00e9t\u00e9 sp\u00e9cialement con\u00e7ue pour les utilisateurs sportifs qui souhaitent augmenter leur performance physique. La dose recommand\u00e9e de ce produit correspond \u00e0 un objectif de d\u00e9veloppement de la masse musculaire.<\/p>\n<\/div>\n","protected":false},"featured_media":243217,"comment_status":"closed","ping_status":"closed","template":"","meta":[],"berocket_brand":[],"yoast_head":"<!-- This site is optimized with the Yoast SEO plugin v15.9.1 - https:\/\/yoast.com\/wordpress\/plugins\/seo\/ -->\n<title>Somatech [HGH Somatropin 100iu]10 Amps - BodyTech - RoidsMania.com<\/title>\n<meta name=\"description\" content=\"Roidsmania.com a s\u00e9lectionn\u00e9 pour vous la Somatech [HGH Somatropin 100iu]10 Amps - BodyTech. Exp\u00e9dition Rapide. Paiement Facile.\" \/>\n<meta name=\"robots\" content=\"index, follow, max-snippet:-1, max-image-preview:large, max-video-preview:-1\" \/>\n<link rel=\"canonical\" href=\"https:\/\/roidsmania.com\/fr\/produit\/somatech-hgh-somatropin-100iu10-amps-bodytech\/\" \/>\n<meta property=\"og:locale\" content=\"fr_FR\" \/>\n<meta property=\"og:type\" content=\"article\" \/>\n<meta property=\"og:title\" content=\"Somatech [HGH Somatropin 100iu]10 Amps - BodyTech - RoidsMania.com\" \/>\n<meta property=\"og:description\" content=\"Roidsmania.com a s\u00e9lectionn\u00e9 pour vous la Somatech [HGH Somatropin 100iu]10 Amps - BodyTech. Exp\u00e9dition Rapide. Paiement Facile.\" \/>\n<meta property=\"og:url\" content=\"https:\/\/roidsmania.com\/fr\/produit\/somatech-hgh-somatropin-100iu10-amps-bodytech\/\" \/>\n<meta property=\"og:site_name\" content=\"RoidsMania.com\" \/>\n<meta property=\"article:modified_time\" content=\"2022-04-06T07:27:05+00:00\" \/>\n<meta property=\"og:image\" content=\"https:\/\/roidsmania.com\/wp-content\/uploads\/2022\/04\/hgh176-191-thump-big.png\" \/>\n\t<meta property=\"og:image:width\" content=\"700\" \/>\n\t<meta property=\"og:image:height\" content=\"700\" \/>\n<meta name=\"twitter:card\" content=\"summary\" \/>\n<meta name=\"twitter:label1\" content=\"Dur\u00e9e de lecture est.\">\n\t<meta name=\"twitter:data1\" content=\"1 minute\">\n<script type=\"application\/ld+json\" class=\"yoast-schema-graph\">{\"@context\":\"https:\/\/schema.org\",\"@graph\":[{\"@type\":\"WebSite\",\"@id\":\"https:\/\/roidsmania.com\/fr\/#website\",\"url\":\"https:\/\/roidsmania.com\/fr\/\",\"name\":\"RoidsMania.com\",\"description\":\"Online Anabolic Steroids shop\",\"potentialAction\":[{\"@type\":\"SearchAction\",\"target\":\"https:\/\/roidsmania.com\/fr\/?s={search_term_string}\",\"query-input\":\"required name=search_term_string\"}],\"inLanguage\":\"fr-FR\"},{\"@type\":\"ImageObject\",\"@id\":\"https:\/\/roidsmania.com\/fr\/produit\/somatech-hgh-somatropin-100iu10-amps-bodytech\/#primaryimage\",\"inLanguage\":\"fr-FR\",\"url\":\"https:\/\/roidsmania.com\/wp-content\/uploads\/2022\/04\/somatech-thump-big.png\",\"width\":686,\"height\":413},{\"@type\":\"WebPage\",\"@id\":\"https:\/\/roidsmania.com\/fr\/produit\/somatech-hgh-somatropin-100iu10-amps-bodytech\/#webpage\",\"url\":\"https:\/\/roidsmania.com\/fr\/produit\/somatech-hgh-somatropin-100iu10-amps-bodytech\/\",\"name\":\"Somatech [HGH Somatropin 100iu]10 Amps - BodyTech - RoidsMania.com\",\"isPartOf\":{\"@id\":\"https:\/\/roidsmania.com\/fr\/#website\"},\"primaryImageOfPage\":{\"@id\":\"https:\/\/roidsmania.com\/fr\/produit\/somatech-hgh-somatropin-100iu10-amps-bodytech\/#primaryimage\"},\"datePublished\":\"2022-04-06T07:22:21+00:00\",\"dateModified\":\"2022-04-06T07:27:05+00:00\",\"description\":\"Roidsmania.com a s\\u00e9lectionn\\u00e9 pour vous la Somatech [HGH Somatropin 100iu]10 Amps - BodyTech. Exp\\u00e9dition Rapide. Paiement Facile.\",\"breadcrumb\":{\"@id\":\"https:\/\/roidsmania.com\/fr\/produit\/somatech-hgh-somatropin-100iu10-amps-bodytech\/#breadcrumb\"},\"inLanguage\":\"fr-FR\",\"potentialAction\":[{\"@type\":\"ReadAction\",\"target\":[\"https:\/\/roidsmania.com\/fr\/produit\/somatech-hgh-somatropin-100iu10-amps-bodytech\/\"]}]},{\"@type\":\"BreadcrumbList\",\"@id\":\"https:\/\/roidsmania.com\/fr\/produit\/somatech-hgh-somatropin-100iu10-amps-bodytech\/#breadcrumb\",\"itemListElement\":[{\"@type\":\"ListItem\",\"position\":1,\"item\":{\"@type\":\"WebPage\",\"@id\":\"https:\/\/roidsmania.com\/fr\/\",\"url\":\"https:\/\/roidsmania.com\/fr\/\",\"name\":\"Home\"}},{\"@type\":\"ListItem\",\"position\":2,\"item\":{\"@type\":\"WebPage\",\"@id\":\"https:\/\/roidsmania.com\/fr\/boutique\/\",\"url\":\"https:\/\/roidsmania.com\/fr\/boutique\/\",\"name\":\"BOUTIQUE\"}},{\"@type\":\"ListItem\",\"position\":3,\"item\":{\"@type\":\"WebPage\",\"@id\":\"https:\/\/roidsmania.com\/fr\/produit\/somatech-hgh-somatropin-100iu10-amps-bodytech\/\",\"url\":\"https:\/\/roidsmania.com\/fr\/produit\/somatech-hgh-somatropin-100iu10-amps-bodytech\/\",\"name\":\"Somatech [HGH Somatropin 100iu]10 Amps &#8211; BodyTech\"}}]}]}<\/script>\n<!-- \/ Yoast SEO plugin. -->","_links":{"self":[{"href":"https:\/\/roidsmania.com\/fr\/wp-json\/wp\/v2\/product\/238681\/"}],"collection":[{"href":"https:\/\/roidsmania.com\/fr\/wp-json\/wp\/v2\/product\/"}],"about":[{"href":"https:\/\/roidsmania.com\/fr\/wp-json\/wp\/v2\/types\/product\/"}],"replies":[{"embeddable":true,"href":"https:\/\/roidsmania.com\/fr\/wp-json\/wp\/v2\/comments\/?post=238681"}],"wp:featuredmedia":[{"embeddable":true,"href":"https:\/\/roidsmania.com\/fr\/wp-json\/wp\/v2\/media\/243217\/"}],"wp:attachment":[{"href":"https:\/\/roidsmania.com\/fr\/wp-json\/wp\/v2\/media\/?parent=238681"}],"wp:term":[{"taxonomy":"berocket_brand","embeddable":true,"href":"https:\/\/roidsmania.com\/fr\/wp-json\/wp\/v2\/berocket_brand\/?post=238681"}],"curies":[{"name":"wp","href":"https:\/\/api.w.org\/{rel}","templated":true}]}}