{"id":238465,"date":"2022-03-18T07:42:20","date_gmt":"2022-03-18T00:42:20","guid":{"rendered":"https:\/\/roidsmania.com\/product\/test-depot-testosterone-enanthate-2500mg-10ml-bodytech\/"},"modified":"2022-03-18T07:44:15","modified_gmt":"2022-03-18T00:44:15","slug":"test-depot-testosterone-enanthate-2500mg-10ml-bodytech","status":"publish","type":"product","link":"https:\/\/roidsmania.com\/fr\/produit\/test-depot-testosterone-enanthate-2500mg-10ml-bodytech\/","title":{"rendered":"Test Depot [Testosterone Enanthate 2500mg] &#8211; 10ml &#8211; BodyTech"},"content":{"rendered":"<div align=\"justify\"><strong>Bien qu&#8217;il s&#8217;agisse d&#8217;un\u00a0st\u00e9ro\u00efde<\/strong> androg\u00e8ne anabolisant, il joue un r\u00f4le crucial dans le d\u00e9veloppement du m\u00e9tabolisme d&#8217;une mani\u00e8re g\u00e9n\u00e9rale. De plus, la testost\u00e9rone \u00e9nanthate fonctionne de la m\u00eame fa\u00e7on que <strong>l&#8217;insuline<\/strong> en augmentant les facteurs de croissances de mani\u00e8re exponentiel, qui est une hormone peptidique produite naturellement par votre corps avec de fortes propri\u00e9t\u00e9s anabolisantes.<strong>La demi-vie<\/strong> de la testost\u00e9rone \u00e9nanthate est d&#8217;environ<strong> 10 jours,<\/strong> c&#8217;est l&#8217;une des plus longues demi-vies pour ce type de produit. La testost\u00e9rone \u00e9nanthate est tr\u00e8s appr\u00e9ci\u00e9e par ses utilisateurs en raison de ses <strong>avantages<\/strong> uniques tels que l&#8217;augmentation de la masse musculaire et de la force<strong>.Acheter Hormone<\/strong><\/p>\n<p>En effet, elle augmente le m\u00e9tabolisme du corps.<br \/>\nCe produit offre aussi l&#8217;avantage d&#8217;acc\u00e9l\u00e9rer la r\u00e9cup\u00e9ration apr\u00e8s une s\u00e9ance d&#8217;entra\u00eenement intense.<\/p>\n<p>Les effets secondaires de la<strong> testost\u00e9rone<\/strong> \u00e9nanthate est l&#8217;aromatisation.<br \/>\nEn effet, au cours d&#8217;une cure avec ce produit, la<strong> testost\u00e9rone<\/strong> se transformera en \u0153strog\u00e8ne, ce qu&#8217;on appelle le processus <strong>d&#8217;aromatisation<\/strong>. Ce processus est aussi responsable des effets secondaires tels que la r\u00e9tention d&#8217;eau ainsi que des troubles li\u00e9s au cholest\u00e9rol.<\/p>\n<\/div>\n","protected":false},"excerpt":{"rendered":"<div align=\"justify\"><strong>Laboratoire :<\/strong> BodyTech<br \/>\n<strong>Forme :<\/strong> Injection<br \/>\n<strong>Mol\u00e9cule :<\/strong> Testosterone Enanthate<br \/>\n<strong>Concentration :<\/strong> 250mg\/ml<br \/>\n<strong>Volume :<\/strong> 10 ml<br \/>\n<strong>Dosage Recommand\u00e9 :<\/strong> 250-1000mg\/semaine<\/p>\n<p>La Testosterone enanthate est un st\u00e9ro\u00efde anabolisant injectable d\u00e9velopp\u00e9 par Meditech dans une bouteille standard de 2500 mg visant \u00e0 am\u00e9liorer la performance des athl\u00e8tes et des bodybuilders en raison de son \u00e9l\u00e9ment actif : La Testosterone enanthate. En plus d\u2019augmenter la force et la masse musculaire, ce st\u00e9ro\u00efde anabolisant injectable augmentera consid\u00e9rablement votre libido. De cette fa\u00e7on, l\u2019utilisation de la Testosterone enanthate am\u00e9liore l\u2019endurance et r\u00e9duit la douleur lors d\u2019effort gr\u00e2ce \u00e0 la r\u00e9tention accrue des globules rouges dans le sang et de l\u2019eau dans le corps.<\/p>\n<\/div>\n","protected":false},"featured_media":238464,"comment_status":"closed","ping_status":"closed","template":"","meta":[],"berocket_brand":[263],"yoast_head":"<!-- This site is optimized with the Yoast SEO plugin v15.9.1 - https:\/\/yoast.com\/wordpress\/plugins\/seo\/ -->\n<title>Test Depot [Testosterone Enanthate 2500mg] - 10ml - BodyTech - RoidsMania.com<\/title>\n<meta name=\"description\" content=\"Roidsmania.com a s\u00e9lectionn\u00e9 pour vous le Test Depot [Testosterone Enanthate 2500mg] - 10ml - BodyTech. Exp\u00e9dition Rapide. Paiement Facile.\" \/>\n<meta name=\"robots\" content=\"index, follow, max-snippet:-1, max-image-preview:large, max-video-preview:-1\" \/>\n<link rel=\"canonical\" href=\"https:\/\/roidsmania.com\/fr\/produit\/test-depot-testosterone-enanthate-2500mg-10ml-bodytech\/\" \/>\n<meta property=\"og:locale\" content=\"fr_FR\" \/>\n<meta property=\"og:type\" content=\"article\" \/>\n<meta property=\"og:title\" content=\"Test Depot [Testosterone Enanthate 2500mg] - 10ml - BodyTech - RoidsMania.com\" \/>\n<meta property=\"og:description\" content=\"Roidsmania.com a s\u00e9lectionn\u00e9 pour vous le Test Depot [Testosterone Enanthate 2500mg] - 10ml - BodyTech. Exp\u00e9dition Rapide. Paiement Facile.\" \/>\n<meta property=\"og:url\" content=\"https:\/\/roidsmania.com\/fr\/produit\/test-depot-testosterone-enanthate-2500mg-10ml-bodytech\/\" \/>\n<meta property=\"og:site_name\" content=\"RoidsMania.com\" \/>\n<meta property=\"article:modified_time\" content=\"2022-03-18T00:44:15+00:00\" \/>\n<meta property=\"og:image\" content=\"https:\/\/roidsmania.com\/wp-content\/uploads\/2022\/03\/testdepot-thump-big.png\" \/>\n\t<meta property=\"og:image:width\" content=\"600\" \/>\n\t<meta property=\"og:image:height\" content=\"600\" \/>\n<meta name=\"twitter:card\" content=\"summary\" \/>\n<meta name=\"twitter:label1\" content=\"Dur\u00e9e de lecture est.\">\n\t<meta name=\"twitter:data1\" content=\"1 minute\">\n<script type=\"application\/ld+json\" class=\"yoast-schema-graph\">{\"@context\":\"https:\/\/schema.org\",\"@graph\":[{\"@type\":\"WebSite\",\"@id\":\"https:\/\/roidsmania.com\/fr\/#website\",\"url\":\"https:\/\/roidsmania.com\/fr\/\",\"name\":\"RoidsMania.com\",\"description\":\"Online Anabolic Steroids shop\",\"potentialAction\":[{\"@type\":\"SearchAction\",\"target\":\"https:\/\/roidsmania.com\/fr\/?s={search_term_string}\",\"query-input\":\"required name=search_term_string\"}],\"inLanguage\":\"fr-FR\"},{\"@type\":\"ImageObject\",\"@id\":\"https:\/\/roidsmania.com\/fr\/produit\/test-depot-testosterone-enanthate-2500mg-10ml-bodytech\/#primaryimage\",\"inLanguage\":\"fr-FR\",\"url\":\"https:\/\/roidsmania.com\/wp-content\/uploads\/2022\/03\/testdepot-thump-big.png\",\"width\":600,\"height\":600},{\"@type\":\"WebPage\",\"@id\":\"https:\/\/roidsmania.com\/fr\/produit\/test-depot-testosterone-enanthate-2500mg-10ml-bodytech\/#webpage\",\"url\":\"https:\/\/roidsmania.com\/fr\/produit\/test-depot-testosterone-enanthate-2500mg-10ml-bodytech\/\",\"name\":\"Test Depot [Testosterone Enanthate 2500mg] - 10ml - BodyTech - RoidsMania.com\",\"isPartOf\":{\"@id\":\"https:\/\/roidsmania.com\/fr\/#website\"},\"primaryImageOfPage\":{\"@id\":\"https:\/\/roidsmania.com\/fr\/produit\/test-depot-testosterone-enanthate-2500mg-10ml-bodytech\/#primaryimage\"},\"datePublished\":\"2022-03-18T00:42:20+00:00\",\"dateModified\":\"2022-03-18T00:44:15+00:00\",\"description\":\"Roidsmania.com a s\\u00e9lectionn\\u00e9 pour vous le Test Depot [Testosterone Enanthate 2500mg] - 10ml - BodyTech. Exp\\u00e9dition Rapide. Paiement Facile.\",\"breadcrumb\":{\"@id\":\"https:\/\/roidsmania.com\/fr\/produit\/test-depot-testosterone-enanthate-2500mg-10ml-bodytech\/#breadcrumb\"},\"inLanguage\":\"fr-FR\",\"potentialAction\":[{\"@type\":\"ReadAction\",\"target\":[\"https:\/\/roidsmania.com\/fr\/produit\/test-depot-testosterone-enanthate-2500mg-10ml-bodytech\/\"]}]},{\"@type\":\"BreadcrumbList\",\"@id\":\"https:\/\/roidsmania.com\/fr\/produit\/test-depot-testosterone-enanthate-2500mg-10ml-bodytech\/#breadcrumb\",\"itemListElement\":[{\"@type\":\"ListItem\",\"position\":1,\"item\":{\"@type\":\"WebPage\",\"@id\":\"https:\/\/roidsmania.com\/fr\/\",\"url\":\"https:\/\/roidsmania.com\/fr\/\",\"name\":\"Home\"}},{\"@type\":\"ListItem\",\"position\":2,\"item\":{\"@type\":\"WebPage\",\"@id\":\"https:\/\/roidsmania.com\/fr\/boutique\/\",\"url\":\"https:\/\/roidsmania.com\/fr\/boutique\/\",\"name\":\"BOUTIQUE\"}},{\"@type\":\"ListItem\",\"position\":3,\"item\":{\"@type\":\"WebPage\",\"@id\":\"https:\/\/roidsmania.com\/fr\/produit\/test-depot-testosterone-enanthate-2500mg-10ml-bodytech\/\",\"url\":\"https:\/\/roidsmania.com\/fr\/produit\/test-depot-testosterone-enanthate-2500mg-10ml-bodytech\/\",\"name\":\"Test Depot [Testosterone Enanthate 2500mg] &#8211; 10ml &#8211; BodyTech\"}}]}]}<\/script>\n<!-- \/ Yoast SEO plugin. -->","_links":{"self":[{"href":"https:\/\/roidsmania.com\/fr\/wp-json\/wp\/v2\/product\/238465\/"}],"collection":[{"href":"https:\/\/roidsmania.com\/fr\/wp-json\/wp\/v2\/product\/"}],"about":[{"href":"https:\/\/roidsmania.com\/fr\/wp-json\/wp\/v2\/types\/product\/"}],"replies":[{"embeddable":true,"href":"https:\/\/roidsmania.com\/fr\/wp-json\/wp\/v2\/comments\/?post=238465"}],"wp:featuredmedia":[{"embeddable":true,"href":"https:\/\/roidsmania.com\/fr\/wp-json\/wp\/v2\/media\/238464\/"}],"wp:attachment":[{"href":"https:\/\/roidsmania.com\/fr\/wp-json\/wp\/v2\/media\/?parent=238465"}],"wp:term":[{"taxonomy":"berocket_brand","embeddable":true,"href":"https:\/\/roidsmania.com\/fr\/wp-json\/wp\/v2\/berocket_brand\/?post=238465"}],"curies":[{"name":"wp","href":"https:\/\/api.w.org\/{rel}","templated":true}]}}