{"id":238437,"date":"2022-03-18T03:30:19","date_gmt":"2022-03-17T20:30:19","guid":{"rendered":"https:\/\/roidsmania.com\/product\/winstrol-stanozolol-1000mg-10-ml-bodytech\/"},"modified":"2022-03-18T03:30:19","modified_gmt":"2022-03-17T20:30:19","slug":"winstrol-stanozolol-1000mg-10-ml-bodytech","status":"publish","type":"product","link":"https:\/\/roidsmania.com\/fr\/produit\/winstrol-stanozolol-1000mg-10-ml-bodytech\/","title":{"rendered":"Winstrol [Stanozolol 1000mg] &#8211; 10 ml &#8211; BodyTech"},"content":{"rendered":"<div align=\"justify\">\n<p>Le <strong>Winstrol de BodyTech<\/strong> appartient aux st\u00e9ro\u00efdes anabolisants androg\u00e8nes injectables parmi les plus populaires. Les culturistes l&#8217;appr\u00e9cient pour ses caract\u00e9ristiques tr\u00e8s particuli\u00e8res et sa substance active qui est le<strong> Stanozolol<\/strong>, ce produit est principalement utilis\u00e9 dans les cycles de coupe et la prise de masse.<\/p>\n<p>Le<strong> Winstrol de BodyTech<\/strong> est tr\u00e8s efficace pour la prise de masse qualitative. Les effets de ce st\u00e9ro\u00efdes se veulent dans la dur\u00e9e et ne disparaissent pas apr\u00e8s la fin de la cure. Pour cette raison, ce produit est tr\u00e8s populaire lors des cycles de prise de volume. Dans la pr\u00e9paration du concours, ce produit est utilis\u00e9 pour sa tendance \u00e0 ne pas faire de la r\u00e9tention d&#8217;eau. Gr\u00e2ce \u00e0 ce point bien sp\u00e9cifique, ce produit peut fournir des r\u00e9sultats tout bonnement incroyables quand il s&#8217;agit de dessiner ses muscles<strong>.Acheter HGH<\/strong><\/p>\n<p>En terme de d\u00e9veloppement musculaire, il est recommand\u00e9 de combiner le Stanozolol avec de la trenbolone, un mix de testost\u00e9rone ou de la nandrolone d\u00e9canoate afin d&#8217;obtenir les r\u00e9sultats escompt\u00e9s. En pr\u00e9paration des comp\u00e9titions, les bodybuilders combinent normalement le Stanazolol avec de la <strong>trenbolone ac\u00e9tate<\/strong> , de la methenolone enanthate, de l&#8217;oxandrolone, du fluoxymost\u00e9rone ou de la testost\u00e9rone propionate. La dur\u00e9e maximale d&#8217;utilisation du Stanozolo est de<strong> 8 semaines.<\/strong><\/p>\n<p><strong>L&#8217;utilisation<\/strong> de Stanozolol peut entra\u00eener une augmentation du taux de cholest\u00e9rol, des maux de t\u00eate et des douleurs articulaires ou hypertension. Il peut \u00e9galement \u00eatre<strong> toxique pour le foie,<\/strong> lorsque le temps d&#8217;utilisation recommand\u00e9 est d\u00e9pass\u00e9.<\/p>\n<\/div>\n","protected":false},"excerpt":{"rendered":"<div align=\"justify\"><strong>Laboratoire :<\/strong> BodyTech<br \/>\n<strong>Forme :<\/strong> Injection<br \/>\n<strong>Mol\u00e9cule :<\/strong> Stanozlol<br \/>\n<strong>Concentration :<\/strong> 100mg\/ml<br \/>\n<strong>Volume :<\/strong> 10 ml<br \/>\n<strong>Dosage Recommand\u00e9 :<\/strong> 100-400mg\/semaine<\/p>\n<p>Aussi connu sous le nom de Stanozolol, Winstrol ou dans le jargon de culturisme le Winny. Il peut \u00eatre pris pour une prise de masse s\u00e8che et pour une perte de poids. Tout d\u00e9pendra de la fa\u00e7on dont il sera utilis\u00e9 et des produits qui seront combin\u00e9s avec celui-ci. Seul, il ne n\u00e9cessite pas de PCT car il n&#8217;aromatise pas et n&#8217;a pas d&#8217;effet suppresseur.<\/p>\n<\/div>\n","protected":false},"featured_media":238436,"comment_status":"closed","ping_status":"closed","template":"","meta":[],"berocket_brand":[263],"yoast_head":"<!-- This site is optimized with the Yoast SEO plugin v15.9.1 - https:\/\/yoast.com\/wordpress\/plugins\/seo\/ -->\n<title>Winstrol [Stanozolol 1000mg] - 10 ml - BodyTech - RoidsMania.com<\/title>\n<meta name=\"description\" content=\"Roidsmania.com a s\u00e9lectionn\u00e9 pour vous le Winstrol [Stanozolol 1000mg] - 10 ml - BodyTech. Exp\u00e9dition Rapide. Paiement Facile.\" \/>\n<meta name=\"robots\" content=\"index, follow, max-snippet:-1, max-image-preview:large, max-video-preview:-1\" \/>\n<link rel=\"canonical\" href=\"https:\/\/roidsmania.com\/fr\/produit\/winstrol-stanozolol-1000mg-10-ml-bodytech\/\" \/>\n<meta property=\"og:locale\" content=\"fr_FR\" \/>\n<meta property=\"og:type\" content=\"article\" \/>\n<meta property=\"og:title\" content=\"Winstrol [Stanozolol 1000mg] - 10 ml - BodyTech - RoidsMania.com\" \/>\n<meta property=\"og:description\" content=\"Roidsmania.com a s\u00e9lectionn\u00e9 pour vous le Winstrol [Stanozolol 1000mg] - 10 ml - BodyTech. Exp\u00e9dition Rapide. Paiement Facile.\" \/>\n<meta property=\"og:url\" content=\"https:\/\/roidsmania.com\/produit\/winstrol-stanozolol-1000mg-10-ml-bodytech\/\" \/>\n<meta property=\"og:site_name\" content=\"RoidsMania.com\" \/>\n<meta property=\"og:image\" content=\"https:\/\/roidsmania.com\/wp-content\/uploads\/2022\/03\/winstrol-thump-big.png\" \/>\n\t<meta property=\"og:image:width\" content=\"600\" \/>\n\t<meta property=\"og:image:height\" content=\"600\" \/>\n<meta name=\"twitter:card\" content=\"summary\" \/>\n<meta name=\"twitter:label1\" content=\"Dur\u00e9e de lecture est.\">\n\t<meta name=\"twitter:data1\" content=\"1 minute\">\n<script type=\"application\/ld+json\" class=\"yoast-schema-graph\">{\"@context\":\"https:\/\/schema.org\",\"@graph\":[{\"@type\":\"WebSite\",\"@id\":\"https:\/\/roidsmania.com\/fr\/#website\",\"url\":\"https:\/\/roidsmania.com\/fr\/\",\"name\":\"RoidsMania.com\",\"description\":\"Online Anabolic Steroids shop\",\"potentialAction\":[{\"@type\":\"SearchAction\",\"target\":\"https:\/\/roidsmania.com\/fr\/?s={search_term_string}\",\"query-input\":\"required name=search_term_string\"}],\"inLanguage\":\"fr-FR\"},{\"@type\":\"ImageObject\",\"@id\":\"https:\/\/roidsmania.com\/produit\/winstrol-stanozolol-1000mg-10-ml-bodytech\/#primaryimage\",\"inLanguage\":\"fr-FR\",\"url\":\"https:\/\/roidsmania.com\/wp-content\/uploads\/2022\/03\/winstrol-thump-big.png\",\"width\":600,\"height\":600},{\"@type\":\"WebPage\",\"@id\":\"https:\/\/roidsmania.com\/produit\/winstrol-stanozolol-1000mg-10-ml-bodytech\/#webpage\",\"url\":\"https:\/\/roidsmania.com\/produit\/winstrol-stanozolol-1000mg-10-ml-bodytech\/\",\"name\":\"Winstrol [Stanozolol 1000mg] - 10 ml - BodyTech - RoidsMania.com\",\"isPartOf\":{\"@id\":\"https:\/\/roidsmania.com\/fr\/#website\"},\"primaryImageOfPage\":{\"@id\":\"https:\/\/roidsmania.com\/produit\/winstrol-stanozolol-1000mg-10-ml-bodytech\/#primaryimage\"},\"datePublished\":\"2022-03-17T20:30:19+00:00\",\"dateModified\":\"2022-03-17T20:30:19+00:00\",\"description\":\"Roidsmania.com a s\\u00e9lectionn\\u00e9 pour vous le Winstrol [Stanozolol 1000mg] - 10 ml - BodyTech. Exp\\u00e9dition Rapide. Paiement Facile.\",\"breadcrumb\":{\"@id\":\"https:\/\/roidsmania.com\/produit\/winstrol-stanozolol-1000mg-10-ml-bodytech\/#breadcrumb\"},\"inLanguage\":\"fr-FR\",\"potentialAction\":[{\"@type\":\"ReadAction\",\"target\":[\"https:\/\/roidsmania.com\/produit\/winstrol-stanozolol-1000mg-10-ml-bodytech\/\"]}]},{\"@type\":\"BreadcrumbList\",\"@id\":\"https:\/\/roidsmania.com\/produit\/winstrol-stanozolol-1000mg-10-ml-bodytech\/#breadcrumb\",\"itemListElement\":[{\"@type\":\"ListItem\",\"position\":1,\"item\":{\"@type\":\"WebPage\",\"@id\":\"https:\/\/roidsmania.com\/fr\/\",\"url\":\"https:\/\/roidsmania.com\/fr\/\",\"name\":\"Home\"}},{\"@type\":\"ListItem\",\"position\":2,\"item\":{\"@type\":\"WebPage\",\"@id\":\"https:\/\/roidsmania.com\/fr\/boutique\/\",\"url\":\"https:\/\/roidsmania.com\/fr\/boutique\/\",\"name\":\"BOUTIQUE\"}},{\"@type\":\"ListItem\",\"position\":3,\"item\":{\"@type\":\"WebPage\",\"@id\":\"https:\/\/roidsmania.com\/produit\/winstrol-stanozolol-1000mg-10-ml-bodytech\/\",\"url\":\"https:\/\/roidsmania.com\/produit\/winstrol-stanozolol-1000mg-10-ml-bodytech\/\",\"name\":\"Winstrol [Stanozolol 1000mg] &#8211; 10 ml &#8211; BodyTech\"}}]}]}<\/script>\n<!-- \/ Yoast SEO plugin. -->","_links":{"self":[{"href":"https:\/\/roidsmania.com\/fr\/wp-json\/wp\/v2\/product\/238437\/"}],"collection":[{"href":"https:\/\/roidsmania.com\/fr\/wp-json\/wp\/v2\/product\/"}],"about":[{"href":"https:\/\/roidsmania.com\/fr\/wp-json\/wp\/v2\/types\/product\/"}],"replies":[{"embeddable":true,"href":"https:\/\/roidsmania.com\/fr\/wp-json\/wp\/v2\/comments\/?post=238437"}],"wp:featuredmedia":[{"embeddable":true,"href":"https:\/\/roidsmania.com\/fr\/wp-json\/wp\/v2\/media\/238436\/"}],"wp:attachment":[{"href":"https:\/\/roidsmania.com\/fr\/wp-json\/wp\/v2\/media\/?parent=238437"}],"wp:term":[{"taxonomy":"berocket_brand","embeddable":true,"href":"https:\/\/roidsmania.com\/fr\/wp-json\/wp\/v2\/berocket_brand\/?post=238437"}],"curies":[{"name":"wp","href":"https:\/\/api.w.org\/{rel}","templated":true}]}}