{"id":238433,"date":"2022-03-18T03:23:15","date_gmt":"2022-03-17T20:23:15","guid":{"rendered":"https:\/\/roidsmania.com\/product\/mast-depot-drostanolone-enanthate-2000mg-10ml-bodytech\/"},"modified":"2022-03-18T03:24:50","modified_gmt":"2022-03-17T20:24:50","slug":"mast-depot-drostanolone-enanthate-2000mg-10ml-bodytech","status":"publish","type":"product","link":"https:\/\/roidsmania.com\/fr\/produit\/mast-depot-drostanolone-enanthate-2000mg-10ml-bodytech\/","title":{"rendered":"Mast Depot [Drostanolone Enanthate 2000mg] &#8211; 10ml &#8211; BodyTech"},"content":{"rendered":"<div align=\"justify\">\n<p>Le <strong>Masteron<\/strong> est ce qu&#8217;on appelle un finisseur, il est id\u00e9al pour la fin d&#8217;une cure afin d&#8217;affiner les r\u00e9sultats de votre prise de masse s\u00e8che.<\/p>\n<p>Comme Masteron est un d\u00e9riv\u00e9 de la <strong>dihydrotestost\u00e9rone (DHT),<\/strong> il fournit \u00e0 l&#8217;utilisateur un niveau relativement \u00e9lev\u00e9 d&#8217;hormones m\u00e2les. Il en r\u00e9sulte un effet de virilisation comprenant une musculature solide avec peu de r\u00e9tention d&#8217;eau, mais sans prise de volume significative.<\/p>\n<p>C&#8217;est pourquoi ce produit est utilis\u00e9 pendant les cycles de fonte de graisse et est souvent stack\u00e9 avec d&#8217;autres st\u00e9ro\u00efdes afin d&#8217;am\u00e9liorer cet effet. Le<strong> Masteron<\/strong> est donc tr\u00e8s efficace afin d&#8217;avoir des muscles marqu\u00e9s et saillants<strong>.Acheter HGH<\/strong><\/p>\n<p>D&#8217;autre part, c&#8217;est un st\u00e9ro\u00efde tr\u00e8s populaire lors des comp\u00e9titions car il dispara\u00eet rapidement du corps sans laisser de traces, de sorte qu&#8217;il est possible de suivre une cure au Masteron jusqu&#8217;\u00e0 <strong>10 ou 12 jours<\/strong> avant une comp\u00e9tition sans que cela soit d\u00e9tect\u00e9 lors d&#8217;un contr\u00f4le antidopage.<\/p>\n<p>Dans le cadre d&#8217;un cycle de prise dde masse, Le Masteron se combine tr\u00e8s bien avec le<strong> Dianabol, l&#8217;Anabol, l&#8217;Androlic,<\/strong> ou la Testosterone ou la Nandrolone ou le Parabolan ou la Boldenone.<\/p>\n<p>Prenez ce produit pendant au moins 8 semaines et un maximum de <strong>12<\/strong> <strong>semaines.<\/strong><\/p>\n<\/div>\n","protected":false},"excerpt":{"rendered":"<div align=\"justify\"><strong>Laboratoire :<\/strong> BodyTech<br \/>\n<strong>Forme :<\/strong> Injection<br \/>\n<strong>Mol\u00e9cule :<\/strong> Drostanolone Enanthate<br \/>\n<strong>Concentration :<\/strong>\u00a0200mg\/ml<br \/>\n<strong>Volume :<\/strong> 10 ml<br \/>\n<strong>Dosage Recommand\u00e9 :<\/strong> 200-600mg\/semaine<\/p>\n<p>Le Masteron fournit au sportif une musculature dense. Il ne diminue pas la r\u00e9tention de graisse ou tr\u00e8s peu. Il devrait \u00eatre utilis\u00e9 par ceux qui ont d\u00e9j\u00e0 une masse graisseuse faible et vise une musculature v\u00e9ritablement stri\u00e9e.<\/p>\n<\/div>\n","protected":false},"featured_media":238432,"comment_status":"closed","ping_status":"closed","template":"","meta":[],"berocket_brand":[263],"yoast_head":"<!-- This site is optimized with the Yoast SEO plugin v15.9.1 - https:\/\/yoast.com\/wordpress\/plugins\/seo\/ -->\n<title>Mast Depot [Drostanolone Enanthate 2000mg] - 10ml - BodyTech - RoidsMania.com<\/title>\n<meta name=\"description\" content=\"Roidsmania.com a s\u00e9lectionn\u00e9 pour vous le Mast Depot [Drostanolone Enanthate 2000mg] - 10ml - BodyTech. Exp\u00e9dition Rapide. Paiement Facile.\" \/>\n<meta name=\"robots\" content=\"index, follow, max-snippet:-1, max-image-preview:large, max-video-preview:-1\" \/>\n<link rel=\"canonical\" href=\"https:\/\/roidsmania.com\/fr\/produit\/mast-depot-drostanolone-enanthate-2000mg-10ml-bodytech\/\" \/>\n<meta property=\"og:locale\" content=\"fr_FR\" \/>\n<meta property=\"og:type\" content=\"article\" \/>\n<meta property=\"og:title\" content=\"Mast Depot [Drostanolone Enanthate 2000mg] - 10ml - BodyTech - RoidsMania.com\" \/>\n<meta property=\"og:description\" content=\"Roidsmania.com a s\u00e9lectionn\u00e9 pour vous le Mast Depot [Drostanolone Enanthate 2000mg] - 10ml - BodyTech. Exp\u00e9dition Rapide. Paiement Facile.\" \/>\n<meta property=\"og:url\" content=\"https:\/\/roidsmania.com\/fr\/produit\/mast-depot-drostanolone-enanthate-2000mg-10ml-bodytech\/\" \/>\n<meta property=\"og:site_name\" content=\"RoidsMania.com\" \/>\n<meta property=\"article:modified_time\" content=\"2022-03-17T20:24:50+00:00\" \/>\n<meta property=\"og:image\" content=\"https:\/\/roidsmania.com\/wp-content\/uploads\/2022\/03\/mastdepot-thump-big.png\" \/>\n\t<meta property=\"og:image:width\" content=\"600\" \/>\n\t<meta property=\"og:image:height\" content=\"600\" \/>\n<meta name=\"twitter:card\" content=\"summary\" \/>\n<meta name=\"twitter:label1\" content=\"Dur\u00e9e de lecture est.\">\n\t<meta name=\"twitter:data1\" content=\"1 minute\">\n<script type=\"application\/ld+json\" class=\"yoast-schema-graph\">{\"@context\":\"https:\/\/schema.org\",\"@graph\":[{\"@type\":\"WebSite\",\"@id\":\"https:\/\/roidsmania.com\/fr\/#website\",\"url\":\"https:\/\/roidsmania.com\/fr\/\",\"name\":\"RoidsMania.com\",\"description\":\"Online Anabolic Steroids shop\",\"potentialAction\":[{\"@type\":\"SearchAction\",\"target\":\"https:\/\/roidsmania.com\/fr\/?s={search_term_string}\",\"query-input\":\"required name=search_term_string\"}],\"inLanguage\":\"fr-FR\"},{\"@type\":\"ImageObject\",\"@id\":\"https:\/\/roidsmania.com\/fr\/produit\/mast-depot-drostanolone-enanthate-2000mg-10ml-bodytech\/#primaryimage\",\"inLanguage\":\"fr-FR\",\"url\":\"https:\/\/roidsmania.com\/wp-content\/uploads\/2022\/03\/mastdepot-thump-big.png\",\"width\":600,\"height\":600},{\"@type\":\"WebPage\",\"@id\":\"https:\/\/roidsmania.com\/fr\/produit\/mast-depot-drostanolone-enanthate-2000mg-10ml-bodytech\/#webpage\",\"url\":\"https:\/\/roidsmania.com\/fr\/produit\/mast-depot-drostanolone-enanthate-2000mg-10ml-bodytech\/\",\"name\":\"Mast Depot [Drostanolone Enanthate 2000mg] - 10ml - BodyTech - RoidsMania.com\",\"isPartOf\":{\"@id\":\"https:\/\/roidsmania.com\/fr\/#website\"},\"primaryImageOfPage\":{\"@id\":\"https:\/\/roidsmania.com\/fr\/produit\/mast-depot-drostanolone-enanthate-2000mg-10ml-bodytech\/#primaryimage\"},\"datePublished\":\"2022-03-17T20:23:15+00:00\",\"dateModified\":\"2022-03-17T20:24:50+00:00\",\"description\":\"Roidsmania.com a s\\u00e9lectionn\\u00e9 pour vous le Mast Depot [Drostanolone Enanthate 2000mg] - 10ml - BodyTech. Exp\\u00e9dition Rapide. Paiement Facile.\",\"breadcrumb\":{\"@id\":\"https:\/\/roidsmania.com\/fr\/produit\/mast-depot-drostanolone-enanthate-2000mg-10ml-bodytech\/#breadcrumb\"},\"inLanguage\":\"fr-FR\",\"potentialAction\":[{\"@type\":\"ReadAction\",\"target\":[\"https:\/\/roidsmania.com\/fr\/produit\/mast-depot-drostanolone-enanthate-2000mg-10ml-bodytech\/\"]}]},{\"@type\":\"BreadcrumbList\",\"@id\":\"https:\/\/roidsmania.com\/fr\/produit\/mast-depot-drostanolone-enanthate-2000mg-10ml-bodytech\/#breadcrumb\",\"itemListElement\":[{\"@type\":\"ListItem\",\"position\":1,\"item\":{\"@type\":\"WebPage\",\"@id\":\"https:\/\/roidsmania.com\/fr\/\",\"url\":\"https:\/\/roidsmania.com\/fr\/\",\"name\":\"Home\"}},{\"@type\":\"ListItem\",\"position\":2,\"item\":{\"@type\":\"WebPage\",\"@id\":\"https:\/\/roidsmania.com\/fr\/boutique\/\",\"url\":\"https:\/\/roidsmania.com\/fr\/boutique\/\",\"name\":\"BOUTIQUE\"}},{\"@type\":\"ListItem\",\"position\":3,\"item\":{\"@type\":\"WebPage\",\"@id\":\"https:\/\/roidsmania.com\/fr\/produit\/mast-depot-drostanolone-enanthate-2000mg-10ml-bodytech\/\",\"url\":\"https:\/\/roidsmania.com\/fr\/produit\/mast-depot-drostanolone-enanthate-2000mg-10ml-bodytech\/\",\"name\":\"Mast Depot [Drostanolone Enanthate 2000mg] &#8211; 10ml &#8211; BodyTech\"}}]}]}<\/script>\n<!-- \/ Yoast SEO plugin. -->","_links":{"self":[{"href":"https:\/\/roidsmania.com\/fr\/wp-json\/wp\/v2\/product\/238433\/"}],"collection":[{"href":"https:\/\/roidsmania.com\/fr\/wp-json\/wp\/v2\/product\/"}],"about":[{"href":"https:\/\/roidsmania.com\/fr\/wp-json\/wp\/v2\/types\/product\/"}],"replies":[{"embeddable":true,"href":"https:\/\/roidsmania.com\/fr\/wp-json\/wp\/v2\/comments\/?post=238433"}],"wp:featuredmedia":[{"embeddable":true,"href":"https:\/\/roidsmania.com\/fr\/wp-json\/wp\/v2\/media\/238432\/"}],"wp:attachment":[{"href":"https:\/\/roidsmania.com\/fr\/wp-json\/wp\/v2\/media\/?parent=238433"}],"wp:term":[{"taxonomy":"berocket_brand","embeddable":true,"href":"https:\/\/roidsmania.com\/fr\/wp-json\/wp\/v2\/berocket_brand\/?post=238433"}],"curies":[{"name":"wp","href":"https:\/\/api.w.org\/{rel}","templated":true}]}}