{"id":238429,"date":"2022-03-18T03:09:49","date_gmt":"2022-03-17T20:09:49","guid":{"rendered":"https:\/\/roidsmania.com\/product\/primo-depot-methenolone-enanthate-1000mg-10ml-bodytech\/"},"modified":"2022-03-18T03:09:49","modified_gmt":"2022-03-17T20:09:49","slug":"primo-depot-methenolone-enanthate-1000mg-10ml-bodytech","status":"publish","type":"product","link":"https:\/\/roidsmania.com\/fr\/produit\/primo-depot-methenolone-enanthate-1000mg-10ml-bodytech\/","title":{"rendered":"Primo Depot [Methenolone Enanthate 1000mg] &#8211; 10ml &#8211; BodyTech"},"content":{"rendered":"<div align=\"justify\">\n<p>Le <strong>Primo-100<\/strong> est de la Methenolone Enanthate pharmaceutique fabriqu\u00e9e par le laboratoire <strong>BodyTech<\/strong>.<\/p>\n<p>Ce produit fournit plus ou moins les m\u00eames effets que Winstrol, sauf qu&#8217;il n&#8217;est pas toxique pour le foie car il n&#8217;est pas AA17.<\/p>\n<p>Il a cette avantage que m\u00eame pris seul, il engendre une prise de masse musculaire associ\u00e9e \u00e0 une fonte de la masse graisseuse, comme avec le Winstrol.<strong>Meilleur steroides.<\/strong><\/p>\n<p>Le <strong>Primobolan injectable<\/strong> offre un gain de masse musculaire plus mod\u00e9r\u00e9 mais plus qualitatif, avec des muscles plus denses et plus secs. En outre, comme ce gain n&#8217;est pas d\u00fb \u00e0 la r\u00e9tention d&#8217;eau, c&#8217;est un gain de muscle qui sera durable. C&#8217;est l&#8217;alimentation et l&#8217;entrainement qui feront la diff\u00e9rence.<\/p>\n<p>De plus, \u00e9tant donn\u00e9 qu&#8217;il s&#8217;agit d&#8217;un compos\u00e9 faiblement androg\u00e8ne, ses effets secondaires sont inexistants lorsqu&#8217;il est consomm\u00e9 dans les doses recommand\u00e9es.<\/p>\n<p>Il n&#8217;y a donc g\u00e9n\u00e9ralement pas de retenue d&#8217;eau, de virilisation ou de gyn\u00e9comastie avec ce produit et celui-ci n&#8217;est pas suppressif.<\/p>\n<\/div>\n","protected":false},"excerpt":{"rendered":"<div align=\"justify\"><strong>Laboratoire :<\/strong> BodyTech<br \/><strong>Forme :<\/strong> Injection<br \/><strong>Mol\u00e9cule :<\/strong> Methenolone Enanthate<br \/><strong>Concentration :<\/strong> 100mg\/ml<br \/><strong>Volume :<\/strong> 10 ml<br \/><strong>Dosage Recommand\u00e9 :<\/strong> 100-400mg\/semaine<\/p>\n<p>Ce produit fournit plus ou moins les m\u00eames effets que Winstrol, \u00e0 la diff\u00e9rence qu&#8217;il n&#8217;est pas toxique pour le foie. La mol\u00e9cule de Primobolan Methenolone a l&#8217;avantage m\u00eame si elle est prise seule de provoquer un gain de masse musculaire associ\u00e9 \u00e0 la combustion de la graisse.<\/p>\n<\/div>\n","protected":false},"featured_media":238428,"comment_status":"closed","ping_status":"closed","template":"","meta":[],"berocket_brand":[263],"yoast_head":"<!-- This site is optimized with the Yoast SEO plugin v15.9.1 - https:\/\/yoast.com\/wordpress\/plugins\/seo\/ -->\n<title>Primo Depot [Methenolone Enanthate 1000mg] - 10ml - BodyTech - RoidsMania.com<\/title>\n<meta name=\"description\" content=\"Roidsmania.com a s\u00e9lectionn\u00e9 pour vous le Primo Depot [Methenolone Enanthate 1000mg] - 10ml - BodyTech. Exp\u00e9dition Rapide. Paiement Facile.\" \/>\n<meta name=\"robots\" content=\"index, follow, max-snippet:-1, max-image-preview:large, max-video-preview:-1\" \/>\n<link rel=\"canonical\" href=\"https:\/\/roidsmania.com\/fr\/produit\/primo-depot-methenolone-enanthate-1000mg-10ml-bodytech\/\" \/>\n<meta property=\"og:locale\" content=\"fr_FR\" \/>\n<meta property=\"og:type\" content=\"article\" \/>\n<meta property=\"og:title\" content=\"Primo Depot [Methenolone Enanthate 1000mg] - 10ml - BodyTech - RoidsMania.com\" \/>\n<meta property=\"og:description\" content=\"Roidsmania.com a s\u00e9lectionn\u00e9 pour vous le Primo Depot [Methenolone Enanthate 1000mg] - 10ml - BodyTech. Exp\u00e9dition Rapide. Paiement Facile.\" \/>\n<meta property=\"og:url\" content=\"https:\/\/roidsmania.com\/produit\/primo-depot-methenolone-enanthate-1000mg-10ml-bodytech\/\" \/>\n<meta property=\"og:site_name\" content=\"RoidsMania.com\" \/>\n<meta property=\"og:image\" content=\"https:\/\/roidsmania.com\/wp-content\/uploads\/2022\/03\/primodepot-thump-big.png\" \/>\n\t<meta property=\"og:image:width\" content=\"600\" \/>\n\t<meta property=\"og:image:height\" content=\"600\" \/>\n<meta name=\"twitter:card\" content=\"summary\" \/>\n<meta name=\"twitter:label1\" content=\"Dur\u00e9e de lecture est.\">\n\t<meta name=\"twitter:data1\" content=\"1 minute\">\n<script type=\"application\/ld+json\" class=\"yoast-schema-graph\">{\"@context\":\"https:\/\/schema.org\",\"@graph\":[{\"@type\":\"WebSite\",\"@id\":\"https:\/\/roidsmania.com\/fr\/#website\",\"url\":\"https:\/\/roidsmania.com\/fr\/\",\"name\":\"RoidsMania.com\",\"description\":\"Online Anabolic Steroids shop\",\"potentialAction\":[{\"@type\":\"SearchAction\",\"target\":\"https:\/\/roidsmania.com\/fr\/?s={search_term_string}\",\"query-input\":\"required name=search_term_string\"}],\"inLanguage\":\"fr-FR\"},{\"@type\":\"ImageObject\",\"@id\":\"https:\/\/roidsmania.com\/produit\/primo-depot-methenolone-enanthate-1000mg-10ml-bodytech\/#primaryimage\",\"inLanguage\":\"fr-FR\",\"url\":\"https:\/\/roidsmania.com\/wp-content\/uploads\/2022\/03\/primodepot-thump-big.png\",\"width\":600,\"height\":600},{\"@type\":\"WebPage\",\"@id\":\"https:\/\/roidsmania.com\/produit\/primo-depot-methenolone-enanthate-1000mg-10ml-bodytech\/#webpage\",\"url\":\"https:\/\/roidsmania.com\/produit\/primo-depot-methenolone-enanthate-1000mg-10ml-bodytech\/\",\"name\":\"Primo Depot [Methenolone Enanthate 1000mg] - 10ml - BodyTech - RoidsMania.com\",\"isPartOf\":{\"@id\":\"https:\/\/roidsmania.com\/fr\/#website\"},\"primaryImageOfPage\":{\"@id\":\"https:\/\/roidsmania.com\/produit\/primo-depot-methenolone-enanthate-1000mg-10ml-bodytech\/#primaryimage\"},\"datePublished\":\"2022-03-17T20:09:49+00:00\",\"dateModified\":\"2022-03-17T20:09:49+00:00\",\"description\":\"Roidsmania.com a s\\u00e9lectionn\\u00e9 pour vous le Primo Depot [Methenolone Enanthate 1000mg] - 10ml - BodyTech. Exp\\u00e9dition Rapide. Paiement Facile.\",\"breadcrumb\":{\"@id\":\"https:\/\/roidsmania.com\/produit\/primo-depot-methenolone-enanthate-1000mg-10ml-bodytech\/#breadcrumb\"},\"inLanguage\":\"fr-FR\",\"potentialAction\":[{\"@type\":\"ReadAction\",\"target\":[\"https:\/\/roidsmania.com\/produit\/primo-depot-methenolone-enanthate-1000mg-10ml-bodytech\/\"]}]},{\"@type\":\"BreadcrumbList\",\"@id\":\"https:\/\/roidsmania.com\/produit\/primo-depot-methenolone-enanthate-1000mg-10ml-bodytech\/#breadcrumb\",\"itemListElement\":[{\"@type\":\"ListItem\",\"position\":1,\"item\":{\"@type\":\"WebPage\",\"@id\":\"https:\/\/roidsmania.com\/fr\/\",\"url\":\"https:\/\/roidsmania.com\/fr\/\",\"name\":\"Home\"}},{\"@type\":\"ListItem\",\"position\":2,\"item\":{\"@type\":\"WebPage\",\"@id\":\"https:\/\/roidsmania.com\/fr\/boutique\/\",\"url\":\"https:\/\/roidsmania.com\/fr\/boutique\/\",\"name\":\"BOUTIQUE\"}},{\"@type\":\"ListItem\",\"position\":3,\"item\":{\"@type\":\"WebPage\",\"@id\":\"https:\/\/roidsmania.com\/produit\/primo-depot-methenolone-enanthate-1000mg-10ml-bodytech\/\",\"url\":\"https:\/\/roidsmania.com\/produit\/primo-depot-methenolone-enanthate-1000mg-10ml-bodytech\/\",\"name\":\"Primo Depot [Methenolone Enanthate 1000mg] &#8211; 10ml &#8211; BodyTech\"}}]}]}<\/script>\n<!-- \/ Yoast SEO plugin. -->","_links":{"self":[{"href":"https:\/\/roidsmania.com\/fr\/wp-json\/wp\/v2\/product\/238429\/"}],"collection":[{"href":"https:\/\/roidsmania.com\/fr\/wp-json\/wp\/v2\/product\/"}],"about":[{"href":"https:\/\/roidsmania.com\/fr\/wp-json\/wp\/v2\/types\/product\/"}],"replies":[{"embeddable":true,"href":"https:\/\/roidsmania.com\/fr\/wp-json\/wp\/v2\/comments\/?post=238429"}],"wp:featuredmedia":[{"embeddable":true,"href":"https:\/\/roidsmania.com\/fr\/wp-json\/wp\/v2\/media\/238428\/"}],"wp:attachment":[{"href":"https:\/\/roidsmania.com\/fr\/wp-json\/wp\/v2\/media\/?parent=238429"}],"wp:term":[{"taxonomy":"berocket_brand","embeddable":true,"href":"https:\/\/roidsmania.com\/fr\/wp-json\/wp\/v2\/berocket_brand\/?post=238429"}],"curies":[{"name":"wp","href":"https:\/\/api.w.org\/{rel}","templated":true}]}}