{"id":238421,"date":"2022-03-18T02:10:09","date_gmt":"2022-03-17T19:10:09","guid":{"rendered":"https:\/\/roidsmania.com\/product\/cypionex-testosterone-cypionate-2500mg-10ml-bodytech\/"},"modified":"2022-03-18T02:10:09","modified_gmt":"2022-03-17T19:10:09","slug":"cypionex-testosterone-cypionate-2500mg-10ml-bodytech","status":"publish","type":"product","link":"https:\/\/roidsmania.com\/fr\/produit\/cypionex-testosterone-cypionate-2500mg-10ml-bodytech\/","title":{"rendered":"Cypionex [Testosterone Cypionate 2500mg] \u2013 10ml \u2013 BodyTech"},"content":{"rendered":"<div align=\"justify\">\n<p>La Cypionex de BodyTech est une forme de testost\u00e9rone appel\u00e9e Testosterone Cypionate, une des formes les plus populaires de testost\u00e9rone dans le monde entier. Une hormone anabolisante et androg\u00e8ne particuli\u00e8rement puissante, la Cypionate est l&#8217;une des hormones les plus efficaces que nous puissions utiliser pour presque n&#8217;importe quel objectif. Pour comprendre Cypionate, il faut simplement comprendre le fonctionnement de la testost\u00e9rone au sens large du terme, une fois que cela est acquis, nous pouvons comprendre comment les diff\u00e9rents esters disponibles affectent le d\u00e9veloppement du corps, et dans ce cas la Cypionate.<\/p>\n<p>Les avantages de la Cypionate sont vraiment vari\u00e9s et fournissent un large \u00e9ventail de points positifs bien sp\u00e9cifique \u00e0 l&#8217;utilisation de st\u00e9ro\u00efdes anabolisants. Par son mode d&#8217;action, la testost\u00e9rone Cypionate a la capacit\u00e9 d&#8217;augmenter \u00e0 la fois la force et le volume musculaire, ce qui est en grande partie le principal objectif de la plupart des utilisateurs de st\u00e9ro\u00efdes anabolisants. En outre, parce que l&#8217;augmentation du masse maigre am\u00e9liore notre m\u00e9tabolisme et d&#8217;autre part parce que le Cypionate influence les hormones li\u00e9es au d\u00e9veloppement musculaire de mani\u00e8re positive.<br \/>\nLe dernier point appr\u00e9ciable est que ce produit r\u00e9duit le stockage de la graisse lorsqu&#8217;il est utilis\u00e9 de mani\u00e8re ad\u00e9quate.<\/p>\n<p>Ceci \u00e9tant dit, l&#8217;utilisation de Cypionate seule ne vous conduira pas automatiquement \u00e0 produire des quantit\u00e9s incroyables de muscles, En effet si un d\u00e9veloppement musculaire important est ce que vous recherchez, vous devrez adapter votre nutrition, et c&#8217;est en ayant une diet adapt\u00e9e et une prise de testost\u00e9rone que vous d\u00e9velopperez un physique plus muscl\u00e9.<br \/>\nDans la m\u00eame lign\u00e9e les personnes qui veulent perdre de la masse graisseuse trouvent que la Cypionate est un choix parfait car son mode d&#8217;action aide \u00e0 pr\u00e9server la masse musculaire maigre lorsqu&#8217;elle est aliment\u00e9e correctement en calories. De plus, lors de r\u00e9gimes amaigrissants, plus la masse musculaire gard\u00e9e est importante, plus notre m\u00e9tabolisme sera \u00e9lev\u00e9, plus notre perte de graisse sera \u00e9lev\u00e9e et plus notre corps tendra vers l&#8217;objectif que vous d\u00e9sirez tant.<\/p>\n<\/div>\n","protected":false},"excerpt":{"rendered":"<div align=\"justify\"><strong>Laboratoire :<\/strong> BodyTech<br \/>\n<strong>Forme :<\/strong> Injection<br \/>\n<strong>Mol\u00e9cule :<\/strong> Testosterone Cypionate<br \/>\n<strong>Concentration :<\/strong> 250mg\/ml<br \/>\n<strong>Volume :<\/strong> 10 ml<br \/>\n<strong>Dosage Recommand\u00e9 :<\/strong> 250-800mg\/semaine<\/p>\n<p>La Testosterone Cypionate a pour effet une augmentation de la force et une prise de volume tr\u00e8s rapide, mais avec une importante r\u00e9tention d&#8217;eau et une gyn\u00e9comastie. Par cons\u00e9quent, vos protections et votre PCT seront tr\u00e8s importantes. Les effets et les propri\u00e9t\u00e9s de Testosterone Cypionate sont identiques \u00e0 tous points de vue \u00e0 ceux dela testost\u00e9rone \u00e9nanthate. La diff\u00e9rence est que l&#8217;ester de la Cypionate est l\u00e9g\u00e8rement plus long ainsi, l&#8217;effet est aussi un peu plus long.<\/p>\n<\/div>\n","protected":false},"featured_media":238420,"comment_status":"closed","ping_status":"closed","template":"","meta":[],"berocket_brand":[263],"yoast_head":"<!-- This site is optimized with the Yoast SEO plugin v15.9.1 - https:\/\/yoast.com\/wordpress\/plugins\/seo\/ -->\n<title>Cypionex [Testosterone Cypionate 2500mg] \u2013 10ml \u2013 BodyTech - RoidsMania.com<\/title>\n<meta name=\"description\" content=\"Roidsmania.com a s\u00e9lectionn\u00e9 pour vous la Cypionex [Testosterone Cypionate 2500mg] \u2013 10ml \u2013 BodyTech. Expedition Rapide. Paiement Facile.\" \/>\n<meta name=\"robots\" content=\"index, follow, max-snippet:-1, max-image-preview:large, max-video-preview:-1\" \/>\n<link rel=\"canonical\" href=\"https:\/\/roidsmania.com\/fr\/produit\/cypionex-testosterone-cypionate-2500mg-10ml-bodytech\/\" \/>\n<meta property=\"og:locale\" content=\"fr_FR\" \/>\n<meta property=\"og:type\" content=\"article\" \/>\n<meta property=\"og:title\" content=\"Cypionex [Testosterone Cypionate 2500mg] \u2013 10ml \u2013 BodyTech - RoidsMania.com\" \/>\n<meta property=\"og:description\" content=\"Roidsmania.com a s\u00e9lectionn\u00e9 pour vous la Cypionex [Testosterone Cypionate 2500mg] \u2013 10ml \u2013 BodyTech. Expedition Rapide. Paiement Facile.\" \/>\n<meta property=\"og:url\" content=\"https:\/\/roidsmania.com\/produit\/cypionex-testosterone-cypionate-2500mg-10ml-bodytech\/\" \/>\n<meta property=\"og:site_name\" content=\"RoidsMania.com\" \/>\n<meta property=\"og:image\" content=\"https:\/\/roidsmania.com\/wp-content\/uploads\/2022\/03\/cypionex-thump-big.png\" \/>\n\t<meta property=\"og:image:width\" content=\"600\" \/>\n\t<meta property=\"og:image:height\" content=\"600\" \/>\n<meta name=\"twitter:card\" content=\"summary\" \/>\n<meta name=\"twitter:label1\" content=\"Dur\u00e9e de lecture est.\">\n\t<meta name=\"twitter:data1\" content=\"2 minutes\">\n<script type=\"application\/ld+json\" class=\"yoast-schema-graph\">{\"@context\":\"https:\/\/schema.org\",\"@graph\":[{\"@type\":\"WebSite\",\"@id\":\"https:\/\/roidsmania.com\/fr\/#website\",\"url\":\"https:\/\/roidsmania.com\/fr\/\",\"name\":\"RoidsMania.com\",\"description\":\"Online Anabolic Steroids shop\",\"potentialAction\":[{\"@type\":\"SearchAction\",\"target\":\"https:\/\/roidsmania.com\/fr\/?s={search_term_string}\",\"query-input\":\"required name=search_term_string\"}],\"inLanguage\":\"fr-FR\"},{\"@type\":\"ImageObject\",\"@id\":\"https:\/\/roidsmania.com\/produit\/cypionex-testosterone-cypionate-2500mg-10ml-bodytech\/#primaryimage\",\"inLanguage\":\"fr-FR\",\"url\":\"https:\/\/roidsmania.com\/wp-content\/uploads\/2022\/03\/cypionex-thump-big.png\",\"width\":600,\"height\":600},{\"@type\":\"WebPage\",\"@id\":\"https:\/\/roidsmania.com\/produit\/cypionex-testosterone-cypionate-2500mg-10ml-bodytech\/#webpage\",\"url\":\"https:\/\/roidsmania.com\/produit\/cypionex-testosterone-cypionate-2500mg-10ml-bodytech\/\",\"name\":\"Cypionex [Testosterone Cypionate 2500mg] \\u2013 10ml \\u2013 BodyTech - RoidsMania.com\",\"isPartOf\":{\"@id\":\"https:\/\/roidsmania.com\/fr\/#website\"},\"primaryImageOfPage\":{\"@id\":\"https:\/\/roidsmania.com\/produit\/cypionex-testosterone-cypionate-2500mg-10ml-bodytech\/#primaryimage\"},\"datePublished\":\"2022-03-17T19:10:09+00:00\",\"dateModified\":\"2022-03-17T19:10:09+00:00\",\"description\":\"Roidsmania.com a s\\u00e9lectionn\\u00e9 pour vous la Cypionex [Testosterone Cypionate 2500mg] \\u2013 10ml \\u2013 BodyTech. Expedition Rapide. Paiement Facile.\",\"breadcrumb\":{\"@id\":\"https:\/\/roidsmania.com\/produit\/cypionex-testosterone-cypionate-2500mg-10ml-bodytech\/#breadcrumb\"},\"inLanguage\":\"fr-FR\",\"potentialAction\":[{\"@type\":\"ReadAction\",\"target\":[\"https:\/\/roidsmania.com\/produit\/cypionex-testosterone-cypionate-2500mg-10ml-bodytech\/\"]}]},{\"@type\":\"BreadcrumbList\",\"@id\":\"https:\/\/roidsmania.com\/produit\/cypionex-testosterone-cypionate-2500mg-10ml-bodytech\/#breadcrumb\",\"itemListElement\":[{\"@type\":\"ListItem\",\"position\":1,\"item\":{\"@type\":\"WebPage\",\"@id\":\"https:\/\/roidsmania.com\/fr\/\",\"url\":\"https:\/\/roidsmania.com\/fr\/\",\"name\":\"Home\"}},{\"@type\":\"ListItem\",\"position\":2,\"item\":{\"@type\":\"WebPage\",\"@id\":\"https:\/\/roidsmania.com\/fr\/boutique\/\",\"url\":\"https:\/\/roidsmania.com\/fr\/boutique\/\",\"name\":\"BOUTIQUE\"}},{\"@type\":\"ListItem\",\"position\":3,\"item\":{\"@type\":\"WebPage\",\"@id\":\"https:\/\/roidsmania.com\/produit\/cypionex-testosterone-cypionate-2500mg-10ml-bodytech\/\",\"url\":\"https:\/\/roidsmania.com\/produit\/cypionex-testosterone-cypionate-2500mg-10ml-bodytech\/\",\"name\":\"Cypionex [Testosterone Cypionate 2500mg] \\u2013 10ml \\u2013 BodyTech\"}}]}]}<\/script>\n<!-- \/ Yoast SEO plugin. -->","_links":{"self":[{"href":"https:\/\/roidsmania.com\/fr\/wp-json\/wp\/v2\/product\/238421\/"}],"collection":[{"href":"https:\/\/roidsmania.com\/fr\/wp-json\/wp\/v2\/product\/"}],"about":[{"href":"https:\/\/roidsmania.com\/fr\/wp-json\/wp\/v2\/types\/product\/"}],"replies":[{"embeddable":true,"href":"https:\/\/roidsmania.com\/fr\/wp-json\/wp\/v2\/comments\/?post=238421"}],"wp:featuredmedia":[{"embeddable":true,"href":"https:\/\/roidsmania.com\/fr\/wp-json\/wp\/v2\/media\/238420\/"}],"wp:attachment":[{"href":"https:\/\/roidsmania.com\/fr\/wp-json\/wp\/v2\/media\/?parent=238421"}],"wp:term":[{"taxonomy":"berocket_brand","embeddable":true,"href":"https:\/\/roidsmania.com\/fr\/wp-json\/wp\/v2\/berocket_brand\/?post=238421"}],"curies":[{"name":"wp","href":"https:\/\/api.w.org\/{rel}","templated":true}]}}