{"id":238417,"date":"2022-03-18T01:58:14","date_gmt":"2022-03-17T18:58:14","guid":{"rendered":"https:\/\/roidsmania.com\/product\/sustanon-400-testosterone-mix-4000mg-10ml-bodytech\/"},"modified":"2022-03-18T01:58:14","modified_gmt":"2022-03-17T18:58:14","slug":"sustanon-400-testosterone-mix-4000mg-10ml-bodytech","status":"publish","type":"product","link":"https:\/\/roidsmania.com\/fr\/produit\/sustanon-400-testosterone-mix-4000mg-10ml-bodytech\/","title":{"rendered":"Sustanon 400 [Testosterone Mix 4000mg] &#8211; 10ml &#8211; BodyTech"},"content":{"rendered":"<div align=\"justify\">Le Sustanon 400  est le nom commercial de la Testosterone Complex, C&#8217;est un m\u00e9lange injectable huileux compos\u00e9 de 4 esters :<\/p>\n<p>Le flacon de 10 ml contient:<\/p>\n<p>&#8211; 100 mg de Testosterone Phenylpropionate<br \/>\n&#8211; 50 mg de Testosterone Propionate<br \/>\n&#8211; 150 mg de Testosterone Decanoate<br \/>\n&#8211; 100 mg de Testosterone Isocaproate<\/p>\n<p>Les diff\u00e9rents esters de testost\u00e9rone ont des demi-vies distingues. Ces 4 esters de testost\u00e9rone permettent une lib\u00e9ration prolong\u00e9e du produit dans le sang. Le Sustanon est un produit st\u00e9ro\u00efdique anabolisant et est principalement utilis\u00e9 dans le but de construire une masse musculaire solide.<\/p>\n<p>Les r\u00e9sultats de l&#8217;utilisation de Sustanon sont excellents et tr\u00e8s androg\u00e8ne. Par cons\u00e9quent, il est principalement utilis\u00e9 pour une cure de prise de masse et contribue \u00e0 une forte augmentation de la force et de la masse musculaire.<\/p><\/div>\n","protected":false},"excerpt":{"rendered":"<div align=\"justify\"><strong>Laboratoire :<\/strong> BodyTech<br \/>\n<strong>Forme :<\/strong> Injection<br \/>\n<strong>Mol\u00e9cule :<\/strong> Testosterone Complex<br \/>\n<strong>Concentration :<\/strong> 400mg\/ml<br \/>\n<strong>Volume :<\/strong> 10 ml<br \/>\n<strong>Dosage Recommand\u00e9 :<\/strong> 400-1200mg\/semaine<\/p>\n<p>Le Sustanon (Testosterone Complex) est un des st\u00e9ro\u00efdes les plus populaire de la gamme de st\u00e9ro\u00efdes injectables. Le Sustanon est un m\u00e9lange de quatre Esters de testost\u00e9rone diff\u00e9rents. Il comprend la propionate, la ph\u00e9nylpropionate, l&#8217;isocaproate et la d\u00e9canoate. Bien qu&#8217;ils soient dans des proportions diff\u00e9rentes, ils peuvent fournir de multiples avantages \u00e0 l&#8217;utilisateur.<\/p><\/div>\n","protected":false},"featured_media":238416,"comment_status":"closed","ping_status":"closed","template":"","meta":[],"berocket_brand":[263],"yoast_head":"<!-- This site is optimized with the Yoast SEO plugin v15.9.1 - https:\/\/yoast.com\/wordpress\/plugins\/seo\/ -->\n<title>Sustanon 400 [Testosterone Mix 4000mg] - 10ml - BodyTech - RoidsMania.com<\/title>\n<meta name=\"description\" content=\"Roidsmania.com a s\u00e9lectionn\u00e9 pour vous le Sustanon 400 [Testosterone Mix 4000mg] - 10ml - BodyTech. Exp\u00e9dition Rapide. Paiement Facile.\" \/>\n<meta name=\"robots\" content=\"index, follow, max-snippet:-1, max-image-preview:large, max-video-preview:-1\" \/>\n<link rel=\"canonical\" href=\"https:\/\/roidsmania.com\/fr\/produit\/sustanon-400-testosterone-mix-4000mg-10ml-bodytech\/\" \/>\n<meta property=\"og:locale\" content=\"fr_FR\" \/>\n<meta property=\"og:type\" content=\"article\" \/>\n<meta property=\"og:title\" content=\"Sustanon 400 [Testosterone Mix 4000mg] - 10ml - BodyTech - RoidsMania.com\" \/>\n<meta property=\"og:description\" content=\"Roidsmania.com a s\u00e9lectionn\u00e9 pour vous le Sustanon 400 [Testosterone Mix 4000mg] - 10ml - BodyTech. Exp\u00e9dition Rapide. Paiement Facile.\" \/>\n<meta property=\"og:url\" content=\"https:\/\/roidsmania.com\/fr\/produit\/sustanon-400-testosterone-mix-4000mg-10ml-bodytech\/\" \/>\n<meta property=\"og:site_name\" content=\"RoidsMania.com\" \/>\n<meta property=\"og:image\" content=\"https:\/\/roidsmania.com\/wp-content\/uploads\/2022\/03\/sustanon400-thump-big.png\" \/>\n\t<meta property=\"og:image:width\" content=\"600\" \/>\n\t<meta property=\"og:image:height\" content=\"600\" \/>\n<meta name=\"twitter:card\" content=\"summary\" \/>\n<meta name=\"twitter:label1\" content=\"Dur\u00e9e de lecture est.\">\n\t<meta name=\"twitter:data1\" content=\"1 minute\">\n<script type=\"application\/ld+json\" class=\"yoast-schema-graph\">{\"@context\":\"https:\/\/schema.org\",\"@graph\":[{\"@type\":\"WebSite\",\"@id\":\"https:\/\/roidsmania.com\/fr\/#website\",\"url\":\"https:\/\/roidsmania.com\/fr\/\",\"name\":\"RoidsMania.com\",\"description\":\"Online Anabolic Steroids shop\",\"potentialAction\":[{\"@type\":\"SearchAction\",\"target\":\"https:\/\/roidsmania.com\/fr\/?s={search_term_string}\",\"query-input\":\"required name=search_term_string\"}],\"inLanguage\":\"fr-FR\"},{\"@type\":\"ImageObject\",\"@id\":\"https:\/\/roidsmania.com\/fr\/produit\/sustanon-400-testosterone-mix-4000mg-10ml-bodytech\/#primaryimage\",\"inLanguage\":\"fr-FR\",\"url\":\"https:\/\/roidsmania.com\/wp-content\/uploads\/2022\/03\/sustanon400-thump-big.png\",\"width\":600,\"height\":600},{\"@type\":\"WebPage\",\"@id\":\"https:\/\/roidsmania.com\/fr\/produit\/sustanon-400-testosterone-mix-4000mg-10ml-bodytech\/#webpage\",\"url\":\"https:\/\/roidsmania.com\/fr\/produit\/sustanon-400-testosterone-mix-4000mg-10ml-bodytech\/\",\"name\":\"Sustanon 400 [Testosterone Mix 4000mg] - 10ml - BodyTech - RoidsMania.com\",\"isPartOf\":{\"@id\":\"https:\/\/roidsmania.com\/fr\/#website\"},\"primaryImageOfPage\":{\"@id\":\"https:\/\/roidsmania.com\/fr\/produit\/sustanon-400-testosterone-mix-4000mg-10ml-bodytech\/#primaryimage\"},\"datePublished\":\"2022-03-17T18:58:14+00:00\",\"dateModified\":\"2022-03-17T18:58:14+00:00\",\"description\":\"Roidsmania.com a s\\u00e9lectionn\\u00e9 pour vous le Sustanon 400 [Testosterone Mix 4000mg] - 10ml - BodyTech. Exp\\u00e9dition Rapide. Paiement Facile.\",\"breadcrumb\":{\"@id\":\"https:\/\/roidsmania.com\/fr\/produit\/sustanon-400-testosterone-mix-4000mg-10ml-bodytech\/#breadcrumb\"},\"inLanguage\":\"fr-FR\",\"potentialAction\":[{\"@type\":\"ReadAction\",\"target\":[\"https:\/\/roidsmania.com\/fr\/produit\/sustanon-400-testosterone-mix-4000mg-10ml-bodytech\/\"]}]},{\"@type\":\"BreadcrumbList\",\"@id\":\"https:\/\/roidsmania.com\/fr\/produit\/sustanon-400-testosterone-mix-4000mg-10ml-bodytech\/#breadcrumb\",\"itemListElement\":[{\"@type\":\"ListItem\",\"position\":1,\"item\":{\"@type\":\"WebPage\",\"@id\":\"https:\/\/roidsmania.com\/fr\/\",\"url\":\"https:\/\/roidsmania.com\/fr\/\",\"name\":\"Home\"}},{\"@type\":\"ListItem\",\"position\":2,\"item\":{\"@type\":\"WebPage\",\"@id\":\"https:\/\/roidsmania.com\/fr\/boutique\/\",\"url\":\"https:\/\/roidsmania.com\/fr\/boutique\/\",\"name\":\"BOUTIQUE\"}},{\"@type\":\"ListItem\",\"position\":3,\"item\":{\"@type\":\"WebPage\",\"@id\":\"https:\/\/roidsmania.com\/fr\/produit\/sustanon-400-testosterone-mix-4000mg-10ml-bodytech\/\",\"url\":\"https:\/\/roidsmania.com\/fr\/produit\/sustanon-400-testosterone-mix-4000mg-10ml-bodytech\/\",\"name\":\"Sustanon 400 [Testosterone Mix 4000mg] &#8211; 10ml &#8211; BodyTech\"}}]}]}<\/script>\n<!-- \/ Yoast SEO plugin. -->","_links":{"self":[{"href":"https:\/\/roidsmania.com\/fr\/wp-json\/wp\/v2\/product\/238417\/"}],"collection":[{"href":"https:\/\/roidsmania.com\/fr\/wp-json\/wp\/v2\/product\/"}],"about":[{"href":"https:\/\/roidsmania.com\/fr\/wp-json\/wp\/v2\/types\/product\/"}],"replies":[{"embeddable":true,"href":"https:\/\/roidsmania.com\/fr\/wp-json\/wp\/v2\/comments\/?post=238417"}],"wp:featuredmedia":[{"embeddable":true,"href":"https:\/\/roidsmania.com\/fr\/wp-json\/wp\/v2\/media\/238416\/"}],"wp:attachment":[{"href":"https:\/\/roidsmania.com\/fr\/wp-json\/wp\/v2\/media\/?parent=238417"}],"wp:term":[{"taxonomy":"berocket_brand","embeddable":true,"href":"https:\/\/roidsmania.com\/fr\/wp-json\/wp\/v2\/berocket_brand\/?post=238417"}],"curies":[{"name":"wp","href":"https:\/\/api.w.org\/{rel}","templated":true}]}}