{"id":238396,"date":"2022-03-18T00:22:13","date_gmt":"2022-03-17T17:22:13","guid":{"rendered":"https:\/\/roidsmania.com\/product\/parabolan-trenbolone-hexahydrobenzylcarbonate-1500mg-10ml-bodytech\/"},"modified":"2022-03-18T00:22:13","modified_gmt":"2022-03-17T17:22:13","slug":"parabolan-trenbolone-hexahydrobenzylcarbonate-1500mg-10ml-bodytech","status":"publish","type":"product","link":"https:\/\/roidsmania.com\/fr\/produit\/parabolan-trenbolone-hexahydrobenzylcarbonate-1500mg-10ml-bodytech\/","title":{"rendered":"Parabolan [Trenbolone Hexahydrobenzylcarbonate 1500mg] &#8211; 10ml &#8211; BodyTech"},"content":{"rendered":"<div align=\"justify\">\n<p>Le <strong>Parabolan<\/strong> est un st\u00e9ro\u00efde injectable, ce produit contient de la Trenbolone Hexahydrobenzylcarbonate et est fabriqu\u00e9 par le laboratoire BodyTech.<\/p>\n<p>Le <strong>Parabolan<\/strong> est un androg\u00e8ne tr\u00e8s puissant avec une forte activit\u00e9 anabolique.<br \/>\nIl est adapt\u00e9 pour un d\u00e9veloppement rapide de force ainsi qu&#8217;une prise de masse musculaire, fournissant g\u00e9n\u00e9ralement aux personnes des r\u00e9sultats exceptionnels dans une p\u00e9riode de temps relativement courte. L&#8217;effet anabolisant de ce st\u00e9ro\u00efde est souvent compar\u00e9 a des st\u00e9ro\u00efdes populaires tels que la testost\u00e9rone ou le <strong>Dianabol,<\/strong> avec une diff\u00e9rence tr\u00e8s importante.<\/p>\n<p>En effet, Le<strong> Parabolan<\/strong> ne se convertit pas en \u0153strog\u00e8ne. C&#8217;est en effet un produit tr\u00e8s appr\u00e9ciable et unique puisque g\u00e9n\u00e9ralement les produits de prise de masse aromatisent (ou causent d&#8217;autres probl\u00e8mes li\u00e9s aux \u0153strog\u00e8nes)<strong>.Acheter Hormone de croissance<\/strong><br \/>\nQuand on pense \u00e0 prendre des st\u00e9ro\u00efdes plus soft (en ce qui concerne les \u0153strog\u00e8nes), on s&#8217;attend g\u00e9n\u00e9ralement \u00e0 une croissance musculaire beaucoup plus faible, mais pas avec la<strong> Trenbolone.<\/strong><\/p>\n<p>Ici, nous n&#8217;avons pas \u00e0 nous soucier des effets secondaires li\u00e9s aux <strong>\u0153strog\u00e8nes<\/strong>. Il n&#8217;y a pas de r\u00e9tention d&#8217;eau notable, de sorte que la masse acquise pendant un cycle de Trenbolone sera tr\u00e8s solide avec des muscles stri\u00e9s (si les niveaux de graisse sont assez faibles). La <strong>gyn\u00e9comastie<\/strong> n&#8217;est pas particuli\u00e8rement pr\u00e9sente, il n&#8217;est donc pas n\u00e9cessaire d&#8217;ajouter un anti-oestrog\u00e8ne si la trenbolone est le seul st\u00e9ro\u00efde administr\u00e9.<\/p>\n<p>Le niveau \u00e9lev\u00e9 <strong>d&#8217;androg\u00e8ne<\/strong> r\u00e9sultant de ce st\u00e9ro\u00efde li\u00e9 a l&#8217;absence d&#8217;\u0153strog\u00e8ne acc\u00e9l\u00e8re la combustion de la graisse. Le r\u00e9sultat devrait \u00eatre un physique beaucoup plus trac\u00e9 sans avoir besoin d&#8217;un r\u00e9gime alimentaire extr\u00eame.<\/p>\n<\/div>\n","protected":false},"excerpt":{"rendered":"<div align=\"justify\"><strong>Laboratoire :<\/strong> BodyTech<br \/>\n<strong>Forme :<\/strong> Injection<br \/>\n<strong>Mol\u00e9cule :<\/strong> Trenbolone Hexahydrobenzylcarbonate<br \/>\n<strong>Concentration :<\/strong> 150mg\/ml<br \/>\n<strong>Volume :<\/strong> 10 ml<br \/>\n<strong>Dosage Recommand\u00e9 :<\/strong> 150-600mg\/semaine<\/p>\n<p>La trenbolone est un st\u00e9ro\u00efde anabolisant injectable utilis\u00e9 par les bodybuilders et les athl\u00e8tes. Ce st\u00e9ro\u00efde est tr\u00e8s puissant est utilis\u00e9 pour cr\u00e9er une masse musculaire exceptionnelle dans un court laps de temps.<\/p>\n<\/div>\n","protected":false},"featured_media":238395,"comment_status":"closed","ping_status":"closed","template":"","meta":[],"berocket_brand":[263],"yoast_head":"<!-- This site is optimized with the Yoast SEO plugin v15.9.1 - https:\/\/yoast.com\/wordpress\/plugins\/seo\/ -->\n<title>Parabolan [Trenbolone Hexahydrobenzylcarbonate 1500mg] - 10ml - BodyTech - RoidsMania.com<\/title>\n<meta name=\"description\" content=\"Roidsmania.com a s\u00e9lectionn\u00e9 pour vous le Parabolan [Trenbolone Hexahydrobenzylcarbonate 1500mg] - 10ml - BodyTech. Exp\u00e9dition Rapide. Paiement Facile.\" \/>\n<meta name=\"robots\" content=\"index, follow, max-snippet:-1, max-image-preview:large, max-video-preview:-1\" \/>\n<link rel=\"canonical\" href=\"https:\/\/roidsmania.com\/fr\/produit\/parabolan-trenbolone-hexahydrobenzylcarbonate-1500mg-10ml-bodytech\/\" \/>\n<meta property=\"og:locale\" content=\"fr_FR\" \/>\n<meta property=\"og:type\" content=\"article\" \/>\n<meta property=\"og:title\" content=\"Parabolan [Trenbolone Hexahydrobenzylcarbonate 1500mg] - 10ml - BodyTech - RoidsMania.com\" \/>\n<meta property=\"og:description\" content=\"Roidsmania.com a s\u00e9lectionn\u00e9 pour vous le Parabolan [Trenbolone Hexahydrobenzylcarbonate 1500mg] - 10ml - BodyTech. Exp\u00e9dition Rapide. Paiement Facile.\" \/>\n<meta property=\"og:url\" content=\"https:\/\/roidsmania.com\/fr\/produit\/parabolan-trenbolone-hexahydrobenzylcarbonate-1500mg-10ml-bodytech\/\" \/>\n<meta property=\"og:site_name\" content=\"RoidsMania.com\" \/>\n<meta property=\"og:image\" content=\"https:\/\/roidsmania.com\/wp-content\/uploads\/2022\/03\/parabolan-thump-big.png\" \/>\n\t<meta property=\"og:image:width\" content=\"600\" \/>\n\t<meta property=\"og:image:height\" content=\"600\" \/>\n<meta name=\"twitter:card\" content=\"summary\" \/>\n<meta name=\"twitter:label1\" content=\"Dur\u00e9e de lecture est.\">\n\t<meta name=\"twitter:data1\" content=\"2 minutes\">\n<script type=\"application\/ld+json\" class=\"yoast-schema-graph\">{\"@context\":\"https:\/\/schema.org\",\"@graph\":[{\"@type\":\"WebSite\",\"@id\":\"https:\/\/roidsmania.com\/fr\/#website\",\"url\":\"https:\/\/roidsmania.com\/fr\/\",\"name\":\"RoidsMania.com\",\"description\":\"Online Anabolic Steroids shop\",\"potentialAction\":[{\"@type\":\"SearchAction\",\"target\":\"https:\/\/roidsmania.com\/fr\/?s={search_term_string}\",\"query-input\":\"required name=search_term_string\"}],\"inLanguage\":\"fr-FR\"},{\"@type\":\"ImageObject\",\"@id\":\"https:\/\/roidsmania.com\/fr\/produit\/parabolan-trenbolone-hexahydrobenzylcarbonate-1500mg-10ml-bodytech\/#primaryimage\",\"inLanguage\":\"fr-FR\",\"url\":\"https:\/\/roidsmania.com\/wp-content\/uploads\/2022\/03\/parabolan-thump-big.png\",\"width\":600,\"height\":600},{\"@type\":\"WebPage\",\"@id\":\"https:\/\/roidsmania.com\/fr\/produit\/parabolan-trenbolone-hexahydrobenzylcarbonate-1500mg-10ml-bodytech\/#webpage\",\"url\":\"https:\/\/roidsmania.com\/fr\/produit\/parabolan-trenbolone-hexahydrobenzylcarbonate-1500mg-10ml-bodytech\/\",\"name\":\"Parabolan [Trenbolone Hexahydrobenzylcarbonate 1500mg] - 10ml - BodyTech - RoidsMania.com\",\"isPartOf\":{\"@id\":\"https:\/\/roidsmania.com\/fr\/#website\"},\"primaryImageOfPage\":{\"@id\":\"https:\/\/roidsmania.com\/fr\/produit\/parabolan-trenbolone-hexahydrobenzylcarbonate-1500mg-10ml-bodytech\/#primaryimage\"},\"datePublished\":\"2022-03-17T17:22:13+00:00\",\"dateModified\":\"2022-03-17T17:22:13+00:00\",\"description\":\"Roidsmania.com a s\\u00e9lectionn\\u00e9 pour vous le Parabolan [Trenbolone Hexahydrobenzylcarbonate 1500mg] - 10ml - BodyTech. Exp\\u00e9dition Rapide. Paiement Facile.\",\"breadcrumb\":{\"@id\":\"https:\/\/roidsmania.com\/fr\/produit\/parabolan-trenbolone-hexahydrobenzylcarbonate-1500mg-10ml-bodytech\/#breadcrumb\"},\"inLanguage\":\"fr-FR\",\"potentialAction\":[{\"@type\":\"ReadAction\",\"target\":[\"https:\/\/roidsmania.com\/fr\/produit\/parabolan-trenbolone-hexahydrobenzylcarbonate-1500mg-10ml-bodytech\/\"]}]},{\"@type\":\"BreadcrumbList\",\"@id\":\"https:\/\/roidsmania.com\/fr\/produit\/parabolan-trenbolone-hexahydrobenzylcarbonate-1500mg-10ml-bodytech\/#breadcrumb\",\"itemListElement\":[{\"@type\":\"ListItem\",\"position\":1,\"item\":{\"@type\":\"WebPage\",\"@id\":\"https:\/\/roidsmania.com\/fr\/\",\"url\":\"https:\/\/roidsmania.com\/fr\/\",\"name\":\"Home\"}},{\"@type\":\"ListItem\",\"position\":2,\"item\":{\"@type\":\"WebPage\",\"@id\":\"https:\/\/roidsmania.com\/fr\/boutique\/\",\"url\":\"https:\/\/roidsmania.com\/fr\/boutique\/\",\"name\":\"BOUTIQUE\"}},{\"@type\":\"ListItem\",\"position\":3,\"item\":{\"@type\":\"WebPage\",\"@id\":\"https:\/\/roidsmania.com\/fr\/produit\/parabolan-trenbolone-hexahydrobenzylcarbonate-1500mg-10ml-bodytech\/\",\"url\":\"https:\/\/roidsmania.com\/fr\/produit\/parabolan-trenbolone-hexahydrobenzylcarbonate-1500mg-10ml-bodytech\/\",\"name\":\"Parabolan [Trenbolone Hexahydrobenzylcarbonate 1500mg] &#8211; 10ml &#8211; BodyTech\"}}]}]}<\/script>\n<!-- \/ Yoast SEO plugin. -->","_links":{"self":[{"href":"https:\/\/roidsmania.com\/fr\/wp-json\/wp\/v2\/product\/238396\/"}],"collection":[{"href":"https:\/\/roidsmania.com\/fr\/wp-json\/wp\/v2\/product\/"}],"about":[{"href":"https:\/\/roidsmania.com\/fr\/wp-json\/wp\/v2\/types\/product\/"}],"replies":[{"embeddable":true,"href":"https:\/\/roidsmania.com\/fr\/wp-json\/wp\/v2\/comments\/?post=238396"}],"wp:featuredmedia":[{"embeddable":true,"href":"https:\/\/roidsmania.com\/fr\/wp-json\/wp\/v2\/media\/238395\/"}],"wp:attachment":[{"href":"https:\/\/roidsmania.com\/fr\/wp-json\/wp\/v2\/media\/?parent=238396"}],"wp:term":[{"taxonomy":"berocket_brand","embeddable":true,"href":"https:\/\/roidsmania.com\/fr\/wp-json\/wp\/v2\/berocket_brand\/?post=238396"}],"curies":[{"name":"wp","href":"https:\/\/api.w.org\/{rel}","templated":true}]}}